{"id":1078,"date":"2020-03-20T13:21:59","date_gmt":"2020-03-20T11:21:59","guid":{"rendered":"https:\/\/sites.uwasa.fi\/peek\/?page_id=1078"},"modified":"2020-04-17T08:34:44","modified_gmt":"2020-04-17T05:34:44","slug":"energiatalous","status":"publish","type":"page","link":"https:\/\/sites.uwasa.fi\/peek\/energiatalous\/","title":{"rendered":"Energiatalous"},"content":{"rendered":"<p>Energiataloutta k\u00e4sittelev\u00e4 ty\u00f6paja pidettiin Sein\u00e4joella Framissa 24.9.2019.<\/p>\n<figure id=\"attachment_1202\" aria-describedby=\"caption-attachment-1202\" style=\"width: 500px\" class=\"wp-caption alignright\"><img loading=\"lazy\" decoding=\"async\" class=\"wp-image-1202\" src=\"https:\/\/sites.uwasa.fi\/peek\/wp-content\/uploads\/sites\/30\/2020\/04\/hlenergia.jpg\" alt=\"\" width=\"500\" height=\"326\" srcset=\"https:\/\/sites.uwasa.fi\/peek\/wp-content\/uploads\/sites\/30\/2020\/04\/hlenergia.jpg 1731w, https:\/\/sites.uwasa.fi\/peek\/wp-content\/uploads\/sites\/30\/2020\/04\/hlenergia-300x196.jpg 300w, https:\/\/sites.uwasa.fi\/peek\/wp-content\/uploads\/sites\/30\/2020\/04\/hlenergia-1024x668.jpg 1024w, https:\/\/sites.uwasa.fi\/peek\/wp-content\/uploads\/sites\/30\/2020\/04\/hlenergia-768x501.jpg 768w, https:\/\/sites.uwasa.fi\/peek\/wp-content\/uploads\/sites\/30\/2020\/04\/hlenergia-1536x1002.jpg 1536w\" sizes=\"(max-width: 500px) 100vw, 500px\" \/><figcaption id=\"caption-attachment-1202\" class=\"wp-caption-text\">Harri Lehtinen \u2066esitteli Enni-energias\u00e4\u00e4st\u00f6sovelluksen avulla kouluissa ja muissa julkisissa tiloissa saavutettuja hyvi\u00e4 tuloksia.<\/figcaption><\/figure>\n<p>Tilaisuuden ohjelma koostui k\u00e4yt\u00e4nn\u00f6nl\u00e4heisest\u00e4 jo toteutetun pelillisi\u00e4 keinoja k\u00e4ytt\u00e4v\u00e4n ENNI-sovelluksen esittelyst\u00e4 (Harri Lehtinen, Vaasan yliopisto\/Lev\u00f3n-instituutti) sek\u00e4 teoriapainotteisemmasta rakentamisen energiaj\u00e4rjestelm\u00e4valintojen pelillist\u00e4miseen keskittyv\u00e4st\u00e4 Oulun yliopiston tutkijatohtori Enni Ruokamon esityksest\u00e4. Esiintyj\u00e4t kertoivat my\u00f6s omia kokemuksiaan esittelemiens\u00e4 aiheiden tiimoilta.<\/p>\n<p>My\u00f6s osallistujille annettiin mahdollisuus kysy\u00e4 esiteltyiin aiheisiin ja yleisesti alaan liittyvi\u00e4 kysymyksi\u00e4. Keskustelu tilaisuudessa k\u00e4vi vilkkaana!<\/p>\n<p><strong>Tilaisuuden ohjelma<\/strong>:<\/p>\n<p><strong>klo 17.00\u00a0<\/strong>Tilaisuuden avaus<\/p>\n<p><strong>klo 17.05<\/strong>\u00a0<a href=\"https:\/\/sites.uwasa.fi\/peek\/wp-content\/uploads\/sites\/30\/2019\/10\/ENNI_240919.pdf\" target=\"_blank\" rel=\"noopener noreferrer\">Energians\u00e4\u00e4st\u00f6projektien toteuttaminen julkisessa rakennuksessa ja ENNI-sovelluksen tarjoamat ty\u00f6kalut<\/a><br \/>\nProjektip\u00e4\u00e4llikk\u00f6 Harri Lehtinen, Vaasan yliopisto\/Lev\u00f3n-instituutti<\/p>\n<p><strong>klo 17.35<\/strong>\u00a0<a href=\"https:\/\/sites.uwasa.fi\/peek\/wp-content\/uploads\/sites\/30\/2019\/10\/Energiajarjestelmavalinnat_Sein%C3%A4joki24092019.pdf\" target=\"_blank\" rel=\"noopener noreferrer\">Kuluttajan ja asuntorakentajan energiaj\u00e4rjestelm\u00e4valinnat sek\u00e4 niiden pelillist\u00e4minen<\/a><br \/>\nTutkijatohtori Enni Ruokamo, Oulun yliopisto<\/p>\n<p><strong>klo 18.45<\/strong>\u00a0Vapaata keskustelua<\/p>\n<p><strong>klo 19.00<\/strong>\u00a0Tilaisuus p\u00e4\u00e4ttyy<\/p>\n<figure id=\"attachment_1205\" aria-describedby=\"caption-attachment-1205\" style=\"width: 500px\" class=\"wp-caption alignright\"><img loading=\"lazy\" decoding=\"async\" class=\"wp-image-1205\" src=\"https:\/\/sites.uwasa.fi\/peek\/wp-content\/uploads\/sites\/30\/2020\/04\/er.jpg\" alt=\"\" width=\"500\" height=\"375\" srcset=\"https:\/\/sites.uwasa.fi\/peek\/wp-content\/uploads\/sites\/30\/2020\/04\/er.jpg 2048w, https:\/\/sites.uwasa.fi\/peek\/wp-content\/uploads\/sites\/30\/2020\/04\/er-300x225.jpg 300w, https:\/\/sites.uwasa.fi\/peek\/wp-content\/uploads\/sites\/30\/2020\/04\/er-1024x768.jpg 1024w, https:\/\/sites.uwasa.fi\/peek\/wp-content\/uploads\/sites\/30\/2020\/04\/er-768x576.jpg 768w, https:\/\/sites.uwasa.fi\/peek\/wp-content\/uploads\/sites\/30\/2020\/04\/er-1536x1152.jpg 1536w\" sizes=\"(max-width: 500px) 100vw, 500px\" \/><figcaption id=\"caption-attachment-1205\" class=\"wp-caption-text\">Enni Ruokamo luennoi kuluttajan ja asuntorakentajan energiaj\u00e4rjestelm\u00e4valinnoista sek\u00e4 niiden pelillist\u00e4misest\u00e4.<\/figcaption><\/figure>\n","protected":false},"excerpt":{"rendered":"<p>Energiataloutta k\u00e4sittelev\u00e4 ty\u00f6paja pidettiin Sein\u00e4joella Framissa 24.9.2019. Tilaisuuden ohjelma koostui k\u00e4yt\u00e4nn\u00f6nl\u00e4heisest\u00e4 jo toteutetun pelillisi\u00e4 keinoja k\u00e4ytt\u00e4v\u00e4n ENNI-sovelluksen esittelyst\u00e4 (Harri Lehtinen, Vaasan yliopisto\/Lev\u00f3n-instituutti) sek\u00e4 teoriapainotteisemmasta rakentamisen energiaj\u00e4rjestelm\u00e4valintojen pelillist\u00e4miseen keskittyv\u00e4st\u00e4 Oulun yliopiston tutkijatohtori Enni Ruokamon esityksest\u00e4. Esiintyj\u00e4t kertoivat my\u00f6s omia kokemuksiaan esittelemiens\u00e4 aiheiden tiimoilta. My\u00f6s osallistujille annettiin mahdollisuus kysy\u00e4 esiteltyiin aiheisiin ja yleisesti alaan liittyvi\u00e4 kysymyksi\u00e4. Keskustelu [&hellip;]<\/p>\n","protected":false},"author":29,"featured_media":0,"parent":0,"menu_order":0,"comment_status":"closed","ping_status":"closed","template":"","meta":{"_acf_changed":false,"footnotes":""},"class_list":["post-1078","page","type-page","status-publish","hentry"],"acf":[],"_links":{"self":[{"href":"https:\/\/sites.uwasa.fi\/peek\/wp-json\/wp\/v2\/pages\/1078"}],"collection":[{"href":"https:\/\/sites.uwasa.fi\/peek\/wp-json\/wp\/v2\/pages"}],"about":[{"href":"https:\/\/sites.uwasa.fi\/peek\/wp-json\/wp\/v2\/types\/page"}],"author":[{"embeddable":true,"href":"https:\/\/sites.uwasa.fi\/peek\/wp-json\/wp\/v2\/users\/29"}],"replies":[{"embeddable":true,"href":"https:\/\/sites.uwasa.fi\/peek\/wp-json\/wp\/v2\/comments?post=1078"}],"version-history":[{"count":8,"href":"https:\/\/sites.uwasa.fi\/peek\/wp-json\/wp\/v2\/pages\/1078\/revisions"}],"predecessor-version":[{"id":1207,"href":"https:\/\/sites.uwasa.fi\/peek\/wp-json\/wp\/v2\/pages\/1078\/revisions\/1207"}],"wp:attachment":[{"href":"https:\/\/sites.uwasa.fi\/peek\/wp-json\/wp\/v2\/media?parent=1078"}],"curies":[{"name":"wp","href":"https:\/\/api.w.org\/{rel}","templated":true}]}}