{"id":1074,"date":"2020-03-20T13:20:40","date_gmt":"2020-03-20T11:20:40","guid":{"rendered":"https:\/\/sites.uwasa.fi\/peek\/?page_id=1074"},"modified":"2020-04-17T09:36:25","modified_gmt":"2020-04-17T06:36:25","slug":"kiertotalous","status":"publish","type":"page","link":"https:\/\/sites.uwasa.fi\/peek\/kiertotalous\/","title":{"rendered":"Kiertotalous"},"content":{"rendered":"<figure id=\"attachment_1210\" aria-describedby=\"caption-attachment-1210\" style=\"width: 500px\" class=\"wp-caption alignright\"><img loading=\"lazy\" decoding=\"async\" class=\"wp-image-1210\" src=\"https:\/\/sites.uwasa.fi\/peek\/wp-content\/uploads\/sites\/30\/2020\/04\/ap.jpg\" alt=\"\" width=\"500\" height=\"895\" srcset=\"https:\/\/sites.uwasa.fi\/peek\/wp-content\/uploads\/sites\/30\/2020\/04\/ap.jpg 1144w, https:\/\/sites.uwasa.fi\/peek\/wp-content\/uploads\/sites\/30\/2020\/04\/ap-168x300.jpg 168w, https:\/\/sites.uwasa.fi\/peek\/wp-content\/uploads\/sites\/30\/2020\/04\/ap-572x1024.jpg 572w, https:\/\/sites.uwasa.fi\/peek\/wp-content\/uploads\/sites\/30\/2020\/04\/ap-768x1375.jpg 768w, https:\/\/sites.uwasa.fi\/peek\/wp-content\/uploads\/sites\/30\/2020\/04\/ap-858x1536.jpg 858w\" sizes=\"(max-width: 500px) 100vw, 500px\" \/><figcaption id=\"caption-attachment-1210\" class=\"wp-caption-text\">Aura Piha (Suomen ymp\u00e4rist\u00f6opisto SYKLI) esitteli Sein\u00e4joen PEEK-kiertotalousty\u00f6pajassa Circula-peli\u00e4. My\u00f6s tilaisuuden osallistujat p\u00e4\u00e4siv\u00e4t testaamaan peli\u00e4 ja samalla ideoimaan uutta liiketoimintaa.<\/figcaption><\/figure>\n<p>Kiertotalouden ty\u00f6pajan 22.10.2019 ohjelma Sein\u00e4joella Framissa laadittiin yhteisty\u00f6ss\u00e4 Suomen ymp\u00e4rist\u00f6opisto <a href=\"https:\/\/circula.fi\/\" target=\"_blank\" rel=\"noopener noreferrer\">SYKLIn Circula-pelin<\/a> tekij\u00e4ryhm\u00e4n kanssa.<\/p>\n<p>Ryhmiss\u00e4 pelattava Circula-peli on perinteinen lautapeli, joka perustuu siihen, ett\u00e4 jo olemassa olevasta yritysten ylij\u00e4\u00e4m\u00e4st\u00e4 luodaan uutta taloudellista liiketoimintaa. Ty\u00f6pajassa alustuksen ja noin kolme tuntia kest\u00e4neen pelitapahtuman vet\u00e4misen hoiti Suomen ymp\u00e4rist\u00f6opiston projektiasiantuntija Aura Piha. Ty\u00f6pajassa osallistujat pelasivat peli\u00e4 ja loivat pelin avulla eri aiheisia liiketoimintaideoita.<\/p>\n<p><strong>Tilaisuuden ohjelma<\/strong>:<\/p>\n<p><strong>klo 17.00\u00a0<\/strong>Tilaisuuden avaus<\/p>\n<p><strong>klo 17.05\u00a0<\/strong><a href=\"https:\/\/circula.fi\/\" target=\"_blank\" rel=\"noopener noreferrer\">Circula Kiertotalous- ja yritt\u00e4jyyspelin esittely ja pelisessio<\/a><br \/>\nProjektiasiantuntija Aura Piha, Suomen ymp\u00e4rist\u00f6opisto SYKLI<\/p>\n<p><strong>klo 20.00<\/strong>\u00a0Tilaisuus p\u00e4\u00e4ttyy<\/p>\n<p>&nbsp;<\/p>\n<p>&nbsp;<\/p>\n","protected":false},"excerpt":{"rendered":"<p>Kiertotalouden ty\u00f6pajan 22.10.2019 ohjelma Sein\u00e4joella Framissa laadittiin yhteisty\u00f6ss\u00e4 Suomen ymp\u00e4rist\u00f6opisto SYKLIn Circula-pelin tekij\u00e4ryhm\u00e4n kanssa. Ryhmiss\u00e4 pelattava Circula-peli on perinteinen lautapeli, joka perustuu siihen, ett\u00e4 jo olemassa olevasta yritysten ylij\u00e4\u00e4m\u00e4st\u00e4 luodaan uutta taloudellista liiketoimintaa. Ty\u00f6pajassa alustuksen ja noin kolme tuntia kest\u00e4neen pelitapahtuman vet\u00e4misen hoiti Suomen ymp\u00e4rist\u00f6opiston projektiasiantuntija Aura Piha. Ty\u00f6pajassa osallistujat pelasivat peli\u00e4 ja loivat pelin [&hellip;]<\/p>\n","protected":false},"author":29,"featured_media":0,"parent":0,"menu_order":0,"comment_status":"closed","ping_status":"closed","template":"","meta":{"_acf_changed":false,"footnotes":""},"class_list":["post-1074","page","type-page","status-publish","hentry"],"acf":[],"_links":{"self":[{"href":"https:\/\/sites.uwasa.fi\/peek\/wp-json\/wp\/v2\/pages\/1074"}],"collection":[{"href":"https:\/\/sites.uwasa.fi\/peek\/wp-json\/wp\/v2\/pages"}],"about":[{"href":"https:\/\/sites.uwasa.fi\/peek\/wp-json\/wp\/v2\/types\/page"}],"author":[{"embeddable":true,"href":"https:\/\/sites.uwasa.fi\/peek\/wp-json\/wp\/v2\/users\/29"}],"replies":[{"embeddable":true,"href":"https:\/\/sites.uwasa.fi\/peek\/wp-json\/wp\/v2\/comments?post=1074"}],"version-history":[{"count":9,"href":"https:\/\/sites.uwasa.fi\/peek\/wp-json\/wp\/v2\/pages\/1074\/revisions"}],"predecessor-version":[{"id":1216,"href":"https:\/\/sites.uwasa.fi\/peek\/wp-json\/wp\/v2\/pages\/1074\/revisions\/1216"}],"wp:attachment":[{"href":"https:\/\/sites.uwasa.fi\/peek\/wp-json\/wp\/v2\/media?parent=1074"}],"curies":[{"name":"wp","href":"https:\/\/api.w.org\/{rel}","templated":true}]}}