{"id":1070,"date":"2020-03-20T13:19:47","date_gmt":"2020-03-20T11:19:47","guid":{"rendered":"https:\/\/sites.uwasa.fi\/peek\/?page_id=1070"},"modified":"2020-04-17T10:37:08","modified_gmt":"2020-04-17T07:37:08","slug":"kansalaisopisto","status":"publish","type":"page","link":"https:\/\/sites.uwasa.fi\/peek\/kansalaisopisto\/","title":{"rendered":"Yleis\u00f6tilaisuus Sein\u00e4joen kansalaisopistolla"},"content":{"rendered":"<figure id=\"attachment_1017\" aria-describedby=\"caption-attachment-1017\" style=\"width: 499px\" class=\"wp-caption alignright\"><img loading=\"lazy\" decoding=\"async\" class=\"wp-image-1017\" src=\"https:\/\/sites.uwasa.fi\/peek\/wp-content\/uploads\/sites\/30\/2020\/03\/20191107_160838100_ios_rajaus.jpg\" alt=\"\" width=\"499\" height=\"426\" srcset=\"https:\/\/sites.uwasa.fi\/peek\/wp-content\/uploads\/sites\/30\/2020\/03\/20191107_160838100_ios_rajaus.jpg 1140w, https:\/\/sites.uwasa.fi\/peek\/wp-content\/uploads\/sites\/30\/2020\/03\/20191107_160838100_ios_rajaus-300x256.jpg 300w, https:\/\/sites.uwasa.fi\/peek\/wp-content\/uploads\/sites\/30\/2020\/03\/20191107_160838100_ios_rajaus-1024x873.jpg 1024w, https:\/\/sites.uwasa.fi\/peek\/wp-content\/uploads\/sites\/30\/2020\/03\/20191107_160838100_ios_rajaus-768x655.jpg 768w\" sizes=\"(max-width: 499px) 100vw, 499px\" \/><figcaption id=\"caption-attachment-1017\" class=\"wp-caption-text\">Hankkeen etenemist\u00e4 esiteltiin yleis\u00f6tilaisuudessa Sein\u00e4joen kansalaisopistolla.<\/figcaption><\/figure>\n<p>Sein\u00e4joen kansalaisopistolla j\u00e4rjestettiin 7.11.2019 kaikille avoin tapahtuma.<\/p>\n<p>Tilaisuudessa hankeryhm\u00e4 kertoi Pelilliset energia- ja kiertotalousratkaisut -hankkeen etenemisest\u00e4 ja aikaansaannoksista.<\/p>\n","protected":false},"excerpt":{"rendered":"<p>Sein\u00e4joen kansalaisopistolla j\u00e4rjestettiin 7.11.2019 kaikille avoin tapahtuma. Tilaisuudessa hankeryhm\u00e4 kertoi Pelilliset energia- ja kiertotalousratkaisut -hankkeen etenemisest\u00e4 ja aikaansaannoksista.<\/p>\n","protected":false},"author":29,"featured_media":0,"parent":0,"menu_order":0,"comment_status":"closed","ping_status":"closed","template":"","meta":{"_acf_changed":false,"footnotes":""},"class_list":["post-1070","page","type-page","status-publish","hentry"],"acf":[],"_links":{"self":[{"href":"https:\/\/sites.uwasa.fi\/peek\/wp-json\/wp\/v2\/pages\/1070"}],"collection":[{"href":"https:\/\/sites.uwasa.fi\/peek\/wp-json\/wp\/v2\/pages"}],"about":[{"href":"https:\/\/sites.uwasa.fi\/peek\/wp-json\/wp\/v2\/types\/page"}],"author":[{"embeddable":true,"href":"https:\/\/sites.uwasa.fi\/peek\/wp-json\/wp\/v2\/users\/29"}],"replies":[{"embeddable":true,"href":"https:\/\/sites.uwasa.fi\/peek\/wp-json\/wp\/v2\/comments?post=1070"}],"version-history":[{"count":5,"href":"https:\/\/sites.uwasa.fi\/peek\/wp-json\/wp\/v2\/pages\/1070\/revisions"}],"predecessor-version":[{"id":1220,"href":"https:\/\/sites.uwasa.fi\/peek\/wp-json\/wp\/v2\/pages\/1070\/revisions\/1220"}],"wp:attachment":[{"href":"https:\/\/sites.uwasa.fi\/peek\/wp-json\/wp\/v2\/media?parent=1070"}],"curies":[{"name":"wp","href":"https:\/\/api.w.org\/{rel}","templated":true}]}}