{"id":1062,"date":"2020-03-20T13:16:24","date_gmt":"2020-03-20T11:16:24","guid":{"rendered":"https:\/\/sites.uwasa.fi\/peek\/?page_id=1062"},"modified":"2020-04-17T13:48:45","modified_gmt":"2020-04-17T10:48:45","slug":"vgd19","status":"publish","type":"page","link":"https:\/\/sites.uwasa.fi\/peek\/vgd19\/","title":{"rendered":"Vaasa Game Days 2019"},"content":{"rendered":"<p>PEEK-hanke (Gamified solutions to energy efficiency and circular economy problems: PEEK project) esiteltiin <a href=\"http:\/\/vaasagamedays.fi\/index.php\" target=\"_blank\" rel=\"noopener noreferrer\">Vaasa Game Days 2019<\/a> -tapahtuman osana j\u00e4rjestetty\u00e4 kaikille avointa seminaaria.<\/p>\n<p>Aiheena oli: &#8221;<strong>Games and well-being: Friends or foes<\/strong>&#8221;. Seminaarissa esiteltiin esimerkkej\u00e4 hankkeista, joissa hy\u00f6dynnet\u00e4\u00e4n pelej\u00e4 ja pelillisyytt\u00e4 yritysten ja korkeakoulujen v\u00e4lisen yhteisty\u00f6n avulla. Seminaarin yhteydess\u00e4 pidettiin my\u00f6s paneelikeskustelu yritysten ja tutkijoiden v\u00e4lisen yhteisty\u00f6n lis\u00e4\u00e4miseen liittyen.<\/p>\n<ul>\n<li><a href=\"http:\/\/vaasagamedays.fi\/pages\/news_display.php?nid=93\" target=\"_blank\" rel=\"noopener noreferrer\">Seminaarin ohjelma ja panelistit<\/a><img loading=\"lazy\" decoding=\"async\" class=\"aligncenter  wp-image-1023\" src=\"https:\/\/sites.uwasa.fi\/peek\/wp-content\/uploads\/sites\/30\/2020\/03\/vgdban.png\" alt=\"\" width=\"538\" height=\"538\" srcset=\"https:\/\/sites.uwasa.fi\/peek\/wp-content\/uploads\/sites\/30\/2020\/03\/vgdban.png 800w, https:\/\/sites.uwasa.fi\/peek\/wp-content\/uploads\/sites\/30\/2020\/03\/vgdban-300x300.png 300w, https:\/\/sites.uwasa.fi\/peek\/wp-content\/uploads\/sites\/30\/2020\/03\/vgdban-150x150.png 150w, https:\/\/sites.uwasa.fi\/peek\/wp-content\/uploads\/sites\/30\/2020\/03\/vgdban-768x768.png 768w\" sizes=\"(max-width: 538px) 100vw, 538px\" \/><\/li>\n<\/ul>\n","protected":false},"excerpt":{"rendered":"<p>PEEK-hanke (Gamified solutions to energy efficiency and circular economy problems: PEEK project) esiteltiin Vaasa Game Days 2019 -tapahtuman osana j\u00e4rjestetty\u00e4 kaikille avointa seminaaria. Aiheena oli: &#8221;Games and well-being: Friends or foes&#8221;. Seminaarissa esiteltiin esimerkkej\u00e4 hankkeista, joissa hy\u00f6dynnet\u00e4\u00e4n pelej\u00e4 ja pelillisyytt\u00e4 yritysten ja korkeakoulujen v\u00e4lisen yhteisty\u00f6n avulla. Seminaarin yhteydess\u00e4 pidettiin my\u00f6s paneelikeskustelu yritysten ja tutkijoiden v\u00e4lisen [&hellip;]<\/p>\n","protected":false},"author":29,"featured_media":0,"parent":0,"menu_order":0,"comment_status":"closed","ping_status":"closed","template":"","meta":{"_acf_changed":false,"footnotes":""},"class_list":["post-1062","page","type-page","status-publish","hentry"],"acf":[],"_links":{"self":[{"href":"https:\/\/sites.uwasa.fi\/peek\/wp-json\/wp\/v2\/pages\/1062"}],"collection":[{"href":"https:\/\/sites.uwasa.fi\/peek\/wp-json\/wp\/v2\/pages"}],"about":[{"href":"https:\/\/sites.uwasa.fi\/peek\/wp-json\/wp\/v2\/types\/page"}],"author":[{"embeddable":true,"href":"https:\/\/sites.uwasa.fi\/peek\/wp-json\/wp\/v2\/users\/29"}],"replies":[{"embeddable":true,"href":"https:\/\/sites.uwasa.fi\/peek\/wp-json\/wp\/v2\/comments?post=1062"}],"version-history":[{"count":7,"href":"https:\/\/sites.uwasa.fi\/peek\/wp-json\/wp\/v2\/pages\/1062\/revisions"}],"predecessor-version":[{"id":1263,"href":"https:\/\/sites.uwasa.fi\/peek\/wp-json\/wp\/v2\/pages\/1062\/revisions\/1263"}],"wp:attachment":[{"href":"https:\/\/sites.uwasa.fi\/peek\/wp-json\/wp\/v2\/media?parent=1062"}],"curies":[{"name":"wp","href":"https:\/\/api.w.org\/{rel}","templated":true}]}}