{"id":1057,"date":"2020-03-20T13:14:01","date_gmt":"2020-03-20T11:14:01","guid":{"rendered":"https:\/\/sites.uwasa.fi\/peek\/?page_id=1057"},"modified":"2020-04-17T12:53:30","modified_gmt":"2020-04-17T09:53:30","slug":"eumessut","status":"publish","type":"page","link":"https:\/\/sites.uwasa.fi\/peek\/eumessut\/","title":{"rendered":"EU Etel\u00e4-Pohjanmaalla -tapahtuma"},"content":{"rendered":"<p>Alaj\u00e4rvell\u00e4 j\u00e4rjestettiin 5.3.2020 EU Etel\u00e4-Pohjanmaalla -tapahtuma, jossa aiheena oli <em>ymp\u00e4rist\u00f6 ja ilmasto<\/em>.<\/p>\n<p>Messuilla esiteltiin Peek-hankkeessa jatkokehitykseen valitut energian ja kiertotalouden pelilliset ratkaisut ensimm\u00e4ist\u00e4 kertaa yleis\u00f6lle. Pelikehitt\u00e4j\u00e4t valmistivat tilaisuuteen lyhyet esittelyvideot omista pelillisist\u00e4 ratkaisuistaan.<\/p>\n<ul>\n<li><a href=\"https:\/\/www.facebook.com\/events\/798071290644028\/\" target=\"_blank\" rel=\"noopener noreferrer\">Lis\u00e4tietoja Facebookissa<\/a><\/li>\n<li><a href=\"https:\/\/www.epliitto.fi\/tapahtumat\" target=\"_blank\" rel=\"noopener noreferrer\">Etel\u00e4-Pohjanmaan liiton tapahtumasivu<\/a><\/li>\n<\/ul>\n<figure id=\"attachment_1014\" aria-describedby=\"caption-attachment-1014\" style=\"width: 500px\" class=\"wp-caption alignright\"><img loading=\"lazy\" decoding=\"async\" class=\"wp-image-1014\" src=\"https:\/\/sites.uwasa.fi\/peek\/wp-content\/uploads\/sites\/30\/2020\/03\/img_4018.jpg\" alt=\"\" width=\"500\" height=\"667\" srcset=\"https:\/\/sites.uwasa.fi\/peek\/wp-content\/uploads\/sites\/30\/2020\/03\/img_4018.jpg 1536w, https:\/\/sites.uwasa.fi\/peek\/wp-content\/uploads\/sites\/30\/2020\/03\/img_4018-225x300.jpg 225w, https:\/\/sites.uwasa.fi\/peek\/wp-content\/uploads\/sites\/30\/2020\/03\/img_4018-768x1024.jpg 768w, https:\/\/sites.uwasa.fi\/peek\/wp-content\/uploads\/sites\/30\/2020\/03\/img_4018-1152x1536.jpg 1152w\" sizes=\"(max-width: 500px) 100vw, 500px\" \/><figcaption id=\"caption-attachment-1014\" class=\"wp-caption-text\">Pelilliset energia- ja kiertotalousratkaisut -hanke esitt\u00e4ytym\u00e4ss\u00e4 messuilla.<\/figcaption><\/figure>\n<figure id=\"attachment_1244\" aria-describedby=\"caption-attachment-1244\" style=\"width: 500px\" class=\"wp-caption alignleft\"><img loading=\"lazy\" decoding=\"async\" class=\"wp-image-1244\" src=\"https:\/\/sites.uwasa.fi\/peek\/wp-content\/uploads\/sites\/30\/2020\/04\/20200305_113700469_ios.jpg\" alt=\"\" width=\"500\" height=\"375\" srcset=\"https:\/\/sites.uwasa.fi\/peek\/wp-content\/uploads\/sites\/30\/2020\/04\/20200305_113700469_ios.jpg 2048w, https:\/\/sites.uwasa.fi\/peek\/wp-content\/uploads\/sites\/30\/2020\/04\/20200305_113700469_ios-300x225.jpg 300w, https:\/\/sites.uwasa.fi\/peek\/wp-content\/uploads\/sites\/30\/2020\/04\/20200305_113700469_ios-1024x768.jpg 1024w, https:\/\/sites.uwasa.fi\/peek\/wp-content\/uploads\/sites\/30\/2020\/04\/20200305_113700469_ios-768x576.jpg 768w, https:\/\/sites.uwasa.fi\/peek\/wp-content\/uploads\/sites\/30\/2020\/04\/20200305_113700469_ios-1536x1152.jpg 1536w\" sizes=\"(max-width: 500px) 100vw, 500px\" \/><figcaption id=\"caption-attachment-1244\" class=\"wp-caption-text\">Messuyleis\u00f6 ker\u00e4\u00e4ntyi kuulemaan tietoiskuja EU:n Etel\u00e4-Pohjanmaalle tarjoamista mahdollisuuksista.<\/figcaption><\/figure>\n<p>&nbsp;<\/p>\n<figure id=\"attachment_1245\" aria-describedby=\"caption-attachment-1245\" style=\"width: 500px\" class=\"wp-caption alignleft\"><img loading=\"lazy\" decoding=\"async\" class=\"wp-image-1245\" src=\"https:\/\/sites.uwasa.fi\/peek\/wp-content\/uploads\/sites\/30\/2020\/04\/20200305_132944467_ios.jpg\" alt=\"\" width=\"500\" height=\"375\" srcset=\"https:\/\/sites.uwasa.fi\/peek\/wp-content\/uploads\/sites\/30\/2020\/04\/20200305_132944467_ios.jpg 2048w, https:\/\/sites.uwasa.fi\/peek\/wp-content\/uploads\/sites\/30\/2020\/04\/20200305_132944467_ios-300x225.jpg 300w, https:\/\/sites.uwasa.fi\/peek\/wp-content\/uploads\/sites\/30\/2020\/04\/20200305_132944467_ios-1024x768.jpg 1024w, https:\/\/sites.uwasa.fi\/peek\/wp-content\/uploads\/sites\/30\/2020\/04\/20200305_132944467_ios-768x576.jpg 768w, https:\/\/sites.uwasa.fi\/peek\/wp-content\/uploads\/sites\/30\/2020\/04\/20200305_132944467_ios-1536x1152.jpg 1536w\" sizes=\"(max-width: 500px) 100vw, 500px\" \/><figcaption id=\"caption-attachment-1245\" class=\"wp-caption-text\">Messup\u00e4iv\u00e4n teemoja pohdittiin tarkemmin p\u00e4iv\u00e4n loppupuolella osallistavan paneelikeskustelun avulla.<\/figcaption><\/figure>\n<p>&nbsp;<\/p>\n","protected":false},"excerpt":{"rendered":"<p>Alaj\u00e4rvell\u00e4 j\u00e4rjestettiin 5.3.2020 EU Etel\u00e4-Pohjanmaalla -tapahtuma, jossa aiheena oli ymp\u00e4rist\u00f6 ja ilmasto. Messuilla esiteltiin Peek-hankkeessa jatkokehitykseen valitut energian ja kiertotalouden pelilliset ratkaisut ensimm\u00e4ist\u00e4 kertaa yleis\u00f6lle. Pelikehitt\u00e4j\u00e4t valmistivat tilaisuuteen lyhyet esittelyvideot omista pelillisist\u00e4 ratkaisuistaan. Lis\u00e4tietoja Facebookissa Etel\u00e4-Pohjanmaan liiton tapahtumasivu &nbsp; &nbsp;<\/p>\n","protected":false},"author":29,"featured_media":0,"parent":0,"menu_order":0,"comment_status":"closed","ping_status":"closed","template":"","meta":{"_acf_changed":false,"footnotes":""},"class_list":["post-1057","page","type-page","status-publish","hentry"],"acf":[],"_links":{"self":[{"href":"https:\/\/sites.uwasa.fi\/peek\/wp-json\/wp\/v2\/pages\/1057"}],"collection":[{"href":"https:\/\/sites.uwasa.fi\/peek\/wp-json\/wp\/v2\/pages"}],"about":[{"href":"https:\/\/sites.uwasa.fi\/peek\/wp-json\/wp\/v2\/types\/page"}],"author":[{"embeddable":true,"href":"https:\/\/sites.uwasa.fi\/peek\/wp-json\/wp\/v2\/users\/29"}],"replies":[{"embeddable":true,"href":"https:\/\/sites.uwasa.fi\/peek\/wp-json\/wp\/v2\/comments?post=1057"}],"version-history":[{"count":10,"href":"https:\/\/sites.uwasa.fi\/peek\/wp-json\/wp\/v2\/pages\/1057\/revisions"}],"predecessor-version":[{"id":1249,"href":"https:\/\/sites.uwasa.fi\/peek\/wp-json\/wp\/v2\/pages\/1057\/revisions\/1249"}],"wp:attachment":[{"href":"https:\/\/sites.uwasa.fi\/peek\/wp-json\/wp\/v2\/media?parent=1057"}],"curies":[{"name":"wp","href":"https:\/\/api.w.org\/{rel}","templated":true}]}}