{"id":2,"date":"2025-09-08T15:28:41","date_gmt":"2025-09-08T12:28:41","guid":{"rendered":"https:\/\/sites.uwasa.fi\/peb\/?page_id=2"},"modified":"2026-04-09T12:55:38","modified_gmt":"2026-04-09T09:55:38","slug":"puuekosystbrandi","status":"publish","type":"page","link":"https:\/\/sites.uwasa.fi\/peb\/","title":{"rendered":"Puurakentamisen kiertotalouden ekosysteemin br\u00e4nd\u00e4ys"},"content":{"rendered":"<div class=\"sc-a4c70d55-4 kEEgWj\">\n<div class=\"sc-ac762277-0 bhQIok\">\n<article class=\"sc-ac762277-7 XQJJy\">\n<div class=\"sc-2ebd4260-0 djLyLL\">\n<div class=\"sc-2ebd4260-1 bXfVeA\">\n<div id=\"switcher-target-esittely\" class=\"sc-de2d5dfa-0 kQJpsi tabbed-content active\" role=\"tabpanel\" aria-hidden=\"false\" aria-label=\"Esittely\">\n<div class=\"sc-635b9c2f-0 cdtSXE\">\n<div class=\"sc-635b9c2f-1 inGHvl\">\n<div class=\"sc-635b9c2f-3 ceAUay\">\n<h2 class=\"sc-635b9c2f-4 dmMmgs\"><\/h2>\n<div class=\"sc-5a9ff7c6-0 kRSKCc\">\n<p><img loading=\"lazy\" decoding=\"async\" class=\" wp-image-169 aligncenter\" src=\"https:\/\/sites.uwasa.fi\/peb\/wp-content\/blogs.dir\/4\/files\/sites\/260\/2026\/02\/puuekosystbrandi-logo-valokuvilla-pysty-300x231.jpg\" alt=\"\" width=\"364\" height=\"280\" srcset=\"https:\/\/sites.uwasa.fi\/peb\/wp-content\/blogs.dir\/4\/files\/sites\/260\/2026\/02\/puuekosystbrandi-logo-valokuvilla-pysty-300x231.jpg 300w, https:\/\/sites.uwasa.fi\/peb\/wp-content\/blogs.dir\/4\/files\/sites\/260\/2026\/02\/puuekosystbrandi-logo-valokuvilla-pysty-1024x790.jpg 1024w, https:\/\/sites.uwasa.fi\/peb\/wp-content\/blogs.dir\/4\/files\/sites\/260\/2026\/02\/puuekosystbrandi-logo-valokuvilla-pysty-768x593.jpg 768w, https:\/\/sites.uwasa.fi\/peb\/wp-content\/blogs.dir\/4\/files\/sites\/260\/2026\/02\/puuekosystbrandi-logo-valokuvilla-pysty-1536x1185.jpg 1536w, https:\/\/sites.uwasa.fi\/peb\/wp-content\/blogs.dir\/4\/files\/sites\/260\/2026\/02\/puuekosystbrandi-logo-valokuvilla-pysty.jpg 2048w\" sizes=\"(max-width: 364px) 100vw, 364px\" \/><\/p>\n<p>Suomen tavoite on olla hiilineutraali vuonna 2035 ja Suomelle on laadittu strateginen kiertotalouden edist\u00e4misohjelma vuoteen 2035. Rakennusala on merkitt\u00e4v\u00e4 kasvihuonep\u00e4\u00e4st\u00f6jen l\u00e4hde. Se kuluttaa globaalilla tasolla noin 30 % energiasta ja vastaa 27 % toiminnallisista hiilidioksidip\u00e4\u00e4st\u00f6ist\u00e4. Suomessa ala vastaa noin 30 prosentista kasvihuonekaasup\u00e4\u00e4st\u00f6ist\u00e4, mukaan lukien rakentaminen ja energiank\u00e4ytt\u00f6.<\/p>\n<p>Kaksivuotinen EAKR-hanke on Euroopan unionin ja Etel\u00e4-Pohjanmaan liiton rahoittama, ja sit\u00e4 toteuttavat yhteisty\u00f6ss\u00e4 Vaasan ja Tampereen yliopistot. Hanke tukee Suomen tavoitteena olevaa vihre\u00e4\u00e4 siirtym\u00e4\u00e4 kohti ekologisesti kest\u00e4v\u00e4\u00e4 taloutta, kasvua ja kiertotaloutta.<\/p>\n<\/div>\n<\/div>\n<div class=\"sc-635b9c2f-3 ceAUay\">\n<h2 class=\"sc-635b9c2f-4 dmMmgs\">Tavoite ja toimenpiteet<\/h2>\n<div class=\"sc-5a9ff7c6-0 kRSKCc\">\n<p>Hankkeen tavoitteena on v\u00e4h\u00e4hiilisen rakentamisen ja puutuotealan kiertotalouden liiketoimintaekosysteemin rakentaminen, kehitt\u00e4minen ja br\u00e4nd\u00e4ys. Hankkeessa luodaan mets\u00e4-, puutuote- ja rakennusalantoimijoiden verkosto ja osaamiskeskittym\u00e4, joka kattaa koko puuekosysteemin raaka-aineen hankinnasta tuotteiden valmistukseen, rakentamiseen ja tuotteiden markkinointiin. Hankkeen tavoitteena on kehitt\u00e4\u00e4 koko puuekosysteemille yhteinen alan br\u00e4ndi, ja siin\u00e4 panostetaan markkinan\u00e4k\u00f6kulmaan, joka nousee kest\u00e4v\u00e4n kehityksen ja kiertotalouden mukaisista puutuotteista ja rakentamisesta. Br\u00e4ndiss\u00e4 nostetaan vihre\u00e4\u00e4 siirtym\u00e4\u00e4 ja kiertotaloutta vauhdittava aikaa kest\u00e4v\u00e4, turvallinen, terveellinen rakentaminen ja asuminen keski\u00f6\u00f6n.<\/p>\n<p><strong>Ty\u00f6paketit (konkreettiset toimenpiteet)<\/strong><\/p>\n<p><em><strong>1. Yhteisty\u00f6tahojen kartoitus, kokoaminen ja br\u00e4ndin suunnittelun aloitus. <\/strong><\/em><\/p>\n<p>Ekosysteemibr\u00e4ndin rakentamiseen liittyvien yhteisty\u00f6tahojen kartoitus ja sitouttaminen; yritykset, julkiset toimijat, j\u00e4rjest\u00f6t, yhdistykset.<\/p>\n<p><em><strong>2. Ekosysteemin toimitusverkoston eri vaiheiden nostot. <\/strong><\/em><\/p>\n<p>Kootaan yhteisty\u00f6verkosto kuhunkin toimitusketjun osa-alueeseen.<br \/>\nEkosysteemibr\u00e4ndiss\u00e4 esiin nostettavien asioiden kattava kartoitus, arviointi ja indikaattoreiden ja vertailukohtien m\u00e4\u00e4ritt\u00e4minen yhteisty\u00f6ss\u00e4 toimijoiden ja sidosryhmien kanssa.<\/p>\n<p>a)\u00a0\u00a0\u00a0\u00a0Puun hankinta, korjuu ja kuljetus sek\u00e4 k\u00e4sittely rakennustuotteeksi<br \/>\nb)\u00a0\u00a0\u00a0\u00a0Puurakentaminen, suunnittelu ja puutuoteala<br \/>\nc)\u00a0\u00a0\u00a0\u00a0Liiketoiminnan edist\u00e4minen, kilpailuedun vahvistaminen, myynti ja markkinointi.<\/p>\n<p>Arvioidaan mitk\u00e4 asiat ovat keskeisi\u00e4, ja nostetaan niit\u00e4 esiin. Lis\u00e4ksi analyysi kattaa puunk\u00e4yt\u00f6n tehokkuuden arvioinnin resurssiviisauden periaattein, mahdolliset toimenpiteet, sivuvirrat ja niiden liiketoiminta- ja palvelumallien ideoinnin.<\/p>\n<p><em><strong>3. Br\u00e4ndin dokumentointi, mittaristot ja vertailut. <\/strong><\/em><\/p>\n<p>Kootaan yhten\u00e4inen br\u00e4ndi puun arvoverkoston eri vaiheen osioista.<\/p>\n<p><em><strong>4. Tiedotus ja viestint\u00e4. <\/strong><\/em><\/p>\n<p>Hankkeelle muodostetaan oma nettisivu ja tehd\u00e4\u00e4n posteri ja esite. Ajankohtaisista asioista ja br\u00e4ndin kehittymisest\u00e4 l\u00e4hetet\u00e4\u00e4n uutiskirjeit\u00e4. Hankkeen eri vaiheiden tuloksista jaetaan tietoa my\u00f6s monikanavaisesti.<\/p>\n<\/div>\n<\/div>\n<div class=\"sc-635b9c2f-3 ceAUay\">\n<h2 class=\"sc-635b9c2f-4 dmMmgs\">Vaikuttavuus<\/h2>\n<div class=\"sc-5a9ff7c6-0 kRSKCc\">\n<p>Tulokset auttavat yksityisen ja julkisen sektorin p\u00e4\u00e4t\u00f6ksentekij\u00f6it\u00e4 tekem\u00e4\u00e4n tietoon perustuvia kest\u00e4v\u00e4n kehityksen mukaisia valintoja ilmastonmuutoksen hillitsemiseksi. Tulokset vauhdittavat puuekosysteemin siirtym\u00e4\u00e4 kiertotalouteen, resurssien k\u00e4yt\u00f6n viisautta ja -tehokkuutta, jalostusasteen nostoa, liiketoiminnan kasvua, ja vienti\u00e4.<\/p>\n<p>Hankkeen p\u00e4\u00e4tytty\u00e4 tavoitteena on, ett\u00e4 ekosysteemi jatkaa toimintaansa ja koko puutuotealan imago nousee, jonka seurauksena liikevaihto kasvaa tarkkaan harkitun br\u00e4nd\u00e4yksen vaikutuksesta. Br\u00e4ndiss\u00e4 nostetaan esiin erityisesti kest\u00e4v\u00e4n kehityksen mukaisia arvoja ja indikaattoreita. Pidemm\u00e4n aikav\u00e4lin tavoitteena on perustaa Etel\u00e4-Pohjanmaalle PuuHupi (WoodHUB), joka jatkaa toimintaa hankkeen p\u00e4\u00e4ttymisen j\u00e4lkeen.<\/p>\n<p>Hankkeella on merkitt\u00e4v\u00e4 maakunnallinen merkitys, koska maakunnassa toimii suuri m\u00e4\u00e4r\u00e4 puutuote- ja rakennusalan yrityksi\u00e4. Alalla on alueella my\u00f6s merkitt\u00e4v\u00e4 taloudellinen ja ty\u00f6llisyysvaikutus. Hanke tuo kohderyhmille uutta tietoa ja osaamista kiertotalouden mahdollisuuksista tukien vihre\u00e4\u00e4 siirtym\u00e4\u00e4 ja systeemist\u00e4 muutosta kohti kiertotaloutta. Hankkeella on my\u00f6s merkitt\u00e4v\u00e4 aluekehitysvaikutus, koska se tuo eri toimijoita yhteen, lis\u00e4\u00e4 puuekosysteemin toimijoiden v\u00e4list\u00e4 yhteisty\u00f6t\u00e4, kannustaa innovatiiviseen ajatteluun ja lis\u00e4\u00e4 toimialan n\u00e4kyvyytt\u00e4 sek\u00e4 Etel\u00e4-Pohjanmaalla ett\u00e4 laajemmin Suomessa.<\/p>\n<\/div>\n<\/div>\n<div class=\"sc-635b9c2f-3 ceAUay\">\n<div class=\"sc-5a9ff7c6-0 kRSKCc\">\n<h2 class=\"sc-635b9c2f-4 dmMmgs\">Yhteisty\u00f6taho<\/h2>\n<div class=\"sc-5a9ff7c6-0 kRSKCc\">\n<p>Suomen mets\u00e4keskus<\/p>\n<h2 class=\"sc-635b9c2f-4 dmMmgs\">Kumppanisivu \/Tampereen yliopisto<\/h2>\n<p><a href=\"https:\/\/www.tuni.fi\/fi\/tutkimus\/puurakentamisen-kiertotalouden-ekosysteemin-brandays-puuekosystbrandi\">https:\/\/www.tuni.fi\/fi\/tutkimus\/puurakentamisen-kiertotalouden-ekosysteemin-brandays-puuekosystbrandi<\/a><\/p>\n<h2>Hankkeen perustiedot<\/h2>\n<p>Puurakentamisen kiertotalouden ekosysteemin br\u00e4nd\u00e4ys (PuuEkosystBr\u00e4ndi)<\/p>\n<p><strong><a href=\"https:\/\/sites.uwasa.fi\/peb\/in-english\/\">Branding of the Circular Economy Ecosystem in Wood Construction (WoodEcosystemBrand)<\/a><\/strong><\/p>\n<p>Hankeaika 1.9.2025-30.9.2027<\/p>\n<p>Rahoitusl\u00e4hteet: EAKR-ohjelma, Vaasan ja Tampereen yliopistot sek\u00e4 Sein\u00e4joen yliopistokeskus<\/p>\n<p>Toimintalinja 2 Hiilineutraali Suomi<\/p>\n<p>Erityistavoite 2.3 Kiertotalouteen siirtymisen edist\u00e4minen<\/p>\n<p>&nbsp;<\/p>\n<div class=\"sc-a4c70d55-4 kEEgWj\">\n<div class=\"sc-ac762277-0 bhQIok\">\n<article class=\"sc-ac762277-7 XQJJy\">\n<div class=\"sc-2ebd4260-0 djLyLL\">\n<div class=\"sc-2ebd4260-1 bXfVeA\">\n<div id=\"switcher-target-esittely\" class=\"sc-de2d5dfa-0 kQJpsi tabbed-content active\" role=\"tabpanel\" aria-hidden=\"false\" aria-label=\"Esittely\">\n<div class=\"sc-635b9c2f-0 cdtSXE\">\n<div class=\"sc-635b9c2f-1 inGHvl\">\n<div class=\"sc-635b9c2f-3 ceAUay\">\n<div class=\"sc-5a9ff7c6-0 kRSKCc\">\n<p>&nbsp;<\/p>\n<\/div>\n<\/div>\n<div class=\"sc-635b9c2f-2 eXvpqR\"><img loading=\"lazy\" decoding=\"async\" class=\"\" src=\"https:\/\/content-webapi.tuni.fi\/image-style\/image_w_200_h_100_scale\/proxy\/public\/2025-09\/fi-euroopan-unionin-osarahoittama_pos.jpg?itok=Of752Ucx\" alt=\"Euroopan unionin osarahoittama -logo\" width=\"347\" height=\"73\" \/><img loading=\"lazy\" decoding=\"async\" class=\"\" src=\"https:\/\/content-webapi.tuni.fi\/image-style\/image_w_200_h_100_scale\/proxy\/public\/2025-09\/epliitto_logo_vaaka_vari.jpg?itok=UYX84FGx\" alt=\"Etel\u00e4-Pohjanmaan liiton logo\" width=\"268\" height=\"55\" \/><img decoding=\"async\" src=\"https:\/\/content-webapi.tuni.fi\/image-style\/image_w_200_h_100_scale\/proxy\/public\/2025-09\/vaasan-yliopisto-logo-vaaka.jpg?itok=r35QLCsA\" alt=\"Vaasan yliopiston logo\" \/><img loading=\"lazy\" decoding=\"async\" class=\"\" src=\"https:\/\/content-webapi.tuni.fi\/image-style\/image_w_200_h_100_scale\/proxy\/public\/2025-09\/logo_tau_fi-eng_violetti_rgb.jpg?itok=uYRU7VWu\" alt=\"\" width=\"180\" height=\"71\" \/><\/div>\n<\/div>\n<\/div>\n<\/div>\n<\/div>\n<\/div>\n<\/article>\n<\/div>\n<\/div>\n<p>&nbsp;<\/p>\n<\/div>\n<\/div>\n<\/div>\n<\/div>\n<\/div>\n<\/div>\n<\/div>\n<\/div>\n<\/article>\n<\/div>\n<\/div>\n<p>&nbsp;<\/p>\n","protected":false},"excerpt":{"rendered":"<p>Suomen tavoite on olla hiilineutraali vuonna 2035 ja Suomelle on laadittu strateginen kiertotalouden edist\u00e4misohjelma vuoteen 2035. Rakennusala on merkitt\u00e4v\u00e4 kasvihuonep\u00e4\u00e4st\u00f6jen l\u00e4hde. Se kuluttaa globaalilla tasolla noin 30 % energiasta ja vastaa 27 % toiminnallisista hiilidioksidip\u00e4\u00e4st\u00f6ist\u00e4. Suomessa ala vastaa noin 30 prosentista kasvihuonekaasup\u00e4\u00e4st\u00f6ist\u00e4, mukaan lukien rakentaminen ja energiank\u00e4ytt\u00f6. Kaksivuotinen EAKR-hanke on Euroopan unionin ja Etel\u00e4-Pohjanmaan liiton [&hellip;]<\/p>\n","protected":false},"author":25,"featured_media":0,"parent":0,"menu_order":0,"comment_status":"closed","ping_status":"open","template":"","meta":{"_acf_changed":false,"footnotes":""},"class_list":["post-2","page","type-page","status-publish","hentry"],"acf":[],"_links":{"self":[{"href":"https:\/\/sites.uwasa.fi\/peb\/wp-json\/wp\/v2\/pages\/2"}],"collection":[{"href":"https:\/\/sites.uwasa.fi\/peb\/wp-json\/wp\/v2\/pages"}],"about":[{"href":"https:\/\/sites.uwasa.fi\/peb\/wp-json\/wp\/v2\/types\/page"}],"author":[{"embeddable":true,"href":"https:\/\/sites.uwasa.fi\/peb\/wp-json\/wp\/v2\/users\/25"}],"replies":[{"embeddable":true,"href":"https:\/\/sites.uwasa.fi\/peb\/wp-json\/wp\/v2\/comments?post=2"}],"version-history":[{"count":59,"href":"https:\/\/sites.uwasa.fi\/peb\/wp-json\/wp\/v2\/pages\/2\/revisions"}],"predecessor-version":[{"id":225,"href":"https:\/\/sites.uwasa.fi\/peb\/wp-json\/wp\/v2\/pages\/2\/revisions\/225"}],"wp:attachment":[{"href":"https:\/\/sites.uwasa.fi\/peb\/wp-json\/wp\/v2\/media?parent=2"}],"curies":[{"name":"wp","href":"https:\/\/api.w.org\/{rel}","templated":true}]}}