{"id":12,"date":"2025-09-08T15:51:30","date_gmt":"2025-09-08T12:51:30","guid":{"rendered":"https:\/\/sites.uwasa.fi\/peb\/?page_id=12"},"modified":"2026-02-24T09:51:49","modified_gmt":"2026-02-24T07:51:49","slug":"yhteystiedot","status":"publish","type":"page","link":"https:\/\/sites.uwasa.fi\/peb\/yhteystiedot\/","title":{"rendered":"Yhteystiedot"},"content":{"rendered":"<p><img loading=\"lazy\" decoding=\"async\" class=\"alignnone wp-image-169 aligncenter\" src=\"https:\/\/sites.uwasa.fi\/peb\/wp-content\/blogs.dir\/4\/files\/sites\/260\/2026\/02\/puuekosystbrandi-logo-valokuvilla-pysty-300x231.jpg\" alt=\"\" width=\"364\" height=\"280\" srcset=\"https:\/\/sites.uwasa.fi\/peb\/wp-content\/blogs.dir\/4\/files\/sites\/260\/2026\/02\/puuekosystbrandi-logo-valokuvilla-pysty-300x231.jpg 300w, https:\/\/sites.uwasa.fi\/peb\/wp-content\/blogs.dir\/4\/files\/sites\/260\/2026\/02\/puuekosystbrandi-logo-valokuvilla-pysty-1024x790.jpg 1024w, https:\/\/sites.uwasa.fi\/peb\/wp-content\/blogs.dir\/4\/files\/sites\/260\/2026\/02\/puuekosystbrandi-logo-valokuvilla-pysty-768x593.jpg 768w, https:\/\/sites.uwasa.fi\/peb\/wp-content\/blogs.dir\/4\/files\/sites\/260\/2026\/02\/puuekosystbrandi-logo-valokuvilla-pysty-1536x1185.jpg 1536w, https:\/\/sites.uwasa.fi\/peb\/wp-content\/blogs.dir\/4\/files\/sites\/260\/2026\/02\/puuekosystbrandi-logo-valokuvilla-pysty.jpg 2048w\" sizes=\"(max-width: 364px) 100vw, 364px\" \/><\/p>\n<p>Hanke on k\u00e4ynnistynyt 1.9.2025. Kartoitamme parasta aikaa alan toimijakentt\u00e4\u00e4.\u00a0 Mik\u00e4li olet kiinnostunut osallistumaan tutkimukseen esimerkiksi haastateltavan ominaisuudessa, ota meihin yhteytt\u00e4.<\/p>\n<p><strong>Vaasan yliopisto<\/strong><\/p>\n<p>(etunimi.sukunimi@uwasa.fi)<\/p>\n<p><a href=\"https:\/\/www.uwasa.fi\/fi\/henkilo\/2746093\">Anu Bask, Vaasan yliopisto (<span data-olk-copy-source=\"MessageBody\">Hankkeen vastuullinen johtaja)<\/span><\/a><\/p>\n<p><a href=\"https:\/\/www.uwasa.fi\/fi\/henkilo\/2928232\">Mervi Rajahonka, Vaasan yliopisto (Vanhempi tutkija)<\/a><\/p>\n<p><a href=\"https:\/\/www.uwasa.fi\/fi\/henkilo\/2541637\">Eero Halmelinna, Vaasan yliopisto (Projektip\u00e4\u00e4llikk\u00f6)<\/a><\/p>\n<p><a href=\"https:\/\/www.uwasa.fi\/fi\/henkilo\/2945993\">Inari Laaksonen, Vaasan yliopisto (Tutkimusavustaja)<\/a><\/p>\n<p><strong>Tampereen yliopisto<\/strong><\/p>\n<p>(etunimi.sukunimi@tuni.fi)<\/p>\n<p><a href=\"https:\/\/www.tuni.fi\/fi\/ihmiset\/virpi-palomaki\">Virpi Palom\u00e4ki, Tampereen yliopisto (Projektip\u00e4\u00e4llikk\u00f6)<\/a><\/p>\n<p><a href=\"https:\/\/www.tuni.fi\/fi\/ihmiset\/teemu-hirvilammi\">Teemu Hirvilammi, Tampereen yliopisto (<span data-olk-copy-source=\"MessageBody\">Hankkeeseen kutsuttu asiantuntija)<\/span><\/a><\/p>\n<p>Maria Peltonen, Tampereen yliopisto (Tutkimusavustaja)<\/p>\n<p>&nbsp;<\/p>\n<p><img loading=\"lazy\" decoding=\"async\" class=\"\" src=\"https:\/\/content-webapi.tuni.fi\/image-style\/image_w_200_h_100_scale\/proxy\/public\/2025-09\/fi-euroopan-unionin-osarahoittama_pos.jpg?itok=Of752Ucx\" alt=\"Euroopan unionin osarahoittama -logo\" width=\"309\" height=\"65\" \/><img loading=\"lazy\" decoding=\"async\" class=\"\" src=\"https:\/\/content-webapi.tuni.fi\/image-style\/image_w_200_h_100_scale\/proxy\/public\/2025-09\/epliitto_logo_vaaka_vari.jpg?itok=UYX84FGx\" alt=\"Etel\u00e4-Pohjanmaan liiton logo\" width=\"258\" height=\"53\" \/><img loading=\"lazy\" decoding=\"async\" class=\"\" src=\"https:\/\/content-webapi.tuni.fi\/image-style\/image_w_200_h_100_scale\/proxy\/public\/2025-09\/vaasan-yliopisto-logo-vaaka.jpg?itok=r35QLCsA\" alt=\"Vaasan yliopiston logo\" width=\"193\" height=\"78\" \/><img loading=\"lazy\" decoding=\"async\" class=\"\" src=\"https:\/\/content-webapi.tuni.fi\/image-style\/image_w_200_h_100_scale\/proxy\/public\/2025-09\/logo_tau_fi-eng_violetti_rgb.jpg?itok=uYRU7VWu\" alt=\"\" width=\"159\" height=\"63\" \/><\/p>\n<p>&nbsp;<\/p>\n","protected":false},"excerpt":{"rendered":"<p>Hanke on k\u00e4ynnistynyt 1.9.2025. Kartoitamme parasta aikaa alan toimijakentt\u00e4\u00e4.\u00a0 Mik\u00e4li olet kiinnostunut osallistumaan tutkimukseen esimerkiksi haastateltavan ominaisuudessa, ota meihin yhteytt\u00e4. Vaasan yliopisto (etunimi.sukunimi@uwasa.fi) Anu Bask, Vaasan yliopisto (Hankkeen vastuullinen johtaja) Mervi Rajahonka, Vaasan yliopisto (Vanhempi tutkija) Eero Halmelinna, Vaasan yliopisto (Projektip\u00e4\u00e4llikk\u00f6) Inari Laaksonen, Vaasan yliopisto (Tutkimusavustaja) Tampereen yliopisto (etunimi.sukunimi@tuni.fi) Virpi Palom\u00e4ki, Tampereen yliopisto (Projektip\u00e4\u00e4llikk\u00f6) Teemu [&hellip;]<\/p>\n","protected":false},"author":25,"featured_media":0,"parent":0,"menu_order":0,"comment_status":"closed","ping_status":"closed","template":"","meta":{"_acf_changed":false,"footnotes":""},"class_list":["post-12","page","type-page","status-publish","hentry"],"acf":[],"_links":{"self":[{"href":"https:\/\/sites.uwasa.fi\/peb\/wp-json\/wp\/v2\/pages\/12"}],"collection":[{"href":"https:\/\/sites.uwasa.fi\/peb\/wp-json\/wp\/v2\/pages"}],"about":[{"href":"https:\/\/sites.uwasa.fi\/peb\/wp-json\/wp\/v2\/types\/page"}],"author":[{"embeddable":true,"href":"https:\/\/sites.uwasa.fi\/peb\/wp-json\/wp\/v2\/users\/25"}],"replies":[{"embeddable":true,"href":"https:\/\/sites.uwasa.fi\/peb\/wp-json\/wp\/v2\/comments?post=12"}],"version-history":[{"count":28,"href":"https:\/\/sites.uwasa.fi\/peb\/wp-json\/wp\/v2\/pages\/12\/revisions"}],"predecessor-version":[{"id":176,"href":"https:\/\/sites.uwasa.fi\/peb\/wp-json\/wp\/v2\/pages\/12\/revisions\/176"}],"wp:attachment":[{"href":"https:\/\/sites.uwasa.fi\/peb\/wp-json\/wp\/v2\/media?parent=12"}],"curies":[{"name":"wp","href":"https:\/\/api.w.org\/{rel}","templated":true}]}}