{"id":9,"date":"2024-05-17T15:14:23","date_gmt":"2024-05-17T12:14:23","guid":{"rendered":"https:\/\/sites.uwasa.fi\/peak\/?page_id=9"},"modified":"2026-01-15T14:28:23","modified_gmt":"2026-01-15T12:28:23","slug":"publications","status":"publish","type":"page","link":"https:\/\/sites.uwasa.fi\/peak\/publications\/","title":{"rendered":"NEWS AND PUBLICATIONS"},"content":{"rendered":"<p><img loading=\"lazy\" decoding=\"async\" class=\"aligncenter size-full wp-image-31\" src=\"https:\/\/sites.uwasa.fi\/peak\/wp-content\/blogs.dir\/4\/files\/sites\/218\/2024\/06\/picture1.png\" alt=\"Purple Line\" width=\"1794\" height=\"6\" srcset=\"https:\/\/sites.uwasa.fi\/peak\/wp-content\/blogs.dir\/4\/files\/sites\/218\/2024\/06\/picture1.png 1794w, https:\/\/sites.uwasa.fi\/peak\/wp-content\/blogs.dir\/4\/files\/sites\/218\/2024\/06\/picture1-300x1.png 300w, https:\/\/sites.uwasa.fi\/peak\/wp-content\/blogs.dir\/4\/files\/sites\/218\/2024\/06\/picture1-1024x3.png 1024w, https:\/\/sites.uwasa.fi\/peak\/wp-content\/blogs.dir\/4\/files\/sites\/218\/2024\/06\/picture1-768x3.png 768w, https:\/\/sites.uwasa.fi\/peak\/wp-content\/blogs.dir\/4\/files\/sites\/218\/2024\/06\/picture1-1536x5.png 1536w, https:\/\/sites.uwasa.fi\/peak\/wp-content\/blogs.dir\/4\/files\/sites\/218\/2024\/06\/picture1-1680x6.png 1680w, https:\/\/sites.uwasa.fi\/peak\/wp-content\/blogs.dir\/4\/files\/sites\/218\/2024\/06\/picture1-1440x6.png 1440w, https:\/\/sites.uwasa.fi\/peak\/wp-content\/blogs.dir\/4\/files\/sites\/218\/2024\/06\/picture1-1600x6.png 1600w\" sizes=\"(max-width: 1794px) 100vw, 1794px\" \/><\/p>\n<h4>NEWS<\/h4>\n<p><em>News, articles, blog texts and other media appearances related to the project are listed here from newest to oldest.<\/em><\/p>\n<p><strong>Vaasa Insider 18.3.2025: <\/strong><a href=\"https:\/\/www.vaasainsider.fi\/fi\/teknologia\/can-rural-grids-keep-up-esse-elektro-kraft-and-the-peak-project-seek-solutions\/\" target=\"_blank\" rel=\"noopener\">Can rural grids keep up? Esse Elektro-Kraft and the PEAK project seek solutions<\/a><\/p>\n<p><strong>First press release: <\/strong><a href=\"https:\/\/www.uwasa.fi\/en\/newshub\/news\/new-project-explores-development-opportunities-regional-energy-system-ostrobothnia\" target=\"_blank\" rel=\"noopener\"><span class=\"field field--name-title field--type-string field--label-hidden\">New project explores development opportunities for a regional energy system in Ostrobothnia<\/span><\/a><\/p>\n<p><img loading=\"lazy\" decoding=\"async\" class=\"aligncenter size-full wp-image-31\" src=\"https:\/\/sites.uwasa.fi\/peak\/wp-content\/blogs.dir\/4\/files\/sites\/218\/2024\/06\/picture1.png\" alt=\"Purple Line\" width=\"1794\" height=\"6\" srcset=\"https:\/\/sites.uwasa.fi\/peak\/wp-content\/blogs.dir\/4\/files\/sites\/218\/2024\/06\/picture1.png 1794w, https:\/\/sites.uwasa.fi\/peak\/wp-content\/blogs.dir\/4\/files\/sites\/218\/2024\/06\/picture1-300x1.png 300w, https:\/\/sites.uwasa.fi\/peak\/wp-content\/blogs.dir\/4\/files\/sites\/218\/2024\/06\/picture1-1024x3.png 1024w, https:\/\/sites.uwasa.fi\/peak\/wp-content\/blogs.dir\/4\/files\/sites\/218\/2024\/06\/picture1-768x3.png 768w, https:\/\/sites.uwasa.fi\/peak\/wp-content\/blogs.dir\/4\/files\/sites\/218\/2024\/06\/picture1-1536x5.png 1536w, https:\/\/sites.uwasa.fi\/peak\/wp-content\/blogs.dir\/4\/files\/sites\/218\/2024\/06\/picture1-1680x6.png 1680w, https:\/\/sites.uwasa.fi\/peak\/wp-content\/blogs.dir\/4\/files\/sites\/218\/2024\/06\/picture1-1440x6.png 1440w, https:\/\/sites.uwasa.fi\/peak\/wp-content\/blogs.dir\/4\/files\/sites\/218\/2024\/06\/picture1-1600x6.png 1600w\" sizes=\"(max-width: 1794px) 100vw, 1794px\" \/><\/p>\n<h4>PUBLICATIONS<\/h4>\n<p><em>Publications related to the project are listed here.<\/em><\/p>\n<p><a href=\"https:\/\/sites.uwasa.fi\/peak\/wp-content\/blogs.dir\/4\/files\/sites\/218\/2025\/03\/PEAK-T1.1-Results-of-enegy-potential.pdf\" target=\"_blank\" rel=\"noopener\">T1.1 Results of energy potential on the area under consideration<\/a><\/p>\n<p><a href=\"https:\/\/sites.uwasa.fi\/peak\/wp-content\/blogs.dir\/4\/files\/sites\/218\/2025\/06\/T1.2-PEAK-Results-of-enegy-potential.pdf\" target=\"_blank\" rel=\"noopener\">T1.2 Optimizing Smart Grid Flexibility and Resilience with Demand Response, Renewable Integration and Energy Storage (part 1)<\/a><\/p>\n<p><a href=\"https:\/\/sites.uwasa.fi\/peak\/wp-content\/blogs.dir\/4\/files\/sites\/218\/2025\/10\/PEAK_Project_Task1.pdf\" target=\"_blank\" rel=\"noopener\">T1.2 Improving the Reliability of Distribution Network through Renewable Energy, Electric Vehicle and Battery Energy Storage System (part 2)<\/a><\/p>\n<p><a href=\"https:\/\/sites.uwasa.fi\/peak\/wp-content\/blogs.dir\/4\/files\/sites\/218\/2025\/11\/PEAK_Project_Task1.3.pdf\" target=\"_blank\" rel=\"noopener\">T1.3 Techno-Economical Calculation Related to the Renewable Energy Potential and Distribution Network Flexibility and Development needs<\/a><\/p>\n<p><strong>WP2 Blog post 13.10.2025:<\/strong><\/p>\n<ul>\n<li>FI: <a href=\"https:\/\/aktion.fi\/fi\/kylat-energiamurroksen-keskella-yhteisollinen-energia-ja-energiakylat-pohjanmaalla\/\" target=\"_blank\" rel=\"noopener\">Kyl\u00e4t energiamurroksen keskell\u00e4 \u2013 yhteis\u00f6llinen energia ja energiakyl\u00e4t Pohjanmaalla<\/a><\/li>\n<li>SWE: <a href=\"https:\/\/aktion.fi\/byar-i-energiomstallningens-karna-gemenskapsenergi-och-energibyar-i-osterbotten\/\" target=\"_blank\" rel=\"noopener\">Byar i energiomst\u00e4llningens k\u00e4rna \u2013 gemenskapsenergi och energibyar i \u00d6sterbotten<\/a><\/li>\n<li>EN: <a href=\"https:\/\/sites.uwasa.fi\/peak\/2026\/01\/15\/villages-at-the-heart-of-the-energy-transition-community-energy-and-energy-villages-in-ostrobothnia\/\" target=\"_blank\" rel=\"noopener\">Villages at the Heart of the Energy Transition \u2013 Community Energy and Energy Villages in Ostrobothnia<\/a><\/li>\n<\/ul>\n<p><strong>WP2 Blog post 28.11.2025:<\/strong><\/p>\n<ul>\n<li>FI: <a href=\"https:\/\/sites.uwasa.fi\/peak\/fi\/2025\/11\/28\/kuka-tekee-seuraavan-siirron\/\" target=\"_blank\" rel=\"noopener\">Kuka tekee seuraavan siirron? Eri toimijoiden roolit alueellisessa energiantuotannossa<\/a><\/li>\n<li>SWE: <a href=\"https:\/\/sites.uwasa.fi\/peak\/2025\/11\/28\/vem-gor-nasta-drag\/\" target=\"_blank\" rel=\"noopener\">Vem g\u00f6r n\u00e4sta drag? Olika akt\u00f6rers roller i lokal energiproduktion<\/a><\/li>\n<li>EN: <a href=\"https:\/\/sites.uwasa.fi\/peak\/2025\/11\/28\/how-to-avoid-energy-checkmate\/\" target=\"_blank\" rel=\"noopener\">How to avoid energy checkmate? The roles of different actors in regional energy production<\/a><\/li>\n<\/ul>\n","protected":false},"excerpt":{"rendered":"<p>NEWS News, articles, blog texts and other media appearances related to the project are listed here from newest to oldest. Vaasa Insider 18.3.2025: Can rural grids keep up? Esse Elektro-Kraft and the PEAK project seek solutions First press release: New project explores development opportunities for a regional energy system in Ostrobothnia PUBLICATIONS Publications related to [&hellip;]<\/p>\n","protected":false},"author":532,"featured_media":0,"parent":0,"menu_order":0,"comment_status":"closed","ping_status":"closed","template":"","meta":{"_acf_changed":false,"footnotes":""},"class_list":["post-9","page","type-page","status-publish","hentry"],"acf":[],"lang":"en","translations":{"en":9,"fi":143},"pll_sync_post":[],"_links":{"self":[{"href":"https:\/\/sites.uwasa.fi\/peak\/wp-json\/wp\/v2\/pages\/9"}],"collection":[{"href":"https:\/\/sites.uwasa.fi\/peak\/wp-json\/wp\/v2\/pages"}],"about":[{"href":"https:\/\/sites.uwasa.fi\/peak\/wp-json\/wp\/v2\/types\/page"}],"author":[{"embeddable":true,"href":"https:\/\/sites.uwasa.fi\/peak\/wp-json\/wp\/v2\/users\/532"}],"replies":[{"embeddable":true,"href":"https:\/\/sites.uwasa.fi\/peak\/wp-json\/wp\/v2\/comments?post=9"}],"version-history":[{"count":16,"href":"https:\/\/sites.uwasa.fi\/peak\/wp-json\/wp\/v2\/pages\/9\/revisions"}],"predecessor-version":[{"id":325,"href":"https:\/\/sites.uwasa.fi\/peak\/wp-json\/wp\/v2\/pages\/9\/revisions\/325"}],"wp:attachment":[{"href":"https:\/\/sites.uwasa.fi\/peak\/wp-json\/wp\/v2\/media?parent=9"}],"curies":[{"name":"wp","href":"https:\/\/api.w.org\/{rel}","templated":true}]}}