{"id":147,"date":"2024-06-11T15:03:53","date_gmt":"2024-06-11T12:03:53","guid":{"rendered":"https:\/\/sites.uwasa.fi\/peak\/?page_id=147"},"modified":"2024-06-11T15:04:26","modified_gmt":"2024-06-11T12:04:26","slug":"kumppanit","status":"publish","type":"page","link":"https:\/\/sites.uwasa.fi\/peak\/fi\/kumppanit\/","title":{"rendered":"KUMPPANIT"},"content":{"rendered":"<header class=\"entry-header\">\n<header class=\"entry-header\">\n<h1 class=\"page-title\"><img loading=\"lazy\" decoding=\"async\" class=\"aligncenter size-full wp-image-31\" src=\"https:\/\/sites.uwasa.fi\/peak\/wp-content\/blogs.dir\/4\/files\/sites\/218\/2024\/06\/picture1.png\" alt=\"Purple Line\" width=\"1794\" height=\"6\" srcset=\"https:\/\/sites.uwasa.fi\/peak\/wp-content\/blogs.dir\/4\/files\/sites\/218\/2024\/06\/picture1.png 1794w, https:\/\/sites.uwasa.fi\/peak\/wp-content\/blogs.dir\/4\/files\/sites\/218\/2024\/06\/picture1-300x1.png 300w, https:\/\/sites.uwasa.fi\/peak\/wp-content\/blogs.dir\/4\/files\/sites\/218\/2024\/06\/picture1-1024x3.png 1024w, https:\/\/sites.uwasa.fi\/peak\/wp-content\/blogs.dir\/4\/files\/sites\/218\/2024\/06\/picture1-768x3.png 768w, https:\/\/sites.uwasa.fi\/peak\/wp-content\/blogs.dir\/4\/files\/sites\/218\/2024\/06\/picture1-1536x5.png 1536w, https:\/\/sites.uwasa.fi\/peak\/wp-content\/blogs.dir\/4\/files\/sites\/218\/2024\/06\/picture1-1680x6.png 1680w, https:\/\/sites.uwasa.fi\/peak\/wp-content\/blogs.dir\/4\/files\/sites\/218\/2024\/06\/picture1-1440x6.png 1440w, https:\/\/sites.uwasa.fi\/peak\/wp-content\/blogs.dir\/4\/files\/sites\/218\/2024\/06\/picture1-1600x6.png 1600w\" sizes=\"(max-width: 1794px) 100vw, 1794px\" \/><\/h1>\n<\/header>\n<div class=\"entry-content\">\n<p>Selvityshanke <strong>PEAK \u2013 Paikallisen energiaj\u00e4rjestelm\u00e4n kehitt\u00e4minen Pohjanmaalla<\/strong> on Euroopan Unionin osarahoittama (Oikeudenmukaisen siirtym\u00e4n rahasto &#8211; JTF) ja Vaasan yliopiston tutkimus- ja innovaatioalusta VEBICin koordinoima. Projektipartnerina toimii Aktion \u00d6sterbotten. Rahoittajana toimii my\u00f6s <a href=\"https:\/\/eekab.fi\/fi\/\">Esse Elektro-Kraft Ab<\/a>, <a href=\"https:\/\/www.uwasa.fi\/fi\">Vaasan yliopisto<\/a> sek\u00e4 <a href=\"https:\/\/aktion.fi\/fi\/\">Aktion \u00d6sterbotten<\/a>.<\/p>\n<p><img loading=\"lazy\" decoding=\"async\" class=\"aligncenter size-full wp-image-31\" src=\"https:\/\/sites.uwasa.fi\/peak\/wp-content\/blogs.dir\/4\/files\/sites\/218\/2024\/06\/picture1.png\" alt=\"Purple Line\" width=\"1794\" height=\"6\" srcset=\"https:\/\/sites.uwasa.fi\/peak\/wp-content\/blogs.dir\/4\/files\/sites\/218\/2024\/06\/picture1.png 1794w, https:\/\/sites.uwasa.fi\/peak\/wp-content\/blogs.dir\/4\/files\/sites\/218\/2024\/06\/picture1-300x1.png 300w, https:\/\/sites.uwasa.fi\/peak\/wp-content\/blogs.dir\/4\/files\/sites\/218\/2024\/06\/picture1-1024x3.png 1024w, https:\/\/sites.uwasa.fi\/peak\/wp-content\/blogs.dir\/4\/files\/sites\/218\/2024\/06\/picture1-768x3.png 768w, https:\/\/sites.uwasa.fi\/peak\/wp-content\/blogs.dir\/4\/files\/sites\/218\/2024\/06\/picture1-1536x5.png 1536w, https:\/\/sites.uwasa.fi\/peak\/wp-content\/blogs.dir\/4\/files\/sites\/218\/2024\/06\/picture1-1680x6.png 1680w, https:\/\/sites.uwasa.fi\/peak\/wp-content\/blogs.dir\/4\/files\/sites\/218\/2024\/06\/picture1-1440x6.png 1440w, https:\/\/sites.uwasa.fi\/peak\/wp-content\/blogs.dir\/4\/files\/sites\/218\/2024\/06\/picture1-1600x6.png 1600w\" sizes=\"(max-width: 1794px) 100vw, 1794px\" \/><\/p>\n<\/div>\n<\/header>\n","protected":false},"excerpt":{"rendered":"<p>Selvityshanke PEAK \u2013 Paikallisen energiaj\u00e4rjestelm\u00e4n kehitt\u00e4minen Pohjanmaalla on Euroopan Unionin osarahoittama (Oikeudenmukaisen siirtym\u00e4n rahasto &#8211; JTF) ja Vaasan yliopiston tutkimus- ja innovaatioalusta VEBICin koordinoima. Projektipartnerina toimii Aktion \u00d6sterbotten. Rahoittajana toimii my\u00f6s Esse Elektro-Kraft Ab, Vaasan yliopisto sek\u00e4 Aktion \u00d6sterbotten.<\/p>\n","protected":false},"author":532,"featured_media":0,"parent":0,"menu_order":0,"comment_status":"closed","ping_status":"closed","template":"","meta":{"_acf_changed":false,"footnotes":""},"class_list":["post-147","page","type-page","status-publish","hentry"],"acf":[],"lang":"fi","translations":{"fi":147,"en":7},"pll_sync_post":[],"_links":{"self":[{"href":"https:\/\/sites.uwasa.fi\/peak\/wp-json\/wp\/v2\/pages\/147"}],"collection":[{"href":"https:\/\/sites.uwasa.fi\/peak\/wp-json\/wp\/v2\/pages"}],"about":[{"href":"https:\/\/sites.uwasa.fi\/peak\/wp-json\/wp\/v2\/types\/page"}],"author":[{"embeddable":true,"href":"https:\/\/sites.uwasa.fi\/peak\/wp-json\/wp\/v2\/users\/532"}],"replies":[{"embeddable":true,"href":"https:\/\/sites.uwasa.fi\/peak\/wp-json\/wp\/v2\/comments?post=147"}],"version-history":[{"count":2,"href":"https:\/\/sites.uwasa.fi\/peak\/wp-json\/wp\/v2\/pages\/147\/revisions"}],"predecessor-version":[{"id":150,"href":"https:\/\/sites.uwasa.fi\/peak\/wp-json\/wp\/v2\/pages\/147\/revisions\/150"}],"wp:attachment":[{"href":"https:\/\/sites.uwasa.fi\/peak\/wp-json\/wp\/v2\/media?parent=147"}],"curies":[{"name":"wp","href":"https:\/\/api.w.org\/{rel}","templated":true}]}}