{"id":136,"date":"2024-06-11T11:34:52","date_gmt":"2024-06-11T08:34:52","guid":{"rendered":"https:\/\/sites.uwasa.fi\/peak\/?page_id=136"},"modified":"2024-08-09T08:50:48","modified_gmt":"2024-08-09T05:50:48","slug":"tp3","status":"publish","type":"page","link":"https:\/\/sites.uwasa.fi\/peak\/fi\/tp3\/","title":{"rendered":"TP3 Liiketoimintamallit"},"content":{"rendered":"<p><img loading=\"lazy\" decoding=\"async\" class=\"aligncenter size-full wp-image-31\" src=\"https:\/\/sites.uwasa.fi\/peak\/wp-content\/blogs.dir\/4\/files\/sites\/218\/2024\/06\/picture1.png\" alt=\"Purple Line\" width=\"1794\" height=\"6\" srcset=\"https:\/\/sites.uwasa.fi\/peak\/wp-content\/blogs.dir\/4\/files\/sites\/218\/2024\/06\/picture1.png 1794w, https:\/\/sites.uwasa.fi\/peak\/wp-content\/blogs.dir\/4\/files\/sites\/218\/2024\/06\/picture1-300x1.png 300w, https:\/\/sites.uwasa.fi\/peak\/wp-content\/blogs.dir\/4\/files\/sites\/218\/2024\/06\/picture1-1024x3.png 1024w, https:\/\/sites.uwasa.fi\/peak\/wp-content\/blogs.dir\/4\/files\/sites\/218\/2024\/06\/picture1-768x3.png 768w, https:\/\/sites.uwasa.fi\/peak\/wp-content\/blogs.dir\/4\/files\/sites\/218\/2024\/06\/picture1-1536x5.png 1536w, https:\/\/sites.uwasa.fi\/peak\/wp-content\/blogs.dir\/4\/files\/sites\/218\/2024\/06\/picture1-1680x6.png 1680w, https:\/\/sites.uwasa.fi\/peak\/wp-content\/blogs.dir\/4\/files\/sites\/218\/2024\/06\/picture1-1440x6.png 1440w, https:\/\/sites.uwasa.fi\/peak\/wp-content\/blogs.dir\/4\/files\/sites\/218\/2024\/06\/picture1-1600x6.png 1600w\" sizes=\"(max-width: 1794px) 100vw, 1794px\" \/><\/p>\n<p><b>Ty\u00f6pakettivastaava:<\/b> Vaasan yliopisto<\/p>\n<p><strong>Tavoite: <\/strong>Ty\u00f6paketin tavoitteena on tunnistaa ja hahmotella alueellisen energiaj\u00e4rjestelm\u00e4n eri toimintoihin ja toimijoihin liittyvi\u00e4 liiketoimintamalleja (esim. prosuumerit ja energiayhteis\u00f6t) sek\u00e4 tunnistaa tunnistettujen liiketoimintamallien toteuttamiseen liittyvi\u00e4 mahdollisia pullonkauloja sek\u00e4 resurssi- ja osaamisvajeita.<\/p>\n","protected":false},"excerpt":{"rendered":"<p>Ty\u00f6pakettivastaava: Vaasan yliopisto Tavoite: Ty\u00f6paketin tavoitteena on tunnistaa ja hahmotella alueellisen energiaj\u00e4rjestelm\u00e4n eri toimintoihin ja toimijoihin liittyvi\u00e4 liiketoimintamalleja (esim. prosuumerit ja energiayhteis\u00f6t) sek\u00e4 tunnistaa tunnistettujen liiketoimintamallien toteuttamiseen liittyvi\u00e4 mahdollisia pullonkauloja sek\u00e4 resurssi- ja osaamisvajeita.<\/p>\n","protected":false},"author":532,"featured_media":0,"parent":0,"menu_order":0,"comment_status":"closed","ping_status":"closed","template":"","meta":{"_acf_changed":false,"footnotes":""},"class_list":["post-136","page","type-page","status-publish","hentry"],"acf":[],"lang":"fi","translations":{"fi":136,"en":123},"pll_sync_post":[],"_links":{"self":[{"href":"https:\/\/sites.uwasa.fi\/peak\/wp-json\/wp\/v2\/pages\/136"}],"collection":[{"href":"https:\/\/sites.uwasa.fi\/peak\/wp-json\/wp\/v2\/pages"}],"about":[{"href":"https:\/\/sites.uwasa.fi\/peak\/wp-json\/wp\/v2\/types\/page"}],"author":[{"embeddable":true,"href":"https:\/\/sites.uwasa.fi\/peak\/wp-json\/wp\/v2\/users\/532"}],"replies":[{"embeddable":true,"href":"https:\/\/sites.uwasa.fi\/peak\/wp-json\/wp\/v2\/comments?post=136"}],"version-history":[{"count":3,"href":"https:\/\/sites.uwasa.fi\/peak\/wp-json\/wp\/v2\/pages\/136\/revisions"}],"predecessor-version":[{"id":212,"href":"https:\/\/sites.uwasa.fi\/peak\/wp-json\/wp\/v2\/pages\/136\/revisions\/212"}],"wp:attachment":[{"href":"https:\/\/sites.uwasa.fi\/peak\/wp-json\/wp\/v2\/media?parent=136"}],"curies":[{"name":"wp","href":"https:\/\/api.w.org\/{rel}","templated":true}]}}