{"id":133,"date":"2024-06-11T11:30:58","date_gmt":"2024-06-11T08:30:58","guid":{"rendered":"https:\/\/sites.uwasa.fi\/peak\/?page_id=133"},"modified":"2024-08-09T08:50:29","modified_gmt":"2024-08-09T05:50:29","slug":"tp2","status":"publish","type":"page","link":"https:\/\/sites.uwasa.fi\/peak\/fi\/tp2\/","title":{"rendered":"TP2 Alueen uusiutuvan energiapotentiaalin yhteis\u00f6llinen kartoitus"},"content":{"rendered":"<p><img loading=\"lazy\" decoding=\"async\" class=\"aligncenter size-full wp-image-31\" src=\"https:\/\/sites.uwasa.fi\/peak\/wp-content\/blogs.dir\/4\/files\/sites\/218\/2024\/06\/picture1.png\" alt=\"Purple Line\" width=\"1794\" height=\"6\" srcset=\"https:\/\/sites.uwasa.fi\/peak\/wp-content\/blogs.dir\/4\/files\/sites\/218\/2024\/06\/picture1.png 1794w, https:\/\/sites.uwasa.fi\/peak\/wp-content\/blogs.dir\/4\/files\/sites\/218\/2024\/06\/picture1-300x1.png 300w, https:\/\/sites.uwasa.fi\/peak\/wp-content\/blogs.dir\/4\/files\/sites\/218\/2024\/06\/picture1-1024x3.png 1024w, https:\/\/sites.uwasa.fi\/peak\/wp-content\/blogs.dir\/4\/files\/sites\/218\/2024\/06\/picture1-768x3.png 768w, https:\/\/sites.uwasa.fi\/peak\/wp-content\/blogs.dir\/4\/files\/sites\/218\/2024\/06\/picture1-1536x5.png 1536w, https:\/\/sites.uwasa.fi\/peak\/wp-content\/blogs.dir\/4\/files\/sites\/218\/2024\/06\/picture1-1680x6.png 1680w, https:\/\/sites.uwasa.fi\/peak\/wp-content\/blogs.dir\/4\/files\/sites\/218\/2024\/06\/picture1-1440x6.png 1440w, https:\/\/sites.uwasa.fi\/peak\/wp-content\/blogs.dir\/4\/files\/sites\/218\/2024\/06\/picture1-1600x6.png 1600w\" sizes=\"(max-width: 1794px) 100vw, 1794px\" \/><\/p>\n<p><b>Ty\u00f6pakettivastaava:<\/b> Vaasan yliopisto, Aktion \u00d6sterbotten<\/p>\n<p><strong>Tavoite: <\/strong>Ty\u00f6paketin tavoitteena on tuottaa ymm\u00e4rryst\u00e4 p\u00e4\u00e4tt\u00e4j\u00e4-, asiantuntija- ja kansalaisn\u00e4k\u00f6kulmasta, joka auttaa erilaisten uusiutuvan energian konseptien laatimisessa.<\/p>\n","protected":false},"excerpt":{"rendered":"<p>Ty\u00f6pakettivastaava: Vaasan yliopisto, Aktion \u00d6sterbotten Tavoite: Ty\u00f6paketin tavoitteena on tuottaa ymm\u00e4rryst\u00e4 p\u00e4\u00e4tt\u00e4j\u00e4-, asiantuntija- ja kansalaisn\u00e4k\u00f6kulmasta, joka auttaa erilaisten uusiutuvan energian konseptien laatimisessa.<\/p>\n","protected":false},"author":532,"featured_media":0,"parent":0,"menu_order":0,"comment_status":"closed","ping_status":"closed","template":"","meta":{"_acf_changed":false,"footnotes":""},"class_list":["post-133","page","type-page","status-publish","hentry"],"acf":[],"lang":"fi","translations":{"fi":133,"en":118},"pll_sync_post":[],"_links":{"self":[{"href":"https:\/\/sites.uwasa.fi\/peak\/wp-json\/wp\/v2\/pages\/133"}],"collection":[{"href":"https:\/\/sites.uwasa.fi\/peak\/wp-json\/wp\/v2\/pages"}],"about":[{"href":"https:\/\/sites.uwasa.fi\/peak\/wp-json\/wp\/v2\/types\/page"}],"author":[{"embeddable":true,"href":"https:\/\/sites.uwasa.fi\/peak\/wp-json\/wp\/v2\/users\/532"}],"replies":[{"embeddable":true,"href":"https:\/\/sites.uwasa.fi\/peak\/wp-json\/wp\/v2\/comments?post=133"}],"version-history":[{"count":2,"href":"https:\/\/sites.uwasa.fi\/peak\/wp-json\/wp\/v2\/pages\/133\/revisions"}],"predecessor-version":[{"id":210,"href":"https:\/\/sites.uwasa.fi\/peak\/wp-json\/wp\/v2\/pages\/133\/revisions\/210"}],"wp:attachment":[{"href":"https:\/\/sites.uwasa.fi\/peak\/wp-json\/wp\/v2\/media?parent=133"}],"curies":[{"name":"wp","href":"https:\/\/api.w.org\/{rel}","templated":true}]}}