{"id":127,"date":"2024-06-11T11:27:13","date_gmt":"2024-06-11T08:27:13","guid":{"rendered":"https:\/\/sites.uwasa.fi\/peak\/?page_id=127"},"modified":"2024-08-09T08:50:10","modified_gmt":"2024-08-09T05:50:10","slug":"tp1","status":"publish","type":"page","link":"https:\/\/sites.uwasa.fi\/peak\/fi\/tp1\/","title":{"rendered":"TP1 Alueen uusiutuvan energiapotentiaalin ja s\u00e4hk\u00f6verkon ja joustoresurssien hy\u00f6dynnett\u00e4vyyden kartoitus"},"content":{"rendered":"<p><img loading=\"lazy\" decoding=\"async\" class=\"aligncenter size-full wp-image-31\" src=\"https:\/\/sites.uwasa.fi\/peak\/wp-content\/blogs.dir\/4\/files\/sites\/218\/2024\/06\/picture1.png\" alt=\"Purple Line\" width=\"1794\" height=\"6\" srcset=\"https:\/\/sites.uwasa.fi\/peak\/wp-content\/blogs.dir\/4\/files\/sites\/218\/2024\/06\/picture1.png 1794w, https:\/\/sites.uwasa.fi\/peak\/wp-content\/blogs.dir\/4\/files\/sites\/218\/2024\/06\/picture1-300x1.png 300w, https:\/\/sites.uwasa.fi\/peak\/wp-content\/blogs.dir\/4\/files\/sites\/218\/2024\/06\/picture1-1024x3.png 1024w, https:\/\/sites.uwasa.fi\/peak\/wp-content\/blogs.dir\/4\/files\/sites\/218\/2024\/06\/picture1-768x3.png 768w, https:\/\/sites.uwasa.fi\/peak\/wp-content\/blogs.dir\/4\/files\/sites\/218\/2024\/06\/picture1-1536x5.png 1536w, https:\/\/sites.uwasa.fi\/peak\/wp-content\/blogs.dir\/4\/files\/sites\/218\/2024\/06\/picture1-1680x6.png 1680w, https:\/\/sites.uwasa.fi\/peak\/wp-content\/blogs.dir\/4\/files\/sites\/218\/2024\/06\/picture1-1440x6.png 1440w, https:\/\/sites.uwasa.fi\/peak\/wp-content\/blogs.dir\/4\/files\/sites\/218\/2024\/06\/picture1-1600x6.png 1600w\" sizes=\"(max-width: 1794px) 100vw, 1794px\" \/><\/p>\n<p><b>Ty\u00f6pakettivastaava:<\/b> Vaasan yliopisto<\/p>\n<p><strong>Tavoite: <\/strong>Ty\u00f6paketin tavoitteena on selvitt\u00e4\u00e4, mill\u00e4 tavalla s\u00e4hk\u00f6verkkoa tulisi kehitt\u00e4\u00e4 uusiutuvan energiapotentiaalin ja joustoresurssien hy\u00f6dynnett\u00e4vyyden n\u00e4k\u00f6kulmasta teknistaloudelliset tekij\u00e4t huomioiden.<\/p>\n","protected":false},"excerpt":{"rendered":"<p>Ty\u00f6pakettivastaava: Vaasan yliopisto Tavoite: Ty\u00f6paketin tavoitteena on selvitt\u00e4\u00e4, mill\u00e4 tavalla s\u00e4hk\u00f6verkkoa tulisi kehitt\u00e4\u00e4 uusiutuvan energiapotentiaalin ja joustoresurssien hy\u00f6dynnett\u00e4vyyden n\u00e4k\u00f6kulmasta teknistaloudelliset tekij\u00e4t huomioiden.<\/p>\n","protected":false},"author":532,"featured_media":0,"parent":0,"menu_order":0,"comment_status":"closed","ping_status":"closed","template":"","meta":{"_acf_changed":false,"footnotes":""},"class_list":["post-127","page","type-page","status-publish","hentry"],"acf":[],"lang":"fi","translations":{"fi":127,"en":112},"pll_sync_post":[],"_links":{"self":[{"href":"https:\/\/sites.uwasa.fi\/peak\/wp-json\/wp\/v2\/pages\/127"}],"collection":[{"href":"https:\/\/sites.uwasa.fi\/peak\/wp-json\/wp\/v2\/pages"}],"about":[{"href":"https:\/\/sites.uwasa.fi\/peak\/wp-json\/wp\/v2\/types\/page"}],"author":[{"embeddable":true,"href":"https:\/\/sites.uwasa.fi\/peak\/wp-json\/wp\/v2\/users\/532"}],"replies":[{"embeddable":true,"href":"https:\/\/sites.uwasa.fi\/peak\/wp-json\/wp\/v2\/comments?post=127"}],"version-history":[{"count":2,"href":"https:\/\/sites.uwasa.fi\/peak\/wp-json\/wp\/v2\/pages\/127\/revisions"}],"predecessor-version":[{"id":209,"href":"https:\/\/sites.uwasa.fi\/peak\/wp-json\/wp\/v2\/pages\/127\/revisions\/209"}],"wp:attachment":[{"href":"https:\/\/sites.uwasa.fi\/peak\/wp-json\/wp\/v2\/media?parent=127"}],"curies":[{"name":"wp","href":"https:\/\/api.w.org\/{rel}","templated":true}]}}