{"id":47,"date":"2021-06-23T13:53:52","date_gmt":"2021-06-23T10:53:52","guid":{"rendered":"https:\/\/sites.uwasa.fi\/oktyomarkkinoilla\/?page_id=47"},"modified":"2021-08-26T13:38:56","modified_gmt":"2021-08-26T10:38:56","slug":"yhteystiedot","status":"publish","type":"page","link":"https:\/\/sites.uwasa.fi\/oktyomarkkinoilla\/yhteystiedot\/","title":{"rendered":"Yhteystiedot"},"content":{"rendered":"<h2>Projektiryhm\u00e4<\/h2>\n<table style=\"width: 1500px;height: 200px\">\n<tbody>\n<tr style=\"height: 35px\">\n<td style=\"width: 251px;height: 35px\"><strong>Vaasa<\/strong><\/td>\n<td style=\"width: 234px;height: 35px\"><strong>Kokkola<\/strong><\/td>\n<td style=\"width: 452px;height: 35px\"><strong>Sein\u00e4joki<\/strong><\/td>\n<\/tr>\n<tr style=\"height: 149px\">\n<td style=\"width: 251px;text-align: left;height: 149px\">Projektip\u00e4\u00e4llikk\u00f6<br \/>\nEeva Kuorikoski<br \/>\neeva.kuorikoski@univaasa.fi<\/td>\n<td style=\"width: 234px;text-align: left;height: 149px\">Projektikoordinaattori<br \/>\nPaula Kivinen<br \/>\npaula.kivinen@chydenius.fi<\/td>\n<td style=\"width: 452px;text-align: left;height: 149px\">Projektikoordinaattori<br \/>\nSanna Valkosalo<br \/>\n<a href=\"mailto:sanna.valkosalo@seamk.fi\">sanna.valkosalo@seamk.fi<\/a>Katso <a href=\"https:\/\/www.jatkuvanoppimisenviisikko.fi\/\" target=\"_blank\" rel=\"noopener\">etel\u00e4pohjalainen jatkuvan oppimisen oppilaitosverkosto<\/a>.<\/td>\n<\/tr>\n<\/tbody>\n<\/table>\n<p>&nbsp;<\/p>\n<h2>Hankkeen ohjausryhm\u00e4<\/h2>\n<p>Alapelto Karolina, Pohjanmaan TE-toimisto, Vaasa<br \/>\nAlarinta Juha, Sein\u00e4joen yliopistokeskus<br \/>\nErkkonen Jani, Sein\u00e4joen ammattikorkeakoulun opiskelijakunta SAMO<br \/>\nHyyti\u00e4 Henna, Keuda, hankevalmistelija, siirtynyt ohjausryhm\u00e4n j\u00e4seneksi<br \/>\nJ\u00e4rkk\u00e4l\u00e4 Mervi, Keski-Pohjanmaan Yritt\u00e4j\u00e4t<br \/>\nKellom\u00e4ki Perttu, Pohjanmaan TE-toimisto, Kokkola<br \/>\nLepp\u00e4nen Marjut, Etel\u00e4-Pohjanmaan ELY-keskus<br \/>\nLevijoki Sanna-Mari, Kokkola ty\u00f6llisyyden kuntakokeilu<br \/>\nIkola Anne-Mari, Pohjanmaan ELY-keskus, Vaasa, varaj\u00e4sen M\u00e4kinen Mervi<br \/>\nP\u00f6yt\u00e4laakso Annika, Sein\u00e4joen ammattikorkeakoulu<br \/>\nRintala Ilkka, Sein\u00e4joki-Ilmajoki ty\u00f6llisyyden kuntakokeilu, Sein\u00e4joen kaupunki<br \/>\nRisikko Heikki, Etel\u00e4-Pohjanmaan Yritt\u00e4j\u00e4t<br \/>\nSandelin Fredrik, Oy Pietarsaaren seudun Kehitt\u00e4misyhti\u00f6 Concordia<br \/>\nSuutarinen Marjaana, Vaasan yliopisto<br \/>\nTuohimaa-Kari Leena, Etel\u00e4-Pohjanmaan TE-toimisto<br \/>\nKokkolan Ty\u00f6tt\u00f6m\u00e4t ry<\/p>\n","protected":false},"excerpt":{"rendered":"<p>Projektiryhm\u00e4 Vaasa Kokkola Sein\u00e4joki Projektip\u00e4\u00e4llikk\u00f6 Eeva Kuorikoski eeva.kuorikoski@univaasa.fi Projektikoordinaattori Paula Kivinen paula.kivinen@chydenius.fi Projektikoordinaattori Sanna Valkosalo sanna.valkosalo@seamk.fiKatso etel\u00e4pohjalainen jatkuvan oppimisen oppilaitosverkosto. &nbsp; Hankkeen ohjausryhm\u00e4 Alapelto Karolina, Pohjanmaan TE-toimisto, Vaasa Alarinta Juha, Sein\u00e4joen yliopistokeskus Erkkonen Jani, Sein\u00e4joen ammattikorkeakoulun opiskelijakunta SAMO Hyyti\u00e4 Henna, Keuda, hankevalmistelija, siirtynyt ohjausryhm\u00e4n j\u00e4seneksi J\u00e4rkk\u00e4l\u00e4 Mervi, Keski-Pohjanmaan Yritt\u00e4j\u00e4t Kellom\u00e4ki Perttu, Pohjanmaan TE-toimisto, Kokkola Lepp\u00e4nen [&hellip;]<\/p>\n","protected":false},"author":44,"featured_media":0,"parent":0,"menu_order":0,"comment_status":"closed","ping_status":"closed","template":"","meta":{"_acf_changed":false,"footnotes":""},"class_list":["post-47","page","type-page","status-publish","hentry"],"acf":[],"_links":{"self":[{"href":"https:\/\/sites.uwasa.fi\/oktyomarkkinoilla\/wp-json\/wp\/v2\/pages\/47"}],"collection":[{"href":"https:\/\/sites.uwasa.fi\/oktyomarkkinoilla\/wp-json\/wp\/v2\/pages"}],"about":[{"href":"https:\/\/sites.uwasa.fi\/oktyomarkkinoilla\/wp-json\/wp\/v2\/types\/page"}],"author":[{"embeddable":true,"href":"https:\/\/sites.uwasa.fi\/oktyomarkkinoilla\/wp-json\/wp\/v2\/users\/44"}],"replies":[{"embeddable":true,"href":"https:\/\/sites.uwasa.fi\/oktyomarkkinoilla\/wp-json\/wp\/v2\/comments?post=47"}],"version-history":[{"count":17,"href":"https:\/\/sites.uwasa.fi\/oktyomarkkinoilla\/wp-json\/wp\/v2\/pages\/47\/revisions"}],"predecessor-version":[{"id":67,"href":"https:\/\/sites.uwasa.fi\/oktyomarkkinoilla\/wp-json\/wp\/v2\/pages\/47\/revisions\/67"}],"wp:attachment":[{"href":"https:\/\/sites.uwasa.fi\/oktyomarkkinoilla\/wp-json\/wp\/v2\/media?parent=47"}],"curies":[{"name":"wp","href":"https:\/\/api.w.org\/{rel}","templated":true}]}}