{"id":867,"date":"2025-11-04T21:16:05","date_gmt":"2025-11-04T19:16:05","guid":{"rendered":"https:\/\/sites.uwasa.fi\/nordichi2026\/?page_id=867"},"modified":"2025-11-28T14:27:44","modified_gmt":"2025-11-28T12:27:44","slug":"travel","status":"publish","type":"page","link":"https:\/\/sites.uwasa.fi\/nordichi2026\/nordichi-2026\/practical-information\/travel\/","title":{"rendered":"Travel"},"content":{"rendered":"<p><span class=\"TextRun Highlight SCXW53154570 BCX8\" lang=\"EN-GB\" xml:lang=\"EN-GB\" data-contrast=\"auto\"><span class=\"NormalTextRun SCXW53154570 BCX8\">It is easy to get to\u00a0<\/span><span class=\"NormalTextRun SCXW53154570 BCX8\">Vaasa\u00a0<\/span><span class=\"NormalTextRun SCXW53154570 BCX8\">using different means of transportation from abroad and from within Finland.\u00a0<\/span><span class=\"NormalTextRun SCXW53154570 BCX8\">Vaasa is an EU Green Leaf city in\u00a0<\/span><span class=\"NormalTextRun ContextualSpellingAndGrammarErrorV2Themed SCXW53154570 BCX8\">2026, and<\/span><span class=\"NormalTextRun SCXW53154570 BCX8\">\u00a0encourages visitors and resi<\/span><span class=\"NormalTextRun SCXW53154570 BCX8\">dents to choose sustainable mobility.\u00a0<\/span><span class=\"NormalTextRun SCXW53154570 BCX8\">By traveling on public transport, you reduce your impact on the environment.<\/span><span class=\"NormalTextRun SCXW53154570 BCX8\">\u00a0<\/span><span class=\"NormalTextRun SCXW53154570 BCX8\">It is possible to arrive in Vaasa comfortably by train or boat, and \u2013 if the weather allows \u2013 moving around the city on foot or by bicycle is\u00a0<\/span><span class=\"NormalTextRun SCXW53154570 BCX8\">truly enjoyable<\/span><span class=\"NormalTextRun SCXW53154570 BCX8\">.<\/span><\/span><\/p>\n<p>&nbsp;<\/p>\n<hr \/>\n<h2>Traveling to Vaasa by Plane<\/h2>\n<p><a href=\"https:\/\/www.finavia.fi\/en\/airports\/vaasa\" target=\"_blank\" rel=\"noopener\">Vaasa airport<\/a> is located 10 km from the city center with direct flights from Helsinki and Stockholm.\u00a0 <span data-teams=\"true\">You can travel from or to Vaasa airport by taxi or Uber. Also bus <a class=\"Hyperlink SCXW80058449 BCX8\" href=\"https:\/\/vaasa.digitransit.fi\/\" target=\"_blank\" rel=\"noreferrer noopener\"><span class=\"TextRun Highlight Underlined SCXW80058449 BCX8\" lang=\"EN-GB\" xml:lang=\"EN-GB\" data-contrast=\"none\"><span class=\"NormalTextRun SCXW80058449 BCX8\" data-ccp-charstyle=\"Hyperlink\">bus number 4<\/span><\/span><\/a> runs from the airport but departures are limited, please verify timetables before traveling.<\/span><\/p>\n<p>&nbsp;<\/p>\n<hr \/>\n<h2>Traveling to Vaasa by Train<\/h2>\n<p>Vaasa is well connected by train, with regular services from major Finnish cities such as Helsinki and Tampere. The train station is located in the city center, within walking distance of hotels, restaurants, and attractions. Train services in Finland are operated by\u00a0<strong data-start=\"430\" data-end=\"436\">VR<\/strong>, the national railway company.<\/p>\n<p>Check train schedules\u00a0<a href=\"https:\/\/www.vr.fi\/en\" target=\"_blank\" rel=\"noopener\">here<\/a>\u00a0or visit www.vr.fi\/en<\/p>\n<p>From the Vaasa railway station, it is approximately 1.9 km (about a 27-minute walk) to the Tervahovi building (University of Vaasa) and about 1.2 km (an 18-minute walk) to the Academill building (\u00c5bo Akademi University, Vaasa campus). These are the estimated times according to Google Maps.<\/p>\n<p>&nbsp;<\/p>\n<hr \/>\n<h2>Traveling to Vaasa by Ferry<\/h2>\n<p>The ferry runs from Ume\u00e5, Sweden to Vaasa with a scenic route between Finland and Sweden. The port of Ume\u00e5 is located in Holmsund, approximately 20 kilometers south from Ume\u00e5 on the E12 highway.\u00a0 The Vaasa terminal is located on Vaskiluoto island, which is approximately 4 kilometers west from the city center of Vaasa. Check ferry schedules <a href=\"https:\/\/www.wasaline.com\/en\/\" target=\"_blank\" rel=\"noopener\">here<\/a> or visit https:\/\/www.wasaline.com\/en\/<\/p>\n<p><span class=\"TextRun Highlight SCXW225490592 BCX8\" lang=\"EN-GB\" xml:lang=\"EN-GB\" data-contrast=\"auto\"><span class=\"NormalTextRun SCXW225490592 BCX8\">The ferry\u00a0<\/span><span class=\"NormalTextRun SCXW225490592 BCX8\">option<\/span><span class=\"NormalTextRun SCXW225490592 BCX8\">\u00a0allows you to arrive in Vaasa on\u00a0<\/span><span class=\"NormalTextRun SCXW225490592 BCX8\">the<\/span><span class=\"NormalTextRun SCXW225490592 BCX8\">\u00a0environmentally friendly passenger ship Aurora M \/ S\u00a0<\/span><span class=\"NormalTextRun SpellingErrorV2Themed SCXW225490592 BCX8\">Botnia<\/span><span class=\"NormalTextRun SCXW225490592 BCX8\">. Aurora\u00a0<\/span><span class=\"NormalTextRun SpellingErrorV2Themed SCXW225490592 BCX8\">Botnia<\/span><span class=\"NormalTextRun SCXW225490592 BCX8\">\u00a0has been awarded a Key Flag<\/span><span class=\"NormalTextRun SCXW225490592 BCX8\">\u00a0symbol for recognition of a product made in Finland<\/span><span class=\"NormalTextRun SCXW225490592 BCX8\">.<\/span><\/span><\/p>\n<p>&nbsp;<\/p>\n<hr \/>\n<h2>Traveling to Vaasa by Bus or Car<\/h2>\n<p>Several bus companies operate routes to Vaasa from different parts of Finland. Long-distance buses arrive at the Vaasa Travel Centre, conveniently located near the city center<span class=\"TextRun Highlight SCXW137738488 BCX8\" lang=\"EN-GB\" xml:lang=\"EN-GB\" data-contrast=\"auto\"><span class=\"NormalTextRun SCXW137738488 BCX8\">, by the railway station<\/span><\/span>. Bus travel offers an affordable and comfortable way to reach Vaasa.<\/p>\n<p>Check bus schedules from <a href=\"https:\/\/www.onnibus.com\/home?utm_source=sem&amp;utm_medium=ad&amp;utm_content=brand_generic&amp;utm_campaign=06_brand_generic&amp;campaignid=06_brand_generic&amp;gad_source=1&amp;gad_campaignid=1602296115&amp;gbraid=0AAAAADlnc8c2GgLHgxVWioGxxwx9PBwhz&amp;gclid=Cj0KCQjwgpzIBhCOARIsABZm7vEP17F3MYP9LbOVS5Am6lxra9fkcfoqdOLzoS2ai9aRH0-cpN_RL8AaAg19EALw_wcB\" target=\"_blank\" rel=\"noopener\">Onnibus<\/a> or from <a href=\"https:\/\/www.matkahuolto.fi\/en\" target=\"_blank\" rel=\"noopener\">Matkahuolto<\/a> or visit www.onnibus.com\/ or https:\/\/www.matkahuolto.fi\/en<\/p>\n<p>From the Vaasa Travel Centre, it is approximately about 2.1 km (a 30-minute walk) to the Tervahovi building (University of Vaasa) and about 1.4 km (about a 20-minute walk) to the Academill building (\u00c5bo Akademi University, Vaasa campus). These are the estimated times according to Google Maps.<\/p>\n<p>In addition, Vaasa can easily be reached by car. The travel time from Helsinki to Vaasa is approximately 5 hours.<\/p>\n<p>&nbsp;<\/p>\n<hr \/>\n<h2>More Information about Traveling to Vaasa<\/h2>\n<p>More information on traveling to Vaasa can be found <a href=\"https:\/\/www.vaasa.fi\/en\/about-vaasa-and-the-vaasa-region\/it-is-easy-to-travel-to-the-vaasa-region\/\" target=\"_blank\" rel=\"noopener\">here.<\/a><\/p>\n<p><span data-contrast=\"auto\">Tips for responsible and sustainable travel in Vaasa are conveniently linked\u00a0<\/span><a href=\"https:\/\/www.vaasa.fi\/en\/see-and-experience\/good-to-know\/travel-to-the-vaasa-region-in-responsible-way\/\" target=\"_blank\" rel=\"noopener\"><span data-contrast=\"none\">here<\/span><\/a><span data-contrast=\"auto\">.<\/span><span data-contrast=\"auto\">\u00a0<\/span><span data-ccp-props=\"{&quot;134233117&quot;:true,&quot;134233118&quot;:true,&quot;201341983&quot;:0,&quot;335559740&quot;:240}\">\u00a0<\/span><\/p>\n<p>&nbsp;<\/p>\n<hr \/>\n<h2>Getting Around in Vaasa<\/h2>\n<p><span data-contrast=\"auto\">Vaasa is a very walkable city, and i<\/span><span data-contrast=\"auto\">t is easy to reach\u00a0<\/span><span data-contrast=\"auto\">many<\/span><span data-contrast=\"auto\">\u00a0destinations\u00a0<\/span><span data-contrast=\"auto\">in\u00a0the city<\/span><span data-contrast=\"auto\">\u00a0<\/span><span data-contrast=\"auto\">on foot\u00a0including the conference venues and\u00a0<\/span><a href=\"https:\/\/www.vaasa.fi\/en\/see-and-experience\/sights-and-attractions\/get-to-know-vaasa-on-foot\/\" target=\"_blank\" rel=\"noopener\"><span data-contrast=\"none\">other points of interest\u00a0during\u00a0your leisure time<\/span><\/a><span data-contrast=\"auto\">. Also, some hotels have e-bikes that they rent out and traditional bicycles that they borrow.<\/span><span data-ccp-props=\"{&quot;134233117&quot;:true,&quot;134233118&quot;:true,&quot;201341983&quot;:0,&quot;335559740&quot;:240}\">\u00a0<\/span><\/p>\n<p><span data-contrast=\"auto\">If you need public transportation, check schedules and routes of the\u00a0<\/span><a href=\"https:\/\/www.vaasa.fi\/en\/living\/traffic-and-streets\/public-transport\/bus-schedules-and-routes\/\" target=\"_blank\" rel=\"noopener\"><span data-contrast=\"none\">Lifti\u00a0line<\/span><\/a><span data-contrast=\"auto\">.\u00a0<\/span><span data-contrast=\"auto\">Buses in the city of Vaasa have a convenient ticket purchase system that allows travellers to buy a single ticket\u00a0inside the bus\u00a0with\u00a0<\/span><a href=\"https:\/\/www.vaasa.fi\/en\/living\/traffic-and-streets\/public-transport\/tickets-and-service-points\/contactless-payment-in-vaasa-public-transport\/\" target=\"_blank\" rel=\"noopener\"><span data-contrast=\"none\">debit card<\/span><\/a><span data-contrast=\"none\">\/mobile phone<\/span><span data-contrast=\"auto\">,\u00a0cash, or tickets\u00a0purchased\u00a0in\u00a0Waltti\u00a0app\u00a0(select\u00a0zone A).<\/span><span data-ccp-props=\"{&quot;134233117&quot;:true,&quot;134233118&quot;:true,&quot;201341983&quot;:0,&quot;335559740&quot;:240}\">\u00a0<\/span><\/p>\n<p><span data-contrast=\"auto\">The app\u00a0<\/span><a href=\"https:\/\/waltti.fi\/en\/\" target=\"_blank\" rel=\"noopener\"><span data-contrast=\"none\">Waltti\u00a0Mobile<\/span><\/a><span data-contrast=\"auto\">\u00a0can be used to\u00a0check\u00a0routes,\u00a0schedules\u00a0and real-time bus arrivals. Single trip tickets and day tickets can also be bought on the app.<\/span><span data-contrast=\"auto\">\u00a0<\/span><span data-ccp-props=\"{&quot;134233117&quot;:true,&quot;134233118&quot;:true,&quot;201341983&quot;:0,&quot;335559740&quot;:240}\">\u00a0<\/span><\/p>\n<p><span data-contrast=\"auto\">E-scooter services provided by\u00a0Dott\u00a0and Ryde apps are\u00a0operating\u00a0in Vaasa.<\/span><span data-ccp-props=\"{&quot;134233117&quot;:true,&quot;134233118&quot;:true,&quot;201341983&quot;:0,&quot;335559740&quot;:240}\">\u00a0<\/span><\/p>\n<p><span data-contrast=\"auto\">If you need private transportation such as a taxi, check\u00a0<\/span><a href=\"https:\/\/www.taksivaasa.fi\/en\/\" target=\"_blank\" rel=\"noopener\"><span data-contrast=\"none\">Taxi Vaasa<\/span><\/a><span data-contrast=\"auto\">.<\/span><span data-ccp-props=\"{&quot;134233117&quot;:true,&quot;134233118&quot;:true,&quot;201341983&quot;:0,&quot;335559740&quot;:240}\"> Also, Uber operates in Vaasa.<\/span><\/p>\n","protected":false},"excerpt":{"rendered":"<p>More information<\/p>\n","protected":false},"author":586,"featured_media":0,"parent":865,"menu_order":2,"comment_status":"closed","ping_status":"closed","template":"","meta":{"_acf_changed":false,"footnotes":""},"class_list":["post-867","page","type-page","status-publish","hentry"],"acf":[],"_links":{"self":[{"href":"https:\/\/sites.uwasa.fi\/nordichi2026\/wp-json\/wp\/v2\/pages\/867"}],"collection":[{"href":"https:\/\/sites.uwasa.fi\/nordichi2026\/wp-json\/wp\/v2\/pages"}],"about":[{"href":"https:\/\/sites.uwasa.fi\/nordichi2026\/wp-json\/wp\/v2\/types\/page"}],"author":[{"embeddable":true,"href":"https:\/\/sites.uwasa.fi\/nordichi2026\/wp-json\/wp\/v2\/users\/586"}],"replies":[{"embeddable":true,"href":"https:\/\/sites.uwasa.fi\/nordichi2026\/wp-json\/wp\/v2\/comments?post=867"}],"version-history":[{"count":34,"href":"https:\/\/sites.uwasa.fi\/nordichi2026\/wp-json\/wp\/v2\/pages\/867\/revisions"}],"predecessor-version":[{"id":1101,"href":"https:\/\/sites.uwasa.fi\/nordichi2026\/wp-json\/wp\/v2\/pages\/867\/revisions\/1101"}],"up":[{"embeddable":true,"href":"https:\/\/sites.uwasa.fi\/nordichi2026\/wp-json\/wp\/v2\/pages\/865"}],"wp:attachment":[{"href":"https:\/\/sites.uwasa.fi\/nordichi2026\/wp-json\/wp\/v2\/media?parent=867"}],"curies":[{"name":"wp","href":"https:\/\/api.w.org\/{rel}","templated":true}]}}