{"id":548,"date":"2019-08-12T14:29:21","date_gmt":"2019-08-12T11:29:21","guid":{"rendered":"https:\/\/sites.uwasa.fi\/mtpvaasa\/?page_id=548"},"modified":"2019-08-14T15:05:06","modified_gmt":"2019-08-14T12:05:06","slug":"yhteystiedot","status":"publish","type":"page","link":"https:\/\/sites.uwasa.fi\/mtpvaasa\/yhteystiedot\/","title":{"rendered":"Yhteystiedot"},"content":{"rendered":"<p><strong>Yhteydenotot ja tiedustelut:<\/strong> mtp19@univaasa.fi<\/p>\n<p>&nbsp;<\/p>\n<p><strong>J\u00e4rjestelytoimikunta:<\/strong><\/p>\n<p>Ilkka Luoto, pj.<\/p>\n<p>Inka Sipura, korkeakouluharjoittelija<\/p>\n<p>Seija Virkkala<\/p>\n<p>Helka Kalliom\u00e4ki<\/p>\n<p>Antti M\u00e4enp\u00e4\u00e4<\/p>\n<p>Tuomas Honkaniemi<\/p>\n<p>Mikko Karhu<\/p>\n<p>Roosa Kesonen, opiskelijaj\u00e4sen<\/p>\n<p>Heli Siiril\u00e4<\/p>\n<p>Niklas Lundstr\u00f6m<\/p>\n<p>P\u00e4ivi Kujala<\/p>\n<p>&nbsp;<\/p>\n<p><img loading=\"lazy\" decoding=\"async\" class=\"alignnone size-full wp-image-613\" src=\"https:\/\/sites.uwasa.fi\/mtpvaasa\/wp-content\/uploads\/sites\/29\/2019\/08\/suomen-maantieteellinen-seura_pienempi-logo.jpg\" alt=\"\" width=\"191\" height=\"238\" \/><\/p>\n<p>&nbsp;<\/p>\n","protected":false},"excerpt":{"rendered":"<p>Yhteydenotot ja tiedustelut: mtp19@univaasa.fi &nbsp; J\u00e4rjestelytoimikunta: Ilkka Luoto, pj. Inka Sipura, korkeakouluharjoittelija Seija Virkkala Helka Kalliom\u00e4ki Antti M\u00e4enp\u00e4\u00e4 Tuomas Honkaniemi Mikko Karhu Roosa Kesonen, opiskelijaj\u00e4sen Heli Siiril\u00e4 Niklas Lundstr\u00f6m P\u00e4ivi Kujala &nbsp; &nbsp;<\/p>\n","protected":false},"author":40,"featured_media":554,"parent":0,"menu_order":0,"comment_status":"closed","ping_status":"closed","template":"","meta":{"_acf_changed":false,"footnotes":""},"class_list":["post-548","page","type-page","status-publish","has-post-thumbnail","hentry"],"acf":[],"lang":"fi","translations":{"fi":548,"en":538},"pll_sync_post":[],"_links":{"self":[{"href":"https:\/\/sites.uwasa.fi\/mtpvaasa\/wp-json\/wp\/v2\/pages\/548"}],"collection":[{"href":"https:\/\/sites.uwasa.fi\/mtpvaasa\/wp-json\/wp\/v2\/pages"}],"about":[{"href":"https:\/\/sites.uwasa.fi\/mtpvaasa\/wp-json\/wp\/v2\/types\/page"}],"author":[{"embeddable":true,"href":"https:\/\/sites.uwasa.fi\/mtpvaasa\/wp-json\/wp\/v2\/users\/40"}],"replies":[{"embeddable":true,"href":"https:\/\/sites.uwasa.fi\/mtpvaasa\/wp-json\/wp\/v2\/comments?post=548"}],"version-history":[{"count":7,"href":"https:\/\/sites.uwasa.fi\/mtpvaasa\/wp-json\/wp\/v2\/pages\/548\/revisions"}],"predecessor-version":[{"id":616,"href":"https:\/\/sites.uwasa.fi\/mtpvaasa\/wp-json\/wp\/v2\/pages\/548\/revisions\/616"}],"wp:featuredmedia":[{"embeddable":true,"href":"https:\/\/sites.uwasa.fi\/mtpvaasa\/wp-json\/wp\/v2\/media\/554"}],"wp:attachment":[{"href":"https:\/\/sites.uwasa.fi\/mtpvaasa\/wp-json\/wp\/v2\/media?parent=548"}],"curies":[{"name":"wp","href":"https:\/\/api.w.org\/{rel}","templated":true}]}}