{"id":538,"date":"2019-08-12T13:33:04","date_gmt":"2019-08-12T10:33:04","guid":{"rendered":"https:\/\/sites.uwasa.fi\/mtpvaasa\/?page_id=538"},"modified":"2019-08-14T15:04:40","modified_gmt":"2019-08-14T12:04:40","slug":"contact-details","status":"publish","type":"page","link":"https:\/\/sites.uwasa.fi\/mtpvaasa\/en\/contact-details\/","title":{"rendered":"Contact details"},"content":{"rendered":"<p><strong>Questions and comments:<\/strong> mtp19@univaasa.fi<\/p>\n<p>&nbsp;<\/p>\n<p><strong>Organising Committee:<br \/>\n<\/strong><\/p>\n<p>Ilkka Luoto, chairman<\/p>\n<p>Inka Sipura, university trainee<\/p>\n<p>Seija Virkkala<\/p>\n<p>Helka Kalliom\u00e4ki<\/p>\n<p>Antti M\u00e4enp\u00e4\u00e4<\/p>\n<p>Tuomas Honkaniemi<\/p>\n<p>Mikko Karhu<\/p>\n<p>Roosa Kesonen, student representative<\/p>\n<p>Heli Siiril\u00e4<\/p>\n<p>Niklas Lundstr\u00f6m<\/p>\n<p>P\u00e4ivi Kujala<\/p>\n<p>&nbsp;<\/p>\n<p><img loading=\"lazy\" decoding=\"async\" class=\"alignnone size-full wp-image-612\" src=\"https:\/\/sites.uwasa.fi\/mtpvaasa\/wp-content\/uploads\/sites\/29\/2019\/08\/suomen-maantieteellinen-seura_pienempi-logo.jpg\" alt=\"\" width=\"191\" height=\"238\" data-wp-editing=\"1\" \/><\/p>\n","protected":false},"excerpt":{"rendered":"<p>Questions and comments: mtp19@univaasa.fi &nbsp; Organising Committee: Ilkka Luoto, chairman Inka Sipura, university trainee Seija Virkkala Helka Kalliom\u00e4ki Antti M\u00e4enp\u00e4\u00e4 Tuomas Honkaniemi Mikko Karhu Roosa Kesonen, student representative Heli Siiril\u00e4 Niklas Lundstr\u00f6m P\u00e4ivi Kujala &nbsp;<\/p>\n","protected":false},"author":40,"featured_media":555,"parent":0,"menu_order":0,"comment_status":"closed","ping_status":"closed","template":"","meta":{"_acf_changed":false,"footnotes":""},"class_list":["post-538","page","type-page","status-publish","has-post-thumbnail","hentry"],"acf":[],"lang":"en","translations":{"en":538,"fi":548},"pll_sync_post":[],"_links":{"self":[{"href":"https:\/\/sites.uwasa.fi\/mtpvaasa\/wp-json\/wp\/v2\/pages\/538"}],"collection":[{"href":"https:\/\/sites.uwasa.fi\/mtpvaasa\/wp-json\/wp\/v2\/pages"}],"about":[{"href":"https:\/\/sites.uwasa.fi\/mtpvaasa\/wp-json\/wp\/v2\/types\/page"}],"author":[{"embeddable":true,"href":"https:\/\/sites.uwasa.fi\/mtpvaasa\/wp-json\/wp\/v2\/users\/40"}],"replies":[{"embeddable":true,"href":"https:\/\/sites.uwasa.fi\/mtpvaasa\/wp-json\/wp\/v2\/comments?post=538"}],"version-history":[{"count":4,"href":"https:\/\/sites.uwasa.fi\/mtpvaasa\/wp-json\/wp\/v2\/pages\/538\/revisions"}],"predecessor-version":[{"id":615,"href":"https:\/\/sites.uwasa.fi\/mtpvaasa\/wp-json\/wp\/v2\/pages\/538\/revisions\/615"}],"wp:featuredmedia":[{"embeddable":true,"href":"https:\/\/sites.uwasa.fi\/mtpvaasa\/wp-json\/wp\/v2\/media\/555"}],"wp:attachment":[{"href":"https:\/\/sites.uwasa.fi\/mtpvaasa\/wp-json\/wp\/v2\/media?parent=538"}],"curies":[{"name":"wp","href":"https:\/\/api.w.org\/{rel}","templated":true}]}}