{"id":520,"date":"2019-08-12T10:20:07","date_gmt":"2019-08-12T07:20:07","guid":{"rendered":"https:\/\/sites.uwasa.fi\/mtpvaasa\/?page_id=520"},"modified":"2019-08-15T14:14:08","modified_gmt":"2019-08-15T11:14:08","slug":"hotellit","status":"publish","type":"page","link":"https:\/\/sites.uwasa.fi\/mtpvaasa\/majoitus-accommodation\/hotellit\/","title":{"rendered":"Lis\u00e4tietoa hotelleista"},"content":{"rendered":"<p>&nbsp;<\/p>\n<ul>\n<li><strong>Lis\u00e4tietoa: Original Sokos Hotel Vaakuna, Vaasa<\/strong><\/li>\n<\/ul>\n<p>Hintaan sis\u00e4ltyy runsas buffet-aamiainen, kuntosalin k\u00e4ytt\u00f6, hotelliasukkaiden saunavuoro, langaton internet ja alv, sek\u00e4 S-card edut.<\/p>\n<p>&nbsp;<\/p>\n<ul>\n<li><strong>Lis\u00e4tietoa: Original Sokos Hotel Royal Vaasa<\/strong><\/li>\n<\/ul>\n<p>Hintaan sis\u00e4ltyy runsas buffet-aamiainen seka sauna- ja allasosaston k\u00e4ytt\u00f6.<\/p>\n<p>Parkkipaikkoja saatavilla: ulkoparkki 10\u20ac\/vuorokausi ja parkkihalli 14\u20ac\/vuorokausi<\/p>\n<p>Huom. hinnat eiv\u00e4t oikeuta S-bonuspisteisiin tai -etuihin.<\/p>\n<p>&nbsp;<\/p>\n<ul>\n<li><strong>Lis\u00e4tietoa: Scandic Vaasa<\/strong><\/li>\n<\/ul>\n<p>Hintaan sis\u00e4ltyy luomutuotteita sis\u00e4lt\u00e4v\u00e4 aamiainen ja langaton internet.<\/p>\n","protected":false},"excerpt":{"rendered":"<p>&nbsp; Lis\u00e4tietoa: Original Sokos Hotel Vaakuna, Vaasa Hintaan sis\u00e4ltyy runsas buffet-aamiainen, kuntosalin k\u00e4ytt\u00f6, hotelliasukkaiden saunavuoro, langaton internet ja alv, sek\u00e4 S-card edut. &nbsp; Lis\u00e4tietoa: Original Sokos Hotel Royal Vaasa Hintaan sis\u00e4ltyy runsas buffet-aamiainen seka sauna- ja allasosaston k\u00e4ytt\u00f6. Parkkipaikkoja saatavilla: ulkoparkki 10\u20ac\/vuorokausi ja parkkihalli 14\u20ac\/vuorokausi Huom. hinnat eiv\u00e4t oikeuta S-bonuspisteisiin tai -etuihin. &nbsp; Lis\u00e4tietoa: Scandic [&hellip;]<\/p>\n","protected":false},"author":40,"featured_media":0,"parent":15,"menu_order":0,"comment_status":"closed","ping_status":"closed","template":"","meta":{"_acf_changed":false,"footnotes":""},"class_list":["post-520","page","type-page","status-publish","hentry"],"acf":[],"lang":"fi","translations":{"fi":520,"en":633},"pll_sync_post":[],"_links":{"self":[{"href":"https:\/\/sites.uwasa.fi\/mtpvaasa\/wp-json\/wp\/v2\/pages\/520"}],"collection":[{"href":"https:\/\/sites.uwasa.fi\/mtpvaasa\/wp-json\/wp\/v2\/pages"}],"about":[{"href":"https:\/\/sites.uwasa.fi\/mtpvaasa\/wp-json\/wp\/v2\/types\/page"}],"author":[{"embeddable":true,"href":"https:\/\/sites.uwasa.fi\/mtpvaasa\/wp-json\/wp\/v2\/users\/40"}],"replies":[{"embeddable":true,"href":"https:\/\/sites.uwasa.fi\/mtpvaasa\/wp-json\/wp\/v2\/comments?post=520"}],"version-history":[{"count":6,"href":"https:\/\/sites.uwasa.fi\/mtpvaasa\/wp-json\/wp\/v2\/pages\/520\/revisions"}],"predecessor-version":[{"id":608,"href":"https:\/\/sites.uwasa.fi\/mtpvaasa\/wp-json\/wp\/v2\/pages\/520\/revisions\/608"}],"up":[{"embeddable":true,"href":"https:\/\/sites.uwasa.fi\/mtpvaasa\/wp-json\/wp\/v2\/pages\/15"}],"wp:attachment":[{"href":"https:\/\/sites.uwasa.fi\/mtpvaasa\/wp-json\/wp\/v2\/media?parent=520"}],"curies":[{"name":"wp","href":"https:\/\/api.w.org\/{rel}","templated":true}]}}