{"id":508,"date":"2019-08-12T09:51:29","date_gmt":"2019-08-12T06:51:29","guid":{"rendered":"https:\/\/sites.uwasa.fi\/mtpvaasa\/?page_id=508"},"modified":"2019-10-08T10:04:31","modified_gmt":"2019-10-08T07:04:31","slug":"tyoryhmat","status":"publish","type":"page","link":"https:\/\/sites.uwasa.fi\/mtpvaasa\/tyoryhmat\/","title":{"rendered":"Ty\u00f6ryhm\u00e4t"},"content":{"rendered":"<p>Abstraktien j\u00e4tt\u00f6aika on p\u00e4\u00e4ttyny!<\/p>\n<p>Ty\u00f6ryhm\u00e4t on muodostettu abstraktien ja vastaanotettujen ehdotusten pohjalta.<\/p>\n<p>&nbsp;<\/p>\n<p><a href=\"https:\/\/sites.uwasa.fi\/mtpvaasa\/wp-content\/uploads\/sites\/29\/2019\/10\/MTP19_Schedule-and-the-Book-of-Abstracts.pdf\">Schedule and the Book of Abstracts<\/a><\/p>\n<p>(p\u00e4ivitetty 4.10.2019)<\/p>\n","protected":false},"excerpt":{"rendered":"<p>Abstraktien j\u00e4tt\u00f6aika on p\u00e4\u00e4ttyny! Ty\u00f6ryhm\u00e4t on muodostettu abstraktien ja vastaanotettujen ehdotusten pohjalta. &nbsp; Schedule and the Book of Abstracts (p\u00e4ivitetty 4.10.2019)<\/p>\n","protected":false},"author":40,"featured_media":0,"parent":0,"menu_order":0,"comment_status":"closed","ping_status":"closed","template":"","meta":{"_acf_changed":false,"footnotes":""},"class_list":["post-508","page","type-page","status-publish","hentry"],"acf":[],"lang":"fi","translations":{"fi":508,"en":525},"pll_sync_post":[],"_links":{"self":[{"href":"https:\/\/sites.uwasa.fi\/mtpvaasa\/wp-json\/wp\/v2\/pages\/508"}],"collection":[{"href":"https:\/\/sites.uwasa.fi\/mtpvaasa\/wp-json\/wp\/v2\/pages"}],"about":[{"href":"https:\/\/sites.uwasa.fi\/mtpvaasa\/wp-json\/wp\/v2\/types\/page"}],"author":[{"embeddable":true,"href":"https:\/\/sites.uwasa.fi\/mtpvaasa\/wp-json\/wp\/v2\/users\/40"}],"replies":[{"embeddable":true,"href":"https:\/\/sites.uwasa.fi\/mtpvaasa\/wp-json\/wp\/v2\/comments?post=508"}],"version-history":[{"count":41,"href":"https:\/\/sites.uwasa.fi\/mtpvaasa\/wp-json\/wp\/v2\/pages\/508\/revisions"}],"predecessor-version":[{"id":836,"href":"https:\/\/sites.uwasa.fi\/mtpvaasa\/wp-json\/wp\/v2\/pages\/508\/revisions\/836"}],"wp:attachment":[{"href":"https:\/\/sites.uwasa.fi\/mtpvaasa\/wp-json\/wp\/v2\/media?parent=508"}],"curies":[{"name":"wp","href":"https:\/\/api.w.org\/{rel}","templated":true}]}}