{"id":50,"date":"2019-05-02T17:04:32","date_gmt":"2019-05-02T14:04:32","guid":{"rendered":"https:\/\/sites.uwasa.fi\/mtpvaasa\/?page_id=50"},"modified":"2019-10-14T08:13:31","modified_gmt":"2019-10-14T05:13:31","slug":"ilmoittautuminen","status":"publish","type":"page","link":"https:\/\/sites.uwasa.fi\/mtpvaasa\/ilmoittautuminen\/","title":{"rendered":"Ilmoittautuminen"},"content":{"rendered":"<p>Ilmoittautuminen tapahtumaan on p\u00e4\u00e4ttynyt!<\/p>\n<p>&nbsp;<\/p>\n<p><strong>Ilmoittautumismaksu<\/strong><\/p>\n<ul>\n<li>Osallistuja:\u00a0 70\u20ac<\/li>\n<li>Opiskelija (<em>perustutkinto-opiskelijat<\/em>): 25\u20ac<\/li>\n<li>Vaasan yliopiston opiskelijat: Hallintotieteiden perustutkinto-opiskelijoiden ei tarvitse ilmoittautua tapahtumaan. Mik\u00e4li kuitenkin haluat nimikyltin, ilmoittaudu normaalisti. Jos osallistut tapahtuman j\u00e4rjest\u00e4miseen tai kirjoitat oppimisp\u00e4iv\u00e4kirjaa, ilmoittaudu s\u00e4hk\u00f6postilla: <a href=\"mailto:mtp19@univaasa.fi\">mtp19@univaasa.fi<\/a><\/li>\n<\/ul>\n<p>&nbsp;<\/p>\n<p>Osallistumismaksu maksetaan verkkomaksuna tapahtumaan ilmoittautumisen yhteydess\u00e4.<\/p>\n<p>Huom: Illallinen ei sis\u00e4lly osallistumismaksuun vaan se maksetaan erikseen ilmoittautumisen yhteydess\u00e4. Hinta illalliselle on 50\u20ac.<\/p>\n<p>&nbsp;<\/p>\n","protected":false},"excerpt":{"rendered":"<p>Ilmoittautuminen tapahtumaan on p\u00e4\u00e4ttynyt! &nbsp; Ilmoittautumismaksu Osallistuja:\u00a0 70\u20ac Opiskelija (perustutkinto-opiskelijat): 25\u20ac Vaasan yliopiston opiskelijat: Hallintotieteiden perustutkinto-opiskelijoiden ei tarvitse ilmoittautua tapahtumaan. Mik\u00e4li kuitenkin haluat nimikyltin, ilmoittaudu normaalisti. Jos osallistut tapahtuman j\u00e4rjest\u00e4miseen tai kirjoitat oppimisp\u00e4iv\u00e4kirjaa, ilmoittaudu s\u00e4hk\u00f6postilla: mtp19@univaasa.fi &nbsp; Osallistumismaksu maksetaan verkkomaksuna tapahtumaan ilmoittautumisen yhteydess\u00e4. Huom: Illallinen ei sis\u00e4lly osallistumismaksuun vaan se maksetaan erikseen ilmoittautumisen yhteydess\u00e4. Hinta [&hellip;]<\/p>\n","protected":false},"author":25,"featured_media":69,"parent":0,"menu_order":0,"comment_status":"closed","ping_status":"closed","template":"","meta":{"_acf_changed":false,"footnotes":""},"class_list":["post-50","page","type-page","status-publish","has-post-thumbnail","hentry"],"acf":[],"lang":"fi","translations":{"fi":50,"en":353},"pll_sync_post":[],"_links":{"self":[{"href":"https:\/\/sites.uwasa.fi\/mtpvaasa\/wp-json\/wp\/v2\/pages\/50"}],"collection":[{"href":"https:\/\/sites.uwasa.fi\/mtpvaasa\/wp-json\/wp\/v2\/pages"}],"about":[{"href":"https:\/\/sites.uwasa.fi\/mtpvaasa\/wp-json\/wp\/v2\/types\/page"}],"author":[{"embeddable":true,"href":"https:\/\/sites.uwasa.fi\/mtpvaasa\/wp-json\/wp\/v2\/users\/25"}],"replies":[{"embeddable":true,"href":"https:\/\/sites.uwasa.fi\/mtpvaasa\/wp-json\/wp\/v2\/comments?post=50"}],"version-history":[{"count":24,"href":"https:\/\/sites.uwasa.fi\/mtpvaasa\/wp-json\/wp\/v2\/pages\/50\/revisions"}],"predecessor-version":[{"id":842,"href":"https:\/\/sites.uwasa.fi\/mtpvaasa\/wp-json\/wp\/v2\/pages\/50\/revisions\/842"}],"wp:featuredmedia":[{"embeddable":true,"href":"https:\/\/sites.uwasa.fi\/mtpvaasa\/wp-json\/wp\/v2\/media\/69"}],"wp:attachment":[{"href":"https:\/\/sites.uwasa.fi\/mtpvaasa\/wp-json\/wp\/v2\/media?parent=50"}],"curies":[{"name":"wp","href":"https:\/\/api.w.org\/{rel}","templated":true}]}}