{"id":325,"date":"2019-05-09T12:01:42","date_gmt":"2019-05-09T09:01:42","guid":{"rendered":"https:\/\/sites.uwasa.fi\/mtpvaasa\/?page_id=325"},"modified":"2019-06-13T13:36:11","modified_gmt":"2019-06-13T10:36:11","slug":"speakers","status":"publish","type":"page","link":"https:\/\/sites.uwasa.fi\/mtpvaasa\/en\/speakers\/","title":{"rendered":"Speakers"},"content":{"rendered":"<p><img loading=\"lazy\" decoding=\"async\" class=\"alignleft wp-image-254\" src=\"https:\/\/sites.uwasa.fi\/mtpvaasa\/wp-content\/uploads\/sites\/29\/2019\/05\/ares-200x300.jpg\" alt=\"\" width=\"165\" height=\"248\" \/><\/p>\n<p>&nbsp;<\/p>\n<p>Professor <strong>Ares Kalandides<\/strong>, Manchester Metropolitan University<\/p>\n<p><em>Rereading Doreen Massey: lessons for the practice of place<\/em><\/p>\n<p><a href=\"https:\/\/www2.mmu.ac.uk\/business-school\/about-us\/our-staff\/mrt\/profile\/index.php?id=2997\">Get to know more about Ares&#8230;<\/a><\/p>\n<p>&nbsp;<\/p>\n<p>&nbsp;<\/p>\n<p>&nbsp;<\/p>\n<p>&nbsp;<\/p>\n<p><img loading=\"lazy\" decoding=\"async\" class=\"wp-image-259 alignleft\" src=\"https:\/\/sites.uwasa.fi\/mtpvaasa\/wp-content\/uploads\/sites\/29\/2019\/05\/venlabernelius-278x300.jpg\" alt=\"\" width=\"166\" height=\"179\" srcset=\"https:\/\/sites.uwasa.fi\/mtpvaasa\/wp-content\/uploads\/sites\/29\/2019\/05\/venlabernelius-278x300.jpg 278w, https:\/\/sites.uwasa.fi\/mtpvaasa\/wp-content\/uploads\/sites\/29\/2019\/05\/venlabernelius.jpg 586w\" sizes=\"(max-width: 166px) 100vw, 166px\" \/><\/p>\n<p>&nbsp;<\/p>\n<p>Assistant Professor <strong>Venla Bernelius<\/strong>, University of Helsinki<\/p>\n<p><em>Asuinpaikan valta:<br \/>\nSuomalaiskaupunkien segregaatiodynamiikka ja nuorten eriytyv\u00e4t tulevaisuushorisontit<\/em><\/p>\n<p><a href=\"https:\/\/tuhat.helsinki.fi\/portal\/fi\/persons\/venla-bernelius(1e2aa9af-c8e8-4e98-8c1a-055cdc1780bb).html\">Get to know more about Venla&#8230;<\/a><\/p>\n<p>&nbsp;<\/p>\n<p>&nbsp;<\/p>\n<p><img loading=\"lazy\" decoding=\"async\" class=\"wp-image-256 alignleft\" src=\"https:\/\/sites.uwasa.fi\/mtpvaasa\/wp-content\/uploads\/sites\/29\/2019\/05\/7113361-225x300.jpg\" alt=\"\" width=\"165\" height=\"220\" \/><\/p>\n<p>&nbsp;<\/p>\n<p>Professor <strong>Jukka K\u00e4yhk\u00f6<\/strong>, University of Turku<\/p>\n<p><em>Paikka nimelt\u00e4 Maa \u2013<br \/>\nmaantieteen rooli globaalin kest\u00e4vyyskriisin tutkimuksessa ja hoidossa <\/em><\/p>\n<p><a href=\"https:\/\/www.utu.fi\/fi\/ihmiset\/jukka-kayhko\">Get to know more about Jukka&#8230;<\/a><\/p>\n<p>&nbsp;<\/p>\n<p>&nbsp;<\/p>\n<p>&nbsp;<\/p>\n","protected":false},"excerpt":{"rendered":"<p>&nbsp; Professor Ares Kalandides, Manchester Metropolitan University Rereading Doreen Massey: lessons for the practice of place Get to know more about Ares&#8230; &nbsp; &nbsp; &nbsp; &nbsp; &nbsp; Assistant Professor Venla Bernelius, University of Helsinki Asuinpaikan valta: Suomalaiskaupunkien segregaatiodynamiikka ja nuorten eriytyv\u00e4t tulevaisuushorisontit Get to know more about Venla&#8230; &nbsp; &nbsp; &nbsp; Professor Jukka K\u00e4yhk\u00f6, University [&hellip;]<\/p>\n","protected":false},"author":26,"featured_media":247,"parent":0,"menu_order":0,"comment_status":"closed","ping_status":"closed","template":"","meta":{"_acf_changed":false,"footnotes":""},"class_list":["post-325","page","type-page","status-publish","has-post-thumbnail","hentry"],"acf":[],"lang":"en","translations":{"en":325,"fi":13},"pll_sync_post":[],"_links":{"self":[{"href":"https:\/\/sites.uwasa.fi\/mtpvaasa\/wp-json\/wp\/v2\/pages\/325"}],"collection":[{"href":"https:\/\/sites.uwasa.fi\/mtpvaasa\/wp-json\/wp\/v2\/pages"}],"about":[{"href":"https:\/\/sites.uwasa.fi\/mtpvaasa\/wp-json\/wp\/v2\/types\/page"}],"author":[{"embeddable":true,"href":"https:\/\/sites.uwasa.fi\/mtpvaasa\/wp-json\/wp\/v2\/users\/26"}],"replies":[{"embeddable":true,"href":"https:\/\/sites.uwasa.fi\/mtpvaasa\/wp-json\/wp\/v2\/comments?post=325"}],"version-history":[{"count":11,"href":"https:\/\/sites.uwasa.fi\/mtpvaasa\/wp-json\/wp\/v2\/pages\/325\/revisions"}],"predecessor-version":[{"id":496,"href":"https:\/\/sites.uwasa.fi\/mtpvaasa\/wp-json\/wp\/v2\/pages\/325\/revisions\/496"}],"wp:featuredmedia":[{"embeddable":true,"href":"https:\/\/sites.uwasa.fi\/mtpvaasa\/wp-json\/wp\/v2\/media\/247"}],"wp:attachment":[{"href":"https:\/\/sites.uwasa.fi\/mtpvaasa\/wp-json\/wp\/v2\/media?parent=325"}],"curies":[{"name":"wp","href":"https:\/\/api.w.org\/{rel}","templated":true}]}}