{"id":18,"date":"2019-05-02T13:41:16","date_gmt":"2019-05-02T10:41:16","guid":{"rendered":"https:\/\/sites.uwasa.fi\/mtpvaasa\/?page_id=18"},"modified":"2019-10-16T13:49:47","modified_gmt":"2019-10-16T10:49:47","slug":"tarkeat-paivamaarat-important-days","status":"publish","type":"page","link":"https:\/\/sites.uwasa.fi\/mtpvaasa\/tarkeat-paivamaarat-important-days\/","title":{"rendered":"T\u00e4rke\u00e4t p\u00e4iv\u00e4m\u00e4\u00e4r\u00e4t"},"content":{"rendered":"<p>Abstraktien j\u00e4tt\u00f6aika: <strong>15.5<\/strong>. <strong>&#8211; 30.9.<\/strong> 2019 <strong>Abstraktien j\u00e4tt\u00f6aikaa on jatkettu 30.09. asti!<\/strong><\/p>\n<p>Ilmoittautuminen: <strong>2.9.-11.10.<\/strong> 2019<\/p>\n<p>Jatko-opintoseminaari: <strong>23.10<\/strong>.2019<\/p>\n<p>Varsinainen ohjelma: <strong>24.-25.10<\/strong>.2019<\/p>\n<p>&nbsp;<\/p>\n","protected":false},"excerpt":{"rendered":"<p>Abstraktien j\u00e4tt\u00f6aika: 15.5. &#8211; 30.9. 2019 Abstraktien j\u00e4tt\u00f6aikaa on jatkettu 30.09. asti! Ilmoittautuminen: 2.9.-11.10. 2019 Jatko-opintoseminaari: 23.10.2019 Varsinainen ohjelma: 24.-25.10.2019 &nbsp;<\/p>\n","protected":false},"author":25,"featured_media":42,"parent":0,"menu_order":0,"comment_status":"closed","ping_status":"closed","template":"","meta":{"_acf_changed":false,"footnotes":""},"class_list":["post-18","page","type-page","status-publish","has-post-thumbnail","hentry"],"acf":[],"lang":"fi","translations":{"fi":18,"en":320},"pll_sync_post":[],"_links":{"self":[{"href":"https:\/\/sites.uwasa.fi\/mtpvaasa\/wp-json\/wp\/v2\/pages\/18"}],"collection":[{"href":"https:\/\/sites.uwasa.fi\/mtpvaasa\/wp-json\/wp\/v2\/pages"}],"about":[{"href":"https:\/\/sites.uwasa.fi\/mtpvaasa\/wp-json\/wp\/v2\/types\/page"}],"author":[{"embeddable":true,"href":"https:\/\/sites.uwasa.fi\/mtpvaasa\/wp-json\/wp\/v2\/users\/25"}],"replies":[{"embeddable":true,"href":"https:\/\/sites.uwasa.fi\/mtpvaasa\/wp-json\/wp\/v2\/comments?post=18"}],"version-history":[{"count":23,"href":"https:\/\/sites.uwasa.fi\/mtpvaasa\/wp-json\/wp\/v2\/pages\/18\/revisions"}],"predecessor-version":[{"id":855,"href":"https:\/\/sites.uwasa.fi\/mtpvaasa\/wp-json\/wp\/v2\/pages\/18\/revisions\/855"}],"wp:featuredmedia":[{"embeddable":true,"href":"https:\/\/sites.uwasa.fi\/mtpvaasa\/wp-json\/wp\/v2\/media\/42"}],"wp:attachment":[{"href":"https:\/\/sites.uwasa.fi\/mtpvaasa\/wp-json\/wp\/v2\/media?parent=18"}],"curies":[{"name":"wp","href":"https:\/\/api.w.org\/{rel}","templated":true}]}}