{"id":163,"date":"2019-05-03T12:24:46","date_gmt":"2019-05-03T09:24:46","guid":{"rendered":"https:\/\/sites.uwasa.fi\/mtpvaasa\/?page_id=163"},"modified":"2019-10-22T08:26:18","modified_gmt":"2019-10-22T05:26:18","slug":"jatkoopintoseminaari","status":"publish","type":"page","link":"https:\/\/sites.uwasa.fi\/mtpvaasa\/jatkoopintoseminaari\/","title":{"rendered":"Jatko-opintoseminaari"},"content":{"rendered":"<p>V\u00e4it\u00f6skirjaklinikka on jatko-opiskelijoille maksuton jatko-opintoseminaari. Osallistuminen edellytt\u00e4\u00e4 ennakkoteht\u00e4v\u00e4n laatimista v\u00e4it\u00f6skirjasi aiheesta ja prosessista.<\/p>\n<p>V\u00e4it\u00f6skirjaklinikan suorittamisesta saa 3 opintopistett\u00e4. Suoritus edellytt\u00e4\u00e4 ennakkoteht\u00e4v\u00e4n tekoa ja aktiivista osallistumista 23.10 p\u00e4iv\u00e4n varsinaiseen ohjelmaan.<\/p>\n<p><strong>Ennakkoteht\u00e4v\u00e4<\/strong><\/p>\n<ul>\n<li>Kirjoita v\u00e4it\u00f6skirjasi aiheesta ja tutkimusprosessistasi 1-2 sivua ja l\u00e4het\u00e4 <strong>30.9.<\/strong> (m\u00e4\u00e4r\u00e4aikaa pidennetty) menness\u00e4 osoitteeseen <a href=\"mailto:mtp19@univaasa.fi\">mtp19@univaasa.fi<\/a><em>. <\/em>Voit kirjoittaa suomeksi, englanniksi tai ruotsiksi.<\/li>\n<li>Saat tiedon hyv\u00e4ksymisest\u00e4si v\u00e4it\u00f6skirjaklinikalle s\u00e4hk\u00f6postiisi 30.9. menness\u00e4.<\/li>\n<li>Valmistaudu kertomaan klinikalla v\u00e4it\u00f6skirjaprosessistasi sek\u00e4 sen mahdollisista haasteista ja onnistumisistasi. Ideana on yhdess\u00e4 l\u00f6yt\u00e4\u00e4 ratkaisuja ja hyvi\u00e4 k\u00e4yt\u00e4nt\u00f6j\u00e4.<\/li>\n<\/ul>\n<p>&nbsp;<\/p>\n<p><strong>Muistathan ilmoittautua my\u00f6s Maantieteen p\u00e4iville erillisell\u00e4 lomakkeella.<\/strong><\/p>\n","protected":false},"excerpt":{"rendered":"<p>V\u00e4it\u00f6skirjaklinikka on jatko-opiskelijoille maksuton jatko-opintoseminaari. Osallistuminen edellytt\u00e4\u00e4 ennakkoteht\u00e4v\u00e4n laatimista v\u00e4it\u00f6skirjasi aiheesta ja prosessista. V\u00e4it\u00f6skirjaklinikan suorittamisesta saa 3 opintopistett\u00e4. Suoritus edellytt\u00e4\u00e4 ennakkoteht\u00e4v\u00e4n tekoa ja aktiivista osallistumista 23.10 p\u00e4iv\u00e4n varsinaiseen ohjelmaan. Ennakkoteht\u00e4v\u00e4 Kirjoita v\u00e4it\u00f6skirjasi aiheesta ja tutkimusprosessistasi 1-2 sivua ja l\u00e4het\u00e4 30.9. (m\u00e4\u00e4r\u00e4aikaa pidennetty) menness\u00e4 osoitteeseen mtp19@univaasa.fi. Voit kirjoittaa suomeksi, englanniksi tai ruotsiksi. Saat tiedon hyv\u00e4ksymisest\u00e4si v\u00e4it\u00f6skirjaklinikalle [&hellip;]<\/p>\n","protected":false},"author":25,"featured_media":560,"parent":0,"menu_order":0,"comment_status":"closed","ping_status":"closed","template":"","meta":{"_acf_changed":false,"footnotes":""},"class_list":["post-163","page","type-page","status-publish","has-post-thumbnail","hentry"],"acf":[],"lang":"fi","translations":{"fi":163,"en":349},"pll_sync_post":[],"_links":{"self":[{"href":"https:\/\/sites.uwasa.fi\/mtpvaasa\/wp-json\/wp\/v2\/pages\/163"}],"collection":[{"href":"https:\/\/sites.uwasa.fi\/mtpvaasa\/wp-json\/wp\/v2\/pages"}],"about":[{"href":"https:\/\/sites.uwasa.fi\/mtpvaasa\/wp-json\/wp\/v2\/types\/page"}],"author":[{"embeddable":true,"href":"https:\/\/sites.uwasa.fi\/mtpvaasa\/wp-json\/wp\/v2\/users\/25"}],"replies":[{"embeddable":true,"href":"https:\/\/sites.uwasa.fi\/mtpvaasa\/wp-json\/wp\/v2\/comments?post=163"}],"version-history":[{"count":17,"href":"https:\/\/sites.uwasa.fi\/mtpvaasa\/wp-json\/wp\/v2\/pages\/163\/revisions"}],"predecessor-version":[{"id":865,"href":"https:\/\/sites.uwasa.fi\/mtpvaasa\/wp-json\/wp\/v2\/pages\/163\/revisions\/865"}],"wp:featuredmedia":[{"embeddable":true,"href":"https:\/\/sites.uwasa.fi\/mtpvaasa\/wp-json\/wp\/v2\/media\/560"}],"wp:attachment":[{"href":"https:\/\/sites.uwasa.fi\/mtpvaasa\/wp-json\/wp\/v2\/media?parent=163"}],"curies":[{"name":"wp","href":"https:\/\/api.w.org\/{rel}","templated":true}]}}