{"id":73,"date":"2026-03-13T16:17:19","date_gmt":"2026-03-13T14:17:19","guid":{"rendered":"https:\/\/sites.uwasa.fi\/mtp2026\/?page_id=73"},"modified":"2026-03-17T12:27:13","modified_gmt":"2026-03-17T10:27:13","slug":"preconference","status":"publish","type":"page","link":"https:\/\/sites.uwasa.fi\/mtp2026\/preconference\/","title":{"rendered":"Preconference"},"content":{"rendered":"<p style=\"padding-left: 40px\">Maantieteen p\u00e4ivi\u00e4 edelt\u00e4\u00e4 tohtoriopiskelijoille tarkoitettu seminaaritapahtuma, joka j\u00e4rjestet\u00e4\u00e4n yhteisty\u00f6ss\u00e4 Uumajan yliopiston kanssa. Laita p\u00e4iv\u00e4t jo kalenteriin 27.-28.10.2026. Lis\u00e4tietoa tulossa piakkoin.<\/p>\n<p><img loading=\"lazy\" decoding=\"async\" class=\"wp-image-82 aligncenter\" src=\"https:\/\/sites.uwasa.fi\/mtp2026\/wp-content\/blogs.dir\/4\/files\/sites\/274\/2026\/03\/kolmep-e1773742779479-300x81.jpg\" alt=\"\" width=\"81\" height=\"22\" srcset=\"https:\/\/sites.uwasa.fi\/mtp2026\/wp-content\/blogs.dir\/4\/files\/sites\/274\/2026\/03\/kolmep-e1773742779479-300x81.jpg 300w, https:\/\/sites.uwasa.fi\/mtp2026\/wp-content\/blogs.dir\/4\/files\/sites\/274\/2026\/03\/kolmep-e1773742779479.jpg 490w\" sizes=\"(max-width: 81px) 100vw, 81px\" \/><\/p>\n<p style=\"padding-left: 40px\">A seminar event intended for doctoral students will take place before the Geography Days, organized in collaboration with Ume\u00e5 University. Save the dates in your calendar: October 27\u201328, 2026. More information will follow soon.<\/p>\n","protected":false},"excerpt":{"rendered":"<p>Maantieteen p\u00e4ivi\u00e4 edelt\u00e4\u00e4 tohtoriopiskelijoille tarkoitettu seminaaritapahtuma, joka j\u00e4rjestet\u00e4\u00e4n yhteisty\u00f6ss\u00e4 Uumajan yliopiston kanssa. Laita p\u00e4iv\u00e4t jo kalenteriin 27.-28.10.2026. Lis\u00e4tietoa tulossa piakkoin. A seminar event intended for doctoral students will take place before the Geography Days, organized in collaboration with Ume\u00e5 University. Save the dates in your calendar: October 27\u201328, 2026. More information will follow soon.<\/p>\n","protected":false},"author":25,"featured_media":0,"parent":0,"menu_order":0,"comment_status":"closed","ping_status":"closed","template":"","meta":{"_acf_changed":false,"footnotes":""},"class_list":["post-73","page","type-page","status-publish","hentry"],"acf":[],"_links":{"self":[{"href":"https:\/\/sites.uwasa.fi\/mtp2026\/wp-json\/wp\/v2\/pages\/73"}],"collection":[{"href":"https:\/\/sites.uwasa.fi\/mtp2026\/wp-json\/wp\/v2\/pages"}],"about":[{"href":"https:\/\/sites.uwasa.fi\/mtp2026\/wp-json\/wp\/v2\/types\/page"}],"author":[{"embeddable":true,"href":"https:\/\/sites.uwasa.fi\/mtp2026\/wp-json\/wp\/v2\/users\/25"}],"replies":[{"embeddable":true,"href":"https:\/\/sites.uwasa.fi\/mtp2026\/wp-json\/wp\/v2\/comments?post=73"}],"version-history":[{"count":4,"href":"https:\/\/sites.uwasa.fi\/mtp2026\/wp-json\/wp\/v2\/pages\/73\/revisions"}],"predecessor-version":[{"id":92,"href":"https:\/\/sites.uwasa.fi\/mtp2026\/wp-json\/wp\/v2\/pages\/73\/revisions\/92"}],"wp:attachment":[{"href":"https:\/\/sites.uwasa.fi\/mtp2026\/wp-json\/wp\/v2\/media?parent=73"}],"curies":[{"name":"wp","href":"https:\/\/api.w.org\/{rel}","templated":true}]}}