{"id":26,"date":"2026-01-27T14:49:45","date_gmt":"2026-01-27T12:49:45","guid":{"rendered":"https:\/\/sites.uwasa.fi\/mtp2026\/?page_id=26"},"modified":"2026-03-17T12:26:00","modified_gmt":"2026-03-17T10:26:00","slug":"theme","status":"publish","type":"page","link":"https:\/\/sites.uwasa.fi\/mtp2026\/theme\/","title":{"rendered":"Theme"},"content":{"rendered":"<h3 style=\"text-align: left;padding-left: 40px\">Paikan voima 2.0<\/h3>\n<p style=\"text-align: left;padding-left: 40px\">Maantieteen P\u00e4ivien teema vuonna 2026 on Paikan voima 2.0. Jatkamme seitsem\u00e4n vuotta sitten Vaasan maantieteen p\u00e4ivill\u00e4 aloitettua keskustelua ja kutsumme osallistujat dialogiin paikkojen rooleista kriisien luonnehtimalla aikakaudella.<\/p>\n<p style=\"text-align: left;padding-left: 40px\">Paikkojen kautta tutkimme uniikkeja ihmiseen, ymp\u00e4rist\u00f6\u00f6n ja n\u00e4iden vuorovaikutukseen liittyvi\u00e4 ilmi\u00f6it\u00e4. Mittakaavaisessa tarkastelussa asemoimme alueet osaksi laajempia hallinnan tasoja ja verkostoja. Paikat tahdistavat ja rakentavat yhteiskuntaa: ne yhdist\u00e4v\u00e4t ja poissulkevat toimintoja ja ihmisi\u00e4. (de)Globalisaation my\u00f6t\u00e4 keski\u00f6\u00f6n ovat yht\u00e4\u00e4lt\u00e4 nousseet paikkojen monimuotoisuus sek\u00e4 toisaalta paikattomuus, samalla kun virtuaalisuus sek\u00e4 teko\u00e4ly muokkaavat k\u00e4sityst\u00e4 maantieteellisest\u00e4 tilasta.<\/p>\n<p style=\"text-align: left;padding-left: 40px\">Poliittiset p\u00e4\u00e4tt\u00e4j\u00e4t ja tutkijat pohtivat yh\u00e4 useammin my\u00f6s arvaamattomia v\u00e4liin tulevia tekij\u00f6it\u00e4, joita ei aina voi ennakoida. Monipaikkaisuus ja alueiden v\u00e4lisyys k\u00e4sitteellist\u00e4v\u00e4t relationaalisesti hahmotettavia voimia monikriisin aikakaudella. Toisiinsa kytkeytyvien ilmi\u00f6iden ymm\u00e4rt\u00e4minen vaatii paitsi kyky\u00e4 ratkaista ja selvitt\u00e4\u00e4, my\u00f6s halua keskustella, silloittaa, haastaa, rauhoittaa, keskeytt\u00e4\u00e4, muokata, uudelleenrakentaa, kuunnella ja ymm\u00e4rt\u00e4\u00e4.<\/p>\n<p style=\"text-align: left;padding-left: 40px\">Osallistumista edist\u00e4vien keskustelujen kautta ymm\u00e4rr\u00e4mme paremmin alueellisten ilmi\u00f6iden mosaiikkia. Paikan voimassa piilee my\u00f6s tutkimuksen vaikuttavuuden mahdollisuus: siihen perustuen rakennetaan luottamukseen perustuvaa dialogia tutkimustiedon tuottajien ja k\u00e4ytt\u00e4jien v\u00e4lill\u00e4. T\u00e4llaisessa dialogissa maantieteellinen tieto on avainasemassa, kiitos tieteenalamme monialaisuuden.<\/p>\n<p style=\"text-align: left;padding-left: 40px\">Tervetuloa osaksi t\u00e4t\u00e4 dialogia Maantieteen p\u00e4iville 2026 Vaasaan. Otamme vastaan teemaan liittyvi\u00e4 ty\u00f6ryhm\u00e4ehdotuksia empiirisist\u00e4, k\u00e4sitteellisist\u00e4 ja menetelm\u00e4llisist\u00e4 tutkimusaiheista. Haluamme korostaa vuoropuhelun merkityst\u00e4 ja ty\u00f6ryhmien monialaisuutta.<\/p>\n<p style=\"padding-left: 40px\">Vaasan yliopisto, johtamisen yksikk\u00f6, aluetiede &amp; Suomen Maantieteellinen Seura<\/p>\n<p><img loading=\"lazy\" decoding=\"async\" class=\"wp-image-82 aligncenter\" src=\"https:\/\/sites.uwasa.fi\/mtp2026\/wp-content\/blogs.dir\/4\/files\/sites\/274\/2026\/03\/kolmep-e1773742779479-300x81.jpg\" alt=\"\" width=\"81\" height=\"22\" srcset=\"https:\/\/sites.uwasa.fi\/mtp2026\/wp-content\/blogs.dir\/4\/files\/sites\/274\/2026\/03\/kolmep-e1773742779479-300x81.jpg 300w, https:\/\/sites.uwasa.fi\/mtp2026\/wp-content\/blogs.dir\/4\/files\/sites\/274\/2026\/03\/kolmep-e1773742779479.jpg 490w\" sizes=\"(max-width: 81px) 100vw, 81px\" \/><\/p>\n<h3 style=\"padding-left: 40px\">The Power of Place 2.0<\/h3>\n<p style=\"padding-left: 40px\">The theme of the 2026 Geography Days is <em>The Power of Place 2.0<\/em>. This event continues the dialogue initiated seven years ago at the Geography Days in Vaasa, inviting participants to reflect on the evolving roles of place in an era marked by overlapping and interlinked crises.<\/p>\n<p style=\"padding-left: 40px\">Through the lens of place, we examine distinctive phenomena arising from the interactions between people, the environment, and society. By analysing processes across multiple scales, regions can be situated within broader governance structures and networks. Places simultaneously synchronize and shape societies: they connect certain actors and activities while excluding others. In the context of (de)globalization, both the increasing diversity of places and, conversely, the experience of placelessness have gained prominence, particularly as virtuality and artificial intelligence reconfigure our understanding of geographical space.<\/p>\n<p style=\"padding-left: 40px\">Political decision-makers and researchers increasingly consider unpredictable intervening factors that cannot always be anticipated. Concepts such as multi-locality and transregionalism help make sense of the relational forces characterizing the polycrisis era. Comprehending these interconnected dynamics requires not only analytical and investigative competencies but also the willingness to discuss, bridge, challenge, calm, interrupt, modify, rebuild, listen, and understand.<\/p>\n<p style=\"padding-left: 40px\">Participatory discussions enhance our ability to grasp the mosaic-like nature of regional phenomena. The power of place further highlights the potential societal impact of research by enabling trust-based dialogue between producers and users of scientific knowledge. In this dialogue, geographical expertise occupies a central position, supported by the interdisciplinarity that defines the field.<\/p>\n<p style=\"padding-left: 40px\">We warmly welcome you to contribute to this ongoing dialogue at the Geography Days 2026 in Vaasa. We invite proposals for working groups aligned with the theme, encompassing empirical, conceptual, and methodological research perspectives. We particularly encourage approaches that emphasize dialogue and interdisciplinarity.<\/p>\n<p style=\"padding-left: 40px\">University of Vaasa, School of Management, Regional Studies &amp; The Geographical Society of Finland<\/p>\n<p>&nbsp;<\/p>\n","protected":false},"excerpt":{"rendered":"<p>Paikan voima 2.0 Maantieteen P\u00e4ivien teema vuonna 2026 on Paikan voima 2.0. Jatkamme seitsem\u00e4n vuotta sitten Vaasan maantieteen p\u00e4ivill\u00e4 aloitettua keskustelua ja kutsumme osallistujat dialogiin paikkojen rooleista kriisien luonnehtimalla aikakaudella. Paikkojen kautta tutkimme uniikkeja ihmiseen, ymp\u00e4rist\u00f6\u00f6n ja n\u00e4iden vuorovaikutukseen liittyvi\u00e4 ilmi\u00f6it\u00e4. Mittakaavaisessa tarkastelussa asemoimme alueet osaksi laajempia hallinnan tasoja ja verkostoja. Paikat tahdistavat ja rakentavat [&hellip;]<\/p>\n","protected":false},"author":25,"featured_media":0,"parent":0,"menu_order":0,"comment_status":"closed","ping_status":"closed","template":"","meta":{"_acf_changed":false,"footnotes":""},"class_list":["post-26","page","type-page","status-publish","hentry"],"acf":[],"_links":{"self":[{"href":"https:\/\/sites.uwasa.fi\/mtp2026\/wp-json\/wp\/v2\/pages\/26"}],"collection":[{"href":"https:\/\/sites.uwasa.fi\/mtp2026\/wp-json\/wp\/v2\/pages"}],"about":[{"href":"https:\/\/sites.uwasa.fi\/mtp2026\/wp-json\/wp\/v2\/types\/page"}],"author":[{"embeddable":true,"href":"https:\/\/sites.uwasa.fi\/mtp2026\/wp-json\/wp\/v2\/users\/25"}],"replies":[{"embeddable":true,"href":"https:\/\/sites.uwasa.fi\/mtp2026\/wp-json\/wp\/v2\/comments?post=26"}],"version-history":[{"count":14,"href":"https:\/\/sites.uwasa.fi\/mtp2026\/wp-json\/wp\/v2\/pages\/26\/revisions"}],"predecessor-version":[{"id":89,"href":"https:\/\/sites.uwasa.fi\/mtp2026\/wp-json\/wp\/v2\/pages\/26\/revisions\/89"}],"wp:attachment":[{"href":"https:\/\/sites.uwasa.fi\/mtp2026\/wp-json\/wp\/v2\/media?parent=26"}],"curies":[{"name":"wp","href":"https:\/\/api.w.org\/{rel}","templated":true}]}}