{"id":2,"date":"2026-01-02T13:27:37","date_gmt":"2026-01-02T11:27:37","guid":{"rendered":"https:\/\/sites.uwasa.fi\/mtp2026\/?page_id=2"},"modified":"2026-03-13T16:20:08","modified_gmt":"2026-03-13T14:20:08","slug":"esimerkkisivu","status":"publish","type":"page","link":"https:\/\/sites.uwasa.fi\/mtp2026\/","title":{"rendered":"Mtp 2026"},"content":{"rendered":"<p style=\"text-align: center\">Tervetuloa vuoden 2026 Maantieteen p\u00e4iville Vaasaan. P\u00e4ivien teema Paikan voima 2.0, johdattaa osallistujat dialogiin maantieteen merkityksest\u00e4 monikriisin aikakaudella. Paikan voima kumpuaa olosuhteellisen tiedon roolista vuoropuhelun edist\u00e4j\u00e4n\u00e4. Paikallisen linssin kautta voidaan tutkia ihmisi\u00e4, ymp\u00e4rist\u00f6\u00e4, yhteiskuntaa, hallintoa, teknologista muutosta ja n\u00e4iden vuorovaikutusta, ja siten pureutua keskin\u00e4isriippuvien kriisien olemukseen ja tilallisuuteen.<\/p>\n<p><img loading=\"lazy\" decoding=\"async\" class=\"wp-image-13 aligncenter\" src=\"https:\/\/sites.uwasa.fi\/mtp2026\/wp-content\/blogs.dir\/4\/files\/sites\/274\/2026\/01\/page01-1-300x252.jpg\" alt=\"\" width=\"439\" height=\"369\" srcset=\"https:\/\/sites.uwasa.fi\/mtp2026\/wp-content\/blogs.dir\/4\/files\/sites\/274\/2026\/01\/page01-1-300x252.jpg 300w, https:\/\/sites.uwasa.fi\/mtp2026\/wp-content\/blogs.dir\/4\/files\/sites\/274\/2026\/01\/page01-1-1024x860.jpg 1024w, https:\/\/sites.uwasa.fi\/mtp2026\/wp-content\/blogs.dir\/4\/files\/sites\/274\/2026\/01\/page01-1-768x645.jpg 768w, https:\/\/sites.uwasa.fi\/mtp2026\/wp-content\/blogs.dir\/4\/files\/sites\/274\/2026\/01\/page01-1-1536x1289.jpg 1536w, https:\/\/sites.uwasa.fi\/mtp2026\/wp-content\/blogs.dir\/4\/files\/sites\/274\/2026\/01\/page01-1.jpg 2048w\" sizes=\"(max-width: 439px) 100vw, 439px\" \/><\/p>\n<p style=\"text-align: center\">Welcome to the 2026 Geography Days in Vaasa. The theme <em>The Power of Place 2.0<\/em> invites participants to engage in dialogue on the significance of geography in an age of polycrisis. The power of place derives from the role of situational knowledge as a catalyst for meaningful interplay. A local lens enables the study of people, the environment, society, governance, technological change, and their interactions\u2014offering deeper insight into the nature and spatiality of interdependent crises.<\/p>\n<p>&nbsp;<\/p>\n<p style=\"text-align: center\"><img loading=\"lazy\" decoding=\"async\" class=\"wp-image-35\" src=\"https:\/\/sites.uwasa.fi\/mtp2026\/wp-content\/blogs.dir\/4\/files\/sites\/274\/2026\/02\/smslogo-e1771400525374-241x300.jpg\" alt=\"\" width=\"165\" height=\"206\" srcset=\"https:\/\/sites.uwasa.fi\/mtp2026\/wp-content\/blogs.dir\/4\/files\/sites\/274\/2026\/02\/smslogo-e1771400525374-241x300.jpg 241w, https:\/\/sites.uwasa.fi\/mtp2026\/wp-content\/blogs.dir\/4\/files\/sites\/274\/2026\/02\/smslogo-e1771400525374.jpg 542w\" sizes=\"(max-width: 165px) 100vw, 165px\" \/>\u00a0 <img loading=\"lazy\" decoding=\"async\" class=\"alignnone size-medium wp-image-49\" src=\"https:\/\/sites.uwasa.fi\/mtp2026\/wp-content\/blogs.dir\/4\/files\/sites\/274\/2026\/02\/university-of-vaasa-logo-en-small-centered-greytxt-300x158.png\" alt=\"\" width=\"300\" height=\"158\" srcset=\"https:\/\/sites.uwasa.fi\/mtp2026\/wp-content\/blogs.dir\/4\/files\/sites\/274\/2026\/02\/university-of-vaasa-logo-en-small-centered-greytxt-300x158.png 300w, https:\/\/sites.uwasa.fi\/mtp2026\/wp-content\/blogs.dir\/4\/files\/sites\/274\/2026\/02\/university-of-vaasa-logo-en-small-centered-greytxt-768x405.png 768w, https:\/\/sites.uwasa.fi\/mtp2026\/wp-content\/blogs.dir\/4\/files\/sites\/274\/2026\/02\/university-of-vaasa-logo-en-small-centered-greytxt.png 1017w\" sizes=\"(max-width: 300px) 100vw, 300px\" \/>\u00a0 \u00a0<img loading=\"lazy\" decoding=\"async\" class=\"alignnone wp-image-56 \" src=\"https:\/\/sites.uwasa.fi\/mtp2026\/wp-content\/blogs.dir\/4\/files\/sites\/274\/2026\/02\/mtplogo272-e1772179189458-300x295.jpg\" alt=\"\" width=\"219\" height=\"215\" srcset=\"https:\/\/sites.uwasa.fi\/mtp2026\/wp-content\/blogs.dir\/4\/files\/sites\/274\/2026\/02\/mtplogo272-e1772179189458-300x295.jpg 300w, https:\/\/sites.uwasa.fi\/mtp2026\/wp-content\/blogs.dir\/4\/files\/sites\/274\/2026\/02\/mtplogo272-e1772179189458-1024x1006.jpg 1024w, https:\/\/sites.uwasa.fi\/mtp2026\/wp-content\/blogs.dir\/4\/files\/sites\/274\/2026\/02\/mtplogo272-e1772179189458-768x754.jpg 768w, https:\/\/sites.uwasa.fi\/mtp2026\/wp-content\/blogs.dir\/4\/files\/sites\/274\/2026\/02\/mtplogo272-e1772179189458.jpg 1110w\" sizes=\"(max-width: 219px) 100vw, 219px\" \/><\/p>\n","protected":false},"excerpt":{"rendered":"<p>Tervetuloa vuoden 2026 Maantieteen p\u00e4iville Vaasaan. P\u00e4ivien teema Paikan voima 2.0, johdattaa osallistujat dialogiin maantieteen merkityksest\u00e4 monikriisin aikakaudella. Paikan voima kumpuaa olosuhteellisen tiedon roolista vuoropuhelun edist\u00e4j\u00e4n\u00e4. Paikallisen linssin kautta voidaan tutkia ihmisi\u00e4, ymp\u00e4rist\u00f6\u00e4, yhteiskuntaa, hallintoa, teknologista muutosta ja n\u00e4iden vuorovaikutusta, ja siten pureutua keskin\u00e4isriippuvien kriisien olemukseen ja tilallisuuteen. Welcome to the 2026 Geography Days in [&hellip;]<\/p>\n","protected":false},"author":25,"featured_media":0,"parent":0,"menu_order":0,"comment_status":"closed","ping_status":"open","template":"","meta":{"_acf_changed":false,"footnotes":""},"class_list":["post-2","page","type-page","status-publish","hentry"],"acf":[],"_links":{"self":[{"href":"https:\/\/sites.uwasa.fi\/mtp2026\/wp-json\/wp\/v2\/pages\/2"}],"collection":[{"href":"https:\/\/sites.uwasa.fi\/mtp2026\/wp-json\/wp\/v2\/pages"}],"about":[{"href":"https:\/\/sites.uwasa.fi\/mtp2026\/wp-json\/wp\/v2\/types\/page"}],"author":[{"embeddable":true,"href":"https:\/\/sites.uwasa.fi\/mtp2026\/wp-json\/wp\/v2\/users\/25"}],"replies":[{"embeddable":true,"href":"https:\/\/sites.uwasa.fi\/mtp2026\/wp-json\/wp\/v2\/comments?post=2"}],"version-history":[{"count":21,"href":"https:\/\/sites.uwasa.fi\/mtp2026\/wp-json\/wp\/v2\/pages\/2\/revisions"}],"predecessor-version":[{"id":78,"href":"https:\/\/sites.uwasa.fi\/mtp2026\/wp-json\/wp\/v2\/pages\/2\/revisions\/78"}],"wp:attachment":[{"href":"https:\/\/sites.uwasa.fi\/mtp2026\/wp-json\/wp\/v2\/media?parent=2"}],"curies":[{"name":"wp","href":"https:\/\/api.w.org\/{rel}","templated":true}]}}