{"id":496,"date":"2025-09-19T17:50:07","date_gmt":"2025-09-19T14:50:07","guid":{"rendered":"https:\/\/sites.uwasa.fi\/minca\/?page_id=496"},"modified":"2025-11-07T15:42:38","modified_gmt":"2025-11-07T13:42:38","slug":"kestava-kehitys","status":"publish","type":"page","link":"https:\/\/sites.uwasa.fi\/minca\/kestava-kehitys\/","title":{"rendered":"Kest\u00e4v\u00e4 kehitys"},"content":{"rendered":"<p>VIRPI-hanke edist\u00e4\u00e4 YK:n kest\u00e4v\u00e4n kehityksen tavoitteita linjassa <a href=\"https:\/\/www.uwasa.fi\/fi\/yliopisto\/strategia-ja-arvot-0\/kestava-kehitys-ja-vastuullisuus\" target=\"_blank\" rel=\"noopener\">Vaasan yliopiston kest\u00e4v\u00e4n kehityksen tavoitteisiin<\/a>:<\/p>\n<header class=\"entry-header\">\u00a0<\/header>\n<p><img loading=\"lazy\" decoding=\"async\" class=\"\" src=\"https:\/\/sites.uwasa.fi\/virpi\/wp-content\/blogs.dir\/4\/files\/sites\/254\/2025\/09\/kkt-08-300x300.png\" width=\"230\" height=\"230\" \/><\/p>\n<p data-start=\"244\" data-end=\"528\"><strong data-start=\"244\" data-end=\"291\">SDG 8 \u2013 Ihmisarvoista ty\u00f6t\u00e4 ja talouskasvua<\/strong><br data-start=\"291\" data-end=\"294\" \/>MINCA tukee Etel\u00e4-Pohjanmaan pk-yritysten kest\u00e4v\u00e4\u00e4 kasvua auttamalla niit\u00e4 hallitsemaan toimitusketjujensa ep\u00e4suoria p\u00e4\u00e4st\u00f6j\u00e4. P\u00e4\u00e4st\u00f6jen tunnistaminen ja v\u00e4hent\u00e4minen vahvistavat yritysten kilpailukyky\u00e4 ja tukevat vihre\u00e4\u00e4 siirtym\u00e4\u00e4.<\/p>\n<p data-start=\"244\" data-end=\"528\"><img loading=\"lazy\" decoding=\"async\" class=\"\" src=\"https:\/\/sites.uwasa.fi\/virpi\/wp-content\/blogs.dir\/4\/files\/sites\/254\/2025\/09\/kkt-09-300x300.png\" width=\"230\" height=\"230\" \/><\/p>\n<p data-start=\"530\" data-end=\"884\"><strong data-start=\"530\" data-end=\"599\">SDG 9 \u2013 Kest\u00e4v\u00e4\u00e4 teollisuutta, innovaatioita ja infrastruktuureja<\/strong><br data-start=\"599\" data-end=\"602\" \/>Hankkeessa kehitet\u00e4\u00e4n uusia digitaalisia ja teko\u00e4lyavusteisia ty\u00f6kaluja, jotka tarjoavat pk-yrityksille k\u00e4yt\u00e4nn\u00f6n ratkaisuja Scope 3 -p\u00e4\u00e4st\u00f6jen hallintaan. T\u00e4m\u00e4 tukee kest\u00e4v\u00e4n teollisuuden innovaatioita ja edist\u00e4\u00e4 digitaalisen infrastruktuurin hy\u00f6dynt\u00e4mist\u00e4 ymp\u00e4rist\u00f6tavoitteissa.<\/p>\n<p data-start=\"530\" data-end=\"884\"><img loading=\"lazy\" decoding=\"async\" class=\"\" src=\"https:\/\/sites.uwasa.fi\/virpi\/wp-content\/blogs.dir\/4\/files\/sites\/254\/2025\/09\/kkt-11-300x300.png\" width=\"230\" height=\"230\" \/><\/p>\n<p data-start=\"886\" data-end=\"1164\"><strong data-start=\"886\" data-end=\"929\">SDG 11 \u2013 Kest\u00e4v\u00e4t kaup<\/strong><strong data-start=\"886\" data-end=\"929\">ungit ja yhteis\u00f6t<\/strong><br data-start=\"929\" data-end=\"932\" \/>Yritysten toimien kautta my\u00f6s paikalliset yhteis\u00f6t hy\u00f6tyv\u00e4t, kun toimitusketjujen ymp\u00e4rist\u00f6vaikutuksia pienennet\u00e4\u00e4n. MINCA vahvistaa alueen kyky\u00e4 sopeutua ilmastonmuutokseen ja rakentaa kest\u00e4v\u00e4mpi\u00e4 elinkeino- ja yhteis\u00f6rakenteita.<\/p>\n<p data-start=\"886\" data-end=\"1164\"><img loading=\"lazy\" decoding=\"async\" class=\"\" src=\"https:\/\/sites.uwasa.fi\/virpi\/wp-content\/blogs.dir\/4\/files\/sites\/254\/2025\/09\/kkt-12-300x300.png\" width=\"230\" height=\"230\" \/><\/p>\n<p data-start=\"1166\" data-end=\"1496\"><strong data-start=\"1166\" data-end=\"1211\">SDG 12 \u2013 Vastuullinen kulutus ja tuotanto<\/strong><br data-start=\"1211\" data-end=\"1214\" \/>Hankkeen tavoitteena on lis\u00e4t\u00e4 pk-yritysten ymm\u00e4rryst\u00e4 vastuullisesta tuotannosta ja edist\u00e4\u00e4 ratkaisuja, jotka v\u00e4hent\u00e4v\u00e4t kulutuksen ja tuotannon ilmastovaikutuksia. Ty\u00f6kalujen avulla yritykset voivat tunnistaa vastuullisia toimintamalleja ja ottaa ne osaksi arjen p\u00e4\u00e4t\u00f6ksentekoa.<\/p>\n<p>&nbsp;<\/p>\n","protected":false},"excerpt":{"rendered":"<p>VIRPI-hanke edist\u00e4\u00e4 YK:n kest\u00e4v\u00e4n kehityksen tavoitteita linjassa Vaasan yliopiston kest\u00e4v\u00e4n kehityksen tavoitteisiin: \u00a0 SDG 8 \u2013 Ihmisarvoista ty\u00f6t\u00e4 ja talouskasvuaMINCA tukee Etel\u00e4-Pohjanmaan pk-yritysten kest\u00e4v\u00e4\u00e4 kasvua auttamalla niit\u00e4 hallitsemaan toimitusketjujensa ep\u00e4suoria p\u00e4\u00e4st\u00f6j\u00e4. P\u00e4\u00e4st\u00f6jen tunnistaminen ja v\u00e4hent\u00e4minen vahvistavat yritysten kilpailukyky\u00e4 ja tukevat vihre\u00e4\u00e4 siirtym\u00e4\u00e4. SDG 9 \u2013 Kest\u00e4v\u00e4\u00e4 teollisuutta, innovaatioita ja infrastruktuurejaHankkeessa kehitet\u00e4\u00e4n uusia digitaalisia ja teko\u00e4lyavusteisia [&hellip;]<\/p>\n","protected":false},"author":29,"featured_media":0,"parent":0,"menu_order":0,"comment_status":"closed","ping_status":"closed","template":"","meta":{"_acf_changed":false,"footnotes":""},"class_list":["post-496","page","type-page","status-publish","hentry"],"acf":[],"_links":{"self":[{"href":"https:\/\/sites.uwasa.fi\/minca\/wp-json\/wp\/v2\/pages\/496"}],"collection":[{"href":"https:\/\/sites.uwasa.fi\/minca\/wp-json\/wp\/v2\/pages"}],"about":[{"href":"https:\/\/sites.uwasa.fi\/minca\/wp-json\/wp\/v2\/types\/page"}],"author":[{"embeddable":true,"href":"https:\/\/sites.uwasa.fi\/minca\/wp-json\/wp\/v2\/users\/29"}],"replies":[{"embeddable":true,"href":"https:\/\/sites.uwasa.fi\/minca\/wp-json\/wp\/v2\/comments?post=496"}],"version-history":[{"count":8,"href":"https:\/\/sites.uwasa.fi\/minca\/wp-json\/wp\/v2\/pages\/496\/revisions"}],"predecessor-version":[{"id":556,"href":"https:\/\/sites.uwasa.fi\/minca\/wp-json\/wp\/v2\/pages\/496\/revisions\/556"}],"wp:attachment":[{"href":"https:\/\/sites.uwasa.fi\/minca\/wp-json\/wp\/v2\/media?parent=496"}],"curies":[{"name":"wp","href":"https:\/\/api.w.org\/{rel}","templated":true}]}}