{"id":366,"date":"2025-06-02T15:56:29","date_gmt":"2025-06-02T12:56:29","guid":{"rendered":"https:\/\/sites.uwasa.fi\/minca\/?page_id=366"},"modified":"2026-01-28T08:49:04","modified_gmt":"2026-01-28T06:49:04","slug":"scope3-alusta","status":"publish","type":"page","link":"https:\/\/sites.uwasa.fi\/minca\/toimet\/scope3-alusta\/","title":{"rendered":"Scope3-alusta"},"content":{"rendered":"<p><a href=\"https:\/\/scope3.fi\" target=\"_blank\" rel=\"noopener\"><img loading=\"lazy\" decoding=\"async\" class=\"wp-image-519 alignright\" src=\"https:\/\/sites.uwasa.fi\/minca\/wp-content\/blogs.dir\/4\/files\/sites\/219\/2025\/09\/scope3-www.png\" alt=\"\" width=\"355\" height=\"791\" srcset=\"https:\/\/sites.uwasa.fi\/minca\/wp-content\/blogs.dir\/4\/files\/sites\/219\/2025\/09\/scope3-www.png 419w, https:\/\/sites.uwasa.fi\/minca\/wp-content\/blogs.dir\/4\/files\/sites\/219\/2025\/09\/scope3-www-135x300.png 135w\" sizes=\"(max-width: 355px) 100vw, 355px\" \/><\/a><\/p>\n<p>Scope 3 -alusta kokoaa yhteen MINCA-hankkeessa kehitett\u00e4v\u00e4t ty\u00f6kalut ja ohjeistuksen, joiden avulla pk-yritykset voivat tunnistaa ja hallita toimitusketjujensa ep\u00e4suoria Scope 3 -p\u00e4\u00e4st\u00f6j\u00e4.<\/p>\n<p>Scope 3 -alustalle: <a href=\"https:\/\/www.scope3.fi\" target=\"_blank\" rel=\"noopener\">scope3.fi<\/a><\/p>\n<h4>Mit\u00e4 olemme suunnitelleet alustalle?<\/h4>\n<p>Kehitteill\u00e4 oleva alusta tarjoaa jatkossa:<\/p>\n<ul>\n<li>tietoa siit\u00e4, mit\u00e4 Scope 3 -p\u00e4\u00e4st\u00f6t ja p\u00e4\u00e4st\u00f6luokat ovat ja miksi niihin kannattaa tarttua,<\/li>\n<li>n\u00e4kymi\u00e4 toimitusketjujen rakenteisiin ja p\u00e4\u00e4st\u00f6vaikutuksiin,<\/li>\n<li>p\u00e4\u00e4syn kolmeen erilaiseen demoty\u00f6kaluun, jotka tukevat yrityksi\u00e4 Scope 3 -p\u00e4\u00e4st\u00f6ty\u00f6n eri vaiheissa.<\/li>\n<\/ul>\n<p>&nbsp;<\/p>\n<h4>Tutustu tuleviin demoty\u00f6kaluihin:<\/h4>\n<p><strong>Demo 1<\/strong> &#8211; Opi perusteet:<br \/>\n<a href=\"https:\/\/sites.uwasa.fi\/minca\/toimet\/demo1\/\">Ensiaskel p\u00e4\u00e4st\u00f6jen hallintaan: opi havaitsemaan sis\u00e4isen toiminnan ja asiakasyhteisty\u00f6n vaikutukset Scope 3 -p\u00e4\u00e4st\u00f6ihin.<\/a><\/p>\n<p><strong>Demo 2<\/strong> &#8211; Tunnista ja sovella:<br \/>\n<a href=\"https:\/\/sites.uwasa.fi\/minca\/toimet\/demo2\/\">Visualisoi ja kohdenna Scope 3 -p\u00e4\u00e4st\u00f6j\u00e4 toimitusketjujen eri vaiheissa<\/a><\/p>\n<p><strong>Demo 3<\/strong> &#8211; Vaikuta ja kehit\u00e4:<br \/>\n<a href=\"https:\/\/sites.uwasa.fi\/minca\/toimet\/demo3\/\">Yrityksesi toimialaan liittyvi\u00e4 esimerkkej\u00e4 onnistuneista p\u00e4\u00e4st\u00f6v\u00e4hennysratkaisuista.<\/a><\/p>\n<h4><\/h4>\n<p>&nbsp;<\/p>\n<h4>Kenelle alusta on tarkoitettu?<\/h4>\n<p>Scope 3 -alustan kohderyhm\u00e4n\u00e4 ovat erityisesti pk-yritykset Etel\u00e4-Pohjanmaalla, jotka haluavat kehitt\u00e4\u00e4 ilmastovastuullisuuttaan ja valmistautua my\u00f6s <a href=\"https:\/\/sites.uwasa.fi\/minca\/2024\/10\/11\/tiedatko-miten-uusi-eu-direktiivi-vaikuttaa-yrityksesi-raportointiin-epasuorista-paastoista\/\">tulevaan vastuullisuusraportointiin.<\/a><\/p>\n<h4><\/h4>\n<p>&nbsp;<\/p>\n<h4>Alustan kehitys<\/h4>\n<p>Alustan kehitys etenee vaiheittain hankkeen aikana. Voit seurata alustan kehityst\u00e4 t\u00e4ll\u00e4 sivulla. Lis\u00e4\u00e4 tietoa julkaistaan sit\u00e4 mukaa, kun alusta valmistuu.<\/p>\n<p>&nbsp;<\/p>\n","protected":false},"excerpt":{"rendered":"<p>Scope 3 -alusta kokoaa yhteen MINCA-hankkeessa kehitett\u00e4v\u00e4t ty\u00f6kalut ja ohjeistuksen, joiden avulla pk-yritykset voivat tunnistaa ja hallita toimitusketjujensa ep\u00e4suoria Scope 3 -p\u00e4\u00e4st\u00f6j\u00e4. Scope 3 -alustalle: scope3.fi Mit\u00e4 olemme suunnitelleet alustalle? Kehitteill\u00e4 oleva alusta tarjoaa jatkossa: tietoa siit\u00e4, mit\u00e4 Scope 3 -p\u00e4\u00e4st\u00f6t ja p\u00e4\u00e4st\u00f6luokat ovat ja miksi niihin kannattaa tarttua, n\u00e4kymi\u00e4 toimitusketjujen rakenteisiin ja p\u00e4\u00e4st\u00f6vaikutuksiin, p\u00e4\u00e4syn [&hellip;]<\/p>\n","protected":false},"author":29,"featured_media":0,"parent":134,"menu_order":0,"comment_status":"closed","ping_status":"closed","template":"","meta":{"_acf_changed":false,"footnotes":""},"class_list":["post-366","page","type-page","status-publish","hentry"],"acf":[],"_links":{"self":[{"href":"https:\/\/sites.uwasa.fi\/minca\/wp-json\/wp\/v2\/pages\/366"}],"collection":[{"href":"https:\/\/sites.uwasa.fi\/minca\/wp-json\/wp\/v2\/pages"}],"about":[{"href":"https:\/\/sites.uwasa.fi\/minca\/wp-json\/wp\/v2\/types\/page"}],"author":[{"embeddable":true,"href":"https:\/\/sites.uwasa.fi\/minca\/wp-json\/wp\/v2\/users\/29"}],"replies":[{"embeddable":true,"href":"https:\/\/sites.uwasa.fi\/minca\/wp-json\/wp\/v2\/comments?post=366"}],"version-history":[{"count":13,"href":"https:\/\/sites.uwasa.fi\/minca\/wp-json\/wp\/v2\/pages\/366\/revisions"}],"predecessor-version":[{"id":667,"href":"https:\/\/sites.uwasa.fi\/minca\/wp-json\/wp\/v2\/pages\/366\/revisions\/667"}],"up":[{"embeddable":true,"href":"https:\/\/sites.uwasa.fi\/minca\/wp-json\/wp\/v2\/pages\/134"}],"wp:attachment":[{"href":"https:\/\/sites.uwasa.fi\/minca\/wp-json\/wp\/v2\/media?parent=366"}],"curies":[{"name":"wp","href":"https:\/\/api.w.org\/{rel}","templated":true}]}}