{"id":346,"date":"2025-06-02T15:36:19","date_gmt":"2025-06-02T12:36:19","guid":{"rendered":"https:\/\/sites.uwasa.fi\/minca\/?page_id=346"},"modified":"2026-01-15T14:36:46","modified_gmt":"2026-01-15T12:36:46","slug":"demo3","status":"publish","type":"page","link":"https:\/\/sites.uwasa.fi\/minca\/toimet\/demo3\/","title":{"rendered":"Ty\u00f6kalu 3 &#8220;Opi hyv\u00e4t k\u00e4yt\u00e4nn\u00f6t v\u00e4hennyksille&#8221;"},"content":{"rendered":"<p><strong><a href=\"https:\/\/scope3.fi\/\" target=\"_blank\" rel=\"noopener\"><img loading=\"lazy\" decoding=\"async\" class=\"wp-image-511 alignnone\" src=\"https:\/\/sites.uwasa.fi\/minca\/wp-content\/blogs.dir\/4\/files\/sites\/219\/2025\/09\/demo13-screencap.png\" alt=\"\" width=\"348\" height=\"467\" srcset=\"https:\/\/sites.uwasa.fi\/minca\/wp-content\/blogs.dir\/4\/files\/sites\/219\/2025\/09\/demo13-screencap.png 526w, https:\/\/sites.uwasa.fi\/minca\/wp-content\/blogs.dir\/4\/files\/sites\/219\/2025\/09\/demo13-screencap-223x300.png 223w\" sizes=\"(max-width: 348px) 100vw, 348px\" \/><\/a><\/strong><br \/>\n<strong>Ty\u00f6kalu 3<\/strong> tarjoaa yrityksille konkreettisia yritysesimerkkej\u00e4 siit\u00e4, miten Scope 3 -p\u00e4\u00e4st\u00f6j\u00e4 on onnistuneesti v\u00e4hennetty eri toimialoilla. Ensimm\u00e4inen versio lanseerattiin virallisesti osana Wasa Future Festivaalia 12.8.2025 ja on nyt k\u00e4ytett\u00e4viss\u00e4 osoitteessa <a href=\"https:\/\/scope3.fi\" target=\"_blank\" rel=\"noopener\">scope3.fi<\/a>.<\/p>\n<p>Tavoitteena on helpottaa oman toiminnan kehitt\u00e4mist\u00e4 esimerkkien ja vertailtavien ratkaisujen avulla ilman, ett\u00e4 tarvitsee aloittaa nollasta.<\/p>\n<p><strong>Miten Demo 3 toimii?<\/strong><\/p>\n<p>K\u00e4ytt\u00e4j\u00e4 tekee valintoja seuraavien ulottuvuuksien mukaan:<\/p>\n<ul>\n<li>Yrityksen perusprofiii (esim. toimiala, tuotanto\/palvelu)<\/li>\n<li>Scope 3 -tarkastelun painopiste (yl\u00e4- tai alavirta)<\/li>\n<li>Valittu p\u00e4\u00e4st\u00f6kategoria<\/li>\n<li>Tarkastelukulma: laskenta, tunnistaminen tai v\u00e4hent\u00e4minen<\/li>\n<\/ul>\n<p>N\u00e4iden tietojen perusteella teko\u00e4ly etsii tietokannasta k\u00e4ytt\u00e4j\u00e4lle sopivan esimerkin siit\u00e4, miten vastavassa tilanteessa on onnistuttu v\u00e4hent\u00e4m\u00e4\u00e4n Scope 3 -p\u00e4\u00e4st\u00f6j\u00e4.<\/p>\n<p>Esimerkit on koottu luotettavista l\u00e4hteist\u00e4, kuten vastuullisuusraporteista ja case-kuvauksista. Ne esitet\u00e4\u00e4n selke\u00e4sti ja niihin liittyy l\u00e4hdetieto (yrityksen nimi, toimiala ja mahdollinen l\u00e4hdeviite).<\/p>\n<h4>Kehitysvaihe<\/h4>\n<p>Demo 3 on siirtym\u00e4ss\u00e4 pilotointivaiheeseen. Konseptia on kehitetty yhteisty\u00f6ss\u00e4 alueellisten pk-yritysten kanssa ja MINCA-hankkeen ty\u00f6pajassa 12.3.2025 tunnistettiin keskeisi\u00e4 tarpeita ja kehityslinjoja, jotka ohjasivat ratkaisun rakentamista<\/p>\n<p>Ty\u00f6pajassa yrityksi\u00e4 haastettiin pohtimaan, miten hyvi\u00e4 k\u00e4yt\u00e4nt\u00f6j\u00e4 voisi rajata ja suodattaa niin, ett\u00e4 ne tukevat juuri heid\u00e4n liiketoimintansa kehitt\u00e4mist\u00e4. Esille nousivat erityisesti seuraavat tarpeet:<\/p>\n<p><strong>Hyvien k\u00e4yt\u00e4nt\u00f6jen suodatus<\/strong>: K\u00e4ytt\u00e4j\u00e4n tulee voida rajata k\u00e4yt\u00e4nt\u00f6j\u00e4 toimitusketjun eri vaiheisiin, Scope 3 -p\u00e4\u00e4st\u00f6kategorioihin tai p\u00e4\u00e4st\u00f6jen hallinnan eri vaiheisiin (tunnistaminen, laskeminen, v\u00e4hent\u00e4minen).<\/p>\n<p><strong>Toimialakohtainen ja materiaalikohtainen rajaus<\/strong>: K\u00e4yt\u00e4nn\u00f6t tulisi voida kohdentaa yrityksen toimialaan ja materiaaleihin, jotta ne ovat helposti sovellettavissa.<\/p>\n<p><strong>PK-yrityksille sopivat k\u00e4yt\u00e4nn\u00f6t<\/strong>: Ty\u00f6kalu keskittyy pk-yritysten tarpeisiin, eik\u00e4 sis\u00e4ll\u00e4 suuryrityksille suunnattuja ratkaisuja.<\/p>\n<p><strong>Hyvien k\u00e4yt\u00e4nt\u00f6jen esitystapa<\/strong>: Osa yrityksist\u00e4 toivoi, ett\u00e4 hyv\u00e4t k\u00e4yt\u00e4nn\u00f6t esitet\u00e4\u00e4n yhdistelm\u00e4n\u00e4 lyhyest\u00e4 ja yksityiskohtaisesta kuvauksesta, jolloin lis\u00e4tietoa voi tarvittaessa hakea linkin kautta. Toiset taas suosivat yksityiskohtaisia esimerkkej\u00e4 ja pit\u00e4v\u00e4t t\u00e4rke\u00e4n\u00e4, ett\u00e4 esimerkin l\u00e4hde, kuten yrityksen nimi ja toimiala, on n\u00e4kyvill\u00e4.<\/p>\n<p>Kaikkia ty\u00f6pajassa esitetyt ideat ovat luoneet arvokkaan pohjan jatkokehitykselle.<\/p>\n<p>Demo 3 on nyt valmis testattavaksi ja sen varsinainen pilotointivaihe k\u00e4ynnistyy loppuvuodesta 2025-2026. Mukaan toivotaan erityisesti pk-yrityksi\u00e4, jotka haluavat olla mukana kehitt\u00e4m\u00e4ss\u00e4 k\u00e4yt\u00e4nn\u00f6nl\u00e4heisi\u00e4 ratkaisuja Scope 3 -p\u00e4\u00e4st\u00f6jen hallintaan. Pilotin aikana ker\u00e4t\u00e4\u00e4n kokemuksia ja palautetta, joiden pohjalta ty\u00f6kalua kehitet\u00e4\u00e4n eteenp\u00e4in.<\/p>\n","protected":false},"excerpt":{"rendered":"<p>Ty\u00f6kalu 3 tarjoaa yrityksille konkreettisia yritysesimerkkej\u00e4 siit\u00e4, miten Scope 3 -p\u00e4\u00e4st\u00f6j\u00e4 on onnistuneesti v\u00e4hennetty eri toimialoilla. Ensimm\u00e4inen versio lanseerattiin virallisesti osana Wasa Future Festivaalia 12.8.2025 ja on nyt k\u00e4ytett\u00e4viss\u00e4 osoitteessa scope3.fi. Tavoitteena on helpottaa oman toiminnan kehitt\u00e4mist\u00e4 esimerkkien ja vertailtavien ratkaisujen avulla ilman, ett\u00e4 tarvitsee aloittaa nollasta. Miten Demo 3 toimii? K\u00e4ytt\u00e4j\u00e4 tekee valintoja seuraavien [&hellip;]<\/p>\n","protected":false},"author":29,"featured_media":0,"parent":134,"menu_order":0,"comment_status":"closed","ping_status":"closed","template":"","meta":{"_acf_changed":false,"footnotes":""},"class_list":["post-346","page","type-page","status-publish","hentry"],"acf":[],"_links":{"self":[{"href":"https:\/\/sites.uwasa.fi\/minca\/wp-json\/wp\/v2\/pages\/346"}],"collection":[{"href":"https:\/\/sites.uwasa.fi\/minca\/wp-json\/wp\/v2\/pages"}],"about":[{"href":"https:\/\/sites.uwasa.fi\/minca\/wp-json\/wp\/v2\/types\/page"}],"author":[{"embeddable":true,"href":"https:\/\/sites.uwasa.fi\/minca\/wp-json\/wp\/v2\/users\/29"}],"replies":[{"embeddable":true,"href":"https:\/\/sites.uwasa.fi\/minca\/wp-json\/wp\/v2\/comments?post=346"}],"version-history":[{"count":18,"href":"https:\/\/sites.uwasa.fi\/minca\/wp-json\/wp\/v2\/pages\/346\/revisions"}],"predecessor-version":[{"id":606,"href":"https:\/\/sites.uwasa.fi\/minca\/wp-json\/wp\/v2\/pages\/346\/revisions\/606"}],"up":[{"embeddable":true,"href":"https:\/\/sites.uwasa.fi\/minca\/wp-json\/wp\/v2\/pages\/134"}],"wp:attachment":[{"href":"https:\/\/sites.uwasa.fi\/minca\/wp-json\/wp\/v2\/media?parent=346"}],"curies":[{"name":"wp","href":"https:\/\/api.w.org\/{rel}","templated":true}]}}