{"id":344,"date":"2025-06-02T15:35:57","date_gmt":"2025-06-02T12:35:57","guid":{"rendered":"https:\/\/sites.uwasa.fi\/minca\/?page_id=344"},"modified":"2026-01-15T14:37:23","modified_gmt":"2026-01-15T12:37:23","slug":"demo2","status":"publish","type":"page","link":"https:\/\/sites.uwasa.fi\/minca\/toimet\/demo2\/","title":{"rendered":"Ty\u00f6kalu 2 &#8220;Tunnista ja raportoi arvoketjusi p\u00e4\u00e4st\u00f6t&#8221;"},"content":{"rendered":"<p><strong>Ty\u00f6kalu 2<\/strong> auttaa yrityksi\u00e4 hahmottamaan Scope 3 -p\u00e4\u00e4st\u00f6j\u00e4 toimitusketjujen eri vaiheissa. Demo 2 tarjoaa havainnollisen ty\u00f6kalun, jonka avulla yritykset voivat n\u00e4hd\u00e4 ja ymm\u00e4rt\u00e4\u00e4 toimitusketjunsa p\u00e4\u00e4st\u00f6vaikutukset sek\u00e4 kohdentaa toimenpiteens\u00e4 tehokkaasti.<\/p>\n<p>&nbsp;<\/p>\n<p><strong>Ty\u00f6kalu 2 soveltuu erityisesti yrityksille, jotka:<\/strong><\/p>\n<ul>\n<li>tuntevat jo Scope 3 -p\u00e4\u00e4st\u00f6jen perusteet<\/li>\n<li>haluavat visualisoida toiitusketjunsa kokonaisuuden<\/li>\n<li>etsiv\u00e4t tapoja vertailla toimittajia, materiaaleja tai p\u00e4\u00e4st\u00f6luokkia.<\/li>\n<\/ul>\n<p>&nbsp;<\/p>\n<p><strong>Mit\u00e4 ty\u00f6kalu 2 mahdollistaa?<\/strong><\/p>\n<p>Ty\u00f6kalu ohjaa yrityst\u00e4 seuraavissa vaiheissa:<\/p>\n<ul>\n<li>Toimitusketjun kuvaaminen<\/li>\n<li>Scope 3 -p\u00e4\u00e4st\u00f6l\u00e4hteiden liitt\u00e4minen toimijoihin<\/li>\n<li>P\u00e4\u00e4st\u00f6jen laskenta (mahdollisesti)<\/li>\n<li>Tulosten tarkastelu ja raportointi<\/li>\n<\/ul>\n<p>&nbsp;<\/p>\n<h4>Kehitysvaihe<\/h4>\n<p>Ty\u00f6kalu 2 kehitysty\u00f6 on l\u00e4hes valmis ja se on tarkoitus julkaista 2025 marras-joulukuun aikana itsen\u00e4isen\u00e4 verkkopohjaisena ty\u00f6kaluna <a href=\"https:\/\/scope3.fi\" target=\"_blank\" rel=\"noopener\">scope3.fi<\/a> -alustalla.<\/p>\n<p>Demokonsepti kehitettiin yhteisty\u00f6ss\u00e4 alueellisten pk-yritysten kanssa. MINCA-hankkeen ty\u00f6pajassa 12.3.2025 tunnistettiin keskeisi\u00e4 tarpeita ja kehityslinjoja, jotka ohjaavat demoratkaisun kehitysty\u00f6t\u00e4:<\/p>\n<p><strong>Selke\u00e4 toimitusketjun kuvaus<\/strong>: Graafinen k\u00e4ytt\u00f6liittym\u00e4 ja listamuotoinen esitys rinnakkain oman toimitusketjun rakentamisessa. Toimijat tulisi pysty\u00e4 luokittelemaan esim. t\u00e4rkeyden mukaan.<\/p>\n<p><strong>P\u00e4\u00e4st\u00f6l\u00e4hteiden liitt\u00e4minen toimijoihin<\/strong>: Ty\u00f6kalun tulisi ehdottaa automaattisesti p\u00e4\u00e4st\u00f6l\u00e4hteit\u00e4 liitett\u00e4v\u00e4ksi eri toimijoihin. K\u00e4ytt\u00e4j\u00e4 pystyy kuitenkin manuaalisesti valitsemaan oikean l\u00e4hteen.<\/p>\n<p><strong>P\u00e4\u00e4st\u00f6laskenta<\/strong>: Ketjun p\u00e4\u00e4st\u00f6l\u00e4hteet k\u00e4yd\u00e4\u00e4n l\u00e4pi yksitellen ty\u00f6kalun opastaessa oikean laskentatavan valitsemisessa GHG-protokollan mukaisesti. K\u00e4ytt\u00e4j\u00e4 sy\u00f6tt\u00e4\u00e4 tarvittavat tiedot valmiiseen laskentapohjaan p\u00e4\u00e4st\u00f6jen laskemiseksi.<\/p>\n<p><strong>Raportointi<\/strong>: K\u00e4ytt\u00e4j\u00e4t hy\u00f6tyisiv\u00e4t esim. l\u00e4mp\u00f6kartoista, prosenteista, sek\u00e4 erilaisista vertailuista ja koonneista. Omia p\u00e4\u00e4st\u00f6j\u00e4 tulisi pysty\u00e4 vertailemaan vuositasolla suhteutettuna toiminnan laajuuteen. Kaikki data tulisi pysty\u00e4 viem\u00e4\u00e4n esim. Exceliin.<\/p>\n<p>Kaikkia ty\u00f6pajassa esitetyt ideat ovat luoneet arvokkaan pohjan jatkokehitykselle.<\/p>\n<p>Ty\u00f6kalu 2 pilotointivaihe k\u00e4ynnistyy loppuvuodesta 2025-2026. Mukaan toivotaan erityisesti pk-yrityksi\u00e4, jotka haluavat olla mukana kehitt\u00e4m\u00e4ss\u00e4 k\u00e4yt\u00e4nn\u00f6nl\u00e4heisi\u00e4 ratkaisuja Scope 3 -p\u00e4\u00e4st\u00f6jen hallintaan. Pilotin aikana ker\u00e4t\u00e4\u00e4n kokemuksia ja palautetta, joiden pohjalta ty\u00f6kalua kehitet\u00e4\u00e4n eteenp\u00e4in.<\/p>\n","protected":false},"excerpt":{"rendered":"<p>Ty\u00f6kalu 2 auttaa yrityksi\u00e4 hahmottamaan Scope 3 -p\u00e4\u00e4st\u00f6j\u00e4 toimitusketjujen eri vaiheissa. Demo 2 tarjoaa havainnollisen ty\u00f6kalun, jonka avulla yritykset voivat n\u00e4hd\u00e4 ja ymm\u00e4rt\u00e4\u00e4 toimitusketjunsa p\u00e4\u00e4st\u00f6vaikutukset sek\u00e4 kohdentaa toimenpiteens\u00e4 tehokkaasti. &nbsp; Ty\u00f6kalu 2 soveltuu erityisesti yrityksille, jotka: tuntevat jo Scope 3 -p\u00e4\u00e4st\u00f6jen perusteet haluavat visualisoida toiitusketjunsa kokonaisuuden etsiv\u00e4t tapoja vertailla toimittajia, materiaaleja tai p\u00e4\u00e4st\u00f6luokkia. &nbsp; Mit\u00e4 [&hellip;]<\/p>\n","protected":false},"author":29,"featured_media":0,"parent":134,"menu_order":0,"comment_status":"closed","ping_status":"closed","template":"","meta":{"_acf_changed":false,"footnotes":""},"class_list":["post-344","page","type-page","status-publish","hentry"],"acf":[],"_links":{"self":[{"href":"https:\/\/sites.uwasa.fi\/minca\/wp-json\/wp\/v2\/pages\/344"}],"collection":[{"href":"https:\/\/sites.uwasa.fi\/minca\/wp-json\/wp\/v2\/pages"}],"about":[{"href":"https:\/\/sites.uwasa.fi\/minca\/wp-json\/wp\/v2\/types\/page"}],"author":[{"embeddable":true,"href":"https:\/\/sites.uwasa.fi\/minca\/wp-json\/wp\/v2\/users\/29"}],"replies":[{"embeddable":true,"href":"https:\/\/sites.uwasa.fi\/minca\/wp-json\/wp\/v2\/comments?post=344"}],"version-history":[{"count":11,"href":"https:\/\/sites.uwasa.fi\/minca\/wp-json\/wp\/v2\/pages\/344\/revisions"}],"predecessor-version":[{"id":607,"href":"https:\/\/sites.uwasa.fi\/minca\/wp-json\/wp\/v2\/pages\/344\/revisions\/607"}],"up":[{"embeddable":true,"href":"https:\/\/sites.uwasa.fi\/minca\/wp-json\/wp\/v2\/pages\/134"}],"wp:attachment":[{"href":"https:\/\/sites.uwasa.fi\/minca\/wp-json\/wp\/v2\/media?parent=344"}],"curies":[{"name":"wp","href":"https:\/\/api.w.org\/{rel}","templated":true}]}}