{"id":249,"date":"2024-08-27T16:49:48","date_gmt":"2024-08-27T13:49:48","guid":{"rendered":"https:\/\/sites.uwasa.fi\/minca\/?page_id=249"},"modified":"2024-09-04T12:44:45","modified_gmt":"2024-09-04T09:44:45","slug":"minca-tietosuojailmoitus","status":"publish","type":"page","link":"https:\/\/sites.uwasa.fi\/minca\/minca-tietosuojailmoitus\/","title":{"rendered":"MINCA-tietosuojailmoitus"},"content":{"rendered":"<header class=\"entry-header\">\n<h2 class=\"page-title\"><span style=\"font-size: 16px\">EU:n yleinen tietosuoja-asetus (2016\/679),<\/span><\/h2>\n<\/header>\n<div class=\"entry-content\">\n<div class=\"entry-content\">\n<p>Artiklat 13 ja 14<\/p>\n<p>Laadittu: 27.8.2024<br \/>\nViimeksi p\u00e4ivitetty: 4.9.2024.<\/p>\n<p>&nbsp;<\/p>\n<p>1.\u00a0<strong>Rekisterinpit\u00e4j\u00e4<\/strong><\/p>\n<p>Vaasan yliopisto<\/p>\n<p>PL 700<\/p>\n<p>65101 VAASA<\/p>\n<p>Y-tunnus:\u00a00209599-8<\/p>\n<p>Puhelin: 029 449 8000<\/p>\n<p>S\u00e4hk\u00f6posti:\u00a0tietosuoja@uwasa.fi<\/p>\n<p>&nbsp;<\/p>\n<p>2.\u00a0<strong>Rekisterinpit\u00e4j\u00e4n edustaja ja yhteyshenkil\u00f6t<\/strong><\/p>\n<p>Hankkeen johtaja: Ahm Shamsuzzoha<\/p>\n<p>S\u00e4hk\u00f6posti: etunimi.sukunimi@uwasa.fi<\/p>\n<p>&nbsp;<\/p>\n<p>3.\u00a0<strong>Tietosuojavastaavan yhteystiedot<\/strong><\/p>\n<p>Mik\u00e4li sinulla on kysymyksi\u00e4 Vaasan yliopiston suorittamasta henkil\u00f6tietojen k\u00e4sittelyst\u00e4, voit olla s\u00e4hk\u00f6postitse yhteydess\u00e4 yliopiston tietosuojavastaavana toimivaan henkil\u00f6\u00f6n tietosuojavastaava@uwasa.fi.<\/p>\n<p>Pyynt\u00f6ihisi vastataan kuukauden kuluessa, tai jos perustellusta syyst\u00e4 t\u00e4m\u00e4 on mahdotonta, sinulle ilmoitetaan kuukauden kuluessa k\u00e4sittelyn viiv\u00e4stymisest\u00e4 ja sinulle kerrotaan viiv\u00e4stymisen syy. Pyynt\u00f6ihisi vastataan kuitenkin aina viimeist\u00e4\u00e4n kolmen kuukauden kuluessa pyynn\u00f6n tekemisest\u00e4.<\/p>\n<p>&nbsp;<\/p>\n<p>4.\u00a0<strong>Rekisterin nimi<\/strong><\/p>\n<p><em>Minca-hankkeen rekisteri<\/em><\/p>\n<p>&nbsp;<\/p>\n<p>5.\u00a0<strong>Henkil\u00f6tietojen k\u00e4sittelyn tarkoitus<\/strong><\/p>\n<p>MINCA-hanke auttaa Etel\u00e4-Pohjanmaalla toimivia pieni\u00e4 ja keskisuuria yrityksi\u00e4 v\u00e4hent\u00e4m\u00e4\u00e4n kasvihuonep\u00e4\u00e4st\u00f6j\u00e4 toimitusketjuissaan. Keskitymme erityisesti v\u00e4hent\u00e4m\u00e4\u00e4n ep\u00e4suoria p\u00e4\u00e4st\u00f6j\u00e4, jotka syntyv\u00e4t esimerkiksi materiaalien hankinnasta ja tuotteiden kuljetuksesta. Tarjoamme yrityksille k\u00e4yt\u00e4nn\u00f6n ty\u00f6kaluja ja menetelmi\u00e4, joiden avulla n\u00e4m\u00e4 p\u00e4\u00e4st\u00f6t voidaan tunnistaa ja v\u00e4hent\u00e4\u00e4 digitaalisia ratkaisuja hy\u00f6dynt\u00e4en. Hankkeessa toteuttavilla toimilla ker\u00e4t\u00e4\u00e4n aiheeseen liittyv\u00e4\u00e4 tietoutta sek\u00e4 s\u00e4hk\u00f6postilistaa muutaman kerran vuodessa l\u00e4hetett\u00e4v\u00e4lle uutiskirjeelle. Ker\u00e4ttyj\u00e4 henkil\u00f6tietoja k\u00e4ytet\u00e4\u00e4n yhteydenottoon kaikkiin halukkaisiin, jotka ovat yhteystietonsa antaneet hankkeen k\u00e4ytt\u00f6\u00f6n. Ker\u00e4ttyj\u00e4 yhteystietoja k\u00e4ytet\u00e4\u00e4n kiinnostuksensa MINCA-hanketta kohtaan ilmoittaneiden kontaktoimiseen hankkeen toteutuksen aikana.<\/p>\n<p>&nbsp;<\/p>\n<p>6.\u00a0<strong>Henkil\u00f6tietojen k\u00e4sittelyn oikeusperuste<\/strong><\/p>\n<p>Henkil\u00f6tietojen k\u00e4sittely on tarpeen yleisen edun mukaisessa tieteellisess\u00e4 tutkimuksessa tietosuojalain (1050\/2018) 4 \u00a7:n 3 momentin perusteella.<\/p>\n<p>Tiedonkeruun oikeusperusta koostuu n\u00e4in ollen:<\/p>\n<p>\u2013 k\u00e4sittely on tarpeen tieteellist\u00e4 tutkimusta varten ja se on oikeasuhtaista sill\u00e4 tavoiteltuun yleisen edun mukaiseen tavoitteeseen n\u00e4hden<\/p>\n<p>&nbsp;<\/p>\n<p>7.\u00a0<strong>Tietosis\u00e4lt\u00f6 ja s\u00e4ilytysajat<\/strong><\/p>\n<p>Lomakkeilla ker\u00e4t\u00e4\u00e4n seuraavat henkil\u00f6tiedot:<\/p>\n<p>\u2013 Vastaajan s\u00e4hk\u00f6postiosoite<\/p>\n<p>Ker\u00e4tyt henkil\u00f6tiedot s\u00e4ilytet\u00e4\u00e4n <a href=\"https:\/\/sites.uwasa.fi\/minca\/\">MINCA-hankkeen<\/a> keston ajan. Mik\u00e4li hankkeesta seuraa v\u00e4litt\u00f6mi\u00e4 jatkoprojekteja, joihin henkil\u00f6tietoja tarvitaan, voidaan tietoja s\u00e4ilytt\u00e4\u00e4 my\u00f6s jatkoprojektin keston ajan, kuitenkin korkeintaan vuoden 2027 loppuun. Muut anonyymit vastaustiedot s\u00e4ilytet\u00e4\u00e4n tutkimustarkoituksiin pysyv\u00e4sti.<\/p>\n<p>&nbsp;<\/p>\n<p>8.\u00a0<strong>Mist\u00e4 k\u00e4sittelyss\u00e4 tarvittavat henkil\u00f6tiedot saadaan<\/strong><\/p>\n<p>Tiedot ker\u00e4t\u00e4\u00e4n henkil\u00f6lt\u00e4 itselt\u00e4\u00e4n.<\/p>\n<p>&nbsp;<\/p>\n<p>9.\u00a0<strong>Tietojen siirto tai luovuttaminen<\/strong><\/p>\n<p>Henkil\u00f6tietoja ei siirret\u00e4 muihin palveluihin.<\/p>\n<p>&nbsp;<\/p>\n<p>9a. Vastaajan valinnan mukaan henkil\u00f6tietoja voidaan k\u00e4sitell\u00e4 Webropol-j\u00e4rjestelm\u00e4ss\u00e4<\/p>\n<p>Webropol Oy<\/p>\n<p>Y-tunnus: 1773960-2<\/p>\n<p>Huovitie 3, 00400 Helsinki<\/p>\n<p>0201 552 150 |\u00a0<a href=\"mailto:servicedesk@webropol.fi\">servicedesk@webropol.fi<\/a><\/p>\n<p>Tietosuojaseloste:\u00a0<a href=\"https:\/\/webropol.fi\/tietosuojaseloste\/\">https:\/\/webropol.fi\/tietosuojaseloste\/<\/a><\/p>\n<p>&nbsp;<\/p>\n<p>9b. Mik\u00e4li aineistoa siirret\u00e4\u00e4n muihin j\u00e4rjestelmiin esim. henkil\u00f6kohtaisille tietokoneille analysointia varten, tullaan aineisto anonymisoimaan siten, ettei siirretyss\u00e4 aineistossa ole henkil\u00f6tietoja.<\/p>\n<p>9c. Henkil\u00f6tietoja tarkastelevat tutkimuksen kannalta tarkoituksenmukaisissa puitteissa hankeryhm\u00e4n henkil\u00f6t. Hankeryhm\u00e4n kokoonpano on n\u00e4ht\u00e4viss\u00e4 hankkeen kotisivuilla:<br \/>\n<a href=\"https:\/\/sites.uwasa.fi\/minca\/yhteystiedot\/\">https:\/\/sites.uwasa.fi\/minca\/yhteystiedot\/<\/a><\/p>\n<p>10.<strong>\u00a0Tietojen siirto EU:n tai ETA:n ulkopuolelle<\/strong><\/p>\n<p>Henkil\u00f6tietoja ei siirrett\u00e4 EU tai ETA alueiden ulkopuolelle.<\/p>\n<p>&nbsp;<\/p>\n<p>11.\u00a0<strong>Henkil\u00f6tietojen suojaamisen periaatteet<\/strong><\/p>\n<p>Yliopisto rekisterinpit\u00e4j\u00e4n\u00e4 k\u00e4ytt\u00e4\u00e4 asianmukaisia teknisi\u00e4 ja organisatorisia toimia henkil\u00f6tietojen suojaamiseksi luvattomalta tai laittomalta k\u00e4sittelylt\u00e4 sek\u00e4 henkil\u00f6tietojen vahingoittumiselta tai\u00a0h\u00e4vi\u00e4miselt\u00e4.<\/p>\n<p>\u2013 Manuaalinen aineisto<\/p>\n<p>\u2013 Henkil\u00f6tiedot suojataan asiattomalta p\u00e4\u00e4sylt\u00e4 ja laittomalta k\u00e4sittelylt\u00e4 (esim. h\u00e4vitt\u00e4minen, muuttaminen tai luovuttaminen). Jokainen k\u00e4sittelij\u00e4 voi k\u00e4sitell\u00e4 vain niit\u00e4 henkil\u00f6tietoja, joita h\u00e4n tarvitsee ty\u00f6teht\u00e4viss\u00e4\u00e4n.<\/p>\n<p>\u2013 Asiakirjat s\u00e4ilytet\u00e4\u00e4n ulkopuolisilta suojattuina lukitussa tilassa. Asiakirjat tulostetaan vain tarvittaessa ja paperitulosteet tuhotaan k\u00e4yt\u00f6n j\u00e4lkeen.<\/p>\n<p>\u2013 Automaattisesti k\u00e4sitelt\u00e4v\u00e4t tiedot<\/p>\n<p>\u2013 Kaikki tietojenk\u00e4sittely perustuu k\u00e4ytt\u00f6oikeuksiin, jotka riippuvat henkil\u00f6n roolista ja asemasta organisaatiossa, sek\u00e4 tarvittaessa erikseen kunkin rekisterin vastuutahon my\u00f6nt\u00e4miin k\u00e4ytt\u00f6lupiin. K\u00e4ytt\u00f6oikeuksien voimassaolo tarkistetaan p\u00e4ivitt\u00e4in.<\/p>\n<p>\u2013 Tietotekniset j\u00e4rjestelm\u00e4t ja palvelut on suojattu alan hyvien k\u00e4yt\u00e4nt\u00f6jen mukaisesti asiattomalta p\u00e4\u00e4sylt\u00e4, niiden toimintakyky on tarvittavassa m\u00e4\u00e4rin varmistettu ja niiden elinkaari on hallittu.<\/p>\n<p>&nbsp;<\/p>\n<p>12.<strong>\u00a0Automatisoitu p\u00e4\u00e4t\u00f6ksenteko<\/strong><\/p>\n<p>Automaattisia p\u00e4\u00e4t\u00f6ksi\u00e4 ei tehd\u00e4.<\/p>\n<p>&nbsp;<\/p>\n<p>13.\u00a0<strong>Rekister\u00f6idyn yleiset oikeudet<\/strong><\/p>\n<p>Rekister\u00f6idyll\u00e4 on<\/p>\n<p>\u2013 oikeus tarkastaa rekisterinpit\u00e4j\u00e4lt\u00e4 mit\u00e4 h\u00e4nt\u00e4 koskevia henkil\u00f6tietoja on rekisteriin tallennettu<\/p>\n<p>\u2013 oikeus vaatia, ett\u00e4 saa puutteelliset henkil\u00f6tiedot t\u00e4ydennetty\u00e4 sek\u00e4 ett\u00e4 Vaasan yliopisto oikaisee rekister\u00f6ity\u00e4 koskevat ep\u00e4tarkat ja virheelliset henkil\u00f6tiedot ilman aiheetonta viivytyst\u00e4<\/p>\n<p>\u2013 oikeus saada poistettua henkil\u00f6tietonsa ilman aiheetonta viivytyst\u00e4, edellytt\u00e4en ett\u00e4<\/p>\n<p>\u2013 henkil\u00f6tietoja ei en\u00e4\u00e4 tarvita niihin tarkoituksiin, joita varten ne ker\u00e4ttiin tai joita varten niit\u00e4 muutoin k\u00e4siteltiin<\/p>\n<p>\u2013 rekister\u00f6ity peruuttaa suostumuksen, johon k\u00e4sittely on perustunut, eik\u00e4 k\u00e4sittelyyn ole muuta laillista perustetta<\/p>\n<p>\u2013 henkil\u00f6tietoja on k\u00e4sitelty lainvastaisesti<\/p>\n<p>\u2013 henkil\u00f6tiedot on poistettava Euroopan unionin oikeuteen tai kansallisen lains\u00e4\u00e4d\u00e4nt\u00f6\u00f6n perustuvan lakis\u00e4\u00e4teisen velvoitteen noudattamiseksi.<\/p>\n<p>\u2013 rajoittaa ja vastustaa k\u00e4sittely\u00e4 jos<\/p>\n<p>\u2013 rekister\u00f6ity kiist\u00e4\u00e4 henkil\u00f6tietojensa paikkansa pit\u00e4vyyden<\/p>\n<p>\u2013 k\u00e4sittely on lainvastaista tai rekister\u00f6ity vastustaa henkil\u00f6tietojensa poistamista<\/p>\n<p>\u2013 rekisterinpit\u00e4j\u00e4 ei en\u00e4\u00e4 tarvitse kyseisi\u00e4 henkil\u00f6tietoja k\u00e4sittelyn tarkoituksiin, mutta rekister\u00f6ity tarvitsee niit\u00e4 oikeudellisen vaateen laatimiseksi, esitt\u00e4miseksi tai puolustamiseksi<\/p>\n<p>\u2013 rekister\u00f6ity on vastustanut henkil\u00f6tietojen k\u00e4sittely\u00e4 21 artiklan 1 kohdan nojalla odotettaessa sen todentamista, syrj\u00e4ytt\u00e4v\u00e4tk\u00f6 rekisterinpit\u00e4j\u00e4n oikeutetut perusteet rekister\u00f6idyn perusteet.<\/p>\n<p>\u2013 oikeus peruuttaa suostumus<\/p>\n<p>\u2013 oikeus peruuttaa antamansa suostumus, milloin tahansa t\u00e4m\u00e4n vaikuttamatta suostumuksen perusteella ennen sen peruuttamista suoritettuun k\u00e4sittelyn lainmukaisuuteen, jos henkil\u00f6tietojen k\u00e4sittely perustuu rekister\u00f6idyn antamaan suostumukseen.<\/p>\n<p>Rekister\u00f6idyll\u00e4 on my\u00f6s oikeus tehd\u00e4 valitus valvontaviranomaiselle.<\/p>\n<p>Rekister\u00f6idyll\u00e4 voi olla oikeus siirt\u00e4\u00e4 tiedot j\u00e4rjestelm\u00e4st\u00e4 toiseen, mik\u00e4li kyseess\u00e4 on sellainen tieto, johon kyseinen oikeus soveltuu.<\/p>\n<p>Neuvoja ja ohjeistusta rekister\u00f6idyn oikeuksiin liittyviss\u00e4 asioissa antaa tietosuojavastaava.<\/p>\n<p>&nbsp;<\/p>\n<p>14.<strong>\u00a0Muut informoitavat tiedot<\/strong><\/p>\n<p>Palvelun k\u00e4yt\u00f6st\u00e4 syntyy lokimerkint\u00f6j\u00e4, joita k\u00e4ytet\u00e4\u00e4n palvelun tietoturvallisuudesta huolehtimiseen, palvelun tekniseen kehitt\u00e4miseen sek\u00e4 vikatilanteiden havaitsemiseen, est\u00e4miseen ja selvitt\u00e4miseen (Tietoyhteiskuntakaari (917\/2014) 138\u00a7, 141\u00a7, 144\u00a7, 272\u00a7). Lokeja s\u00e4ilytet\u00e4\u00e4n n\u00e4ihin tarkoituksiin tarvittava aika eik\u00e4 niit\u00e4 k\u00e4ytet\u00e4 muuhun tarkoitukseen.<\/p>\n<p>&nbsp;<\/p>\n<p>15.<strong>\u00a0Tietosuojailmoituksen muuttaminen<\/strong><\/p>\n<p>Vaasan yliopisto kehitt\u00e4\u00e4 jatkuvasti toimintaansa ja pid\u00e4tt\u00e4\u00e4 itselleen oikeuden p\u00e4ivitt\u00e4\u00e4 t\u00e4t\u00e4\u00a0tietosuojailmoitusta. Muutokset voivat perustua my\u00f6s lains\u00e4\u00e4d\u00e4nn\u00f6n muuttumiseen.<\/p>\n<p>Merkitt\u00e4viss\u00e4 muutoksissa joissa tietosuojailmoituksemme muuttuu olennaisesti, voimme ilmoittaa asiasta my\u00f6s muulla tavoin ennen muutoksen voimaantuloa.<\/p>\n<\/div>\n<\/div>\n","protected":false},"excerpt":{"rendered":"<p>EU:n yleinen tietosuoja-asetus (2016\/679), Artiklat 13 ja 14 Laadittu: 27.8.2024 Viimeksi p\u00e4ivitetty: 4.9.2024. &nbsp; 1.\u00a0Rekisterinpit\u00e4j\u00e4 Vaasan yliopisto PL 700 65101 VAASA Y-tunnus:\u00a00209599-8 Puhelin: 029 449 8000 S\u00e4hk\u00f6posti:\u00a0tietosuoja@uwasa.fi &nbsp; 2.\u00a0Rekisterinpit\u00e4j\u00e4n edustaja ja yhteyshenkil\u00f6t Hankkeen johtaja: Ahm Shamsuzzoha S\u00e4hk\u00f6posti: etunimi.sukunimi@uwasa.fi &nbsp; 3.\u00a0Tietosuojavastaavan yhteystiedot Mik\u00e4li sinulla on kysymyksi\u00e4 Vaasan yliopiston suorittamasta henkil\u00f6tietojen k\u00e4sittelyst\u00e4, voit olla s\u00e4hk\u00f6postitse yhteydess\u00e4 yliopiston [&hellip;]<\/p>\n","protected":false},"author":29,"featured_media":0,"parent":0,"menu_order":0,"comment_status":"closed","ping_status":"closed","template":"","meta":{"_acf_changed":false,"footnotes":""},"class_list":["post-249","page","type-page","status-publish","hentry"],"acf":[],"_links":{"self":[{"href":"https:\/\/sites.uwasa.fi\/minca\/wp-json\/wp\/v2\/pages\/249"}],"collection":[{"href":"https:\/\/sites.uwasa.fi\/minca\/wp-json\/wp\/v2\/pages"}],"about":[{"href":"https:\/\/sites.uwasa.fi\/minca\/wp-json\/wp\/v2\/types\/page"}],"author":[{"embeddable":true,"href":"https:\/\/sites.uwasa.fi\/minca\/wp-json\/wp\/v2\/users\/29"}],"replies":[{"embeddable":true,"href":"https:\/\/sites.uwasa.fi\/minca\/wp-json\/wp\/v2\/comments?post=249"}],"version-history":[{"count":13,"href":"https:\/\/sites.uwasa.fi\/minca\/wp-json\/wp\/v2\/pages\/249\/revisions"}],"predecessor-version":[{"id":283,"href":"https:\/\/sites.uwasa.fi\/minca\/wp-json\/wp\/v2\/pages\/249\/revisions\/283"}],"wp:attachment":[{"href":"https:\/\/sites.uwasa.fi\/minca\/wp-json\/wp\/v2\/media?parent=249"}],"curies":[{"name":"wp","href":"https:\/\/api.w.org\/{rel}","templated":true}]}}