{"id":2,"date":"2024-06-28T12:40:04","date_gmt":"2024-06-28T09:40:04","guid":{"rendered":"https:\/\/sites.uwasa.fi\/minca\/?page_id=2"},"modified":"2026-01-15T14:34:34","modified_gmt":"2026-01-15T12:34:34","slug":"esimerkkisivu","status":"publish","type":"page","link":"https:\/\/sites.uwasa.fi\/minca\/","title":{"rendered":"MINCA \u2013 Menetelmi\u00e4 p\u00e4\u00e4st\u00f6v\u00e4hennysten tunnistamiseen toimitusketjuissa"},"content":{"rendered":"","protected":false},"excerpt":{"rendered":"","protected":false},"author":29,"featured_media":0,"parent":0,"menu_order":0,"comment_status":"closed","ping_status":"open","template":"","meta":{"_acf_changed":false,"footnotes":""},"class_list":["post-2","page","type-page","status-publish","hentry"],"acf":[],"_links":{"self":[{"href":"https:\/\/sites.uwasa.fi\/minca\/wp-json\/wp\/v2\/pages\/2"}],"collection":[{"href":"https:\/\/sites.uwasa.fi\/minca\/wp-json\/wp\/v2\/pages"}],"about":[{"href":"https:\/\/sites.uwasa.fi\/minca\/wp-json\/wp\/v2\/types\/page"}],"author":[{"embeddable":true,"href":"https:\/\/sites.uwasa.fi\/minca\/wp-json\/wp\/v2\/users\/29"}],"replies":[{"embeddable":true,"href":"https:\/\/sites.uwasa.fi\/minca\/wp-json\/wp\/v2\/comments?post=2"}],"version-history":[{"count":161,"href":"https:\/\/sites.uwasa.fi\/minca\/wp-json\/wp\/v2\/pages\/2\/revisions"}],"predecessor-version":[{"id":601,"href":"https:\/\/sites.uwasa.fi\/minca\/wp-json\/wp\/v2\/pages\/2\/revisions\/601"}],"wp:attachment":[{"href":"https:\/\/sites.uwasa.fi\/minca\/wp-json\/wp\/v2\/media?parent=2"}],"curies":[{"name":"wp","href":"https:\/\/api.w.org\/{rel}","templated":true}]}}