{"id":136,"date":"2024-08-20T11:02:10","date_gmt":"2024-08-20T08:02:10","guid":{"rendered":"https:\/\/sites.uwasa.fi\/minca\/?page_id=136"},"modified":"2024-08-26T15:26:03","modified_gmt":"2024-08-26T12:26:03","slug":"tulokset","status":"publish","type":"page","link":"https:\/\/sites.uwasa.fi\/minca\/tulokset\/","title":{"rendered":"Millaisia tuloksia MINCA-hankkeelta odotetaan?"},"content":{"rendered":"<p style=\"text-align: left\">MINCA-hanke pyrkii saavuttamaan merkitt\u00e4vi\u00e4 tuloksia niin lyhyell\u00e4 kuin pitk\u00e4ll\u00e4 aikav\u00e4lill\u00e4. Hankkeen avulla Etel\u00e4-Pohjanmaalla toimivat pk-yritykset voivat saavuttaa huomattavia p\u00e4\u00e4st\u00f6v\u00e4hennyksi\u00e4 ja kehitt\u00e4\u00e4 uusia liiketoimintamalleja, jotka parantavat niiden kilpailukyky\u00e4 ja ymp\u00e4rist\u00f6vastuullisuutta.<\/p>\n<p style=\"text-align: left\"><strong>Kasvihuonekaasup\u00e4\u00e4st\u00f6jen v\u00e4hent\u00e4minen:<\/strong> Hankkeen tavoitteena on v\u00e4hent\u00e4\u00e4 sovellusalan 3 kasvihuonekaasup\u00e4\u00e4st\u00f6j\u00e4 hankkeeseen osallistuvissa yrityksiss\u00e4. T\u00e4m\u00e4 voidaan saavuttaa energiatehokkuutta parantamalla, toimitusketjuja optimoimalla ja ymp\u00e4rist\u00f6yst\u00e4v\u00e4llisi\u00e4 k\u00e4yt\u00e4nt\u00f6j\u00e4 ottamalla k\u00e4ytt\u00f6\u00f6n.<\/p>\n<p style=\"text-align: left\"><strong>Innovaatioiden ja liiketoimintamallien kehitt\u00e4minen:<\/strong> Hanke edist\u00e4\u00e4 uusien innovaatioiden ja liiketoimintamallien kehitt\u00e4mist\u00e4, jotka tukevat ymp\u00e4rist\u00f6yst\u00e4v\u00e4llist\u00e4 toimintaa. N\u00e4m\u00e4 voivat tarkoittaa esimerkiksi uusia tuotteita, palveluita tai prosesseja, jotka v\u00e4hent\u00e4v\u00e4t p\u00e4\u00e4st\u00f6j\u00e4 ja lis\u00e4\u00e4v\u00e4t resurssitehokkuutta.<\/p>\n<p style=\"text-align: left\"><strong>Tiet\u00e4myksen ja osaamisen lis\u00e4\u00e4minen:<\/strong> Hankkeessa toteutettavien demonstraatioiden ja digitaalisen alustan avulla yritykset saavat syv\u00e4llisemp\u00e4\u00e4 tietoa ja osaamista p\u00e4\u00e4st\u00f6jen v\u00e4hent\u00e4misest\u00e4 ja energiatehokkuuden parantamisesta. T\u00e4m\u00e4 tieto voi parantaa yritysten valmiuksia vastata tulevaisuuden ymp\u00e4rist\u00f6haasteisiin.<\/p>\n<p style=\"text-align: left\">Pidemm\u00e4ll\u00e4 aikav\u00e4lill\u00e4 yritykset voivat parantaa taloudellista suorituskyky\u00e4\u00e4n, lis\u00e4t\u00e4 kilpailukyky\u00e4\u00e4n ja saavuttaa kest\u00e4v\u00e4n kehityksen tavoitteita. Lis\u00e4ksi hanke edist\u00e4\u00e4 alueellista taloudellista kehityst\u00e4 ja tukee kest\u00e4v\u00e4\u00e4 liiketoimintaymp\u00e4rist\u00f6\u00e4 Etel\u00e4-Pohjanmaalla.<\/p>\n<p style=\"text-align: left\">Yhteenvetona, MINCA-hankkeen eri toimenpiteet ja tavoitteet ovat l\u00e4heisesti sidoksissa toisiinsa. Yritysten toimitusketjujen p\u00e4\u00e4st\u00f6jen v\u00e4hent\u00e4minen (1) edellytt\u00e4\u00e4 ep\u00e4suorien p\u00e4\u00e4st\u00f6jen hallintaa ja optimointia (2), mink\u00e4 tukemiseksi MINCA-hanke tarjoaa konkreettisia ty\u00f6kaluja ja resursseja (3). N\u00e4m\u00e4 toimenpiteet puolestaan johtavat odotettuihin tuloksiin, kuten p\u00e4\u00e4st\u00f6v\u00e4hennyksiin, innovaatioihin ja kilpailukyvyn parantamiseen (4).<\/p>\n","protected":false},"excerpt":{"rendered":"<p>MINCA-hanke pyrkii saavuttamaan merkitt\u00e4vi\u00e4 tuloksia niin lyhyell\u00e4 kuin pitk\u00e4ll\u00e4 aikav\u00e4lill\u00e4. Hankkeen avulla Etel\u00e4-Pohjanmaalla toimivat pk-yritykset voivat saavuttaa huomattavia p\u00e4\u00e4st\u00f6v\u00e4hennyksi\u00e4 ja kehitt\u00e4\u00e4 uusia liiketoimintamalleja, jotka parantavat niiden kilpailukyky\u00e4 ja ymp\u00e4rist\u00f6vastuullisuutta. Kasvihuonekaasup\u00e4\u00e4st\u00f6jen v\u00e4hent\u00e4minen: Hankkeen tavoitteena on v\u00e4hent\u00e4\u00e4 sovellusalan 3 kasvihuonekaasup\u00e4\u00e4st\u00f6j\u00e4 hankkeeseen osallistuvissa yrityksiss\u00e4. T\u00e4m\u00e4 voidaan saavuttaa energiatehokkuutta parantamalla, toimitusketjuja optimoimalla ja ymp\u00e4rist\u00f6yst\u00e4v\u00e4llisi\u00e4 k\u00e4yt\u00e4nt\u00f6j\u00e4 ottamalla k\u00e4ytt\u00f6\u00f6n. Innovaatioiden ja [&hellip;]<\/p>\n","protected":false},"author":29,"featured_media":225,"parent":0,"menu_order":0,"comment_status":"closed","ping_status":"closed","template":"","meta":{"_acf_changed":false,"footnotes":""},"class_list":["post-136","page","type-page","status-publish","has-post-thumbnail","hentry"],"acf":[],"_links":{"self":[{"href":"https:\/\/sites.uwasa.fi\/minca\/wp-json\/wp\/v2\/pages\/136"}],"collection":[{"href":"https:\/\/sites.uwasa.fi\/minca\/wp-json\/wp\/v2\/pages"}],"about":[{"href":"https:\/\/sites.uwasa.fi\/minca\/wp-json\/wp\/v2\/types\/page"}],"author":[{"embeddable":true,"href":"https:\/\/sites.uwasa.fi\/minca\/wp-json\/wp\/v2\/users\/29"}],"replies":[{"embeddable":true,"href":"https:\/\/sites.uwasa.fi\/minca\/wp-json\/wp\/v2\/comments?post=136"}],"version-history":[{"count":2,"href":"https:\/\/sites.uwasa.fi\/minca\/wp-json\/wp\/v2\/pages\/136\/revisions"}],"predecessor-version":[{"id":212,"href":"https:\/\/sites.uwasa.fi\/minca\/wp-json\/wp\/v2\/pages\/136\/revisions\/212"}],"wp:featuredmedia":[{"embeddable":true,"href":"https:\/\/sites.uwasa.fi\/minca\/wp-json\/wp\/v2\/media\/225"}],"wp:attachment":[{"href":"https:\/\/sites.uwasa.fi\/minca\/wp-json\/wp\/v2\/media?parent=136"}],"curies":[{"name":"wp","href":"https:\/\/api.w.org\/{rel}","templated":true}]}}