{"id":134,"date":"2024-08-20T11:01:48","date_gmt":"2024-08-20T08:01:48","guid":{"rendered":"https:\/\/sites.uwasa.fi\/minca\/?page_id=134"},"modified":"2025-06-02T15:56:44","modified_gmt":"2025-06-02T12:56:44","slug":"toimet","status":"publish","type":"page","link":"https:\/\/sites.uwasa.fi\/minca\/toimet\/","title":{"rendered":"Millaisia toimia teemme p\u00e4\u00e4st\u00f6jen v\u00e4hent\u00e4miseksi?"},"content":{"rendered":"<p style=\"text-align: left\">MINCA-hanke keskittyy erityisesti ep\u00e4suorien, eli sovellusalan 3 p\u00e4\u00e4st\u00f6jen v\u00e4hent\u00e4miseen Etel\u00e4-Pohjanmaalla toimivien pk-yritysten toimitusketjuissa. Hankkeessa toteutetaan useita konkreettisia toimenpiteit\u00e4, jotka tukevat yrityksi\u00e4 p\u00e4\u00e4st\u00f6jen v\u00e4hent\u00e4misess\u00e4 ja ymp\u00e4rist\u00f6yst\u00e4v\u00e4llisten k\u00e4yt\u00e4nt\u00f6jen omaksumisessa.<\/p>\n<p style=\"text-align: left\"><strong>Digitaalinen alusta:<\/strong> Hanke luo digitaalisen alustan, joka toimii oppimisymp\u00e4rist\u00f6n\u00e4 ja tarjoaa yrityksille tietoa ja ty\u00f6kaluja kasvihuonekaasup\u00e4\u00e4st\u00f6jen v\u00e4hent\u00e4miseksi. Alusta mahdollistaa my\u00f6s yritysten v\u00e4listen parhaiden k\u00e4yt\u00e4nt\u00f6jen jakamisen ja yhteisty\u00f6n.<\/p>\n<p style=\"text-align: left\"><strong>Demonstraatiot:<\/strong> Hankkeessa toteutetaan kolme demonstraatiota, jotka pilotoidaan etel\u00e4pohjalaisissa pk-yrityksiss\u00e4. N\u00e4m\u00e4 demonstraatiot keskittyv\u00e4t erilaisiin GSCM-innovaation ulottuvuuksiin, kuten sis\u00e4isen ymp\u00e4rist\u00f6n hallintaan, vihreisiin hankintoihin, asiakasyhteisty\u00f6h\u00f6n ja ekosuunnitteluun. Demonstraatiot tarjoavat k\u00e4yt\u00e4nn\u00f6n ty\u00f6kaluja ja metodeja p\u00e4\u00e4st\u00f6jen v\u00e4hent\u00e4miseen eri n\u00e4k\u00f6kulmista.<\/p>\n<p style=\"text-align: left\"><strong>Yhteisty\u00f6n edist\u00e4minen:<\/strong> Hanke edist\u00e4\u00e4 yhteisty\u00f6t\u00e4 yritysten, tutkimuslaitosten ja julkisten toimijoiden v\u00e4lill\u00e4, mik\u00e4 voi johtaa uusiin innovaatioihin ja p\u00e4\u00e4st\u00f6v\u00e4hennysten saavuttamiseen.<\/p>\n<p style=\"text-align: left\">MINCA-hankkeen toimenpiteet luovat pohjan uusille tavoille v\u00e4hent\u00e4\u00e4 p\u00e4\u00e4st\u00f6j\u00e4 ja kehitt\u00e4\u00e4 yritysten kilpailukyky\u00e4 ymp\u00e4rist\u00f6yst\u00e4v\u00e4llisten k\u00e4yt\u00e4nt\u00f6jen avulla. T\u00e4m\u00e4 puolestaan tukee pitk\u00e4n aikav\u00e4lin tuloksia ja vaikutuksia.<\/p>\n","protected":false},"excerpt":{"rendered":"<p>MINCA-hanke keskittyy erityisesti ep\u00e4suorien, eli sovellusalan 3 p\u00e4\u00e4st\u00f6jen v\u00e4hent\u00e4miseen Etel\u00e4-Pohjanmaalla toimivien pk-yritysten toimitusketjuissa. Hankkeessa toteutetaan useita konkreettisia toimenpiteit\u00e4, jotka tukevat yrityksi\u00e4 p\u00e4\u00e4st\u00f6jen v\u00e4hent\u00e4misess\u00e4 ja ymp\u00e4rist\u00f6yst\u00e4v\u00e4llisten k\u00e4yt\u00e4nt\u00f6jen omaksumisessa. Digitaalinen alusta: Hanke luo digitaalisen alustan, joka toimii oppimisymp\u00e4rist\u00f6n\u00e4 ja tarjoaa yrityksille tietoa ja ty\u00f6kaluja kasvihuonekaasup\u00e4\u00e4st\u00f6jen v\u00e4hent\u00e4miseksi. Alusta mahdollistaa my\u00f6s yritysten v\u00e4listen parhaiden k\u00e4yt\u00e4nt\u00f6jen jakamisen ja yhteisty\u00f6n. Demonstraatiot: [&hellip;]<\/p>\n","protected":false},"author":29,"featured_media":223,"parent":0,"menu_order":0,"comment_status":"closed","ping_status":"closed","template":"","meta":{"_acf_changed":false,"footnotes":""},"class_list":["post-134","page","type-page","status-publish","has-post-thumbnail","hentry"],"acf":[],"_links":{"self":[{"href":"https:\/\/sites.uwasa.fi\/minca\/wp-json\/wp\/v2\/pages\/134"}],"collection":[{"href":"https:\/\/sites.uwasa.fi\/minca\/wp-json\/wp\/v2\/pages"}],"about":[{"href":"https:\/\/sites.uwasa.fi\/minca\/wp-json\/wp\/v2\/types\/page"}],"author":[{"embeddable":true,"href":"https:\/\/sites.uwasa.fi\/minca\/wp-json\/wp\/v2\/users\/29"}],"replies":[{"embeddable":true,"href":"https:\/\/sites.uwasa.fi\/minca\/wp-json\/wp\/v2\/comments?post=134"}],"version-history":[{"count":19,"href":"https:\/\/sites.uwasa.fi\/minca\/wp-json\/wp\/v2\/pages\/134\/revisions"}],"predecessor-version":[{"id":368,"href":"https:\/\/sites.uwasa.fi\/minca\/wp-json\/wp\/v2\/pages\/134\/revisions\/368"}],"wp:featuredmedia":[{"embeddable":true,"href":"https:\/\/sites.uwasa.fi\/minca\/wp-json\/wp\/v2\/media\/223"}],"wp:attachment":[{"href":"https:\/\/sites.uwasa.fi\/minca\/wp-json\/wp\/v2\/media?parent=134"}],"curies":[{"name":"wp","href":"https:\/\/api.w.org\/{rel}","templated":true}]}}