{"id":132,"date":"2024-08-20T11:01:11","date_gmt":"2024-08-20T08:01:11","guid":{"rendered":"https:\/\/sites.uwasa.fi\/minca\/?page_id=132"},"modified":"2025-08-26T10:48:59","modified_gmt":"2025-08-26T07:48:59","slug":"hallinta","status":"publish","type":"page","link":"https:\/\/sites.uwasa.fi\/minca\/hallinta\/","title":{"rendered":"Miksi ep\u00e4suorien p\u00e4\u00e4st\u00f6jen v\u00e4hent\u00e4minen on t\u00e4rke\u00e4\u00e4?"},"content":{"rendered":"<h2>Ep\u00e4suorat p\u00e4\u00e4st\u00f6t, eli sovellusalan 3 p\u00e4\u00e4st\u00f6t<\/h2>\n<p style=\"text-align: left\">Ep\u00e4suoria p\u00e4\u00e4st\u00f6j\u00e4, eli<strong> sovellusalan 3<\/strong> p\u00e4\u00e4st\u00f6j\u00e4 ovat kaikki yrityksen toimitusketjun ja arvoketjun p\u00e4\u00e4st\u00f6t. Sovellusalan 3 p\u00e4\u00e4st\u00f6t viittaavat p\u00e4\u00e4st\u00f6ihin, jotka eiv\u00e4t synny suoraan yrityksen toiminnasta, vaan esimerkiksi raaka-aineiden hankinnasta, tuotteiden jakelusta, k\u00e4yt\u00f6st\u00e4 ja elinkaaren loppuvaiheen k\u00e4sittelyst\u00e4. Erityisesti yritykselle, jolla on fyysinen tuote ja sille organisoitu toimitusketju, muodostavat sovellusalan 3 p\u00e4\u00e4st\u00f6t suurimman osan yrityksen hiilijalanj\u00e4ljest\u00e4.<\/p>\n<ul>\n<li><strong>Ymp\u00e4rist\u00f6vaikutukset:<\/strong> Ep\u00e4suorat p\u00e4\u00e4st\u00f6t voivat olla jopa 5\u201325 kertaa suuremmat kuin yrityksen suorat p\u00e4\u00e4st\u00f6t, ja ne edustavat suurta osaa globaalista hiilijalanj\u00e4ljest\u00e4. Siksi niiden v\u00e4hent\u00e4misell\u00e4 on merkitt\u00e4v\u00e4 vaikutus ilmastonmuutoksen torjunnassa.<\/li>\n<li><strong>Maineriski ja vastuullisuus:<\/strong> Hallitsemattomat ep\u00e4suorat p\u00e4\u00e4st\u00f6t voivat johtaa negatiiviseen julkisuuteen ja vahingoittaa yrityksen mainetta. Yh\u00e4 useammat kuluttajat ja sijoittajat vaativat l\u00e4pin\u00e4kyvyytt\u00e4 ja ymp\u00e4rist\u00f6vastuullisuutta, mik\u00e4 tekee ep\u00e4suorien p\u00e4\u00e4st\u00f6jen hallinnasta v\u00e4ltt\u00e4m\u00e4tt\u00f6m\u00e4n kilpailukyvyn kannalta.<\/li>\n<li><strong>Regulaatiot ja tulevaisuuden vaatimukset:<\/strong> Vaikka sovellusalan 3 p\u00e4\u00e4st\u00f6jen raportointi on t\u00e4ll\u00e4 hetkell\u00e4 vapaaehtoista, tulevaisuudessa se saattaa tulla pakolliseksi, kun lains\u00e4\u00e4d\u00e4nt\u00f6 kehittyy. Yritysten on oltava valmiita n\u00e4ihin muutoksiin, jotta ne voivat v\u00e4ltt\u00e4\u00e4 tulevia sanktioita ja hy\u00f6dynt\u00e4\u00e4 uusia markkinamahdollisuuksia.<br \/>\n<strong>Huom!<\/strong> <strong>Tutustu alla: &#8220;CSRD-direktiivi: Laajennetut vastuullisuusraportoinnin vaatimukset yrityksille&#8221;<\/strong><\/li>\n<\/ul>\n<p style=\"text-align: left\">Sovellusalan 3 p\u00e4\u00e4st\u00f6t sis\u00e4lt\u00e4v\u00e4t raaka-aineiden hankinnan (&#8220;upstream&#8221;) sek\u00e4 tuotteiden jakelun\/kuljetuksen\/huolinnan, asiakkaiden tuotteisiin kohdistaman k\u00e4yt\u00f6n ja elinkaaren loppuvaiheen k\u00e4sittelyn (&#8220;downstream&#8221;).<\/p>\n<h2 style=\"text-align: left\">Sovellusalassa 3 tunnistetaan 8+7 luokkaa p\u00e4\u00e4st\u00f6l\u00e4hteit\u00e4 seuraavasti:<\/h2>\n<p style=\"text-align: left\"><strong>&#8220;Upstream&#8221; eli p\u00e4\u00e4st\u00f6l\u00e4hteet tuotteiden ja palveluiden valmistuksessa ja prosesseissa:<\/strong><\/p>\n<p style=\"text-align: left\">1. Ostetut tuotteet ja palvelut,<\/p>\n<p>2. P\u00e4\u00e4omahy\u00f6dykkeet,<\/p>\n<p>3. Polttoaineisiin ja energiaan liittyv\u00e4t toiminnot (ei Scope 1 tai 2),<\/p>\n<p>4. Yl\u00e4virran kuljetukset ja jakelu,<\/p>\n<p>5. Toiminnasta syntyneet j\u00e4tteet,<\/p>\n<p>6. Liikematkustus,<\/p>\n<p>7. Ty\u00f6matkaliikenne,<\/p>\n<p>8. Vuokratut hy\u00f6dykkeet,<\/p>\n<p style=\"text-align: left\"><strong>&#8220;Downstream&#8221; eli p\u00e4\u00e4st\u00f6l\u00e4hteet yrityksen valmistamista tuotteista ja palveluista ja niiden prosesseista:<\/strong><\/p>\n<p style=\"text-align: left\">9. Alavirran kuljetukset ja jakelu,<\/p>\n<p style=\"text-align: left\">10. Myytyjen tuotteiden jatkok\u00e4sittely,<\/p>\n<p style=\"text-align: left\">11. Myytyjen tuotteiden k\u00e4ytt\u00f6,<\/p>\n<p style=\"text-align: left\">12. Myytyjen tuotteiden elinkaaren lopun k\u00e4sittely,<\/p>\n<p style=\"text-align: left\">13. Ulos vuokrattu omaisuus,<\/p>\n<p style=\"text-align: left\">14. Franchising,<\/p>\n<p style=\"text-align: left\">15. Sijoitukset.<\/p>\n<h2><\/h2>\n<h2>CSRD-direktiivi: Laajennetut vastuullisuusraportoinnin vaatimukset yrityksille<\/h2>\n<p>Uuden EU-direktiivin (<a href=\"https:\/\/eur-lex.europa.eu\/legal-content\/EN\/TXT\/?uri=CELEX:32022L2464\" target=\"_blank\" rel=\"noopener\">CSRD<\/a>) my\u00f6t\u00e4 yrityksen tulee raportoida ep\u00e4suorista p\u00e4\u00e4st\u00f6ist\u00e4\u00e4n, eli <strong>sovellusalan 3 -p\u00e4\u00e4st\u00f6ist\u00e4<\/strong>. Vuodesta 2024 alkaen direktiivi koskee suuria yrityksi\u00e4 ja vuosina <strong>2025 \u2013 2026 vaatimukset laajenevat koskemaan my\u00f6s pk-yrityksi\u00e4<\/strong>. T\u00e4m\u00e4 tarkoittaa, ett\u00e4 <strong>my\u00f6s pk-yritysten on lis\u00e4tt\u00e4v\u00e4 vastuullisuusraportointiinsa ep\u00e4suorien p\u00e4\u00e4st\u00f6jen osuus<\/strong>.<\/p>\n<p>K\u00e4yt\u00e4nn\u00f6ss\u00e4 pienempikin yritys saattaa joutua aloittamaan p\u00e4\u00e4st\u00f6datan ker\u00e4\u00e4misen jo vuonna 2024 erityisesti, jos sill\u00e4 esimerkiksi on asiakkaanaan suuryritys.<\/p>\n<h2><\/h2>\n<h2>Autamme yrityst\u00e4si!<\/h2>\n<p style=\"text-align: left\">Me MINCA-hankkeessa haluamme tarjota yrityksille selke\u00e4\u00e4 tietoa siit\u00e4, mit\u00e4 ovat sovellusalan 3 p\u00e4\u00e4st\u00f6t, miksi ne ovat merkitt\u00e4vi\u00e4, ja miten ne voidaan tunnistaa toimitusketjun eri vaiheissa. T\u00e4h\u00e4n sis\u00e4ltyv\u00e4t esimerkit p\u00e4\u00e4st\u00f6l\u00e4hteist\u00e4, kuten raaka-aineiden hankinnasta, kuljetuksista ja tuotteiden elinkaaren loppuvaiheesta.<\/p>\n<p style=\"text-align: left\">Kannustamme kaikkia Etel\u00e4-Pohjanmaan pk-yrityksi\u00e4 ottamaan selv\u00e4\u00e4 MINCA-hankkeesta ja hy\u00f6dynt\u00e4m\u00e4\u00e4n sen tarjoamia ty\u00f6kaluja ja resursseja!<\/p>\n<p style=\"text-align: left\">Ep\u00e4suorien p\u00e4\u00e4st\u00f6jen v\u00e4hent\u00e4minen liittyy l\u00e4heisesti yritysten toimitusketjujen hallintaan ja optimointiin, mik\u00e4 on keskeinen tavoite MINCA-hankkeessa. Hanke pyrkii tarjoamaan yrityksille <a href=\"https:\/\/sites.uwasa.fi\/minca\/toimet\/\">konkreettisia ty\u00f6kaluja ja resursseja<\/a> ep\u00e4suorien p\u00e4\u00e4st\u00f6jen tunnistamiseen ja v\u00e4hent\u00e4miseen.<\/p>\n","protected":false},"excerpt":{"rendered":"<p>Ep\u00e4suorat p\u00e4\u00e4st\u00f6t, eli sovellusalan 3 p\u00e4\u00e4st\u00f6t Ep\u00e4suoria p\u00e4\u00e4st\u00f6j\u00e4, eli sovellusalan 3 p\u00e4\u00e4st\u00f6j\u00e4 ovat kaikki yrityksen toimitusketjun ja arvoketjun p\u00e4\u00e4st\u00f6t. Sovellusalan 3 p\u00e4\u00e4st\u00f6t viittaavat p\u00e4\u00e4st\u00f6ihin, jotka eiv\u00e4t synny suoraan yrityksen toiminnasta, vaan esimerkiksi raaka-aineiden hankinnasta, tuotteiden jakelusta, k\u00e4yt\u00f6st\u00e4 ja elinkaaren loppuvaiheen k\u00e4sittelyst\u00e4. Erityisesti yritykselle, jolla on fyysinen tuote ja sille organisoitu toimitusketju, muodostavat sovellusalan 3 p\u00e4\u00e4st\u00f6t [&hellip;]<\/p>\n","protected":false},"author":29,"featured_media":222,"parent":0,"menu_order":0,"comment_status":"closed","ping_status":"closed","template":"","meta":{"_acf_changed":false,"footnotes":""},"class_list":["post-132","page","type-page","status-publish","has-post-thumbnail","hentry"],"acf":[],"_links":{"self":[{"href":"https:\/\/sites.uwasa.fi\/minca\/wp-json\/wp\/v2\/pages\/132"}],"collection":[{"href":"https:\/\/sites.uwasa.fi\/minca\/wp-json\/wp\/v2\/pages"}],"about":[{"href":"https:\/\/sites.uwasa.fi\/minca\/wp-json\/wp\/v2\/types\/page"}],"author":[{"embeddable":true,"href":"https:\/\/sites.uwasa.fi\/minca\/wp-json\/wp\/v2\/users\/29"}],"replies":[{"embeddable":true,"href":"https:\/\/sites.uwasa.fi\/minca\/wp-json\/wp\/v2\/comments?post=132"}],"version-history":[{"count":38,"href":"https:\/\/sites.uwasa.fi\/minca\/wp-json\/wp\/v2\/pages\/132\/revisions"}],"predecessor-version":[{"id":457,"href":"https:\/\/sites.uwasa.fi\/minca\/wp-json\/wp\/v2\/pages\/132\/revisions\/457"}],"wp:featuredmedia":[{"embeddable":true,"href":"https:\/\/sites.uwasa.fi\/minca\/wp-json\/wp\/v2\/media\/222"}],"wp:attachment":[{"href":"https:\/\/sites.uwasa.fi\/minca\/wp-json\/wp\/v2\/media?parent=132"}],"curies":[{"name":"wp","href":"https:\/\/api.w.org\/{rel}","templated":true}]}}