{"id":130,"date":"2024-08-20T11:00:41","date_gmt":"2024-08-20T08:00:41","guid":{"rendered":"https:\/\/sites.uwasa.fi\/minca\/?page_id=130"},"modified":"2024-08-26T15:10:01","modified_gmt":"2024-08-26T12:10:01","slug":"yrityksille","status":"publish","type":"page","link":"https:\/\/sites.uwasa.fi\/minca\/yrityksille\/","title":{"rendered":"Miten yritykset voivat v\u00e4hent\u00e4\u00e4 toimitusketjujensa p\u00e4\u00e4st\u00f6j\u00e4?"},"content":{"rendered":"<p style=\"text-align: left\">Yritykset voivat v\u00e4hent\u00e4\u00e4 toimitusketjujensa p\u00e4\u00e4st\u00f6j\u00e4 esimerkiksi soveltamalla Green Supply Chain Management (GSCM) -innovaation periaatteita. T\u00e4m\u00e4n l\u00e4hestymistavan ytimess\u00e4 on kokonaisvaltainen n\u00e4k\u00f6kulma, joka kattaa kaikki toimitusketjun osa-alueet ja auttaa tunnistamaan ja v\u00e4hent\u00e4m\u00e4\u00e4n p\u00e4\u00e4st\u00f6j\u00e4 kaikissa vaiheissa.<\/p>\n<p style=\"text-align: left\">GSCM keskittyy toimitusketjujen ymp\u00e4rist\u00f6kuormituksen v\u00e4hent\u00e4miseen viidell\u00e4 keskeisell\u00e4 osa-alueella:<\/p>\n<ul style=\"text-align: left\">\n<li><strong>Sis\u00e4isen ymp\u00e4rist\u00f6n hallinta:<\/strong> Yritykset voivat parantaa omia sis\u00e4isi\u00e4 k\u00e4yt\u00e4nt\u00f6j\u00e4\u00e4n esimerkiksi investoimalla ymp\u00e4rist\u00f6yst\u00e4v\u00e4llisempiin teknologioihin ja energiatehokkaisiin toimintatapoihin.<\/li>\n<li><strong>Vihre\u00e4t hankinnat:<\/strong> T\u00e4m\u00e4 tarkoittaa ymp\u00e4rist\u00f6yst\u00e4v\u00e4llisten materiaalien ja toimittajien valitsemista, mik\u00e4 v\u00e4hent\u00e4\u00e4 hankintaketjun p\u00e4\u00e4st\u00f6j\u00e4. Yritykset voivat arvioida toimittajia heid\u00e4n ymp\u00e4rist\u00f6vaikutustensa perusteella ja suosia v\u00e4h\u00e4p\u00e4\u00e4st\u00f6isi\u00e4 toimittajia.<\/li>\n<li><strong>Asiakasyhteisty\u00f6:<\/strong> Yritykset voivat tehd\u00e4 yhteisty\u00f6t\u00e4 asiakkaidensa kanssa edist\u00e4\u00e4kseen ymp\u00e4rist\u00f6yst\u00e4v\u00e4llisi\u00e4 k\u00e4yt\u00e4nt\u00f6j\u00e4 ja tuotteiden kest\u00e4v\u00e4\u00e4 k\u00e4ytt\u00f6\u00e4. T\u00e4m\u00e4 voi sis\u00e4lt\u00e4\u00e4 tietoisuuskampanjoita ja asiakkaiden koulutusta kest\u00e4v\u00e4mm\u00e4n kulutuksen edist\u00e4miseksi.<\/li>\n<li><strong>Varastokierto:<\/strong> Tehokas varastonhallinta ja resurssien uudelleenk\u00e4ytt\u00f6 v\u00e4hent\u00e4v\u00e4t j\u00e4tett\u00e4 ja energiankulutusta. T\u00e4m\u00e4 voi sis\u00e4lt\u00e4\u00e4 kierr\u00e4tett\u00e4vien materiaalien k\u00e4yt\u00f6n sek\u00e4 vanhojen tuotteiden ja laitteiden talteenoton.<\/li>\n<li><strong>Ekosuunnittelu:<\/strong> Tuotteiden ja prosessien suunnittelussa voidaan k\u00e4ytt\u00e4\u00e4 ymp\u00e4rist\u00f6yst\u00e4v\u00e4llisi\u00e4 periaatteita, kuten v\u00e4h\u00e4p\u00e4\u00e4st\u00f6isten materiaalien k\u00e4ytt\u00f6 ja tuotantoprosessien optimointi ymp\u00e4rist\u00f6vaikutusten v\u00e4hent\u00e4miseksi.<\/li>\n<\/ul>\n<p style=\"text-align: left\">N\u00e4iden toimenpiteiden toteuttaminen auttaa yrityksi\u00e4 v\u00e4hent\u00e4m\u00e4\u00e4n merkitt\u00e4v\u00e4sti toimitusketjujen p\u00e4\u00e4st\u00f6j\u00e4. Kuitenkin, jotta p\u00e4\u00e4st\u00f6jen v\u00e4hent\u00e4misen kokonaisvaikutukset voidaan maksimoida, yritysten tulee keskitty\u00e4 my\u00f6s <a href=\"https:\/\/sites.uwasa.fi\/minca\/hallinta\/\">ep\u00e4suorien p\u00e4\u00e4st\u00f6jen hallintaan ja v\u00e4hent\u00e4miseen<\/a>.<\/p>\n<p>Me MINCA-hankkeessa tuemme yrityksi\u00e4 kehitt\u00e4m\u00e4\u00e4n ja toteuttamaan n\u00e4it\u00e4 k\u00e4yt\u00e4nt\u00f6j\u00e4 hankkeessa kehitett\u00e4v\u00e4n digitaalisen alustan avulla, jonka kautta pilotoidaan kolme demonstraatiota. N\u00e4m\u00e4 demonstraatiot toimivat oppimisymp\u00e4rist\u00f6n\u00e4 ja tarjoavat konkreettisia ty\u00f6kaluja ja menetelmi\u00e4 kasvihuonekaasup\u00e4\u00e4st\u00f6jen v\u00e4hent\u00e4miseksi toimitusketjuissa.<\/p>\n","protected":false},"excerpt":{"rendered":"<p>Yritykset voivat v\u00e4hent\u00e4\u00e4 toimitusketjujensa p\u00e4\u00e4st\u00f6j\u00e4 esimerkiksi soveltamalla Green Supply Chain Management (GSCM) -innovaation periaatteita. T\u00e4m\u00e4n l\u00e4hestymistavan ytimess\u00e4 on kokonaisvaltainen n\u00e4k\u00f6kulma, joka kattaa kaikki toimitusketjun osa-alueet ja auttaa tunnistamaan ja v\u00e4hent\u00e4m\u00e4\u00e4n p\u00e4\u00e4st\u00f6j\u00e4 kaikissa vaiheissa. GSCM keskittyy toimitusketjujen ymp\u00e4rist\u00f6kuormituksen v\u00e4hent\u00e4miseen viidell\u00e4 keskeisell\u00e4 osa-alueella: Sis\u00e4isen ymp\u00e4rist\u00f6n hallinta: Yritykset voivat parantaa omia sis\u00e4isi\u00e4 k\u00e4yt\u00e4nt\u00f6j\u00e4\u00e4n esimerkiksi investoimalla ymp\u00e4rist\u00f6yst\u00e4v\u00e4llisempiin teknologioihin ja [&hellip;]<\/p>\n","protected":false},"author":29,"featured_media":221,"parent":0,"menu_order":0,"comment_status":"closed","ping_status":"closed","template":"","meta":{"_acf_changed":false,"footnotes":""},"class_list":["post-130","page","type-page","status-publish","has-post-thumbnail","hentry"],"acf":[],"_links":{"self":[{"href":"https:\/\/sites.uwasa.fi\/minca\/wp-json\/wp\/v2\/pages\/130"}],"collection":[{"href":"https:\/\/sites.uwasa.fi\/minca\/wp-json\/wp\/v2\/pages"}],"about":[{"href":"https:\/\/sites.uwasa.fi\/minca\/wp-json\/wp\/v2\/types\/page"}],"author":[{"embeddable":true,"href":"https:\/\/sites.uwasa.fi\/minca\/wp-json\/wp\/v2\/users\/29"}],"replies":[{"embeddable":true,"href":"https:\/\/sites.uwasa.fi\/minca\/wp-json\/wp\/v2\/comments?post=130"}],"version-history":[{"count":24,"href":"https:\/\/sites.uwasa.fi\/minca\/wp-json\/wp\/v2\/pages\/130\/revisions"}],"predecessor-version":[{"id":217,"href":"https:\/\/sites.uwasa.fi\/minca\/wp-json\/wp\/v2\/pages\/130\/revisions\/217"}],"wp:featuredmedia":[{"embeddable":true,"href":"https:\/\/sites.uwasa.fi\/minca\/wp-json\/wp\/v2\/media\/221"}],"wp:attachment":[{"href":"https:\/\/sites.uwasa.fi\/minca\/wp-json\/wp\/v2\/media?parent=130"}],"curies":[{"name":"wp","href":"https:\/\/api.w.org\/{rel}","templated":true}]}}