{"id":94,"date":"2025-10-10T15:43:47","date_gmt":"2025-10-10T12:43:47","guid":{"rendered":"https:\/\/sites.uwasa.fi\/mevi2026\/?page_id=94"},"modified":"2026-02-02T13:03:29","modified_gmt":"2026-02-02T11:03:29","slug":"call-for-papers","status":"publish","type":"page","link":"https:\/\/sites.uwasa.fi\/mevi2026\/en\/call-for-papers\/","title":{"rendered":"Call for papers"},"content":{"rendered":"<p><em>\u20132 February 2026\u2013<\/em><\/p>\n<h2 data-start=\"513\" data-end=\"529\"><strong>Mevi News!<\/strong><\/h2>\n<p data-start=\"536\" data-end=\"832\">We received over 90 abstract proposals for the Mevi Days 2026. The working groups are currently reviewing them and will notify applicants and the organizing committee of the accepted abstracts by 12 February 2026 at the latest. The program and registration will be published shortly thereafter.<\/p>\n<p data-start=\"839\" data-end=\"990\">Grants of up to EUR 350, awarded by Mevi ry, are still available for doctoral students until 9 February 2026. <span style=\"font-weight: 400\">Applications for grants must be submitted using <\/span><a href=\"https:\/\/docs.google.com\/forms\/d\/e\/1FAIpQLSepD6xqOI6nCYGLNvbwbLTJ-noHWwKGmQ_mlaMVb4wryDQhLw\/viewform\" target=\"_blank\" rel=\"noopener\"><span style=\"font-weight: 400\">this form.<\/span><\/a><\/p>\n<p>&nbsp;<\/p>\n<hr \/>\n<p><em>\u2013The invitation and application period have ended\u2013<\/em><\/p>\n<h2><strong>Abstract call 2026<\/strong><\/h2>\n<p><span style=\"font-weight: 400\">Mevi-p\u00e4iv\u00e4t or Media and Communication Research Days is the most significant Finnish conference in its field, bringing together researchers, students, teachers, and other media and communication experts.<\/span><\/p>\n<p><b>The next Mevi-p\u00e4iv\u00e4t will be held in Vaasa, Finland, on May 7\u20138, 2026.<\/b><\/p>\n<p><span style=\"font-weight: 400\">The theme for next year is Juuret \u2013 R\u00f6tter \u2013 Roots. Roots symbolize origin, foundation, and continuity, but also growth and change. In the field of media and communication research, roots branch out in many directions: they reach towards historical starting points and traditions, different growth platforms and contexts, new practices of producing and disseminating information, as well as symbiotic connections and rhizomatic experiments. Currently, research focusing on media and communication phenomena is sprouting on many platforms and in many different seedbeds. Despite this diversity, the various branches of the discipline also have a lot in common.<\/span><\/p>\n<p><b>You are welcome to send in an abstract proposal to the working groups of Mevi-p\u00e4iv\u00e4t!<\/b><\/p>\n<p><span style=\"font-weight: 400\">We are currently inviting abstract submissions to 14 working groups. For each working group, it is specified separately which languages they operate in and accept abstracts in. Six of the working group descriptions can be found in English. They are as follows:<\/span><\/p>\n<ul>\n<li style=\"font-weight: 400\"><a href=\"https:\/\/sites.uwasa.fi\/mevi2026\/en\/working-groups\/the-multidimensionality-of-information-resilience-in-the-field-of-media-and-communication-research\/\" target=\"_blank\" rel=\"noopener\"><span style=\"font-weight: 400\">Informaatioresilienssin moniulotteisuus median ja viestinn\u00e4n kent\u00e4ll\u00e4 (The Multidimensionality of Information Resilience in the Field of Media and Communication Research)<\/span><\/a><\/li>\n<li style=\"font-weight: 400\"><a href=\"https:\/\/sites.uwasa.fi\/mevi2026\/en\/working-groups\/roots-the-foundations-and-new-offshoots-of-journalism\/\" target=\"_blank\" rel=\"noopener\"><span style=\"font-weight: 400\">Juuret \u2013 Journalismin perustat ja uudet versot (Roots \u2013 The foundations and new offshoots of journalism)<\/span><\/a><\/li>\n<li style=\"font-weight: 400\"><a href=\"https:\/\/sites.uwasa.fi\/mevi2026\/en\/working-groups\/media-technology-and-sustainability\/\" target=\"_blank\" rel=\"noopener\"><span style=\"font-weight: 400\">Media, teknologia ja kest\u00e4vyys (Media, technology, and sustainability)<\/span><\/a><\/li>\n<li style=\"font-weight: 400\"><a href=\"https:\/\/sites.uwasa.fi\/mevi2026\/en\/working-groups\/roots-and-appearance-of-misleading-in-digital-communication\/\" target=\"_blank\" rel=\"noopener\"><span style=\"font-weight: 400\">Roots and appearance of misleading in digital communication<\/span><\/a><\/li>\n<li style=\"font-weight: 400\"><a href=\"https:\/\/sites.uwasa.fi\/mevi2026\/en\/communicative-ai-roots-and-repercussions\/\" target=\"_blank\" rel=\"noopener\"><span style=\"font-weight: 400\">Viestiv\u00e4n teko\u00e4lyn juuret ja joutomaat (Communicative AI: roots and repercussions)<\/span><\/a><\/li>\n<li style=\"font-weight: 400\"><a href=\"https:\/\/sites.uwasa.fi\/mevi2026\/en\/working-groups\/when-news-meet-planetary-boundaries-rethinking-journalism\/\" target=\"_blank\" rel=\"noopener\"><span style=\"font-weight: 400\">When News Meet Planetary Boundaries: Rethinking Journalism<\/span><\/a><\/li>\n<\/ul>\n<p>&nbsp;<\/p>\n<p><span style=\"font-weight: 400\">Other working groups are:<\/span><\/p>\n<ul>\n<li><a href=\"https:\/\/sites.uwasa.fi\/mevi2026\/tyoryhmat\/ekomediatutkimuksen-versovat-kentat\/\" target=\"_blank\" rel=\"noopener\"><span style=\"font-weight: 400\">Ekomediatutkimuksen versovat kent\u00e4t<\/span><\/a><\/li>\n<li style=\"font-weight: 400\"><a href=\"https:\/\/sites.uwasa.fi\/mevi2026\/tyoryhmat\/lansi-ja-muut-mediassa-sivilisationaalinen-ideologia-liberaalin-ja-saantopohjaisen-jarjestyksen-haastajana\/\" target=\"_blank\" rel=\"noopener\"><span style=\"font-weight: 400\">L\u00e4nsi ja muut mediassa: sivilisationaalinen ideologia liberaalin ja s\u00e4\u00e4nt\u00f6pohjaisen j\u00e4rjestyksen haastajana<\/span><\/a><\/li>\n<li style=\"font-weight: 400\"><a href=\"https:\/\/sites.uwasa.fi\/mevi2026\/tyoryhmat\/mediatalouden-ja-viestintapolitiikan-tyoryhma\/\" target=\"_blank\" rel=\"noopener\"><span style=\"font-weight: 400\">Mediatalouden ja viestint\u00e4politiikan ty\u00f6ryhm\u00e4<\/span><\/a><\/li>\n<li style=\"font-weight: 400\"><a href=\"https:\/\/sites.uwasa.fi\/mevi2026\/tyoryhmat\/nakokulmia-televisioon-ennen-ja-nyt\/\" target=\"_blank\" rel=\"noopener\"><span style=\"font-weight: 400\">N\u00e4k\u00f6kulmia televisioon ennen ja nyt<\/span><\/a><\/li>\n<li style=\"font-weight: 400\"><a href=\"https:\/\/sites.uwasa.fi\/mevi2026\/tyoryhmat\/poliittinen-viestinta-affektiivisen-polarisaation-aikakaudella\/\" target=\"_blank\" rel=\"noopener\"><span style=\"font-weight: 400\">Poliittinen viestint\u00e4 affektiivisen polarisaation aikakaudella<\/span><\/a><\/li>\n<li style=\"font-weight: 400\"><a href=\"https:\/\/sites.uwasa.fi\/mevi2026\/tyoryhmat\/tekoaly-journalismissa\/\" target=\"_blank\" rel=\"noopener\"><span style=\"font-weight: 400\">Teko\u00e4ly journalismissa<\/span><\/a><\/li>\n<li style=\"font-weight: 400\"><a href=\"https:\/\/sites.uwasa.fi\/mevi2026\/tyoryhmat\/tiede-teknologia-ja-asiantuntijuus-julkisuudessa\/\" target=\"_blank\" rel=\"noopener\"><span style=\"font-weight: 400\">Tiede, teknologia ja asiantuntijuus julkisuudessa<\/span><\/a><\/li>\n<li style=\"font-weight: 400\"><a href=\"https:\/\/sites.uwasa.fi\/mevi2026\/tyoryhmat\/visuaalisen-tutkimuksen-tyoryhma\/\" target=\"_blank\" rel=\"noopener\"><span style=\"font-weight: 400\">Visuaalisen tutkimuksen ty\u00f6ryhm\u00e4<\/span><\/a><\/li>\n<\/ul>\n<p>&nbsp;<\/p>\n<p><b>Please find the working group descriptions <\/b><a href=\"https:\/\/sites.uwasa.fi\/mevi2026\/en\/working-groups\/\"><b>here<\/b><\/a><b>.<\/b><\/p>\n<p><span style=\"font-weight: 400\">\u00a0The abstract submission period ends on <\/span><b>12 January 2026<\/b><span style=\"font-weight: 400\">.\u00a0<\/span><\/p>\n<p><span style=\"font-weight: 400\">Abstracts are submitted to the working groups using <\/span><a href=\"https:\/\/link.webropolsurveys.com\/S\/5F7B6A37B89E8DFD\" target=\"_blank\" rel=\"noopener\"><b>this form<\/b><\/a><span style=\"font-weight: 400\">. The length for abstracts is <\/span><b>between 200-300 words<\/b><span style=\"font-weight: 400\">. The working groups will notify both the participants and the organising committee of the selected abstracts <\/span><b>by 12 February 2026<\/b><span style=\"font-weight: 400\">. We encourage applicants to connect their abstract proposals to both the working group and the conference theme in one way or another.<\/span><\/p>\n<p><span style=\"font-weight: 400\">\u00a0Because the conference schedule and available rooms are limited, the organising committee reserves the right to combine working groups as needed.<\/span><\/p>\n<p><span style=\"font-weight: 400\">Registration for the Mevi-p\u00e4iv\u00e4t will open a couple of months before the conference.<\/span><\/p>\n<h3><strong>Important information for doctoral students:<\/strong><\/h3>\n<p><span style=\"font-weight: 400\">Mevi ry awards grants of up to 350 euros to doctoral researchers to support their participation in Mevi conference 2026.<\/span><\/p>\n<p><span style=\"font-weight: 400\">The grant can be used by doctoral students enrolled at a Finnish higher education institution to cover the participation fee as well as accommodation and travel expenses incurred when using public transportation. Costs exceeding the grant amount are not covered. The grant is paid after the conference upon submission of receipts.<\/span><\/p>\n<p><span style=\"font-weight: 400\">The grant is awarded only to doctoral researchers whose presentation has been accepted for the conference. Grants are primarily distributed to students who have no other means of financing their participation. Preference is also given to individuals attending the Mevi conference for the first time. The decision on grants is made by the board of Mevi ry.<\/span><\/p>\n<p><span style=\"font-weight: 400\">Applications for grants must be submitted using <\/span><a href=\"https:\/\/docs.google.com\/forms\/d\/e\/1FAIpQLSepD6xqOI6nCYGLNvbwbLTJ-noHWwKGmQ_mlaMVb4wryDQhLw\/viewform\" target=\"_blank\" rel=\"noopener\"><span style=\"font-weight: 400\">this form<\/span><\/a><span style=\"font-weight: 400\"> by <del>January 12, 2026<\/del>. <strong>Note: the application period for the grants has been extended until 9 February 2026.<\/strong><\/span><\/p>\n<p><span style=\"font-weight: 400\">The 2026 conference is organized by the Finnish Association for Media and Communication Studies Mevi ry and Viestint\u00e4tieteiden oppiaine (Communication Studies) at the University of Vaasa. Further information about Mevi-p\u00e4iv\u00e4t can be found at<\/span><a href=\"https:\/\/sites.uwasa.fi\/mevi2026\/\" target=\"_blank\" rel=\"noopener\"> <span style=\"font-weight: 400\">https:\/\/sites.uwasa.fi\/mevi2026\/<\/span><\/a><span style=\"font-weight: 400\"> and on the websites of Mevi ry and the University of Vaasa.<\/span><\/p>\n<p>&nbsp;<\/p>\n<p><b>Warm regards,<\/b><\/p>\n<p><span style=\"font-weight: 400\">The organizers of Mevi-p\u00e4iv\u00e4t 2026<\/span><\/p>\n<p><span style=\"font-weight: 400\">Tanja Sihvonen (scientific program)<\/span><\/p>\n<p><span style=\"font-weight: 400\">Eveliina Salmela (general arrangements)<\/span><\/p>\n<p><span style=\"font-weight: 400\">Lilli Sihvonen (working groups)<\/span><\/p>\n<hr \/>\n<p><em>\u2013The invitation and application period have ended\u2013<\/em><\/p>\n<h2><strong>Working group call 2026<\/strong><\/h2>\n<p>Mevi-p\u00e4iv\u00e4t or Media and Communication Research Days is the most significant Finnish conference in its field, bringing together researchers, students, teachers, and other media and communication experts. The next Mevi-p\u00e4iv\u00e4t will be held in Vaasa, Finland, on May 7\u20138, 2026.<\/p>\n<p>The theme for next year is\u00a0<em>Juuret \u2013 R\u00f6tter \u2013 Roots<\/em>. Roots symbolize origin, foundation, and continuity, but also growth and change. In the field of media and communication research, roots branch out in many directions: they reach towards historical starting points and traditions, different growth platforms and contexts, new practices of producing and disseminating information, as well as symbiotic connections and rhizomatic experiments.<\/p>\n<p>Currently, research focusing on media and communication phenomena is sprouting on many platforms and in many different seedbeds. Despite this diversity, the various branches of the discipline also have a lot in common.<\/p>\n<p>We kindly ask for proposals for a working group for the 2026 Mevi-p\u00e4iv\u00e4t!<\/p>\n<p>A working group proposal should be presented with a title and a maximum 300-word description of its content. The presenter of the proposal typically also acts as the leader or one of the leaders of the working group. We warmly encourage working group leaders to link their proposals to the conference theme in one way or another.<strong>\u00a0Proposals must be submitted by October 31 using this form:<\/strong>\u00a0<a href=\"https:\/\/eur04.safelinks.protection.outlook.com\/?url=https%3A%2F%2Flink.webropolsurveys.com%2FS%2F93F5532BB6D997E8&amp;data=05%7C02%7Cliisa.ovaska%40tuni.fi%7C68684eeb9e694498ec8c08ddf9df85f9%7Cfa6944afcc7c4cd89154c01132798910%7C0%7C0%7C638941460600245445%7CUnknown%7CTWFpbGZsb3d8eyJFbXB0eU1hcGkiOnRydWUsIlYiOiIwLjAuMDAwMCIsIlAiOiJXaW4zMiIsIkFOIjoiTWFpbCIsIldUIjoyfQ%3D%3D%7C0%7C%7C%7C&amp;sdata=YxVp3Y1yrw5RNUDQKDoNYd32FTdcztww5eaQx6wK7jU%3D&amp;reserved=0\" target=\"_blank\" rel=\"noreferrer noopener\">https:\/\/link.webropolsurveys.com\/S\/93F5532BB6D997E8<\/a><\/p>\n<p>Decisions will be communicated to the working group leaders or contact persons by email\u00a0<strong>by November 14<\/strong>. As the conference schedule and reserved facilities are limited, the organizing committee reserves the right to combine working groups if necessary.<\/p>\n<p>The 2026 conference is organized by the Finnish Association for Media and Communication Studies\u00a0Mevi ry and Viestint\u00e4tieteiden oppiaine (Communication Studies) at the University of Vaasa. Further information about Mevi-p\u00e4iv\u00e4t can be found at\u00a0<a href=\"https:\/\/sites.uwasa.fi\/mevi2026\/en\/\" target=\"_blank\" rel=\"noreferrer noopener\">https:\/\/sites.uwasa.fi\/mevi2026\/en\/<\/a>\u00a0and on the websites of Mevi ry and the University of Vaasa.<\/p>\n<p>Warm regards,<\/p>\n<p>The organizers of Mevi-p\u00e4iv\u00e4t 2026<\/p>\n<p><strong>Tanja Sihvonen<\/strong>, Scientific program<\/p>\n<p><strong>Eveliina Salmela<\/strong>, General arrangements<\/p>\n<p><strong>Lilli Sihvonen<\/strong>, Working groups<\/p>\n","protected":false},"excerpt":{"rendered":"<p>\u20132 February 2026\u2013 Mevi News! We received over 90 abstract proposals for the Mevi Days 2026. The working groups are currently reviewing them and will notify applicants and the organizing committee of the accepted abstracts by 12 February 2026 at the latest. The program and registration will be published shortly thereafter. Grants of up to [&hellip;]<\/p>\n","protected":false},"author":100,"featured_media":0,"parent":0,"menu_order":0,"comment_status":"closed","ping_status":"closed","template":"","meta":{"_acf_changed":false,"footnotes":""},"class_list":["post-94","page","type-page","status-publish","hentry"],"acf":[],"lang":"en","translations":{"en":94,"sv":92,"fi":3},"pll_sync_post":[],"_links":{"self":[{"href":"https:\/\/sites.uwasa.fi\/mevi2026\/wp-json\/wp\/v2\/pages\/94"}],"collection":[{"href":"https:\/\/sites.uwasa.fi\/mevi2026\/wp-json\/wp\/v2\/pages"}],"about":[{"href":"https:\/\/sites.uwasa.fi\/mevi2026\/wp-json\/wp\/v2\/types\/page"}],"author":[{"embeddable":true,"href":"https:\/\/sites.uwasa.fi\/mevi2026\/wp-json\/wp\/v2\/users\/100"}],"replies":[{"embeddable":true,"href":"https:\/\/sites.uwasa.fi\/mevi2026\/wp-json\/wp\/v2\/comments?post=94"}],"version-history":[{"count":11,"href":"https:\/\/sites.uwasa.fi\/mevi2026\/wp-json\/wp\/v2\/pages\/94\/revisions"}],"predecessor-version":[{"id":392,"href":"https:\/\/sites.uwasa.fi\/mevi2026\/wp-json\/wp\/v2\/pages\/94\/revisions\/392"}],"wp:attachment":[{"href":"https:\/\/sites.uwasa.fi\/mevi2026\/wp-json\/wp\/v2\/media?parent=94"}],"curies":[{"name":"wp","href":"https:\/\/api.w.org\/{rel}","templated":true}]}}