{"id":92,"date":"2025-10-10T15:42:06","date_gmt":"2025-10-10T12:42:06","guid":{"rendered":"https:\/\/sites.uwasa.fi\/mevi2026\/?page_id=92"},"modified":"2026-02-02T13:03:40","modified_gmt":"2026-02-02T11:03:40","slug":"call-for-papers-medie-och-kommunikationsforskningsdagarna-2026","status":"publish","type":"page","link":"https:\/\/sites.uwasa.fi\/mevi2026\/sv\/call-for-papers-medie-och-kommunikationsforskningsdagarna-2026\/","title":{"rendered":"Call for papers"},"content":{"rendered":"<p data-start=\"42\" data-end=\"61\"><em>\u2013den 2 februari 2026\u2013<\/em><\/p>\n<h2 data-start=\"42\" data-end=\"61\"><strong data-start=\"42\" data-end=\"59\">Mevi-nyheter!<\/strong><\/h2>\n<p data-start=\"68\" data-end=\"311\">Vi fick \u00f6ver 90 abstraktf\u00f6rslag till Mevi-dagarna 2026. Arbetsgrupperna g\u00e5r f\u00f6r n\u00e4rvarande igenom dem och meddelar om godk\u00e4nnanden till de s\u00f6kande och organisationskommitt\u00e9n senast den 12.2.2026. Program och anm\u00e4lan publiceras kort d\u00e4refter.<\/p>\n<p data-start=\"318\" data-end=\"492\">Det \u00e4r fortfarande m\u00f6jligt att ans\u00f6ka om stipendier p\u00e5 upp till 350 euro som beviljas av Mevi rf f\u00f6r doktorander fram till den 9.2.2026. <span style=\"font-weight: 400\">Stipendiet s\u00f6ks via <\/span><a href=\"https:\/\/docs.google.com\/forms\/d\/e\/1FAIpQLSepD6xqOI6nCYGLNvbwbLTJ-noHWwKGmQ_mlaMVb4wryDQhLw\/viewform\" target=\"_blank\" rel=\"noopener\"><span style=\"font-weight: 400\">detta formul\u00e4r<\/span><\/a>.<\/p>\n<hr \/>\n<p><em>\u2013Kallelsen och ans\u00f6kan har avslutats\u2013<\/em><\/p>\n<h2><strong>Abstrakts\u00f6kning 2026<\/strong><\/h2>\n<p><span style=\"font-weight: 400\">Medie- och kommunikationsforskningsdagarna \u00e4r den viktigaste inhemska konferensen i Finland inom sitt omr\u00e5de och samlar forskare, studenter, l\u00e4rare och andra experter inom media- och kommunikationssektorn.\u00a0<\/span><\/p>\n<p><b>N\u00e4sta Mevi-p\u00e4iv\u00e4t h\u00e5lls i Vasa den 7\u20138 maj 2026.<\/b><\/p>\n<p><span style=\"font-weight: 400\">Temat f\u00f6r n\u00e4sta \u00e5r \u00e4r <\/span><b><i>Juuret \u2013 R\u00f6tter \u2013 Roots<\/i><\/b><span style=\"font-weight: 400\">. R\u00f6tter symboliserar ursprung, grunder och kontinuitet, men ocks\u00e5 tillv\u00e4xt och f\u00f6r\u00e4ndring. Inom medie- och kommunikationsvetenskapen str\u00e4cker sig r\u00f6tterna i m\u00e5nga riktningar: de n\u00e5r historiska utg\u00e5ngspunkter och traditioner, olika tillv\u00e4xtplattformar och sammanhang, nya metoder f\u00f6r att producera och sprida information, samt symbiotiska kopplingar och experiment.<\/span><\/p>\n<p><span style=\"font-weight: 400\">F\u00f6r n\u00e4rvarande v\u00e4xer forskning med fokus p\u00e5 medie- och kommunikationsfenomen fram p\u00e5 m\u00e5nga olika plattformar och i m\u00e5nga olika grogrunder. Trots denna m\u00e5ngfald har de olika grenarna av disciplinen ocks\u00e5 mycket gemensamt.<\/span><\/p>\n<p><b>Du \u00e4r v\u00e4lkommen att f\u00f6resl\u00e4 ett abstrakt till arbetsgrupperna vid Mevi-dagarna 2026!<\/b><\/p>\n<p><span style=\"font-weight: 400\">Vi bjuder f\u00f6r n\u00e4rvarande in abstrakt till 14 arbetsgrupper. F\u00f6r varje arbetsgrupp anges separat vilka spr\u00e5k de arbetar p\u00e5 och tar emot abstrakt p\u00e5. Sex av dem accepterar ocks\u00e5 inl\u00e4mningar p\u00e5 engelska. En av arbetsgrupperna tar ocks\u00e5 emot abstrakt p\u00e5 svenska. De \u00e4r f\u00f6ljande:<\/span><\/p>\n<ul>\n<li><a href=\"https:\/\/sites.uwasa.fi\/mevi2026\/en\/working-groups\/the-multidimensionality-of-information-resilience-in-the-field-of-media-and-communication-research\/\" target=\"_blank\" rel=\"noopener\"><span style=\"font-weight: 400\">Informaatioresilienssin moniulotteisuus median ja viestinn\u00e4n kent\u00e4ll\u00e4 (The Multidimensionality of Information Resilience in the Field of Media and Communication Research)<\/span><\/a><\/li>\n<li><a href=\"https:\/\/sites.uwasa.fi\/mevi2026\/en\/working-groups\/roots-the-foundations-and-new-offshoots-of-journalism\/\" target=\"_blank\" rel=\"noopener\"><span style=\"font-weight: 400\">Juuret \u2013 Journalismin perustat ja uudet versot (Roots \u2013 The foundations and new offshoots of journalism)<\/span><\/a><\/li>\n<li><a href=\"https:\/\/sites.uwasa.fi\/mevi2026\/en\/working-groups\/media-technology-and-sustainability\/\" target=\"_blank\" rel=\"noopener\"><span style=\"font-weight: 400\">Media, teknologia ja kest\u00e4vyys (Media, technology, and sustainability)<\/span><\/a><\/li>\n<li><a href=\"https:\/\/sites.uwasa.fi\/mevi2026\/tyoryhmat\/poliittinen-viestinta-affektiivisen-polarisaation-aikakaudella\/\" target=\"_blank\" rel=\"noopener\"><span style=\"font-weight: 400\">Poliittinen viestint\u00e4 affektiivisen polarisaation aikakaudella<\/span><\/a><\/li>\n<li><a href=\"https:\/\/sites.uwasa.fi\/mevi2026\/en\/working-groups\/roots-and-appearance-of-misleading-in-digital-communication\/\" target=\"_blank\" rel=\"noopener\"><span style=\"font-weight: 400\">Roots and appearance of misleading in digital communication<\/span><\/a><\/li>\n<li><a href=\"https:\/\/sites.uwasa.fi\/mevi2026\/en\/communicative-ai-roots-and-repercussions\/\" target=\"_blank\" rel=\"noopener\"><span style=\"font-weight: 400\">Viestiv\u00e4n teko\u00e4lyn juuret ja joutomaat (Communicative AI: roots and repercussions)<\/span><\/a><\/li>\n<li><a href=\"https:\/\/sites.uwasa.fi\/mevi2026\/en\/working-groups\/when-news-meet-planetary-boundaries-rethinking-journalism\/\" target=\"_blank\" rel=\"noopener\"><span style=\"font-weight: 400\">When News Meet Planetary Boundaries: Rethinking Journalism<\/span><\/a><\/li>\n<\/ul>\n<p>&nbsp;<\/p>\n<p><span style=\"font-weight: 400\">Andra arbetsgrupper \u00e4r:<\/span><\/p>\n<p>&nbsp;<\/p>\n<ul>\n<li><a href=\"https:\/\/sites.uwasa.fi\/mevi2026\/tyoryhmat\/ekomediatutkimuksen-versovat-kentat\/\" target=\"_blank\" rel=\"noopener\"><span style=\"font-weight: 400\">Ekomediatutkimuksen versovat kent\u00e4t<\/span><\/a><\/li>\n<li><a href=\"https:\/\/sites.uwasa.fi\/mevi2026\/tyoryhmat\/lansi-ja-muut-mediassa-sivilisationaalinen-ideologia-liberaalin-ja-saantopohjaisen-jarjestyksen-haastajana\/\" target=\"_blank\" rel=\"noopener\"><span style=\"font-weight: 400\">L\u00e4nsi ja muut mediassa: sivilisationaalinen ideologia liberaalin ja s\u00e4\u00e4nt\u00f6pohjaisen j\u00e4rjestyksen haastajana<\/span><\/a><\/li>\n<li><a href=\"https:\/\/sites.uwasa.fi\/mevi2026\/tyoryhmat\/mediatalouden-ja-viestintapolitiikan-tyoryhma\/\" target=\"_blank\" rel=\"noopener\"><span style=\"font-weight: 400\">Mediatalouden ja viestint\u00e4politiikan ty\u00f6ryhm\u00e4<\/span><\/a><\/li>\n<li><a href=\"https:\/\/sites.uwasa.fi\/mevi2026\/tyoryhmat\/nakokulmia-televisioon-ennen-ja-nyt\/\" target=\"_blank\" rel=\"noopener\"><span style=\"font-weight: 400\">N\u00e4k\u00f6kulmia televisioon ennen ja nyt<\/span><\/a><\/li>\n<li><a href=\"https:\/\/sites.uwasa.fi\/mevi2026\/tyoryhmat\/tekoaly-journalismissa\/\" target=\"_blank\" rel=\"noopener\"><span style=\"font-weight: 400\">Teko\u00e4ly journalismissa<\/span><\/a><\/li>\n<li><a href=\"https:\/\/sites.uwasa.fi\/mevi2026\/tyoryhmat\/tiede-teknologia-ja-asiantuntijuus-julkisuudessa\/\" target=\"_blank\" rel=\"noopener\"><span style=\"font-weight: 400\">Tiede, teknologia ja asiantuntijuus julkisuudessa<\/span><\/a><\/li>\n<li><a href=\"https:\/\/sites.uwasa.fi\/mevi2026\/tyoryhmat\/visuaalisen-tutkimuksen-tyoryhma\/\" target=\"_blank\" rel=\"noopener\"><span style=\"font-weight: 400\">Visuaalisen tutkimuksen ty\u00f6ryhm\u00e4<\/span><\/a><\/li>\n<\/ul>\n<p>&nbsp;<\/p>\n<p><span style=\"font-weight: 400\">Abstrakten m\u00e5ste skickas senast <\/span><b>den 12 januari 2026<\/b><span style=\"font-weight: 400\">. <\/span><span style=\"font-weight: 400\">Abstrakten l\u00e4mnas in till arbetsgrupperna via <\/span><a href=\"https:\/\/link.webropolsurveys.com\/S\/5F7B6A37B89E8DFD\" target=\"_blank\" rel=\"noopener\"><b>detta formul\u00e4r<\/b><\/a><span style=\"font-weight: 400\">. L\u00e4ngden f\u00f6r abstrakten \u00e4r 200\u2013300 ord. Arbetsgrupperna meddelar de valda abstrakten till deltagarna och organisationskommitt\u00e9n senast 12.2.2026. Vi uppmuntrar de s\u00f6kande att koppla sina abstraktf\u00f6rslag b\u00e5de till arbetsgruppen och konferensens tema.<\/span><\/p>\n<p><span style=\"font-weight: 400\">Eftersom konferensens tidsschema och bokade lokaler \u00e4r begr\u00e4nsade, f\u00f6rbeh\u00e5ller sig organisationskommitt\u00e9n r\u00e4tten att vid behov sl\u00e5 ihop arbetsgrupper.<\/span><\/p>\n<p><span style=\"font-weight: 400\">Anm\u00e4lningen till Mevi-p\u00e4iv\u00e4t \u00f6ppnas ett par m\u00e5nader f\u00f6re konferensen.<\/span><\/p>\n<p><strong>Viktig information f\u00f6r doktorander:<\/strong><b><br \/>\n<\/b><\/p>\n<p><span style=\"font-weight: 400\">Stipendier p\u00e5 350 euro delas ut till doktorander f\u00f6r deltagande i Mevi-dagarna!<\/span><\/p>\n<p><span style=\"font-weight: 400\">Mevi rf beviljar stipendier p\u00e5 h\u00f6gst 350 euro till doktorander f\u00f6r att st\u00f6dja deltagandet i Mevi-dagarna 2026.<\/span><\/p>\n<p><span style=\"font-weight: 400\">Stipendiet kan anv\u00e4ndas av forskarstuderande som \u00e4r inskrivna vid en finsk h\u00f6gskola f\u00f6r att t\u00e4cka deltagaravgiften, boendekostnader och resekostnader f\u00f6r resor med kollektivtrafik. Kostnader som \u00f6verstiger stipendiebeloppet t\u00e4cks inte. Stipendiet betalas ut efter konferensen mot uppvisande av kvitton.<\/span><\/p>\n<p><span style=\"font-weight: 400\">Stipendiet beviljas endast doktorander vars presentation har godk\u00e4nts f\u00f6r presentation vid konferensen. Stipendierna \u00e4r avsedda att delas ut till doktorander som inte har andra m\u00f6jligheter att finansiera sitt deltagande i konferensen.<\/span><\/p>\n<p><span style=\"font-weight: 400\">Dessutom prioriteras personer som deltar i Mevi-dagarna f\u00f6r f\u00f6rsta g\u00e5ngen. Beslut om stipendier fattas av Mevi rf:s styrelse. Stipendiet s\u00f6ks via <\/span><a href=\"https:\/\/docs.google.com\/forms\/d\/e\/1FAIpQLSepD6xqOI6nCYGLNvbwbLTJ-noHWwKGmQ_mlaMVb4wryDQhLw\/viewform\" target=\"_blank\" rel=\"noopener\"><span style=\"font-weight: 400\">detta formul\u00e4r<\/span><\/a><span style=\"font-weight: 400\"> senast <del>den 12.1.2026<\/del>. <strong>Obs! Ans\u00f6kningstiden f\u00f6r stipendiet har f\u00f6rl\u00e4ngts till den 9.2.2026.<\/strong><\/span><\/p>\n<p><span style=\"font-weight: 400\">Konferensen 2026 organiseras av Samfundet f\u00f6r medie- och kommunikationsvetenskap Mevi r.f. och Viestint\u00e4tieteiden oppiaine (kommunikationsvetenskaper) vid Vasa universitet. Information om Mevi-p\u00e4iv\u00e4t finns p\u00e5<\/span><a href=\"https:\/\/sites.uwasa.fi\/mevi2026\/\"> <span style=\"font-weight: 400\">https:\/\/sites.uwasa.fi\/mevi2026\/<\/span><\/a><span style=\"font-weight: 400\"> och p\u00e5 Mevis och Vasa universitets webbplatser.<\/span><\/p>\n<p>&nbsp;<\/p>\n<p><b>Med v\u00e4nliga h\u00e4lsningar,<\/b><\/p>\n<p><span style=\"font-weight: 400\">Arrang\u00f6rerna av Mevi-p\u00e4iv\u00e4t 2026<\/span><\/p>\n<p><span style=\"font-weight: 400\">Tanja Sihvonen (vetenskapligt program)<\/span><\/p>\n<p><span style=\"font-weight: 400\">Eveliina Salmela (allm\u00e4nna arrangemang)\u00a0<\/span><\/p>\n<p><span style=\"font-weight: 400\">Lilli Sihvonen (arbetsgrupper)<\/span><\/p>\n<p>&nbsp;<\/p>\n<hr \/>\n<p><em>\u2013Kallelsen och ans\u00f6kan har avslutats\u2013<\/em><\/p>\n<h2><strong>Inbjudan till arbetsgrupp 2026<\/strong><\/h2>\n<p>Medie- och kommunikationsforskningsdagarna \u00e4r den viktigaste inhemska konferensen i Finland inom sitt omr\u00e5de och samlar forskare, studenter, l\u00e4rare och andra experter inom media- och kommunikationssektorn. N\u00e4sta Mevi-p\u00e4iv\u00e4t h\u00e5lls i Vasa den 7\u20138 maj 2026.<\/p>\n<p>Temat f\u00f6r n\u00e4sta \u00e5r \u00e4r\u00a0<em>Juuret \u2013 R\u00f6tter \u2013 Roots<\/em>. R\u00f6tter symboliserar ursprung, grunder och kontinuitet, men ocks\u00e5 tillv\u00e4xt och f\u00f6r\u00e4ndring. Inom medie- och kommunikationsvetenskapen str\u00e4cker sig r\u00f6tterna i m\u00e5nga riktningar: de n\u00e5r historiska utg\u00e5ngspunkter och traditioner, olika tillv\u00e4xtplattformar och sammanhang, nya metoder f\u00f6r att producera och sprida information, samt symbiotiska kopplingar och experiment.<\/p>\n<p>F\u00f6r n\u00e4rvarande v\u00e4xer forskning med fokus p\u00e5 medie- och kommunikationsfenomen fram p\u00e5 m\u00e5nga olika plattformar och i m\u00e5nga olika grogrunder. Trots denna m\u00e5ngfald har de olika grenarna av disciplinen ocks\u00e5 mycket gemensamt.<\/p>\n<p>V\u00e4lkommen att f\u00f6resl\u00e5 en arbetsgrupp f\u00f6r Mevi-p\u00e4iv\u00e4t 2026!<\/p>\n<p>Arbetsgruppen ska presenteras med en titel och en beskrivning av inneh\u00e5llet p\u00e5 h\u00f6gst 300 ord. Den person som f\u00f6resl\u00e5r arbetsgruppen kommer vanligtvis ocks\u00e5 att fungera som ledare eller en av ledarna f\u00f6r arbetsgruppen. Vi uppmuntrar arbetsgruppsledarna att p\u00e5 ett eller annat s\u00e4tt koppla sina arbetsgruppsf\u00f6rslag till konferensens tema.\u00a0<strong>F\u00f6rslag m\u00e5ste l\u00e4mnas in senast den 31 oktober med hj\u00e4lp av detta formul\u00e4r:\u00a0<\/strong><a href=\"https:\/\/eur04.safelinks.protection.outlook.com\/?url=https%3A%2F%2Flink.webropolsurveys.com%2FS%2F93F5532BB6D997E8&amp;data=05%7C02%7Cliisa.ovaska%40tuni.fi%7C68684eeb9e694498ec8c08ddf9df85f9%7Cfa6944afcc7c4cd89154c01132798910%7C0%7C0%7C638941460600147109%7CUnknown%7CTWFpbGZsb3d8eyJFbXB0eU1hcGkiOnRydWUsIlYiOiIwLjAuMDAwMCIsIlAiOiJXaW4zMiIsIkFOIjoiTWFpbCIsIldUIjoyfQ%3D%3D%7C0%7C%7C%7C&amp;sdata=G1pW3oe9m0KHYeNuvIxiW1wa%2BNcIDh9gZPKd1nom0%2FA%3D&amp;reserved=0\" target=\"_blank\" rel=\"noreferrer noopener\">https:\/\/link.webropolsurveys.com\/S\/93F5532BB6D997E8<\/a><\/p>\n<p>Beslut kommer att meddelas arbetsgruppens kontaktpersoner via e-post senast\u00a0<strong>den 14 november<\/strong>. Eftersom konferensschemat och de reserverade lokalerna \u00e4r begr\u00e4nsade f\u00f6rbeh\u00e5ller sig organisationskommitt\u00e9n r\u00e4tten att kombinera arbetsgrupper vid behov.<\/p>\n<p>Konferensen 2026 organiseras av Samfundet f\u00f6r medie- och kommunikationsvetenskap Mevi r.f. och Viestint\u00e4tieteiden oppiaine (kommunikationsvetenskaper) vid Vasa universitet. Information om Mevi-p\u00e4iv\u00e4t finns p\u00e5\u00a0<a href=\"https:\/\/eur04.safelinks.protection.outlook.com\/?url=https%3A%2F%2Fsites.uwasa.fi%2Fmevi2026%2F&amp;data=05%7C02%7Cliisa.ovaska%40tuni.fi%7C68684eeb9e694498ec8c08ddf9df85f9%7Cfa6944afcc7c4cd89154c01132798910%7C0%7C0%7C638941460600167451%7CUnknown%7CTWFpbGZsb3d8eyJFbXB0eU1hcGkiOnRydWUsIlYiOiIwLjAuMDAwMCIsIlAiOiJXaW4zMiIsIkFOIjoiTWFpbCIsIldUIjoyfQ%3D%3D%7C0%7C%7C%7C&amp;sdata=sld%2BEno80KKzqcLqzfiF0171eEdUjWuAOgRm43pAOw8%3D&amp;reserved=0\" target=\"_blank\" rel=\"noreferrer noopener\">https:\/\/sites.uwasa.fi\/mevi2026\/<\/a>\u00a0och p\u00e5 Mevis och Vasa universitets webbplatser.<\/p>\n<p>Med v\u00e4nliga h\u00e4lsningar,<\/p>\n<p>Arrang\u00f6rerna av Mevi-p\u00e4iv\u00e4t 2026<\/p>\n<p><strong>Tanja Sihvonen<\/strong>, Vetenskapligt program<\/p>\n<p><strong>Eveliina Salmela<\/strong>, Allm\u00e4nna arrangemang<\/p>\n<p><strong>Lilli Sihvonen<\/strong>, Arbetsgrupper<\/p>\n","protected":false},"excerpt":{"rendered":"<p>\u2013den 2 februari 2026\u2013 Mevi-nyheter! Vi fick \u00f6ver 90 abstraktf\u00f6rslag till Mevi-dagarna 2026. Arbetsgrupperna g\u00e5r f\u00f6r n\u00e4rvarande igenom dem och meddelar om godk\u00e4nnanden till de s\u00f6kande och organisationskommitt\u00e9n senast den 12.2.2026. Program och anm\u00e4lan publiceras kort d\u00e4refter. Det \u00e4r fortfarande m\u00f6jligt att ans\u00f6ka om stipendier p\u00e5 upp till 350 euro som beviljas av Mevi rf [&hellip;]<\/p>\n","protected":false},"author":100,"featured_media":0,"parent":0,"menu_order":0,"comment_status":"closed","ping_status":"closed","template":"","meta":{"_acf_changed":false,"footnotes":""},"class_list":["post-92","page","type-page","status-publish","hentry"],"acf":[],"lang":"sv","translations":{"sv":92,"fi":3,"en":94},"pll_sync_post":[],"_links":{"self":[{"href":"https:\/\/sites.uwasa.fi\/mevi2026\/wp-json\/wp\/v2\/pages\/92"}],"collection":[{"href":"https:\/\/sites.uwasa.fi\/mevi2026\/wp-json\/wp\/v2\/pages"}],"about":[{"href":"https:\/\/sites.uwasa.fi\/mevi2026\/wp-json\/wp\/v2\/types\/page"}],"author":[{"embeddable":true,"href":"https:\/\/sites.uwasa.fi\/mevi2026\/wp-json\/wp\/v2\/users\/100"}],"replies":[{"embeddable":true,"href":"https:\/\/sites.uwasa.fi\/mevi2026\/wp-json\/wp\/v2\/comments?post=92"}],"version-history":[{"count":14,"href":"https:\/\/sites.uwasa.fi\/mevi2026\/wp-json\/wp\/v2\/pages\/92\/revisions"}],"predecessor-version":[{"id":393,"href":"https:\/\/sites.uwasa.fi\/mevi2026\/wp-json\/wp\/v2\/pages\/92\/revisions\/393"}],"wp:attachment":[{"href":"https:\/\/sites.uwasa.fi\/mevi2026\/wp-json\/wp\/v2\/media?parent=92"}],"curies":[{"name":"wp","href":"https:\/\/api.w.org\/{rel}","templated":true}]}}