{"id":511,"date":"2026-04-08T12:58:05","date_gmt":"2026-04-08T09:58:05","guid":{"rendered":"https:\/\/sites.uwasa.fi\/mevi2026\/?page_id=511"},"modified":"2026-04-08T13:09:43","modified_gmt":"2026-04-08T10:09:43","slug":"matkustaminen-vaasaan-ja-vaasassa","status":"publish","type":"page","link":"https:\/\/sites.uwasa.fi\/mevi2026\/kaytannon-tietoa\/matkustaminen-vaasaan-ja-vaasassa\/","title":{"rendered":"Matkustaminen"},"content":{"rendered":"<p>&nbsp;<\/p>\n<hr \/>\n<h2>Junalla Vaasaan<\/h2>\n<p class=\"font-claude-response-body break-words whitespace-normal leading-[1.7]\">Vaasaan on mahdollista saapua junalla. Vaasan rautatieasema sijaitsee kaupungin keskustassa.<\/p>\n<p class=\"font-claude-response-body break-words whitespace-normal leading-[1.7]\">Tarkista juna-aikataulut VR:n nettisivuilta:<a href=\"https:\/\/www.vr.fi\/\" target=\"_blank\" rel=\"noopener\"> https:\/\/www.vr.fi\/<\/a><\/p>\n<p class=\"font-claude-response-body break-words whitespace-normal leading-[1.7]\">Vaasan rautatieasemalta Tervahovi-rakennukseen (Vaasan yliopisto) on noin 1,9 km (noin 27 minuutin k\u00e4velymatka). T\u00e4m\u00e4 on Google Mapsin arvioima matka-aika k\u00e4vellen.<\/p>\n<hr \/>\n<h2>Vaasaan bussilla tai omalla autolla<\/h2>\n<p class=\"font-claude-response-body break-words whitespace-normal leading-[1.7]\">Kaukoliikenteen bussit saapuvat Vaasan matkakeskukseen, joka sijaitsee kaupungin keskustassa rautatieaseman vieress\u00e4.<\/p>\n<p class=\"font-claude-response-body break-words whitespace-normal leading-[1.7]\">Tarkista bussiaikataulut Onnibussin tai Matkahuollon sivuilta <a class=\"underline underline underline-offset-2 decoration-1 decoration-current\/40 hover:decoration-current focus:decoration-current\" href=\"http:\/\/www.onnibus.com\/\" target=\"_blank\" rel=\"noopener\">www.onnibus.com\/<\/a> tai <a href=\"https:\/\/www.matkahuolto.fi\/\" target=\"_blank\" rel=\"noopener\">https:\/\/www.matkahuolto.fi\/<\/a><\/p>\n<p class=\"font-claude-response-body break-words whitespace-normal leading-[1.7]\">Vaasan matkakeskuksesta Tervahovi-rakennukseen (Vaasan yliopisto) on noin 2,1 km (noin 30 minuutin k\u00e4velymatka). T\u00e4m\u00e4 on Google Mapsin arvioima matka-aika k\u00e4vellen.<\/p>\n<p class=\"font-claude-response-body break-words whitespace-normal leading-[1.7]\">Vaasaan p\u00e4\u00e4see my\u00f6s helposti autolla. Esimerkiksi automatka Helsingist\u00e4 Vaasaan kest\u00e4\u00e4 noin 5 tuntia.<\/p>\n<hr \/>\n<h2>Liikkuminen Vaasassa<\/h2>\n<p class=\"font-claude-response-body break-words whitespace-normal leading-[1.7]\">Vaasassa moniin kohteisiin p\u00e4\u00e4see helposti jalan. Polkupy\u00f6r\u00e4n vuokrauksen mahdollisuutta voi tiedustella omasta majoituspaikastaan.<\/p>\n<p class=\"font-claude-response-body break-words whitespace-normal leading-[1.7]\">Jos tarvitset julkista liikennett\u00e4, tarkista <a href=\"https:\/\/www.vaasa.fi\/asu-ja-ela\/liikenne-ja-kadut\/joukkoliikenne\/bussiaikataulut-ja-reitit\/\" target=\"_blank\" rel=\"noopener\">Lifti-linjan aikataulut ja reitit<\/a>. Vaasan paikallisliikenteen busseissa voi matkustaa kertalipulla sek\u00e4 Waltti-kausi- ja arvokortilla. Kertalipun voi ostaa k\u00e4teisell\u00e4 suoraan bussista.<\/p>\n<p class=\"font-claude-response-body break-words whitespace-normal leading-[1.7]\">Dott- ja Ryde-sovellusten tarjoamat s\u00e4hk\u00f6potkulautapalvelut toimivat Vaasassa.<\/p>\n<p class=\"font-claude-response-body break-words whitespace-normal leading-[1.7]\">Jos tarvitset yksityist\u00e4 kuljetusta, voit tilata taksin <a href=\"https:\/\/www.taksivaasa.fi\/fi\/\" target=\"_blank\" rel=\"noopener\">Taxi Vaasasta<\/a>. My\u00f6s Uber toimii Vaasassa.<\/p>\n<hr \/>\n<h3>Lis\u00e4tietoja Vaasaan matkustamisesta<\/h3>\n<p>Tutustu Vaasan kaupungin nettisivuihin: <a href=\"https:\/\/www.vaasa.fi\/tietoa-vaasasta-ja-seudusta\/saapuminen-vaasan-seudulle\/\" target=\"_blank\" rel=\"noopener\">https:\/\/www.vaasa.fi\/tietoa-vaasasta-ja-seudusta\/saapuminen-vaasan-seudulle\/\u00a0<\/a><\/p>\n","protected":false},"excerpt":{"rendered":"<p>&nbsp; Junalla Vaasaan Vaasaan on mahdollista saapua junalla. Vaasan rautatieasema sijaitsee kaupungin keskustassa. Tarkista juna-aikataulut VR:n nettisivuilta: https:\/\/www.vr.fi\/ Vaasan rautatieasemalta Tervahovi-rakennukseen (Vaasan yliopisto) on noin 1,9 km (noin 27 minuutin k\u00e4velymatka). T\u00e4m\u00e4 on Google Mapsin arvioima matka-aika k\u00e4vellen. Vaasaan bussilla tai omalla autolla Kaukoliikenteen bussit saapuvat Vaasan matkakeskukseen, joka sijaitsee kaupungin keskustassa rautatieaseman vieress\u00e4. Tarkista [&hellip;]<\/p>\n","protected":false},"author":586,"featured_media":0,"parent":28,"menu_order":3,"comment_status":"closed","ping_status":"closed","template":"","meta":{"_acf_changed":false,"footnotes":""},"class_list":["post-511","page","type-page","status-publish","hentry"],"acf":[],"lang":"fi","translations":{"fi":511,"en":513},"pll_sync_post":[],"_links":{"self":[{"href":"https:\/\/sites.uwasa.fi\/mevi2026\/wp-json\/wp\/v2\/pages\/511"}],"collection":[{"href":"https:\/\/sites.uwasa.fi\/mevi2026\/wp-json\/wp\/v2\/pages"}],"about":[{"href":"https:\/\/sites.uwasa.fi\/mevi2026\/wp-json\/wp\/v2\/types\/page"}],"author":[{"embeddable":true,"href":"https:\/\/sites.uwasa.fi\/mevi2026\/wp-json\/wp\/v2\/users\/586"}],"replies":[{"embeddable":true,"href":"https:\/\/sites.uwasa.fi\/mevi2026\/wp-json\/wp\/v2\/comments?post=511"}],"version-history":[{"count":2,"href":"https:\/\/sites.uwasa.fi\/mevi2026\/wp-json\/wp\/v2\/pages\/511\/revisions"}],"predecessor-version":[{"id":524,"href":"https:\/\/sites.uwasa.fi\/mevi2026\/wp-json\/wp\/v2\/pages\/511\/revisions\/524"}],"up":[{"embeddable":true,"href":"https:\/\/sites.uwasa.fi\/mevi2026\/wp-json\/wp\/v2\/pages\/28"}],"wp:attachment":[{"href":"https:\/\/sites.uwasa.fi\/mevi2026\/wp-json\/wp\/v2\/media?parent=511"}],"curies":[{"name":"wp","href":"https:\/\/api.w.org\/{rel}","templated":true}]}}