{"id":460,"date":"2026-03-06T13:04:59","date_gmt":"2026-03-06T11:04:59","guid":{"rendered":"https:\/\/sites.uwasa.fi\/mevi2026\/?page_id=460"},"modified":"2026-03-06T16:00:06","modified_gmt":"2026-03-06T14:00:06","slug":"tapahtumapaikka","status":"publish","type":"page","link":"https:\/\/sites.uwasa.fi\/mevi2026\/tapahtumapaikka\/","title":{"rendered":"Tapahtumapaikka"},"content":{"rendered":"<p>Mevi-p\u00e4iv\u00e4t 2026 j\u00e4rjestet\u00e4\u00e4n Vaasassa, Suomen l\u00e4nsirannikolla sijaitsevassa merellisess\u00e4 kaupungissa. Vaasa tunnetaan vahvasta energiakeskittym\u00e4st\u00e4\u00e4n, kest\u00e4vyysteemastaan ja kauniista merenrantamaisemistaan, jotka tarjoavat inspiroivan ymp\u00e4rist\u00f6n tapahtumalle. Konferenssi j\u00e4rjestet\u00e4\u00e4n Vaasan yliopistolla,Tervahovi-rakennuksessa.<\/p>\n<hr \/>\n<p>&nbsp;<\/p>\n<p><strong>Tapahtumapaikka: <\/strong><\/p>\n<p>Tervahovi-rakennus, Vaasan yliopisto<\/p>\n<p><strong>Osoite: <\/strong><\/p>\n<p>Wolffintie 32, 65200 Vaasa<\/p>\n<p>Karttalinkki: <a href=\"https:\/\/maps.app.goo.gl\/XmpSFSHpVoPzu1ez5\" target=\"_blank\" rel=\"noopener\">https:\/\/maps.app.goo.gl\/XmpSFSHpVoPzu1ez5<\/a><\/p>\n<p>&nbsp;<\/p>\n<p><strong>Miten p\u00e4\u00e4sen tapahtumapaikalle?<\/strong><\/p>\n<p style=\"line-height: 15.0pt\">Tapahtumapaikka on helposti saavutettavissa kaupungin keskustasta.<\/p>\n<p style=\"line-height: 15.0pt\">K\u00e4velymatka keskustasta Vaasan yliopiston Tervahovi-rakennukselle kest\u00e4\u00e4 noin 20 minuuttia.<\/p>\n<p style=\"line-height: 15.0pt\">Lis\u00e4tietoa Vaasan yliopiston kampukselle saapumisesta l\u00f6yd\u00e4t Vaasan yliopiston verkkosivuilta.<\/p>\n<p style=\"line-height: 15.0pt\">Lis\u00e4tietoja liikkumisesta Vaasassa, kuten julkisesta liikenteest\u00e4, l\u00f6yd\u00e4t Matkustus-sivultamme.<\/p>\n","protected":false},"excerpt":{"rendered":"<p>Mevi-p\u00e4iv\u00e4t 2026 j\u00e4rjestet\u00e4\u00e4n Vaasassa, Suomen l\u00e4nsirannikolla sijaitsevassa merellisess\u00e4 kaupungissa. Vaasa tunnetaan vahvasta energiakeskittym\u00e4st\u00e4\u00e4n, kest\u00e4vyysteemastaan ja kauniista merenrantamaisemistaan, jotka tarjoavat inspiroivan ymp\u00e4rist\u00f6n tapahtumalle. Konferenssi j\u00e4rjestet\u00e4\u00e4n Vaasan yliopistolla,Tervahovi-rakennuksessa. &nbsp; Tapahtumapaikka: Tervahovi-rakennus, Vaasan yliopisto Osoite: Wolffintie 32, 65200 Vaasa Karttalinkki: https:\/\/maps.app.goo.gl\/XmpSFSHpVoPzu1ez5 &nbsp; Miten p\u00e4\u00e4sen tapahtumapaikalle? Tapahtumapaikka on helposti saavutettavissa kaupungin keskustasta. K\u00e4velymatka keskustasta Vaasan yliopiston Tervahovi-rakennukselle kest\u00e4\u00e4 noin [&hellip;]<\/p>\n","protected":false},"author":100,"featured_media":0,"parent":0,"menu_order":0,"comment_status":"closed","ping_status":"closed","template":"","meta":{"_acf_changed":false,"footnotes":""},"class_list":["post-460","page","type-page","status-publish","hentry"],"acf":[],"lang":"fi","translations":{"fi":460},"pll_sync_post":[],"_links":{"self":[{"href":"https:\/\/sites.uwasa.fi\/mevi2026\/wp-json\/wp\/v2\/pages\/460"}],"collection":[{"href":"https:\/\/sites.uwasa.fi\/mevi2026\/wp-json\/wp\/v2\/pages"}],"about":[{"href":"https:\/\/sites.uwasa.fi\/mevi2026\/wp-json\/wp\/v2\/types\/page"}],"author":[{"embeddable":true,"href":"https:\/\/sites.uwasa.fi\/mevi2026\/wp-json\/wp\/v2\/users\/100"}],"replies":[{"embeddable":true,"href":"https:\/\/sites.uwasa.fi\/mevi2026\/wp-json\/wp\/v2\/comments?post=460"}],"version-history":[{"count":8,"href":"https:\/\/sites.uwasa.fi\/mevi2026\/wp-json\/wp\/v2\/pages\/460\/revisions"}],"predecessor-version":[{"id":485,"href":"https:\/\/sites.uwasa.fi\/mevi2026\/wp-json\/wp\/v2\/pages\/460\/revisions\/485"}],"wp:attachment":[{"href":"https:\/\/sites.uwasa.fi\/mevi2026\/wp-json\/wp\/v2\/media?parent=460"}],"curies":[{"name":"wp","href":"https:\/\/api.w.org\/{rel}","templated":true}]}}