{"id":435,"date":"2026-03-06T11:18:04","date_gmt":"2026-03-06T09:18:04","guid":{"rendered":"https:\/\/sites.uwasa.fi\/mevi2026\/?page_id=435"},"modified":"2026-03-06T13:23:06","modified_gmt":"2026-03-06T11:23:06","slug":"majoitus","status":"publish","type":"page","link":"https:\/\/sites.uwasa.fi\/mevi2026\/majoitus\/","title":{"rendered":"Majoitus"},"content":{"rendered":"<p style=\"background: white;vertical-align: baseline\"><span style=\"font-family: 'Arial',sans-serif;color: #08131f\">Osallistujat varaavat ja maksavat majoituksensa itse. <\/span><span style=\"font-family: 'Arial',sans-serif;color: #08131f\">Seuraavista l\u00e4hialueen hotelleista on varattu majoituskiinti\u00f6t ja\/tai alennuskoodit Mevi-p\u00e4ivien 2026 osallistujille:<\/span><\/p>\n<hr \/>\n<p>&nbsp;<\/p>\n<h3><strong>Original Sokos Hotel Royal Vaasa<\/strong><\/h3>\n<p>Osoite: Hovioikeudenpuistikko 18, 65100 Vaasa<\/p>\n<p>Et\u00e4isyys tapahtumapaikalle: 1,8 km yliopistolle, sijaitsee kaupungin keskustassa<\/p>\n<p>e-mail: <a href=\"mailto:royal.vaasa@sokoshotels.fi\">royal.vaasa@sokoshotels.fi<\/a><\/p>\n<p>puh. +358 20 1234 619<\/p>\n<p>Verkkosivut: <a href=\"https:\/\/www.sokoshotels.fi\/en\/hotels\/vaasa\/original-sokos-hotel-royal-vaasa\" target=\"_blank\" rel=\"noopener\">https:\/\/www.sokoshotels.fi\/en\/hotels\/vaasa\/original-sokos-hotel-royal-vaasa<\/a><\/p>\n<p>Karttalinkki: <a href=\"https:\/\/maps.app.goo.gl\/m6M5ztVdS7RsBoDu7\" target=\"_blank\" rel=\"noopener\">https:\/\/maps.app.goo.gl\/m6M5ztVdS7RsBoDu7<\/a><\/p>\n<h4>Huonehinnat:<\/h4>\n<ul>\n<li>Standard yhden hengen huone 107 eur \/ y\u00f6<\/li>\n<li>Standard kahden hengen huone 127 eur \/ y\u00f6<\/li>\n<\/ul>\n<p>Huonehintaan sis\u00e4ltyy runsas hotelliaamiainen, langaton internetyhteys (Wi-Fi) ja ALV. Huonehintaan sis\u00e4ltyv\u00e4t ty\u00f6matkustajan S-Card kanta-asiakasedut, mutta hinnoista ei saa erillist\u00e4 kanta-asiakkaan alennusta.<\/p>\n<h4>Varaukset ja maksaminen:<\/h4>\n<p style=\"background: white;vertical-align: baseline\">Huoneet varattavissa kiinti\u00f6tunnuksella <strong>BMEVI26<\/strong> ajankohdalle 6.-8.5.2026.<\/p>\n<p style=\"background: white;vertical-align: baseline\">Kiinti\u00f6st\u00e4 tehdyt huonevaraukset on vahvistettava luottokortilla tai maksettava varausvaiheessa. Ensisijaisesti suosittelemme varauksen tekoa netiss\u00e4: www.sokoshotels.fi. Yst\u00e4v\u00e4llisesti huomioittehan, ett\u00e4 tietosuojasyist\u00e4 luottokorttitietoja ei saa l\u00e4hett\u00e4\u00e4 s\u00e4hk\u00f6postitse. Kiinti\u00f6st\u00e4 tehdyn yksitt\u00e4isen huonevarauksen viimeinen kuluton peruutusp\u00e4iv\u00e4 on 4 vrk ennen tulop\u00e4iv\u00e4\u00e4.<\/p>\n<p>&nbsp;<\/p>\n<hr \/>\n<p>&nbsp;<\/p>\n<h3><strong>Original Sokos Hotel Vaakuna Vaasa<\/strong><\/h3>\n<p>Kauppakeskus Rewell 101, Vaasa<\/p>\n<p>Et\u00e4isyys tapahtumapaikalle: 1,8 km yliopistolle, Sijaitsee keskustassa Kauppakeskus Rewelliss\u00e4<\/p>\n<h4>Huonehinnat:<\/h4>\n<ul>\n<li>Standard yhden hengen huone 119 eur \/ y\u00f6<\/li>\n<li>Standard kahden hengen huone 139 eur \/ y\u00f6<\/li>\n<\/ul>\n<p>Huonehintaan sis\u00e4ltyy runsas hotelliaamiainen, langaton internetyhteys (Wi-Fi) ja ALV. Huonehintaan sis\u00e4ltyv\u00e4t ty\u00f6matkustajan S-Card kanta-asiakasedut, mutta hinnoista ei saa erillist\u00e4 kanta-asiakkaan alennusta.<\/p>\n<h4>Varaukset ja maksaminen:<\/h4>\n<p>Huoneet varattavissa kiinti\u00f6tunnuksella <strong>BMEVI26<\/strong> ajankohdalle 6.-8.5.2026.<\/p>\n<p>Kiinti\u00f6st\u00e4 tehdyt huonevaraukset on vahvistettava luottokortilla tai maksettava varausvaiheessa. Ensisijaisesti suosittelemme varauksen tekoa netiss\u00e4: www.sokoshotels.fi. Yst\u00e4v\u00e4llisesti huomioittehan, ett\u00e4 tietosuojasyist\u00e4 luottokorttitietoja ei saa l\u00e4hett\u00e4\u00e4 s\u00e4hk\u00f6postitse. Kiinti\u00f6st\u00e4 tehdyn yksitt\u00e4isen huonevarauksen viimeinen kuluton peruutusp\u00e4iv\u00e4 on 4 vrk ennen tulop\u00e4iv\u00e4\u00e4.<\/p>\n<p>&nbsp;<\/p>\n<hr \/>\n<p>&nbsp;<\/p>\n<h3><strong>Hotel Astor<\/strong><\/h3>\n<p>Asemakatu 4, Vaasa<\/p>\n<p>Et\u00e4isyys tapahtumapaikalle: 1,8 km yliopistolle, sijaitsee kaupungin keskustassa vastap\u00e4\u00e4t\u00e4 matkakeskusta<\/p>\n<p>e-mail: <a href=\"mailto:astor@astorvaasa.fi\">astor@astorvaasa.fi<\/a>,<\/p>\n<p>puh. +35863269111<\/p>\n<p>Verkkosivut: <a href=\"https:\/\/www.astorvaasa.fi\/\">https:\/\/www.astorvaasa.fi\/<\/a><\/p>\n<h4>Huonehinnat:<\/h4>\n<ul>\n<li>Yhden hengen huone 120 eur\/ y\u00f6<\/li>\n<li>Kahden hengen huone 137 eur\/ y\u00f6<\/li>\n<\/ul>\n<p>Hintaan sis\u00e4ltyy majoitus, runsas aamiainen sek\u00e4 alv.<\/p>\n<h4>Varaus ja maksaminen:<\/h4>\n<p>Huoneet varattavissa kiinti\u00f6tunnuksella \u201d<strong>Mevi26<\/strong>\u201d ajankohdalle 6.-8.5.2026.<\/p>\n<p>Kiinti\u00f6 on voimassa 22.4.26 saakka<\/p>\n<p>Jokainen varaa majoituksen itse suoraan hotellista tunnuksella: &#8221; Mevi26\u201d<\/p>\n<p>Maksu suoraan hotelliin.<\/p>\n<p>Pys\u00e4kointi: Teemme yhteisty\u00f6t\u00e4 teatteriparkin kanssa, jossa pys\u00e4k\u00f6inti 5 eur\/vrk.<\/p>\n<p>&nbsp;<\/p>\n<hr \/>\n<p>&nbsp;<\/p>\n<h3><strong>Scandic Vaasa<\/strong><\/h3>\n<p>Rosteninkatu 6, Vaasa<\/p>\n<p>Et\u00e4isyys tapahtumapaikalle: 1,6 km yliopistolle, sijaitsee keskustassa<\/p>\n<p>e-mail: vaasa@scandichotels.com<\/p>\n<p>puh. +358 300308460<\/p>\n<p>Verkkosivut: https:\/\/www.scandichotels.com\/en\/hotels\/scandic-vaasa<\/p>\n<p>Majoitushinnasta -10% alennus varauskoodilla <strong>CGRO.<\/strong><\/p>\n<p>Huonevaraukset voi tehd\u00e4 helposti seuraavasta linkist\u00e4:\u00a0<strong><span style=\"font-style: inherit;font-weight: inherit\">VARAA MAJOITUS\u00a0<\/span><\/strong>varauskoodilla<strong>\u00a0CGRO.\u00a0<\/strong><br \/>\n<span style=\"font-style: inherit;font-weight: inherit\">Linkin kautta vieraat voivat varata suoraan alennushintaisen huoneen.<\/span><\/p>\n<p><a href=\"https:\/\/eur01.safelinks.protection.outlook.com\/?url=https%3A%2F%2Fwww.scandichotels.com%2Ffi%3Fbookingcode%3DCGRO&amp;data=05%7C02%7Ceveliina.salmela%40uwasa.fi%7Ca0635f23871247f49ab308de7a912fe3%7Cf0c6a04190a24a878c824c8c17312ba2%7C0%7C0%7C639082961797123618%7CUnknown%7CTWFpbGZsb3d8eyJFbXB0eU1hcGkiOnRydWUsIlYiOiIwLjAuMDAwMCIsIlAiOiJXaW4zMiIsIkFOIjoiTWFpbCIsIldUIjoyfQ%3D%3D%7C80000%7C%7C%7C&amp;sdata=ugobHZ3pQjrc5A3WtFSPmmZHoHczrmnUVHWo%2BQuazAI%3D&amp;reserved=0\" data-auth=\"NotApplicable\" data-ogsc=\"\" data-linkindex=\"1\">https:\/\/www.scandichotels.com\/fi?bookingcode=CGRO<\/a><\/p>\n<p><span style=\"font-style: inherit;font-weight: inherit\">Majoittujat voivat valita mieleisens\u00e4 huonetyypin sek\u00e4 saada lis\u00e4alennusta maksaessaan varauksen heti varauksen yhteydess\u00e4. Yksitt\u00e4isen majoitusvarauksen peruutusehto riippuu majoittujan valitsemasta varaustyypist\u00e4. Varauksen vahvistamiseksi majoittujan tulee antaa hotellille voimassa olevat luottokorttitiedot. Huoneet ovat varattavissa hotellin varaustilanteen mukaan viimeist\u00e4\u00e4n 10 p\u00e4iv\u00e4\u00e4 ennen saapumista.<\/span><\/p>\n<p>Scandic Friends-j\u00e4senten kannattaa tarkistaa my\u00f6s saatavilla olevat kanta-asiakastarjoukset.<\/p>\n<p>&nbsp;<\/p>\n<hr \/>\n<p>&nbsp;<\/p>\n<h3><strong>Scandic Waskia<\/strong><\/h3>\n<p>Lemmenpolku 3, Vaasa<\/p>\n<p>Et\u00e4isyys tapahtumapaikalle: 3,8 km yliopistolle, 1,5 km kaupungin keskustaan<\/p>\n<p>e-mail: waskia@scandichotels.com<\/p>\n<p>puh. +358 300308461<\/p>\n<p>Verkkosivu: https:\/\/www.scandichotels.com\/fi\/hotellit\/scandic-waskia<\/p>\n<p>Majoitushinnasta -10% alennus varauskoodilla <strong>CGRO.<\/strong><\/p>\n<p>Huonevaraukset voi tehd\u00e4 helposti seuraavasta linkist\u00e4:\u00a0<strong><span style=\"font-style: inherit;font-weight: inherit\">VARAA MAJOITUS\u00a0<\/span><\/strong>varauskoodilla<strong>\u00a0CGRO.\u00a0<\/strong><br \/>\n<span style=\"font-style: inherit;font-weight: inherit\">Linkin kautta vieraat voivat varata suoraan alennushintaisen huoneen.<\/span><\/p>\n<p><a href=\"https:\/\/eur01.safelinks.protection.outlook.com\/?url=https%3A%2F%2Fwww.scandichotels.com%2Ffi%3Fbookingcode%3DCGRO&amp;data=05%7C02%7Ceveliina.salmela%40uwasa.fi%7Ca0635f23871247f49ab308de7a912fe3%7Cf0c6a04190a24a878c824c8c17312ba2%7C0%7C0%7C639082961797123618%7CUnknown%7CTWFpbGZsb3d8eyJFbXB0eU1hcGkiOnRydWUsIlYiOiIwLjAuMDAwMCIsIlAiOiJXaW4zMiIsIkFOIjoiTWFpbCIsIldUIjoyfQ%3D%3D%7C80000%7C%7C%7C&amp;sdata=ugobHZ3pQjrc5A3WtFSPmmZHoHczrmnUVHWo%2BQuazAI%3D&amp;reserved=0\" data-auth=\"NotApplicable\" data-ogsc=\"\" data-linkindex=\"1\">https:\/\/www.scandichotels.com\/fi?bookingcode=CGRO<\/a><\/p>\n<p><span style=\"font-style: inherit;font-weight: inherit\">Majoittujat voivat valita mieleisens\u00e4 huonetyypin sek\u00e4 saada lis\u00e4alennusta maksaessaan varauksen heti varauksen yhteydess\u00e4. Yksitt\u00e4isen majoitusvarauksen peruutusehto riippuu majoittujan valitsemasta varaustyypist\u00e4. Varauksen vahvistamiseksi majoittujan tulee antaa hotellille voimassa olevat luottokorttitiedot. Huoneet ovat varattavissa hotellin varaustilanteen mukaan viimeist\u00e4\u00e4n 10 p\u00e4iv\u00e4\u00e4 ennen saapumista.<\/span><\/p>\n<p>Scandic Friends-j\u00e4senten kannattaa tarkistaa my\u00f6s saatavilla olevat kanta-asiakastarjoukset.<\/p>\n","protected":false},"excerpt":{"rendered":"<p>Osallistujat varaavat ja maksavat majoituksensa itse. Seuraavista l\u00e4hialueen hotelleista on varattu majoituskiinti\u00f6t ja\/tai alennuskoodit Mevi-p\u00e4ivien 2026 osallistujille: &nbsp; Original Sokos Hotel Royal Vaasa Osoite: Hovioikeudenpuistikko 18, 65100 Vaasa Et\u00e4isyys tapahtumapaikalle: 1,8 km yliopistolle, sijaitsee kaupungin keskustassa e-mail: royal.vaasa@sokoshotels.fi puh. +358 20 1234 619 Verkkosivut: https:\/\/www.sokoshotels.fi\/en\/hotels\/vaasa\/original-sokos-hotel-royal-vaasa Karttalinkki: https:\/\/maps.app.goo.gl\/m6M5ztVdS7RsBoDu7 Huonehinnat: Standard yhden hengen huone 107 eur \/ [&hellip;]<\/p>\n","protected":false},"author":100,"featured_media":0,"parent":0,"menu_order":0,"comment_status":"closed","ping_status":"closed","template":"","meta":{"_acf_changed":false,"footnotes":""},"class_list":["post-435","page","type-page","status-publish","hentry"],"acf":[],"lang":"fi","translations":{"fi":435},"pll_sync_post":[],"_links":{"self":[{"href":"https:\/\/sites.uwasa.fi\/mevi2026\/wp-json\/wp\/v2\/pages\/435"}],"collection":[{"href":"https:\/\/sites.uwasa.fi\/mevi2026\/wp-json\/wp\/v2\/pages"}],"about":[{"href":"https:\/\/sites.uwasa.fi\/mevi2026\/wp-json\/wp\/v2\/types\/page"}],"author":[{"embeddable":true,"href":"https:\/\/sites.uwasa.fi\/mevi2026\/wp-json\/wp\/v2\/users\/100"}],"replies":[{"embeddable":true,"href":"https:\/\/sites.uwasa.fi\/mevi2026\/wp-json\/wp\/v2\/comments?post=435"}],"version-history":[{"count":18,"href":"https:\/\/sites.uwasa.fi\/mevi2026\/wp-json\/wp\/v2\/pages\/435\/revisions"}],"predecessor-version":[{"id":476,"href":"https:\/\/sites.uwasa.fi\/mevi2026\/wp-json\/wp\/v2\/pages\/435\/revisions\/476"}],"wp:attachment":[{"href":"https:\/\/sites.uwasa.fi\/mevi2026\/wp-json\/wp\/v2\/media?parent=435"}],"curies":[{"name":"wp","href":"https:\/\/api.w.org\/{rel}","templated":true}]}}