{"id":358,"date":"2025-12-22T09:50:51","date_gmt":"2025-12-22T07:50:51","guid":{"rendered":"https:\/\/sites.uwasa.fi\/mevi2026\/?page_id=358"},"modified":"2025-12-23T08:27:54","modified_gmt":"2025-12-23T06:27:54","slug":"huvudtalare","status":"publish","type":"page","link":"https:\/\/sites.uwasa.fi\/mevi2026\/sv\/huvudtalare\/","title":{"rendered":"Huvudtalare"},"content":{"rendered":"<hr \/>\n<h3><strong>JING ZENG<\/strong><\/h3>\n<h4>Assistant Professor i computational social and communication science vid Z\u00fcrichs universitet<\/h4>\n<p><img loading=\"lazy\" decoding=\"async\" class=\"size-full wp-image-352 alignleft\" src=\"https:\/\/sites.uwasa.fi\/mevi2026\/wp-content\/blogs.dir\/4\/files\/sites\/257\/2025\/12\/jing-zeng.jpg\" alt=\"\" width=\"108\" height=\"133\" \/>Jing Zeng arbetar som assistant professor vid Department of Communication and Media Research vid Z\u00fcrichs universitet. Forskningen \u00e4r exceptionellt internationell till sin karakt\u00e4r och fokuserar s\u00e4rskilt p\u00e5 de sociokulturella kontexterna f\u00f6r digitala teknologier. Specialiseringar omfattar \u00e4ven utveckling av nya forskningsmetoder samt fr\u00e5gor inom interkulturell och visuell kommunikation. D\u00e4rut\u00f6ver har omfattande forskning bedrivits om desinformation, digital offentlighet och klimataktivism. En bok \u00e4r under utgivning (<em data-start=\"681\" data-end=\"696\">Alt Platforms<\/em>, Polity Press), liksom flera kommande publikationer om artificiell intelligens och dataekonomin.<\/p>\n<p>Profil: <a href=\"https:\/\/www.ikmz.uzh.ch\/en\/research\/divisions\/computational-social-and-communication-science\/team\/jing-zeng.html\" target=\"_blank\" rel=\"noopener\">https:\/\/www.ikmz.uzh.ch\/en\/research\/divisions\/computational-social-and-communication-science\/team\/jing-zeng.html<\/a><\/p>\n<hr \/>\n<h3><strong><img loading=\"lazy\" decoding=\"async\" class=\"size-medium wp-image-353 alignright\" src=\"https:\/\/sites.uwasa.fi\/mevi2026\/wp-content\/blogs.dir\/4\/files\/sites\/257\/2025\/12\/tanjaaittamurto-300x179.png\" alt=\"\" width=\"300\" height=\"179\" srcset=\"https:\/\/sites.uwasa.fi\/mevi2026\/wp-content\/blogs.dir\/4\/files\/sites\/257\/2025\/12\/tanjaaittamurto-300x179.png 300w, https:\/\/sites.uwasa.fi\/mevi2026\/wp-content\/blogs.dir\/4\/files\/sites\/257\/2025\/12\/tanjaaittamurto-768x459.png 768w, https:\/\/sites.uwasa.fi\/mevi2026\/wp-content\/blogs.dir\/4\/files\/sites\/257\/2025\/12\/tanjaaittamurto.png 819w\" sizes=\"(max-width: 300px) 100vw, 300px\" \/>TANJA AITAMURTO<\/strong><\/h3>\n<h4>Associate Professor vid University of Illinois, Chicago<\/h4>\n<p>Tanja Aitamurto arbetar som associate professor vid Department of Communication vid University of Illinois Chicago samt som direktor och grundare av Media\/Democracy Lab. Forskningen fokuserar p\u00e5 hur m\u00e4nniskor anv\u00e4nder medier f\u00f6r kommunikation, sj\u00e4lvuttryck och politiskt deltagande. Arbetet unders\u00f6ker hur kommunikationspraktiker formar f\u00f6rst\u00e5else, empati och delaktighet i samh\u00e4llet, samt hur medier kan st\u00e4rka individer och gemenskaper att delta mer aktivt i medborgarlivet och p\u00e5verka demokratins kollektiva strukturer. De nuvarande projekten omfattar en granskning av vilken roll artificiell intelligens (AI) och ut\u00f6kad verklighet (XR) spelar i utformningen av kommunikationspraktiker.<\/p>\n<p>Profil: <a href=\"https:\/\/comm.uic.edu\/profiles\/aitamurto-tanja\/\" target=\"_blank\" rel=\"noopener\">https:\/\/comm.uic.edu\/profiles\/aitamurto-tanja\/<\/a><\/p>\n<p>Hemsida: <a href=\"https:\/\/tanjaaitamurto.com\/\" target=\"_blank\" rel=\"noopener\">https:\/\/tanjaaitamurto.com\/<\/a><\/p>\n","protected":false},"excerpt":{"rendered":"<p>JING ZENG Assistant Professor i computational social and communication science vid Z\u00fcrichs universitet Jing Zeng arbetar som assistant professor vid Department of Communication and Media Research vid Z\u00fcrichs universitet. Forskningen \u00e4r exceptionellt internationell till sin karakt\u00e4r och fokuserar s\u00e4rskilt p\u00e5 de sociokulturella kontexterna f\u00f6r digitala teknologier. Specialiseringar omfattar \u00e4ven utveckling av nya forskningsmetoder samt fr\u00e5gor [&hellip;]<\/p>\n","protected":false},"author":586,"featured_media":0,"parent":0,"menu_order":0,"comment_status":"closed","ping_status":"closed","template":"","meta":{"_acf_changed":false,"footnotes":""},"class_list":["post-358","page","type-page","status-publish","hentry"],"acf":[],"lang":"sv","translations":{"sv":358,"fi":24,"en":360},"pll_sync_post":[],"_links":{"self":[{"href":"https:\/\/sites.uwasa.fi\/mevi2026\/wp-json\/wp\/v2\/pages\/358"}],"collection":[{"href":"https:\/\/sites.uwasa.fi\/mevi2026\/wp-json\/wp\/v2\/pages"}],"about":[{"href":"https:\/\/sites.uwasa.fi\/mevi2026\/wp-json\/wp\/v2\/types\/page"}],"author":[{"embeddable":true,"href":"https:\/\/sites.uwasa.fi\/mevi2026\/wp-json\/wp\/v2\/users\/586"}],"replies":[{"embeddable":true,"href":"https:\/\/sites.uwasa.fi\/mevi2026\/wp-json\/wp\/v2\/comments?post=358"}],"version-history":[{"count":6,"href":"https:\/\/sites.uwasa.fi\/mevi2026\/wp-json\/wp\/v2\/pages\/358\/revisions"}],"predecessor-version":[{"id":379,"href":"https:\/\/sites.uwasa.fi\/mevi2026\/wp-json\/wp\/v2\/pages\/358\/revisions\/379"}],"wp:attachment":[{"href":"https:\/\/sites.uwasa.fi\/mevi2026\/wp-json\/wp\/v2\/media?parent=358"}],"curies":[{"name":"wp","href":"https:\/\/api.w.org\/{rel}","templated":true}]}}