{"id":342,"date":"2025-12-15T08:22:03","date_gmt":"2025-12-15T06:22:03","guid":{"rendered":"https:\/\/sites.uwasa.fi\/mevi2026\/?page_id=342"},"modified":"2026-02-02T12:50:11","modified_gmt":"2026-02-02T10:50:11","slug":"for-doktorander","status":"publish","type":"page","link":"https:\/\/sites.uwasa.fi\/mevi2026\/sv\/for-doktorander\/","title":{"rendered":"F\u00f6r doktorander"},"content":{"rendered":"<h3><strong>Viktig information f\u00f6r doktorander:<\/strong><b><br \/>\n<\/b><\/h3>\n<p><span style=\"font-weight: 400\">Stipendier p\u00e5 350 euro delas ut till doktorander f\u00f6r deltagande i Mevi-dagarna!<\/span><\/p>\n<p><span style=\"font-weight: 400\">Mevi rf beviljar stipendier p\u00e5 h\u00f6gst 350 euro till doktorander f\u00f6r att st\u00f6dja deltagandet i Mevi-dagarna 2026.<\/span><\/p>\n<p><span style=\"font-weight: 400\">Stipendiet kan anv\u00e4ndas av forskarstuderande som \u00e4r inskrivna vid en finsk h\u00f6gskola f\u00f6r att t\u00e4cka deltagaravgiften, boendekostnader och resekostnader f\u00f6r resor med kollektivtrafik. Kostnader som \u00f6verstiger stipendiebeloppet t\u00e4cks inte. Stipendiet betalas ut efter konferensen mot uppvisande av kvitton.<\/span><\/p>\n<p><span style=\"font-weight: 400\">Stipendiet beviljas endast doktorander vars presentation har godk\u00e4nts f\u00f6r presentation vid konferensen. Stipendierna \u00e4r avsedda att delas ut till doktorander som inte har andra m\u00f6jligheter att finansiera sitt deltagande i konferensen.<\/span><\/p>\n<p><span style=\"font-weight: 400\">Dessutom prioriteras personer som deltar i Mevi-dagarna f\u00f6r f\u00f6rsta g\u00e5ngen. Beslut om stipendier fattas av Mevi rf:s styrelse. Stipendiet s\u00f6ks via <\/span><a href=\"https:\/\/docs.google.com\/forms\/d\/e\/1FAIpQLSepD6xqOI6nCYGLNvbwbLTJ-noHWwKGmQ_mlaMVb4wryDQhLw\/viewform\" target=\"_blank\" rel=\"noopener\"><span style=\"font-weight: 400\">detta formul\u00e4r<\/span><\/a><span style=\"font-weight: 400\"> senast <del>den 12.1.2026<\/del>. <strong>Obs! Ans\u00f6kningstiden f\u00f6r stipendiet har f\u00f6rl\u00e4ngts till den 9.2.2026.<\/strong><\/span><\/p>\n","protected":false},"excerpt":{"rendered":"<p>Viktig information f\u00f6r doktorander: Stipendier p\u00e5 350 euro delas ut till doktorander f\u00f6r deltagande i Mevi-dagarna! Mevi rf beviljar stipendier p\u00e5 h\u00f6gst 350 euro till doktorander f\u00f6r att st\u00f6dja deltagandet i Mevi-dagarna 2026. Stipendiet kan anv\u00e4ndas av forskarstuderande som \u00e4r inskrivna vid en finsk h\u00f6gskola f\u00f6r att t\u00e4cka deltagaravgiften, boendekostnader och resekostnader f\u00f6r resor med [&hellip;]<\/p>\n","protected":false},"author":586,"featured_media":0,"parent":0,"menu_order":0,"comment_status":"closed","ping_status":"closed","template":"","meta":{"_acf_changed":false,"footnotes":""},"class_list":["post-342","page","type-page","status-publish","hentry"],"acf":[],"lang":"sv","translations":{"sv":342,"fi":25,"en":347},"pll_sync_post":[],"_links":{"self":[{"href":"https:\/\/sites.uwasa.fi\/mevi2026\/wp-json\/wp\/v2\/pages\/342"}],"collection":[{"href":"https:\/\/sites.uwasa.fi\/mevi2026\/wp-json\/wp\/v2\/pages"}],"about":[{"href":"https:\/\/sites.uwasa.fi\/mevi2026\/wp-json\/wp\/v2\/types\/page"}],"author":[{"embeddable":true,"href":"https:\/\/sites.uwasa.fi\/mevi2026\/wp-json\/wp\/v2\/users\/586"}],"replies":[{"embeddable":true,"href":"https:\/\/sites.uwasa.fi\/mevi2026\/wp-json\/wp\/v2\/comments?post=342"}],"version-history":[{"count":4,"href":"https:\/\/sites.uwasa.fi\/mevi2026\/wp-json\/wp\/v2\/pages\/342\/revisions"}],"predecessor-version":[{"id":385,"href":"https:\/\/sites.uwasa.fi\/mevi2026\/wp-json\/wp\/v2\/pages\/342\/revisions\/385"}],"wp:attachment":[{"href":"https:\/\/sites.uwasa.fi\/mevi2026\/wp-json\/wp\/v2\/media?parent=342"}],"curies":[{"name":"wp","href":"https:\/\/api.w.org\/{rel}","templated":true}]}}