{"id":3,"date":"2025-09-12T15:10:33","date_gmt":"2025-09-12T12:10:33","guid":{"rendered":"https:\/\/sites.uwasa.fi\/mevi2026\/?page_id=3"},"modified":"2026-03-06T13:09:31","modified_gmt":"2026-03-06T11:09:31","slug":"mevi-paivat-2026","status":"publish","type":"page","link":"https:\/\/sites.uwasa.fi\/mevi2026\/","title":{"rendered":"Mevi-p\u00e4iv\u00e4t 2026"},"content":{"rendered":"<h2 style=\"text-align: center\" data-ogsc=\"rgb(0, 0, 0)\">Vaasan yliopisto 7.-8.5.2026<\/h2>\n<div style=\"text-align: center\" data-ogsc=\"rgb(0, 0, 0)\">\n<p>Mevi-p\u00e4ivien 2026 teema on <strong><em>Juuret \u2013 R\u00f6tter \u2013 Roots<\/em><\/strong>.<\/p>\n<p>Tervetuloa mukaan Mevi-p\u00e4iville 2026 kartoittamaan yhdess\u00e4 tieteenalamme juuria \u2014 samoin kuin sen kasvustoja, risteymi\u00e4 ja haaraumia!<\/p>\n<p><span style=\"font-weight: 400\">Juuret symboloivat alkuper\u00e4\u00e4, perustaa ja jatkuvuutta mutta my\u00f6s kasvua ja muutosta. Media- ja viestinn\u00e4n tutkimuksen maaper\u00e4ss\u00e4 juuret haarautuvat moneen suuntaan: ne kurottavat kohti historiallisia alkupisteit\u00e4 ja perinteit\u00e4, erilaisia kasvualustoja ja konteksteja, uusia tiedon tuottamisen ja levitt\u00e4misen k\u00e4yt\u00e4nt\u00f6j\u00e4 sek\u00e4 symbioottisia kytkent\u00f6j\u00e4 ja rihmastokokeiluja. T\u00e4ll\u00e4 hetkell\u00e4 median ja viestinn\u00e4n ilmi\u00f6ihin keskittyv\u00e4 tutkimus versoo monilla erilaisilla alustoilla ja istutuslaatikoissa. N\u00e4ist\u00e4 moninaisuuksista huolimatta tieteenalan eri haaroilla on my\u00f6s paljon yhteist\u00e4.<\/span><\/p>\n<hr \/>\n<\/div>\n<p><em>\u20136.3.2026\u2013<\/em><\/p>\n<h2><strong>Mevi-p\u00e4ivien 2026 ilmoittautuminen avattu ja alustava aikataulu julkaistu!<\/strong><\/h2>\n<p>Mevi-p\u00e4ivien ilmoittautuminen on nyt auki!<\/p>\n<p>Ilmoittautumissivulle p\u00e4\u00e4set t\u00e4st\u00e4: <a href=\"https:\/\/sites.uwasa.fi\/mevi2026\/ilmoittautuminen\/\" target=\"_blank\" rel=\"noopener\">https:\/\/sites.uwasa.fi\/mevi2026\/ilmoittautuminen\/<\/a><\/p>\n<p><strong>Ilmoittauduthan viimeist\u00e4\u00e4n 8.4.2026!<\/strong><\/p>\n<p>Mevi-p\u00e4ivien alustavaan aikatauluun p\u00e4\u00e4set tutustumaan t\u00e4st\u00e4: <a href=\"https:\/\/sites.uwasa.fi\/mevi2026\/ohjelma\/\" target=\"_blank\" rel=\"noopener\">https:\/\/sites.uwasa.fi\/mevi2026\/ohjelma\/<\/a><\/p>\n<p>&nbsp;<\/p>\n<hr \/>\n<p><em>\u20132.2.2026\u2013<\/em><\/p>\n<h2><strong>Mevi-uutisia!<\/strong><\/h2>\n<p>Saimme Mevi-p\u00e4iville 2026 yli 90 abstraktiehdotusta. Ty\u00f6ryhm\u00e4t k\u00e4yv\u00e4t niit\u00e4 parhaillaan l\u00e4pi ja ilmoittavat hyv\u00e4ksymisist\u00e4 hakijoille ja j\u00e4rjestelytoimikunnalle viimeist\u00e4\u00e4n 12.2.2026. Aikataulu ja ilmoittautuminen julkaistaan pian sen j\u00e4lkeen.<\/p>\n<p>Mevi ry:n my\u00f6nt\u00e4mi\u00e4, korkeintaan 350 euron suuruisia apurahoja jatko-opiskelijoille on mahdollista hakea viel\u00e4 9.2.2026 asti.<\/p>\n<p><em>\u2013Apurahahaku on p\u00e4\u00e4ttynyt\u2013<\/em><\/p>\n<p>&nbsp;<\/p>\n<div data-ogsc=\"rgb(0, 0, 0)\">\n<hr \/>\n<p><em>\u2013Kutsu ja haku ovat p\u00e4\u00e4ttyneet\u2013<\/em><\/p>\n<h2><strong>Tervetuloa ehdottamaan abstraktia ty\u00f6ryhmiin vuoden 2026 Mevi-p\u00e4iville!<\/strong><\/h2>\n<p><b>Vuoden 2026 ty\u00f6ryhm\u00e4t ovat seuraavat:\u00a0<\/b><\/p>\n<ul>\n<li style=\"font-weight: 400\"><a href=\"https:\/\/sites.uwasa.fi\/mevi2026\/tyoryhmat\/ekomediatutkimuksen-versovat-kentat\/\" target=\"_blank\" rel=\"noopener\"><span style=\"font-weight: 400\">Ekomediatutkimuksen versovat kent\u00e4t<\/span><\/a><\/li>\n<li style=\"font-weight: 400\"><a href=\"https:\/\/sites.uwasa.fi\/mevi2026\/tyoryhmat\/informaatioresilienssin-moniulotteisuus-median-ja-viestinnan-kentalla\/\" target=\"_blank\" rel=\"noopener\"><span style=\"font-weight: 400\">Informaatioresilienssin moniulotteisuus median ja viestinn\u00e4n kent\u00e4ll\u00e4 (The Multidimensionality of Information Resilience in the Field of Media and Communication Research)<\/span><\/a><\/li>\n<li style=\"font-weight: 400\"><a href=\"https:\/\/sites.uwasa.fi\/mevi2026\/tyoryhmat\/juuret-journalismin-perustat-ja-uudet-versot\/\" target=\"_blank\" rel=\"noopener\"><span style=\"font-weight: 400\">Juuret \u2013 Journalismin perustat ja uudet versot (Roots \u2013 The foundations and new offshoots of journalism)<\/span><\/a><\/li>\n<li style=\"font-weight: 400\"><a href=\"https:\/\/sites.uwasa.fi\/mevi2026\/tyoryhmat\/lansi-ja-muut-mediassa-sivilisationaalinen-ideologia-liberaalin-ja-saantopohjaisen-jarjestyksen-haastajana\/\" target=\"_blank\" rel=\"noopener\"><span style=\"font-weight: 400\">L\u00e4nsi ja muut mediassa: sivilisationaalinen ideologia liberaalin ja s\u00e4\u00e4nt\u00f6pohjaisen j\u00e4rjestyksen haastajana<\/span><\/a><\/li>\n<li style=\"font-weight: 400\"><a href=\"https:\/\/sites.uwasa.fi\/mevi2026\/tyoryhmat\/media-teknologia-ja-kestavyys\/\" target=\"_blank\" rel=\"noopener\"><span style=\"font-weight: 400\">Media, teknologia ja kest\u00e4vyys (Media, technology, and sustainability)<\/span><\/a><\/li>\n<li style=\"font-weight: 400\"><a href=\"https:\/\/sites.uwasa.fi\/mevi2026\/tyoryhmat\/mediatalouden-ja-viestintapolitiikan-tyoryhma\/\" target=\"_blank\" rel=\"noopener\"><span style=\"font-weight: 400\">Mediatalouden ja viestint\u00e4politiikan ty\u00f6ryhm\u00e4<\/span><\/a><\/li>\n<li style=\"font-weight: 400\"><a href=\"https:\/\/sites.uwasa.fi\/mevi2026\/tyoryhmat\/nakokulmia-televisioon-ennen-ja-nyt\/\" target=\"_blank\" rel=\"noopener\"><span style=\"font-weight: 400\">N\u00e4k\u00f6kulmia televisioon ennen ja nyt<\/span><\/a><\/li>\n<li style=\"font-weight: 400\"><a href=\"https:\/\/sites.uwasa.fi\/mevi2026\/tyoryhmat\/poliittinen-viestinta-affektiivisen-polarisaation-aikakaudella\/\" target=\"_blank\" rel=\"noopener\"><span style=\"font-weight: 400\">Poliittinen viestint\u00e4 affektiivisen polarisaation aikakaudella<\/span><\/a><\/li>\n<li style=\"font-weight: 400\"><a href=\"https:\/\/sites.uwasa.fi\/mevi2026\/en\/working-groups\/roots-and-appearance-of-misleading-in-digital-communication\/\" target=\"_blank\" rel=\"noopener\"><span style=\"font-weight: 400\">Roots and appearance of misleading in digital communication<\/span><\/a><\/li>\n<li style=\"font-weight: 400\"><a href=\"https:\/\/sites.uwasa.fi\/mevi2026\/tyoryhmat\/tekoaly-journalismissa\/\" target=\"_blank\" rel=\"noopener\"><span style=\"font-weight: 400\">Teko\u00e4ly journalismissa<\/span><\/a><\/li>\n<li style=\"font-weight: 400\"><a href=\"https:\/\/sites.uwasa.fi\/mevi2026\/tyoryhmat\/tiede-teknologia-ja-asiantuntijuus-julkisuudessa\/\" target=\"_blank\" rel=\"noopener\"><span style=\"font-weight: 400\">Tiede, teknologia ja asiantuntijuus julkisuudessa<\/span><\/a><\/li>\n<li style=\"font-weight: 400\"><a href=\"https:\/\/sites.uwasa.fi\/mevi2026\/tyoryhmat\/viestivan-tekoalyn-juuret-ja-joutomaat\/\" target=\"_blank\" rel=\"noopener\"><span style=\"font-weight: 400\">Viestiv\u00e4n teko\u00e4lyn juuret ja joutomaat (Communicative AI: roots and repercussions)<\/span><\/a><\/li>\n<li style=\"font-weight: 400\"><a href=\"https:\/\/sites.uwasa.fi\/mevi2026\/tyoryhmat\/visuaalisen-tutkimuksen-tyoryhma\/\" target=\"_blank\" rel=\"noopener\"><span style=\"font-weight: 400\">Visuaalisen tutkimuksen ty\u00f6ryhm\u00e4<\/span><\/a><\/li>\n<li style=\"font-weight: 400\"><a href=\"https:\/\/sites.uwasa.fi\/mevi2026\/en\/working-groups\/when-news-meet-planetary-boundaries-rethinking-journalism\/\" target=\"_blank\" rel=\"noopener\"><span style=\"font-weight: 400\">When News Meet Planetary Boundaries: Rethinking Journalism<\/span><\/a><\/li>\n<\/ul>\n<p>&nbsp;<\/p>\n<p><span style=\"font-weight: 400\">Abstrakti Mevi-p\u00e4iville tulee j\u00e4tt\u00e4\u00e4 <\/span><b>12.1.2026<\/b><span style=\"font-weight: 400\"> menness\u00e4. <\/span><span style=\"font-weight: 400\">Abstraktien pituus tulee olla 200-300 sanaa. Ty\u00f6ryhm\u00e4t ilmoittavat valituista abstrakteista osallistujille ja j\u00e4rjestelytoimikunnalle 12.2.2026 menness\u00e4. Kannustamme hakijoita kytkem\u00e4\u00e4n abstraktiehdotuksensa sek\u00e4 ty\u00f6ryhm\u00e4\u00e4n ett\u00e4 konferenssin teemaan.\u00a0<\/span><\/p>\n<p><span style=\"font-weight: 400\">Koska konferenssin aikataulu ja varatut tilat ovat rajallisia, j\u00e4rjestelytoimikunta varaa itselleen oikeuden yhdistell\u00e4 ty\u00f6ryhmi\u00e4 tarpeen mukaan.<\/span><\/p>\n<p><span style=\"font-weight: 400\">Ilmoittautuminen Mevi-p\u00e4iville avataan pari kuukautta ennen konferenssia.\u00a0<\/span><\/p>\n<p>&nbsp;<\/p>\n<h3><strong>T\u00e4rke\u00e4\u00e4 tietoa jatko-opiskelijoille:\u00a0<\/strong><\/h3>\n<p><span style=\"font-weight: 400\">Jaossa 350 euron suuruisia apurahoja jatko-opiskelijoille Mevi-p\u00e4iville osallistumista varten!<\/span><\/p>\n<p><span style=\"font-weight: 400\">Mevi ry my\u00f6nt\u00e4\u00e4 korkeintaan 350 euron suuruisia apurahoja jatko-opiskelijoille tukemaan\u00a0 osallistumista Mevi-p\u00e4iville 2026.<\/span><\/p>\n<p><span style=\"font-weight: 400\">Apurahalla suomalaisessa korkeakoulussa kirjoilla oleva jatko-opiskelija voi kattaa osallistumismaksun sek\u00e4 majoituskustannuksia ja julkisilla liikennev\u00e4lineill\u00e4 matkustamisesta syntyvi\u00e4 matkakuluja. Apurahasumman ylitt\u00e4vi\u00e4 kuluja ei kateta. Apuraha maksetaan konferenssin j\u00e4lkeen kuitteja vastaan.<\/span><\/p>\n<p><span style=\"font-weight: 400\">Apuraha my\u00f6nnet\u00e4\u00e4n vain jatko-opiskelijalle, jonka esitys on hyv\u00e4ksytty esitett\u00e4v\u00e4ksi konferenssissa. Apurahat pyrit\u00e4\u00e4n jakamaan opiskelijoille, joilla ei ole muita mahdollisuuksia rahoittaa osallistumistaan konferenssiin. Lis\u00e4ksi jaossa painotetaan henkil\u00f6it\u00e4, jotka osallistuvat ensimm\u00e4ist\u00e4 kertaa Mevi-p\u00e4iville. P\u00e4\u00e4t\u00f6ksen apurahoista tekee Mevi ry:n hallitus. <b>Apurahaa haetaan <\/b><a href=\"https:\/\/docs.google.com\/forms\/d\/e\/1FAIpQLSepD6xqOI6nCYGLNvbwbLTJ-noHWwKGmQ_mlaMVb4wryDQhLw\/viewform\" target=\"_blank\" rel=\"noopener\"><b>t\u00e4ll\u00e4 lomakkeella<\/b><\/a><del><b> 12.1.2026<\/b><\/del> menness\u00e4. <strong>Huom. apurahahakua on jatkettu 9.2.2026 asti.\u00a0<\/strong><\/span><\/p>\n<p>&nbsp;<\/p>\n<p><span style=\"font-weight: 400\">Vuoden 2026 konferenssin j\u00e4rjest\u00e4v\u00e4t Media- ja viestint\u00e4tieteellinen seura Mevi ry sek\u00e4 Vaasan yliopiston viestint\u00e4tieteiden oppiaine. Mevi-p\u00e4ivien tiedotusta voi seurata osoitteessa<\/span><\/p>\n<p><a href=\"https:\/\/sites.uwasa.fi\/mevi2026\/\"><span style=\"font-weight: 400\">https:\/\/sites.uwasa.fi\/mevi2026\/<\/span><\/a><span style=\"font-weight: 400\"> sek\u00e4 Mevi ry:n ja Vaasan yliopiston sivuilla.<\/span><\/p>\n<p>&nbsp;<\/p>\n<p><b>L\u00e4mpimin terveisin,<\/b><\/p>\n<p><span style=\"font-weight: 400\">Vuoden 2026 Mevi-p\u00e4ivien j\u00e4rjest\u00e4j\u00e4t<\/span><\/p>\n<p><span style=\"font-weight: 400\">Tanja Sihvonen (tieteellinen ohjelma)<\/span><\/p>\n<p><span style=\"font-weight: 400\">Eveliina Salmela (yleisj\u00e4rjestelyt)<\/span><\/p>\n<p><span style=\"font-weight: 400\">Lilli Sihvonen (ty\u00f6ryhm\u00e4t)<\/span><\/p>\n<p>&nbsp;<\/p>\n<\/div>\n<div data-ogsc=\"rgb(0, 0, 0)\"><\/div>\n<div data-ogsc=\"rgb(0, 0, 0)\">\n<hr \/>\n<\/div>\n<p><em>\u2013Kutsu ja haku ovat p\u00e4\u00e4ttyneet\u2013<\/em><\/p>\n<h2><strong>Ty\u00f6ryhm\u00e4kutsu <\/strong><strong>Median ja viestinn\u00e4n tutkimuksen p\u00e4iville 2026<\/strong><\/h2>\n<p>Median ja viestinn\u00e4n tutkimuksen p\u00e4iv\u00e4t on alansa merkitt\u00e4vin kotimainen konferenssi, joka tuo yhteen tutkijoita, opiskelijoita, opettajia ja muita media-alan ja viestinn\u00e4n asiantuntijoita. Seuraavat Mevi-p\u00e4iv\u00e4t j\u00e4rjestet\u00e4\u00e4n Vaasassa 7.\u20138.5.2026.<\/p>\n<p>P\u00e4ivien teema on ensi vuonna <em>Juuret \u2013 R\u00f6tter \u2013 Roots<\/em>. Juuret symboloivat alkuper\u00e4\u00e4, perustaa ja jatkuvuutta mutta my\u00f6s kasvua ja muutosta. Media- ja viestinn\u00e4n tutkimuksen maaper\u00e4ss\u00e4 juuret haarautuvat moneen suuntaan: ne kurottavat kohti historiallisia alkupisteit\u00e4 ja perinteit\u00e4, erilaisia kasvualustoja ja konteksteja, uusia tiedon tuottamisen ja levitt\u00e4misen k\u00e4yt\u00e4nt\u00f6j\u00e4 sek\u00e4 symbioottisia kytkent\u00f6j\u00e4 ja rihmastokokeiluja.<\/p>\n<p>T\u00e4ll\u00e4 hetkell\u00e4 median ja viestinn\u00e4n ilmi\u00f6ihin keskittyv\u00e4 tutkimus versoo monilla erilaisilla alustoilla ja istutuslaatikoissa. N\u00e4ist\u00e4 moninaisuuksista huolimatta tieteenalan eri haaroilla on my\u00f6s paljon yhteist\u00e4.<\/p>\n<p>Tervetuloa ehdottamaan ty\u00f6ryhm\u00e4\u00e4 vuoden 2026 Mevi-p\u00e4iville!<\/p>\n<p>Ty\u00f6ryhm\u00e4\u00e4 esitet\u00e4\u00e4n otsikolla ja maksimissaan 300-sanaisella sis\u00e4lt\u00f6kuvauksella. Ty\u00f6ryhm\u00e4n esitt\u00e4j\u00e4 tyypillisesti toimii my\u00f6s ty\u00f6ryhm\u00e4n vet\u00e4j\u00e4n\u00e4 tai yhten\u00e4 vet\u00e4jist\u00e4. Kannustamme ty\u00f6ryhm\u00e4n vet\u00e4ji\u00e4 kytkem\u00e4\u00e4n ty\u00f6ryhm\u00e4ehdotuksensa konferenssin teemaan tavalla tai toisella. Ehdotukset tulee l\u00e4hett\u00e4\u00e4 <strong>31.10. menness\u00e4<\/strong> t\u00e4ll\u00e4 lomakkeella: <a href=\"https:\/\/link.webropolsurveys.com\/S\/93F5532BB6D997E8\" target=\"_blank\" rel=\"noopener\">https:\/\/link.webropolsurveys.com\/S\/93F5532BB6D997E8<\/a><\/p>\n<p>P\u00e4\u00e4t\u00f6ksist\u00e4 ilmoitetaan ty\u00f6ryhmien esitt\u00e4jille s\u00e4hk\u00f6postilla <strong>14.11. menness\u00e4<\/strong>. Koska konferenssin aikataulu ja varatut tilat ovat rajallisia, j\u00e4rjestelytoimikunta varaa itselleen oikeuden yhdistell\u00e4 ty\u00f6ryhmi\u00e4 tarpeen mukaan.<\/p>\n<p>Vuoden 2026 konferenssin j\u00e4rjest\u00e4v\u00e4t Media- ja viestint\u00e4tieteellinen seura Mevi ry sek\u00e4 Vaasan yliopiston viestint\u00e4tieteiden oppiaine. Mevi-p\u00e4ivien tiedotusta voi seurata osoitteessa <a href=\"https:\/\/sites.uwasa.fi\/mevi2026\/\">https:\/\/sites.uwasa.fi\/mevi2026\/<\/a> sek\u00e4 Mevi ry:n ja Vaasan yliopiston sivuilla.<\/p>\n<p>&nbsp;<\/p>\n<p>L\u00e4mpimin terveisin,<\/p>\n<p>Vuoden 2026 Mevi-p\u00e4ivien j\u00e4rjest\u00e4j\u00e4t<\/p>\n<p>&nbsp;<\/p>\n<p><strong>Tanja Sihvonen, <\/strong>Tieteellinen ohjelma<\/p>\n<p><strong>Eveliina Salmela, <\/strong>Yleisj\u00e4rjestelyt<\/p>\n<p><strong>Lilli Sihvonen, <\/strong>Ty\u00f6ryhm\u00e4t<\/p>\n<p><a href=\"https:\/\/mediaviestinta.fi\/\" target=\"_blank\" rel=\"noopener\">Mevi ry<\/a><\/p>\n<p><a href=\"https:\/\/www.uwasa.fi\/fi\/tutkimus\/ryhmat\/viestintatieteet\" target=\"_blank\" rel=\"noopener\">Vaasan yliopiston Viestint\u00e4tieteet<\/a><\/p>\n","protected":false},"excerpt":{"rendered":"<p>Vaasan yliopisto 7.-8.5.2026 Mevi-p\u00e4ivien 2026 teema on Juuret \u2013 R\u00f6tter \u2013 Roots. Tervetuloa mukaan Mevi-p\u00e4iville 2026 kartoittamaan yhdess\u00e4 tieteenalamme juuria \u2014 samoin kuin sen kasvustoja, risteymi\u00e4 ja haaraumia! Juuret symboloivat alkuper\u00e4\u00e4, perustaa ja jatkuvuutta mutta my\u00f6s kasvua ja muutosta. Media- ja viestinn\u00e4n tutkimuksen maaper\u00e4ss\u00e4 juuret haarautuvat moneen suuntaan: ne kurottavat kohti historiallisia alkupisteit\u00e4 ja perinteit\u00e4, [&hellip;]<\/p>\n","protected":false},"author":100,"featured_media":0,"parent":0,"menu_order":0,"comment_status":"closed","ping_status":"closed","template":"","meta":{"_acf_changed":false,"footnotes":""},"class_list":["post-3","page","type-page","status-publish","hentry"],"acf":[],"lang":"fi","translations":{"fi":3,"sv":92,"en":94},"pll_sync_post":[],"_links":{"self":[{"href":"https:\/\/sites.uwasa.fi\/mevi2026\/wp-json\/wp\/v2\/pages\/3"}],"collection":[{"href":"https:\/\/sites.uwasa.fi\/mevi2026\/wp-json\/wp\/v2\/pages"}],"about":[{"href":"https:\/\/sites.uwasa.fi\/mevi2026\/wp-json\/wp\/v2\/types\/page"}],"author":[{"embeddable":true,"href":"https:\/\/sites.uwasa.fi\/mevi2026\/wp-json\/wp\/v2\/users\/100"}],"replies":[{"embeddable":true,"href":"https:\/\/sites.uwasa.fi\/mevi2026\/wp-json\/wp\/v2\/comments?post=3"}],"version-history":[{"count":38,"href":"https:\/\/sites.uwasa.fi\/mevi2026\/wp-json\/wp\/v2\/pages\/3\/revisions"}],"predecessor-version":[{"id":465,"href":"https:\/\/sites.uwasa.fi\/mevi2026\/wp-json\/wp\/v2\/pages\/3\/revisions\/465"}],"wp:attachment":[{"href":"https:\/\/sites.uwasa.fi\/mevi2026\/wp-json\/wp\/v2\/media?parent=3"}],"curies":[{"name":"wp","href":"https:\/\/api.w.org\/{rel}","templated":true}]}}