{"id":29,"date":"2025-09-12T15:22:23","date_gmt":"2025-09-12T12:22:23","guid":{"rendered":"https:\/\/sites.uwasa.fi\/mevi2026\/?page_id=29"},"modified":"2026-03-02T10:46:23","modified_gmt":"2026-03-02T08:46:23","slug":"yhteystiedot","status":"publish","type":"page","link":"https:\/\/sites.uwasa.fi\/mevi2026\/yhteystiedot\/","title":{"rendered":"Yhteystiedot"},"content":{"rendered":"<h2>Vuoden 2026 Mevi-p\u00e4ivien j\u00e4rjest\u00e4j\u00e4t:<\/h2>\n<p><a href=\"https:\/\/mediaviestinta.fi\/\" target=\"_blank\" rel=\"noopener\">Mevi ry<\/a><\/p>\n<p>Mevi-p\u00e4ivien s\u00e4hk\u00f6postiosoite:\u00a0<a href=\"mailto:mevivaasa@uwasa.fi\">mevivaasa@uwasa.fi<\/a><\/p>\n<p>Tanja Sihvonen, tieteellinen ohjelma,\u00a0<a href=\"mailto:tanja.sihvonen@uwasa.fi\">tanja.sihvonen@uwasa.fi<\/a><\/p>\n<p>Eveliina Salmela, yleisj\u00e4rjestelyt,\u00a0<a href=\"mailto:eveliina.salmela@uwasa.fi\">eveliina.salmela@uwasa.fi<\/a><\/p>\n<p>Lilli Sihvonen, ty\u00f6ryhm\u00e4t,\u00a0<a href=\"mailto:veera.ehrlen@jyu.fi\">lilli.sihvonen@uwasa.fi<\/a><\/p>\n<p>Mevi ry:n sihteeri,\u00a0<a href=\"mailto:sihteeri@mediaviestinta.fi\">sihteeri@mediaviestinta.fi<\/a><\/p>\n<p>&nbsp;<\/p>\n","protected":false},"excerpt":{"rendered":"<p>Vuoden 2026 Mevi-p\u00e4ivien j\u00e4rjest\u00e4j\u00e4t: Mevi ry Mevi-p\u00e4ivien s\u00e4hk\u00f6postiosoite:\u00a0mevivaasa@uwasa.fi Tanja Sihvonen, tieteellinen ohjelma,\u00a0tanja.sihvonen@uwasa.fi Eveliina Salmela, yleisj\u00e4rjestelyt,\u00a0eveliina.salmela@uwasa.fi Lilli Sihvonen, ty\u00f6ryhm\u00e4t,\u00a0lilli.sihvonen@uwasa.fi Mevi ry:n sihteeri,\u00a0sihteeri@mediaviestinta.fi &nbsp;<\/p>\n","protected":false},"author":100,"featured_media":0,"parent":0,"menu_order":0,"comment_status":"closed","ping_status":"closed","template":"","meta":{"_acf_changed":false,"footnotes":""},"class_list":["post-29","page","type-page","status-publish","hentry"],"acf":[],"lang":"fi","translations":{"fi":29},"pll_sync_post":[],"_links":{"self":[{"href":"https:\/\/sites.uwasa.fi\/mevi2026\/wp-json\/wp\/v2\/pages\/29"}],"collection":[{"href":"https:\/\/sites.uwasa.fi\/mevi2026\/wp-json\/wp\/v2\/pages"}],"about":[{"href":"https:\/\/sites.uwasa.fi\/mevi2026\/wp-json\/wp\/v2\/types\/page"}],"author":[{"embeddable":true,"href":"https:\/\/sites.uwasa.fi\/mevi2026\/wp-json\/wp\/v2\/users\/100"}],"replies":[{"embeddable":true,"href":"https:\/\/sites.uwasa.fi\/mevi2026\/wp-json\/wp\/v2\/comments?post=29"}],"version-history":[{"count":5,"href":"https:\/\/sites.uwasa.fi\/mevi2026\/wp-json\/wp\/v2\/pages\/29\/revisions"}],"predecessor-version":[{"id":399,"href":"https:\/\/sites.uwasa.fi\/mevi2026\/wp-json\/wp\/v2\/pages\/29\/revisions\/399"}],"wp:attachment":[{"href":"https:\/\/sites.uwasa.fi\/mevi2026\/wp-json\/wp\/v2\/media?parent=29"}],"curies":[{"name":"wp","href":"https:\/\/api.w.org\/{rel}","templated":true}]}}