{"id":285,"date":"2025-12-11T20:10:02","date_gmt":"2025-12-11T18:10:02","guid":{"rendered":"https:\/\/sites.uwasa.fi\/mevi2026\/?page_id=285"},"modified":"2025-12-11T20:11:41","modified_gmt":"2025-12-11T18:11:41","slug":"when-news-meet-planetary-boundaries-rethinking-journalism","status":"publish","type":"page","link":"https:\/\/sites.uwasa.fi\/mevi2026\/sv\/arbetsgrupperna\/when-news-meet-planetary-boundaries-rethinking-journalism\/","title":{"rendered":"When News Meet Planetary Boundaries: Rethinking Journalism"},"content":{"rendered":"<p>Arbetsgruppsbeskrivningen \u00e4r p\u00e5 engelska, men bidrag kan ocks\u00e5 l\u00e4mnas p\u00e5 finska.<\/p>\n","protected":false},"excerpt":{"rendered":"<p>Arbetsgruppsbeskrivningen \u00e4r p\u00e5 engelska, men bidrag kan ocks\u00e5 l\u00e4mnas p\u00e5 finska.<\/p>\n","protected":false},"author":586,"featured_media":0,"parent":163,"menu_order":15,"comment_status":"closed","ping_status":"closed","template":"","meta":{"_acf_changed":false,"footnotes":""},"class_list":["post-285","page","type-page","status-publish","hentry"],"acf":[],"lang":"sv","translations":{"sv":285,"fi":283,"en":287},"pll_sync_post":[],"_links":{"self":[{"href":"https:\/\/sites.uwasa.fi\/mevi2026\/wp-json\/wp\/v2\/pages\/285"}],"collection":[{"href":"https:\/\/sites.uwasa.fi\/mevi2026\/wp-json\/wp\/v2\/pages"}],"about":[{"href":"https:\/\/sites.uwasa.fi\/mevi2026\/wp-json\/wp\/v2\/types\/page"}],"author":[{"embeddable":true,"href":"https:\/\/sites.uwasa.fi\/mevi2026\/wp-json\/wp\/v2\/users\/586"}],"replies":[{"embeddable":true,"href":"https:\/\/sites.uwasa.fi\/mevi2026\/wp-json\/wp\/v2\/comments?post=285"}],"version-history":[{"count":3,"href":"https:\/\/sites.uwasa.fi\/mevi2026\/wp-json\/wp\/v2\/pages\/285\/revisions"}],"predecessor-version":[{"id":298,"href":"https:\/\/sites.uwasa.fi\/mevi2026\/wp-json\/wp\/v2\/pages\/285\/revisions\/298"}],"up":[{"embeddable":true,"href":"https:\/\/sites.uwasa.fi\/mevi2026\/wp-json\/wp\/v2\/pages\/163"}],"wp:attachment":[{"href":"https:\/\/sites.uwasa.fi\/mevi2026\/wp-json\/wp\/v2\/media?parent=285"}],"curies":[{"name":"wp","href":"https:\/\/api.w.org\/{rel}","templated":true}]}}