{"id":283,"date":"2025-12-11T20:09:52","date_gmt":"2025-12-11T18:09:52","guid":{"rendered":"https:\/\/sites.uwasa.fi\/mevi2026\/?page_id=283"},"modified":"2025-12-11T20:09:52","modified_gmt":"2025-12-11T18:09:52","slug":"when-news-meet-planetary-boundaries-rethinking-journalism","status":"publish","type":"page","link":"https:\/\/sites.uwasa.fi\/mevi2026\/tyoryhmat\/when-news-meet-planetary-boundaries-rethinking-journalism\/","title":{"rendered":"When News Meet Planetary Boundaries: Rethinking Journalism"},"content":{"rendered":"<p>Ty\u00f6ryhm\u00e4kutsu on englanniksi, mutta esityksi\u00e4 voi tarjota my\u00f6s suomeksi.<\/p>\n","protected":false},"excerpt":{"rendered":"<p>Ty\u00f6ryhm\u00e4kutsu on englanniksi, mutta esityksi\u00e4 voi tarjota my\u00f6s suomeksi.<\/p>\n","protected":false},"author":586,"featured_media":0,"parent":26,"menu_order":15,"comment_status":"closed","ping_status":"closed","template":"","meta":{"_acf_changed":false,"footnotes":""},"class_list":["post-283","page","type-page","status-publish","hentry"],"acf":[],"lang":"fi","translations":{"fi":283,"sv":285,"en":287},"pll_sync_post":[],"_links":{"self":[{"href":"https:\/\/sites.uwasa.fi\/mevi2026\/wp-json\/wp\/v2\/pages\/283"}],"collection":[{"href":"https:\/\/sites.uwasa.fi\/mevi2026\/wp-json\/wp\/v2\/pages"}],"about":[{"href":"https:\/\/sites.uwasa.fi\/mevi2026\/wp-json\/wp\/v2\/types\/page"}],"author":[{"embeddable":true,"href":"https:\/\/sites.uwasa.fi\/mevi2026\/wp-json\/wp\/v2\/users\/586"}],"replies":[{"embeddable":true,"href":"https:\/\/sites.uwasa.fi\/mevi2026\/wp-json\/wp\/v2\/comments?post=283"}],"version-history":[{"count":1,"href":"https:\/\/sites.uwasa.fi\/mevi2026\/wp-json\/wp\/v2\/pages\/283\/revisions"}],"predecessor-version":[{"id":284,"href":"https:\/\/sites.uwasa.fi\/mevi2026\/wp-json\/wp\/v2\/pages\/283\/revisions\/284"}],"up":[{"embeddable":true,"href":"https:\/\/sites.uwasa.fi\/mevi2026\/wp-json\/wp\/v2\/pages\/26"}],"wp:attachment":[{"href":"https:\/\/sites.uwasa.fi\/mevi2026\/wp-json\/wp\/v2\/media?parent=283"}],"curies":[{"name":"wp","href":"https:\/\/api.w.org\/{rel}","templated":true}]}}