{"id":28,"date":"2025-09-12T15:22:23","date_gmt":"2025-09-12T12:22:23","guid":{"rendered":"https:\/\/sites.uwasa.fi\/mevi2026\/?page_id=28"},"modified":"2026-03-06T15:55:16","modified_gmt":"2026-03-06T13:55:16","slug":"kaytannon-tietoa","status":"publish","type":"page","link":"https:\/\/sites.uwasa.fi\/mevi2026\/kaytannon-tietoa\/","title":{"rendered":"K\u00e4yt\u00e4nn\u00f6n tietoa"},"content":{"rendered":"<p>T\u00e4\u00e4lt\u00e4 l\u00f6yd\u00e4t tietoa Mevi-p\u00e4iviin liittyvist\u00e4 k\u00e4yt\u00e4nn\u00f6n asioista. Sivuja p\u00e4ivitet\u00e4\u00e4n ja tarkempia tietoja lis\u00e4t\u00e4\u00e4n kev\u00e4\u00e4n mittaan tapahtuman l\u00e4hestyess\u00e4.<\/p>\n<hr \/>\n<p>&nbsp;<\/p>\n<p>Lis\u00e4tietoa tapahtumapaikasta l\u00f6yd\u00e4t t\u00e4\u00e4lt\u00e4: <a href=\"https:\/\/sites.uwasa.fi\/mevi2026\/tapahtumapaikka\/\">https:\/\/sites.uwasa.fi\/mevi2026\/tapahtumapaikka\/<\/a><\/p>\n<p>Lis\u00e4tietoa majoituksesta l\u00f6yd\u00e4t t\u00e4\u00e4lt\u00e4: <a href=\"https:\/\/sites.uwasa.fi\/mevi2026\/majoitus\/\">https:\/\/sites.uwasa.fi\/mevi2026\/majoitus\/<\/a><\/p>\n<p>&nbsp;<\/p>\n","protected":false},"excerpt":{"rendered":"<p>T\u00e4\u00e4lt\u00e4 l\u00f6yd\u00e4t tietoa Mevi-p\u00e4iviin liittyvist\u00e4 k\u00e4yt\u00e4nn\u00f6n asioista. Sivuja p\u00e4ivitet\u00e4\u00e4n ja tarkempia tietoja lis\u00e4t\u00e4\u00e4n kev\u00e4\u00e4n mittaan tapahtuman l\u00e4hestyess\u00e4. &nbsp; Lis\u00e4tietoa tapahtumapaikasta l\u00f6yd\u00e4t t\u00e4\u00e4lt\u00e4: https:\/\/sites.uwasa.fi\/mevi2026\/tapahtumapaikka\/ Lis\u00e4tietoa majoituksesta l\u00f6yd\u00e4t t\u00e4\u00e4lt\u00e4: https:\/\/sites.uwasa.fi\/mevi2026\/majoitus\/ &nbsp;<\/p>\n","protected":false},"author":100,"featured_media":0,"parent":0,"menu_order":0,"comment_status":"closed","ping_status":"closed","template":"","meta":{"_acf_changed":false,"footnotes":""},"class_list":["post-28","page","type-page","status-publish","hentry"],"acf":[],"lang":"fi","translations":{"fi":28},"pll_sync_post":[],"_links":{"self":[{"href":"https:\/\/sites.uwasa.fi\/mevi2026\/wp-json\/wp\/v2\/pages\/28"}],"collection":[{"href":"https:\/\/sites.uwasa.fi\/mevi2026\/wp-json\/wp\/v2\/pages"}],"about":[{"href":"https:\/\/sites.uwasa.fi\/mevi2026\/wp-json\/wp\/v2\/types\/page"}],"author":[{"embeddable":true,"href":"https:\/\/sites.uwasa.fi\/mevi2026\/wp-json\/wp\/v2\/users\/100"}],"replies":[{"embeddable":true,"href":"https:\/\/sites.uwasa.fi\/mevi2026\/wp-json\/wp\/v2\/comments?post=28"}],"version-history":[{"count":6,"href":"https:\/\/sites.uwasa.fi\/mevi2026\/wp-json\/wp\/v2\/pages\/28\/revisions"}],"predecessor-version":[{"id":484,"href":"https:\/\/sites.uwasa.fi\/mevi2026\/wp-json\/wp\/v2\/pages\/28\/revisions\/484"}],"wp:attachment":[{"href":"https:\/\/sites.uwasa.fi\/mevi2026\/wp-json\/wp\/v2\/media?parent=28"}],"curies":[{"name":"wp","href":"https:\/\/api.w.org\/{rel}","templated":true}]}}