{"id":273,"date":"2025-12-11T19:27:42","date_gmt":"2025-12-11T17:27:42","guid":{"rendered":"https:\/\/sites.uwasa.fi\/mevi2026\/?page_id=273"},"modified":"2025-12-12T12:16:50","modified_gmt":"2025-12-12T10:16:50","slug":"visuaalisen-tutkimuksen-tyoryhma","status":"publish","type":"page","link":"https:\/\/sites.uwasa.fi\/mevi2026\/sv\/arbetsgrupperna\/visuaalisen-tutkimuksen-tyoryhma\/","title":{"rendered":"Visuaalisen tutkimuksen ty\u00f6ryhm\u00e4"},"content":{"rendered":"<p>Arbetsgruppen \u00e4r i grunden finskspr\u00e5kig, men presentationer p\u00e5 engelska kan f\u00f6resl\u00e5s.<\/p>\n","protected":false},"excerpt":{"rendered":"<p>Arbetsgruppen \u00e4r i grunden finskspr\u00e5kig, men presentationer p\u00e5 engelska kan f\u00f6resl\u00e5s.<\/p>\n","protected":false},"author":586,"featured_media":0,"parent":163,"menu_order":14,"comment_status":"closed","ping_status":"closed","template":"","meta":{"_acf_changed":false,"footnotes":""},"class_list":["post-273","page","type-page","status-publish","hentry"],"acf":[],"lang":"sv","translations":{"sv":273,"fi":271,"en":275},"pll_sync_post":[],"_links":{"self":[{"href":"https:\/\/sites.uwasa.fi\/mevi2026\/wp-json\/wp\/v2\/pages\/273"}],"collection":[{"href":"https:\/\/sites.uwasa.fi\/mevi2026\/wp-json\/wp\/v2\/pages"}],"about":[{"href":"https:\/\/sites.uwasa.fi\/mevi2026\/wp-json\/wp\/v2\/types\/page"}],"author":[{"embeddable":true,"href":"https:\/\/sites.uwasa.fi\/mevi2026\/wp-json\/wp\/v2\/users\/586"}],"replies":[{"embeddable":true,"href":"https:\/\/sites.uwasa.fi\/mevi2026\/wp-json\/wp\/v2\/comments?post=273"}],"version-history":[{"count":3,"href":"https:\/\/sites.uwasa.fi\/mevi2026\/wp-json\/wp\/v2\/pages\/273\/revisions"}],"predecessor-version":[{"id":313,"href":"https:\/\/sites.uwasa.fi\/mevi2026\/wp-json\/wp\/v2\/pages\/273\/revisions\/313"}],"up":[{"embeddable":true,"href":"https:\/\/sites.uwasa.fi\/mevi2026\/wp-json\/wp\/v2\/pages\/163"}],"wp:attachment":[{"href":"https:\/\/sites.uwasa.fi\/mevi2026\/wp-json\/wp\/v2\/media?parent=273"}],"curies":[{"name":"wp","href":"https:\/\/api.w.org\/{rel}","templated":true}]}}