{"id":271,"date":"2025-12-11T19:27:59","date_gmt":"2025-12-11T17:27:59","guid":{"rendered":"https:\/\/sites.uwasa.fi\/mevi2026\/?page_id=271"},"modified":"2025-12-16T07:19:35","modified_gmt":"2025-12-16T05:19:35","slug":"visuaalisen-tutkimuksen-tyoryhma","status":"publish","type":"page","link":"https:\/\/sites.uwasa.fi\/mevi2026\/tyoryhmat\/visuaalisen-tutkimuksen-tyoryhma\/","title":{"rendered":"Visuaalisen tutkimuksen ty\u00f6ryhm\u00e4"},"content":{"rendered":"<p><strong>Ty\u00f6ryhm\u00e4n vet\u00e4j\u00e4t:<\/strong> Tutkijatohtori Niina Uusitalo, Tampereen yliopisto &amp; johtava asiantuntija, Jenni Niemel\u00e4-Nyrhinen, LAB Muotoiluinstituutti<\/p>\n<p>Ty\u00f6ryhm\u00e4 kutsuu median ja viestinn\u00e4n tutkijoita, opettajia, asiantuntijoita ja taiteilijoita tarkastelemaan yhteiskunnan, ymp\u00e4rist\u00f6n ja teknologian ilmi\u00f6iden yhteenkietoutumisia visuaalisen tutkimuksen n\u00e4k\u00f6kulmasta. Mevi-p\u00e4ivien 2026 teema \u201cjuuret\u201d kutsuu pohtimaan, millaisista maaperist\u00e4 visuaaliset k\u00e4yt\u00e4nn\u00f6t, kuvalliset esitykset ja katsomisen tavat kasvavat ja toisaalta, millaisia yhteiskunnallisia, kulttuurisia ja teknologisia kehityssuuntia niist\u00e4 versoaa. Visuaaliset representaatiot, mediat ja teknologiat osallistuvat ymp\u00e4rist\u00f6suhteiden, vallan ja eriarvoisuuden rakenteiden tuottamiseen. K\u00e4sityksemme ymp\u00e4rist\u00f6muutoksista, luonnosta ja muunlajisista muodostuvat paljolti kuvien kautta. Lis\u00e4ksi kuvien tuotannolla, jakelulla ja tallennuksella on mittavia ymp\u00e4rist\u00f6vaikutuksia post-digitaalisella aikakaudella ja teko\u00e4lyn nopea kehitys on entisest\u00e4\u00e4n vahvistamassa n\u00e4it\u00e4 kehityskulkuja. Kuvastoilla ja visuaalisilla k\u00e4yt\u00e4nn\u00f6ill\u00e4 on kuitenkin my\u00f6s poliittista potentiaalia muuttaa ihmisten suhteita ymp\u00e4rist\u00f6\u00f6n ja yhteiskuntaan (ks. Ranci\u00e8re 2019). Toisteiset k\u00e4yt\u00e4nn\u00f6t ja kuvastot voivat yll\u00e4pit\u00e4\u00e4 vallalla olevia ymm\u00e4rryksi\u00e4 kun taas vaihtoehtoisilla k\u00e4yt\u00e4nn\u00f6ill\u00e4 ja kuvilla on mahdollista avata uudenlaisia ymm\u00e4rryksi\u00e4 ja toiminnan mahdollisuuksia (Niemel\u00e4-Nyrhinen &amp; Uusitalo 2021).<\/p>\n<p>Ty\u00f6ryhm\u00e4 tarjoaa tilan monitieteiselle kriittiselle keskustelulle ja uusille avauksille visuaalisen tutkimuksen kent\u00e4ll\u00e4. Toivotamme tervetulleeksi esitykset, jotka k\u00e4sittelev\u00e4t esimerkiksi:<\/p>\n<ul>\n<li>Visuaalisten esitysten roolia yhteiskunnan, ymp\u00e4rist\u00f6n ja kulttuurin muutosten v\u00e4litt\u00e4misess\u00e4 ja ymm\u00e4rt\u00e4misess\u00e4<\/li>\n<li>Vaihtoehtoisia visuaalisen esitt\u00e4misen, katsomisen ja kuvittelun tapoja<\/li>\n<li>Visuaalisen tutkimuksen teoreettisia ja k\u00e4sitteellisi\u00e4 avauksia ja pohdintoja<\/li>\n<li>Metodologisia ja tieteellis-taiteellisia l\u00e4hestymistapoja visuaalisen tutkimuksen kent\u00e4ll\u00e4<\/li>\n<\/ul>\n<p>Ty\u00f6ryhm\u00e4 on l\u00e4ht\u00f6kohtaisesti suomenkielinen, mutta my\u00f6s englanninkielisi\u00e4 esityksi\u00e4 voi ehdottaa.<\/p>\n","protected":false},"excerpt":{"rendered":"<p>Ty\u00f6ryhm\u00e4n vet\u00e4j\u00e4t: Tutkijatohtori Niina Uusitalo, Tampereen yliopisto &amp; johtava asiantuntija, Jenni Niemel\u00e4-Nyrhinen, LAB Muotoiluinstituutti Ty\u00f6ryhm\u00e4 kutsuu median ja viestinn\u00e4n tutkijoita, opettajia, asiantuntijoita ja taiteilijoita tarkastelemaan yhteiskunnan, ymp\u00e4rist\u00f6n ja teknologian ilmi\u00f6iden yhteenkietoutumisia visuaalisen tutkimuksen n\u00e4k\u00f6kulmasta. Mevi-p\u00e4ivien 2026 teema \u201cjuuret\u201d kutsuu pohtimaan, millaisista maaperist\u00e4 visuaaliset k\u00e4yt\u00e4nn\u00f6t, kuvalliset esitykset ja katsomisen tavat kasvavat ja toisaalta, millaisia yhteiskunnallisia, kulttuurisia [&hellip;]<\/p>\n","protected":false},"author":586,"featured_media":0,"parent":26,"menu_order":14,"comment_status":"closed","ping_status":"closed","template":"","meta":{"_acf_changed":false,"footnotes":""},"class_list":["post-271","page","type-page","status-publish","hentry"],"acf":[],"lang":"fi","translations":{"fi":271,"sv":273,"en":275},"pll_sync_post":[],"_links":{"self":[{"href":"https:\/\/sites.uwasa.fi\/mevi2026\/wp-json\/wp\/v2\/pages\/271"}],"collection":[{"href":"https:\/\/sites.uwasa.fi\/mevi2026\/wp-json\/wp\/v2\/pages"}],"about":[{"href":"https:\/\/sites.uwasa.fi\/mevi2026\/wp-json\/wp\/v2\/types\/page"}],"author":[{"embeddable":true,"href":"https:\/\/sites.uwasa.fi\/mevi2026\/wp-json\/wp\/v2\/users\/586"}],"replies":[{"embeddable":true,"href":"https:\/\/sites.uwasa.fi\/mevi2026\/wp-json\/wp\/v2\/comments?post=271"}],"version-history":[{"count":7,"href":"https:\/\/sites.uwasa.fi\/mevi2026\/wp-json\/wp\/v2\/pages\/271\/revisions"}],"predecessor-version":[{"id":357,"href":"https:\/\/sites.uwasa.fi\/mevi2026\/wp-json\/wp\/v2\/pages\/271\/revisions\/357"}],"up":[{"embeddable":true,"href":"https:\/\/sites.uwasa.fi\/mevi2026\/wp-json\/wp\/v2\/pages\/26"}],"wp:attachment":[{"href":"https:\/\/sites.uwasa.fi\/mevi2026\/wp-json\/wp\/v2\/media?parent=271"}],"curies":[{"name":"wp","href":"https:\/\/api.w.org\/{rel}","templated":true}]}}