{"id":262,"date":"2025-12-11T19:24:16","date_gmt":"2025-12-11T17:24:16","guid":{"rendered":"https:\/\/sites.uwasa.fi\/mevi2026\/?page_id=262"},"modified":"2025-12-11T19:24:16","modified_gmt":"2025-12-11T17:24:16","slug":"viestivan-tekoalyn-juuret-ja-joutomaat","status":"publish","type":"page","link":"https:\/\/sites.uwasa.fi\/mevi2026\/tyoryhmat\/viestivan-tekoalyn-juuret-ja-joutomaat\/","title":{"rendered":"Viestiv\u00e4n teko\u00e4lyn juuret ja joutomaat"},"content":{"rendered":"<p><strong>Ty\u00f6ryhm\u00e4n vet\u00e4j\u00e4t:\u00a0<\/strong>Dosentti Salla-Maaria Laaksonen, Helsingin yliopisto &amp; professori Tanja Sihvonen, Vaasan yliopisto<\/p>\n<p>Teknologiat ja ty\u00f6kalut, joita olemme viime vuosien aikana alkaneet kutsua yleisnimityksell\u00e4 \u201cteko\u00e4ly\u201d, ovat k\u00e4ytt\u00f6liittym\u00e4lt\u00e4\u00e4n viestinn\u00e4llisi\u00e4: niit\u00e4 ohjataan ja niiden kanssa keskustellaan luonnollisen kielen keinoin. Viestiv\u00e4n teko\u00e4lyn kehitys on ollut nopeaa ja purskeista, ja on selv\u00e4\u00e4, ett\u00e4 chattipohjaisessa viestinn\u00e4ss\u00e4 ne ovat helposti jo ihmisen veroisia \u2013 Turingin testist\u00e4 ja 60-luvun Eliza-botin geneerisist\u00e4 kysymyksist\u00e4 on tultu kauas. Samalla my\u00f6s viestinn\u00e4n tutkimus on ryhtynyt selvitt\u00e4m\u00e4\u00e4n teko\u00e4lyv\u00e4litteisen viestinn\u00e4n tai tek\u00f6\u00e4lyn kanssa viestimisen erityispiirteit\u00e4.<\/p>\n<p>Harppausten, uusien ty\u00f6kaluversioiden ihmettelyn ja yleisen innostuksen varjoon ovat kuitenkin j\u00e4\u00e4neet ne pitk\u00e4n aikav\u00e4lin ponnistukset, materiaaliset resurssit, ja diskursiivinen ty\u00f6 joiden varaan nykyinen \u201cteko\u00e4lyhype\u201d rakentuu. Taustalla ovat huomattavat tutkijaverkostot ja vuosikymmenten kehitysty\u00f6. Teko\u00e4lymallien koulutus on ollut pitk\u00e4j\u00e4nteist\u00e4 puuhaa, jossa on k\u00e4ytetty hyv\u00e4ksi koko ihmiskunnan historian aikana ker\u00e4\u00e4ntynytt\u00e4 tietoaineistoa. Hy\u00f6dynnetyksi on tullut paljon sellaistakin materiaalia, jonka tekij\u00e4noikeuksista tai korvausvelvollisuuksista ei olla ehditty sopia lainkaan. Teko\u00e4lyll\u00e4 on my\u00f6s omanlaisensa kuristusote materiaalisen maailman puolelle: vasta viime aikoina on alettu puhua valtavista datakeskuksista, joissa teko\u00e4lysovelluksia py\u00f6ritet\u00e4\u00e4n, ja joiden rakentaminen ja yll\u00e4pito vaativat k\u00e4sitt\u00e4m\u00e4tt\u00f6m\u00e4n m\u00e4\u00e4r\u00e4n energiaa, luonnonvaroja ja ihmisty\u00f6tunteja.<\/p>\n<p>Vaikka teko\u00e4lyj\u00e4 ajatellaan ensisijaisesti pilvipalveluiden ja aineettoman p\u00e4\u00e4oman kaltaisissa kehyksiss\u00e4, haluamme t\u00e4ss\u00e4 ty\u00f6ryhm\u00e4ss\u00e4 painottaa erityisesti niiden verkostomaisia riippuvuuksia ja materiaalisia kytk\u00f6ksi\u00e4. Erityisesti viestivi\u00e4 teko\u00e4lyj\u00e4 tulee arvioida niiden toimivuuden kannalta ihmis-koneviestinn\u00e4n kontekstissa. T\u00e4ll\u00f6in huomio kiinnityy teko\u00e4lyjen juuriin ja n\u00e4enn\u00e4iseen juurettomuuteen: niiden tuotokset eiv\u00e4t tavallaan ole kotoisin mist\u00e4\u00e4n, mutta kuitenkin kaikkialta. Teko\u00e4lyn viestint\u00e4kyvyt palautuvat yht\u00e4\u00e4lt\u00e4 valtaviin opetusaineistoihin, joita mallien kouluttamiseen on k\u00e4ytetty ja edelleen k\u00e4ytet\u00e4\u00e4n, sek\u00e4 toisaalta laskentaan ja datakeskusten py\u00f6ritt\u00e4miseen, mik\u00e4 kuluttaa valtavasti resursseja. Samaan aikaan kaikki se ymm\u00e4rrys, mit\u00e4 meill\u00e4 teko\u00e4lyst\u00e4 on, rakentuu ja materialisoituu nimenomaan viestinn\u00e4ss\u00e4: vuorovaikutuksessa teko\u00e4lyjen kanssa, mutta my\u00f6s niit\u00e4 koskevassa mediaviestinn\u00e4ss\u00e4 ja yrityspuheessa.<\/p>\n<p>Kutsumme ty\u00f6ryhm\u00e4\u00e4n esityksi\u00e4, jotka tarkastelevat teko\u00e4lyyn liittyvi\u00e4 viestinn\u00e4llisi\u00e4 ilmi\u00f6it\u00e4 kriittisesti ja paikantuneesti. Aihe voi liitty\u00e4 mihin tahansa viestinn\u00e4ntutkimuksen osa-alueeseen.<\/p>\n<p>Voit j\u00e4tt\u00e4\u00e4 ehdotuksen suomen tai englannin kielell\u00e4.<\/p>\n","protected":false},"excerpt":{"rendered":"<p>Ty\u00f6ryhm\u00e4n vet\u00e4j\u00e4t:\u00a0Dosentti Salla-Maaria Laaksonen, Helsingin yliopisto &amp; professori Tanja Sihvonen, Vaasan yliopisto Teknologiat ja ty\u00f6kalut, joita olemme viime vuosien aikana alkaneet kutsua yleisnimityksell\u00e4 \u201cteko\u00e4ly\u201d, ovat k\u00e4ytt\u00f6liittym\u00e4lt\u00e4\u00e4n viestinn\u00e4llisi\u00e4: niit\u00e4 ohjataan ja niiden kanssa keskustellaan luonnollisen kielen keinoin. Viestiv\u00e4n teko\u00e4lyn kehitys on ollut nopeaa ja purskeista, ja on selv\u00e4\u00e4, ett\u00e4 chattipohjaisessa viestinn\u00e4ss\u00e4 ne ovat helposti jo ihmisen [&hellip;]<\/p>\n","protected":false},"author":586,"featured_media":0,"parent":26,"menu_order":13,"comment_status":"closed","ping_status":"closed","template":"","meta":{"_acf_changed":false,"footnotes":""},"class_list":["post-262","page","type-page","status-publish","hentry"],"acf":[],"lang":"fi","translations":{"fi":262,"sv":264,"en":266},"pll_sync_post":[],"_links":{"self":[{"href":"https:\/\/sites.uwasa.fi\/mevi2026\/wp-json\/wp\/v2\/pages\/262"}],"collection":[{"href":"https:\/\/sites.uwasa.fi\/mevi2026\/wp-json\/wp\/v2\/pages"}],"about":[{"href":"https:\/\/sites.uwasa.fi\/mevi2026\/wp-json\/wp\/v2\/types\/page"}],"author":[{"embeddable":true,"href":"https:\/\/sites.uwasa.fi\/mevi2026\/wp-json\/wp\/v2\/users\/586"}],"replies":[{"embeddable":true,"href":"https:\/\/sites.uwasa.fi\/mevi2026\/wp-json\/wp\/v2\/comments?post=262"}],"version-history":[{"count":1,"href":"https:\/\/sites.uwasa.fi\/mevi2026\/wp-json\/wp\/v2\/pages\/262\/revisions"}],"predecessor-version":[{"id":263,"href":"https:\/\/sites.uwasa.fi\/mevi2026\/wp-json\/wp\/v2\/pages\/262\/revisions\/263"}],"up":[{"embeddable":true,"href":"https:\/\/sites.uwasa.fi\/mevi2026\/wp-json\/wp\/v2\/pages\/26"}],"wp:attachment":[{"href":"https:\/\/sites.uwasa.fi\/mevi2026\/wp-json\/wp\/v2\/media?parent=262"}],"curies":[{"name":"wp","href":"https:\/\/api.w.org\/{rel}","templated":true}]}}